{"id":22488,"date":"2024-12-27T15:40:08","date_gmt":"2024-12-27T15:40:08","guid":{"rendered":"https:\/\/www.rivera.gub.uy\/medioambiente\/?page_id=22488"},"modified":"2024-12-27T15:41:39","modified_gmt":"2024-12-27T15:41:39","slug":"runaev","status":"publish","type":"page","link":"https:\/\/www.rivera.gub.uy\/medioambiente\/runaev\/","title":{"rendered":"Runaev &#8211; Registro \u00danico Nacional de Alimentos, Empresas y Veh\u00edculos (Rivera)"},"content":{"rendered":"<p><a href=\"https:\/\/www.rivera.gub.uy\/medioambiente\/wp-content\/uploads\/2024\/12\/Runaev-Mapa.png\"><img loading=\"lazy\" decoding=\"async\" class=\"aligncenter size-full wp-image-22489\" src=\"https:\/\/www.rivera.gub.uy\/medioambiente\/wp-content\/uploads\/2024\/12\/Runaev-Mapa.png\" alt=\"\" width=\"900\" height=\"371\" data-wp-editing=\"1\" srcset=\"https:\/\/www.rivera.gub.uy\/medioambiente\/wp-content\/uploads\/2024\/12\/Runaev-Mapa.png 900w, https:\/\/www.rivera.gub.uy\/medioambiente\/wp-content\/uploads\/2024\/12\/Runaev-Mapa-300x124.png 300w, https:\/\/www.rivera.gub.uy\/medioambiente\/wp-content\/uploads\/2024\/12\/Runaev-Mapa-768x317.png 768w, https:\/\/www.rivera.gub.uy\/medioambiente\/wp-content\/uploads\/2024\/12\/Runaev-Mapa-820x338.png 820w\" sizes=\"(max-width: 900px) 100vw, 900px\" \/><\/a><\/p>\n<blockquote><p><strong>El Runaev es el Registro \u00danico Nacional de Alimentos, Empresas y Veh\u00edculos que funciona bajo la \u00f3rbita del Congreso de Intendentes.<\/strong><\/p><\/blockquote>\n<p>Este sistema permiti\u00f3 unificar los procedimientos bromatol\u00f3gicos de las 19 intendencias, para la habilitaci\u00f3n de locales, productos y veh\u00edculos.<\/p>\n<p>Al ingresar al Runaev, las empresas podr\u00e1n registrar sus productos, locales y veh\u00edculos, pudiendo operar\/vender en todo el pa\u00eds sin la necesidad de realizar tr\u00e1mites en cada uno de los departamentos.<\/p>\n<p>El Congreso de Intendentes, en acuerdo con los 19 gobiernos departamentales es el responsable de la gesti\u00f3n del Runaev, que adem\u00e1s de unificar los procedimientos bromatol\u00f3gicos y simplificar el tr\u00e1mite para las empresas, permite a los consumidores realizar consultas sobre el estado y habilitaci\u00f3n de las empresas, locales, alimentos y veh\u00edculos.<\/p>\n<hr \/>\n<p style=\"text-align: center;\"><strong>Direcci\u00f3n:<\/strong> Agraciada 570 &#8211; piso 1 (Oficina Rivera)<br \/>\n<strong>Contacto:<\/strong> Wsp &#8211; <a href=\"tel:+59898947465\">098 947 465<\/a><br \/>\nM\u00e1s informaci\u00f3n en <a href=\"https:\/\/www.gub.uy\/congreso-intendentes\/RUNAEV\" target=\"_blank\" rel=\"noopener\">www.gub.uy\/congreso-intendentes\/RUNAEV<\/a><\/p>\n<p>&nbsp;<\/p>\n","protected":false},"excerpt":{"rendered":"<p>El Runaev es el Registro \u00danico Nacional de Alimentos, Empresas y Veh\u00edculos que funciona bajo la \u00f3rbita del Congreso de Intendentes. Este sistema permiti\u00f3 unificar los procedimientos bromatol\u00f3gicos de las 19 intendencias, para la habilitaci\u00f3n de locales, productos y veh\u00edculos. Al ingresar al Runaev, las empresas podr\u00e1n registrar sus productos, locales y veh\u00edculos, pudiendo operar\/vender [&hellip;]<\/p>\n","protected":false},"author":1,"featured_media":0,"parent":0,"menu_order":0,"comment_status":"closed","ping_status":"closed","template":"","meta":{"footnotes":""},"_links":{"self":[{"href":"https:\/\/www.rivera.gub.uy\/medioambiente\/wp-json\/wp\/v2\/pages\/22488"}],"collection":[{"href":"https:\/\/www.rivera.gub.uy\/medioambiente\/wp-json\/wp\/v2\/pages"}],"about":[{"href":"https:\/\/www.rivera.gub.uy\/medioambiente\/wp-json\/wp\/v2\/types\/page"}],"author":[{"embeddable":true,"href":"https:\/\/www.rivera.gub.uy\/medioambiente\/wp-json\/wp\/v2\/users\/1"}],"replies":[{"embeddable":true,"href":"https:\/\/www.rivera.gub.uy\/medioambiente\/wp-json\/wp\/v2\/comments?post=22488"}],"version-history":[{"count":3,"href":"https:\/\/www.rivera.gub.uy\/medioambiente\/wp-json\/wp\/v2\/pages\/22488\/revisions"}],"predecessor-version":[{"id":22492,"href":"https:\/\/www.rivera.gub.uy\/medioambiente\/wp-json\/wp\/v2\/pages\/22488\/revisions\/22492"}],"wp:attachment":[{"href":"https:\/\/www.rivera.gub.uy\/medioambiente\/wp-json\/wp\/v2\/media?parent=22488"}],"curies":[{"name":"wp","href":"https:\/\/api.w.org\/{rel}","templated":true}]}}