{"id":25414,"date":"2026-04-07T17:09:36","date_gmt":"2026-04-07T17:09:36","guid":{"rendered":"https:\/\/www.rivera.gub.uy\/medioambiente\/?page_id=25414"},"modified":"2026-04-07T17:24:37","modified_gmt":"2026-04-07T17:24:37","slug":"observatorio-economico-de-rivera","status":"publish","type":"page","link":"https:\/\/www.rivera.gub.uy\/medioambiente\/observatorio-economico-de-rivera\/","title":{"rendered":"Observatorio Econ\u00f3mico de Rivera"},"content":{"rendered":"<div id=\"pl-25414\"  class=\"panel-layout\" ><div id=\"pg-25414-0\"  class=\"panel-grid panel-no-style\" ><div id=\"pgc-25414-0-0\"  class=\"panel-grid-cell\" ><div id=\"panel-25414-0-0-0\" class=\"so-panel widget widget_sow-editor panel-first-child panel-last-child\" data-index=\"0\" ><div\n\t\t\t\n\t\t\tclass=\"so-widget-sow-editor so-widget-sow-editor-base\"\n\t\t\t\n\t\t>\n<div class=\"siteorigin-widget-tinymce textwidget\">\n\t<p><a href=\"https:\/\/www.rivera.gub.uy\/medioambiente\/wp-content\/uploads\/2026\/04\/cabeza-oer.png\"><img loading=\"lazy\" decoding=\"async\" class=\"aligncenter size-full wp-image-25419\" src=\"https:\/\/www.rivera.gub.uy\/medioambiente\/wp-content\/uploads\/2026\/04\/cabeza-oer.png\" alt=\"\" width=\"800\" height=\"350\" srcset=\"https:\/\/www.rivera.gub.uy\/medioambiente\/wp-content\/uploads\/2026\/04\/cabeza-oer.png 800w, https:\/\/www.rivera.gub.uy\/medioambiente\/wp-content\/uploads\/2026\/04\/cabeza-oer-300x131.png 300w, https:\/\/www.rivera.gub.uy\/medioambiente\/wp-content\/uploads\/2026\/04\/cabeza-oer-768x336.png 768w\" sizes=\"(max-width: 800px) 100vw, 800px\" \/><\/a><\/p>\n<blockquote>\n<p>El Observatorio Econ\u00f3mico de Rivera es una iniciativa conjunta de la Intendencia Departamental de Rivera, la Asociaci\u00f3n Comercial e Industrial de Rivera (ACIR), la Sociedad de Fomento Rural (SFRR), la Universidad Tecnol\u00f3gica (UTEC) y el Centro Pymes, con el apoyo de la C\u00e1mara de Comercio y Servicios del Uruguay.<\/p>\n<\/blockquote>\n<p>Su objetivo es generar informaci\u00f3n actualizada y confiable sobre la actividad econ\u00f3mica del departamento, combinando datos de fuentes oficiales con la perspectiva directa del sector empresarial a trav\u00e9s de encuestas peri\u00f3dicas. El Observatorio abarca indicadores de empleo, empresas, producci\u00f3n agropecuaria y exportaciones, constituyendo una herramienta clave para la toma de decisiones tanto en el dise\u00f1o de pol\u00edticas p\u00fablicas locales como en la planificaci\u00f3n estrat\u00e9gica del sector privado.<\/p>\n<\/div>\n<\/div><\/div><\/div><\/div><div id=\"pg-25414-1\"  class=\"panel-grid panel-no-style\" ><div id=\"pgc-25414-1-0\"  class=\"panel-grid-cell\" ><div id=\"panel-25414-1-0-0\" class=\"so-panel widget widget_sow-button panel-first-child\" data-index=\"1\" ><div\n\t\t\t\n\t\t\tclass=\"so-widget-sow-button so-widget-sow-button-wire-09ece648fc7e-25414\"\n\t\t\t\n\t\t><div class=\"ow-button-base ow-button-align-center\">\n\t<a\n\thref=\"https:\/\/drive.google.com\/file\/d\/1y2GJRR1Nb0e0hhj4lEmP8oXhu10dF-NQ\/view?usp=sharing\"\n\t\tclass=\"ow-icon-placement-left ow-button-hover\" target=\"_blank\" rel=\"noopener noreferrer\" \t>\n\t\t<span>\n\t\t\t\n\t\t\tOER - M1\t\t<\/span>\n\t<\/a>\n<\/div>\n<\/div><\/div><div id=\"panel-25414-1-0-1\" class=\"so-panel widget widget_sow-button panel-last-child\" data-index=\"2\" ><div\n\t\t\t\n\t\t\tclass=\"so-widget-sow-button so-widget-sow-button-wire-09ece648fc7e-25414\"\n\t\t\t\n\t\t><div class=\"ow-button-base ow-button-align-center\">\n\t<a\n\thref=\"https:\/\/drive.google.com\/file\/d\/1kgkmTBvrycTMPfoIlntG9OA86LbLkkrp\/view?usp=sharing\"\n\t\tclass=\"ow-icon-placement-left ow-button-hover\" target=\"_blank\" rel=\"noopener noreferrer\" \t>\n\t\t<span>\n\t\t\t\n\t\t\tOER - Segunda Edici\u00f3n\t\t<\/span>\n\t<\/a>\n<\/div>\n<\/div><\/div><\/div><div id=\"pgc-25414-1-1\"  class=\"panel-grid-cell\" ><div id=\"panel-25414-1-1-0\" class=\"so-panel widget widget_sow-button panel-first-child\" data-index=\"3\" ><div\n\t\t\t\n\t\t\tclass=\"so-widget-sow-button so-widget-sow-button-wire-09ece648fc7e-25414\"\n\t\t\t\n\t\t><div class=\"ow-button-base ow-button-align-center\">\n\t<a\n\thref=\"https:\/\/drive.google.com\/file\/d\/1rwLUMIcFYIhtDgKjrBlY9-WG2d459URV\/view?usp=sharing\"\n\t\tclass=\"ow-icon-placement-left ow-button-hover\" target=\"_blank\" rel=\"noopener noreferrer\" \t>\n\t\t<span>\n\t\t\t\n\t\t\tOER - M2\t\t<\/span>\n\t<\/a>\n<\/div>\n<\/div><\/div><div id=\"panel-25414-1-1-1\" class=\"so-panel widget widget_sow-button panel-last-child\" data-index=\"4\" ><div\n\t\t\t\n\t\t\tclass=\"so-widget-sow-button so-widget-sow-button-wire-09ece648fc7e-25414\"\n\t\t\t\n\t\t><div class=\"ow-button-base ow-button-align-center\">\n\t<a\n\thref=\"https:\/\/drive.google.com\/file\/d\/1sqv33-hR7NC22OvixQARq806tzlOLNxp\/view?usp=sharing\"\n\t\tclass=\"ow-icon-placement-left ow-button-hover\" target=\"_blank\" rel=\"noopener noreferrer\" \t>\n\t\t<span>\n\t\t\t\n\t\t\tOER - Tercera Edici\u00f3n\t\t<\/span>\n\t<\/a>\n<\/div>\n<\/div><\/div><\/div><\/div><div id=\"pg-25414-2\"  class=\"panel-grid panel-no-style\" ><div id=\"pgc-25414-2-0\"  class=\"panel-grid-cell\" ><div id=\"panel-25414-2-0-0\" class=\"so-panel widget widget_sow-editor panel-first-child panel-last-child\" data-index=\"5\" ><div\n\t\t\t\n\t\t\tclass=\"so-widget-sow-editor so-widget-sow-editor-base\"\n\t\t\t\n\t\t>\n<div class=\"siteorigin-widget-tinymce textwidget\">\n\t<hr \/>\n<p style=\"text-align: center;\"><b>Estrategias y Articulaciones Regionales<\/b><br \/>\n<strong>Direcci\u00f3n:<\/strong>\u00a0Agraciada 570 piso 1<br \/>\n<strong>E-mail:<\/strong>\u00a0<a href=\"mailto:estrategias@rivera.gub.uy\">estrategias@rivera.gub.uy<\/a><\/p>\n<\/div>\n<\/div><\/div><\/div><\/div><\/div>","protected":false},"excerpt":{"rendered":"<p>El Observatorio Econ\u00f3mico de Rivera es una iniciativa conjunta de la Intendencia Departamental de Rivera, la Asociaci\u00f3n Comercial e Industrial de Rivera (ACIR), la Sociedad de Fomento Rural (SFRR), la Universidad Tecnol\u00f3gica (UTEC) y el Centro Pymes, con el apoyo de la C\u00e1mara de Comercio y Servicios del Uruguay. Su objetivo es generar informaci\u00f3n actualizada [&hellip;]<\/p>\n","protected":false},"author":1,"featured_media":0,"parent":0,"menu_order":0,"comment_status":"closed","ping_status":"closed","template":"","meta":{"footnotes":""},"_links":{"self":[{"href":"https:\/\/www.rivera.gub.uy\/medioambiente\/wp-json\/wp\/v2\/pages\/25414"}],"collection":[{"href":"https:\/\/www.rivera.gub.uy\/medioambiente\/wp-json\/wp\/v2\/pages"}],"about":[{"href":"https:\/\/www.rivera.gub.uy\/medioambiente\/wp-json\/wp\/v2\/types\/page"}],"author":[{"embeddable":true,"href":"https:\/\/www.rivera.gub.uy\/medioambiente\/wp-json\/wp\/v2\/users\/1"}],"replies":[{"embeddable":true,"href":"https:\/\/www.rivera.gub.uy\/medioambiente\/wp-json\/wp\/v2\/comments?post=25414"}],"version-history":[{"count":7,"href":"https:\/\/www.rivera.gub.uy\/medioambiente\/wp-json\/wp\/v2\/pages\/25414\/revisions"}],"predecessor-version":[{"id":25423,"href":"https:\/\/www.rivera.gub.uy\/medioambiente\/wp-json\/wp\/v2\/pages\/25414\/revisions\/25423"}],"wp:attachment":[{"href":"https:\/\/www.rivera.gub.uy\/medioambiente\/wp-json\/wp\/v2\/media?parent=25414"}],"curies":[{"name":"wp","href":"https:\/\/api.w.org\/{rel}","templated":true}]}}