{"id":523,"date":"2017-04-07T14:49:22","date_gmt":"2017-04-07T14:49:22","guid":{"rendered":"http:\/\/www.rivera.gub.uy\/medioambiente\/?page_id=523"},"modified":"2023-03-13T15:37:56","modified_gmt":"2023-03-13T15:37:56","slug":"empresas","status":"publish","type":"page","link":"https:\/\/www.rivera.gub.uy\/medioambiente\/divisiones\/empresas\/","title":{"rendered":"Empresas"},"content":{"rendered":"<p><img loading=\"lazy\" decoding=\"async\" class=\"size-medium wp-image-481 efecto aligncenter\" src=\"http:\/\/www.rivera.gub.uy\/medioambiente\/images\/cabezal-empresas.png\" alt=\"Direcci\u00f3n General de Desarrollo y Medio Ambiente - Intendencia de Rivera\" width=\"800\" height=\"350\" \/><\/p>\n<blockquote><p><span style=\"font-weight: 400;\">Encargada de apoyar y asesorar a empresas consolidadas o en formaci\u00f3n, favoreciendo as\u00ed al desarrollo del departamento<\/span>.<\/p><\/blockquote>\n<p><strong>Tareas que realiza:<\/strong><\/p>\n<ul>\n<li>Tareas administrativas de registro y habilitaci\u00f3n de empresas y productos.<\/li>\n<li>Control e inspecci\u00f3n de empresas.<\/li>\n<li>Capacitaci\u00f3n a nivel de personas, centros educativos, empresas, instituciones.<\/li>\n<\/ul>\n<hr \/>\n<p style=\"text-align: center;\"><span style=\"font-weight: 400;\"><strong>Direcci\u00f3n:<\/strong> Tribuna Av. Italia del Estadio Atilio Paiva Olivera<br \/>\n<\/span><span style=\"font-weight: 400;\"><strong>Horarios de atenci\u00f3n:<\/strong> Lunes a Viernes de 7:00 a 14: hs<br \/>\n<\/span><span style=\"font-weight: 400;\"><strong>Tel:<\/strong> <a href=\"tel:59846231900\">4623 1900<\/a> int 301 | <strong>Wsp: <\/strong><a href=\"tel:+59891243942\">091243942<\/a><br \/>\n<\/span><strong>Mail: <\/strong><a href=\"mailto:empresas@rivera.gub.uy\"><span style=\"font-weight: 400;\">empresas@rivera.gub.uy<\/span><\/a><br \/>\n<a href=\"mailto:divisionempresasidr@gmail.com\">divisionempresasidr@gmail.com<\/a><span style=\"font-weight: 400;\"><br \/>\n<\/span><\/p>\n<hr \/>\n<p>\u00daltima actualizaci\u00f3n 13\/03\/2022<\/p>\n","protected":false},"excerpt":{"rendered":"<p>Encargada de apoyar y asesorar a empresas consolidadas o en formaci\u00f3n, favoreciendo as\u00ed al desarrollo del departamento. Tareas que realiza: Tareas administrativas de registro y habilitaci\u00f3n de empresas y productos. Control e inspecci\u00f3n de empresas. Capacitaci\u00f3n a nivel de personas, centros educativos, empresas, instituciones. Direcci\u00f3n: Tribuna Av. Italia del Estadio Atilio Paiva Olivera Horarios de [&hellip;]<\/p>\n","protected":false},"author":2,"featured_media":0,"parent":11,"menu_order":0,"comment_status":"closed","ping_status":"closed","template":"","meta":{"footnotes":""},"_links":{"self":[{"href":"https:\/\/www.rivera.gub.uy\/medioambiente\/wp-json\/wp\/v2\/pages\/523"}],"collection":[{"href":"https:\/\/www.rivera.gub.uy\/medioambiente\/wp-json\/wp\/v2\/pages"}],"about":[{"href":"https:\/\/www.rivera.gub.uy\/medioambiente\/wp-json\/wp\/v2\/types\/page"}],"author":[{"embeddable":true,"href":"https:\/\/www.rivera.gub.uy\/medioambiente\/wp-json\/wp\/v2\/users\/2"}],"replies":[{"embeddable":true,"href":"https:\/\/www.rivera.gub.uy\/medioambiente\/wp-json\/wp\/v2\/comments?post=523"}],"version-history":[{"count":15,"href":"https:\/\/www.rivera.gub.uy\/medioambiente\/wp-json\/wp\/v2\/pages\/523\/revisions"}],"predecessor-version":[{"id":5570,"href":"https:\/\/www.rivera.gub.uy\/medioambiente\/wp-json\/wp\/v2\/pages\/523\/revisions\/5570"}],"up":[{"embeddable":true,"href":"https:\/\/www.rivera.gub.uy\/medioambiente\/wp-json\/wp\/v2\/pages\/11"}],"wp:attachment":[{"href":"https:\/\/www.rivera.gub.uy\/medioambiente\/wp-json\/wp\/v2\/media?parent=523"}],"curies":[{"name":"wp","href":"https:\/\/api.w.org\/{rel}","templated":true}]}}