{"id":529,"date":"2017-04-07T15:30:38","date_gmt":"2017-04-07T15:30:38","guid":{"rendered":"http:\/\/www.rivera.gub.uy\/medioambiente\/?page_id=529"},"modified":"2023-03-02T16:22:41","modified_gmt":"2023-03-02T16:22:41","slug":"medio-ambiente","status":"publish","type":"page","link":"https:\/\/www.rivera.gub.uy\/medioambiente\/divisiones\/medio-ambiente\/","title":{"rendered":"Medio Ambiente"},"content":{"rendered":"<p><img loading=\"lazy\" decoding=\"async\" class=\"size-medium wp-image-481 efecto aligncenter\" src=\"http:\/\/www.rivera.gub.uy\/medioambiente\/images\/cabezal-medioambiente.png\" alt=\"Direcci\u00f3n General de Desarrollo y Medio Ambiente - Intendencia de Rivera\" width=\"800\" height=\"350\" \/><\/p>\n<blockquote><p>Encargada de fomentar el cuidado del medio ambiente en el departamento de Rivera, a trav\u00e9s de acciones de educaci\u00f3n ambiental, contralor, operativas en combate a agentes de riesgo ambiental y est\u00edmulo al uso sustentable de las \u00e1reas naturales.<\/p><\/blockquote>\n<p><strong>Tareas que realiza:<\/strong><\/p>\n<ul>\n<li>Contralor de situaciones en viviendas, v\u00eda p\u00fablica y otros espacios que contravienen a las Ordenanzas de Contaminaci\u00f3n del suelo, agua y atm\u00f3sfera.<\/li>\n<li>Operativa de instalaci\u00f3n de soluciones sanitarias a personas de escasos recursos para conexi\u00f3n de sus viviendas a la red p\u00fablica de saneamiento, en convenio y coordinaci\u00f3n con OSE.<\/li>\n<li>Combate a plagas y vectores a trav\u00e9s de servicio propio de control mediante aplicaci\u00f3n de insecticida y rodenticida a demanda. Tambi\u00e9n tarea similar pero en forma programada por sector de la ciudad e interior, a trav\u00e9s de empresa contratada.<\/li>\n<li>Apoyo peri\u00f3dico con recursos humanos a CECOED y MSP para sus programas de combate al vector del Dengue y control de predios en mal estado, encuestas larvarias, Programa LIRA y similares.<\/li>\n<li>Tareas de transferencia de informaci\u00f3n a la comunidad a trav\u00e9s de un programa de extensi\u00f3n y educaci\u00f3n ambiental. Se realizan charlas did\u00e1cticas en centros educativos de todo el departamento en plan anual. Peri\u00f3dicamente cursillos y talleres para docentes, algunos aportados por la RENEA MEC, Red Nacional de Educaci\u00f3n Ambiental.<\/li>\n<li>Gesti\u00f3n de residuos especiales en coordinaci\u00f3n con Divisi\u00f3n Higiene y con apoyos privados, a trav\u00e9s de programas propios de la Divisi\u00f3n como el de Lubricantes usados, Programa Campo Limpio para envases de fitosanitarios, Programa Tu Pila Vale Pila para pilas usadas.<\/li>\n<li>Direcci\u00f3n del \u00c1rea Protegida \u201cValle del Lunarejo\u201d en Convenio con SNAP \u2013MVOTMA y la \u201cReserva de Biosfera Bioma Pampa Quebradas del Norte\u201d, declarada por UNESCO a instancias de la IDR.<\/li>\n<li>Divisi\u00f3n responsable de la gesti\u00f3n y planes locales de adaptaci\u00f3n al cambio clim\u00e1tico, ante organismos nacionales de gobierno, y entidades no gubernamentales de cooperaci\u00f3n para el tema.<\/li>\n<\/ul>\n<hr \/>\n<div id=\"accordion-1\" class=\"accordion no-js\"><\/p>\n<p>\n\t\t\t\t\t<h3 role=\"button\" id=\"accordion-1-t1\" class=\"accordion-title js-accordion-controller\" aria-controls=\"accordion-1-c1\" aria-expanded=\"false\" tabindex=\"0\" data-initialstate=\"closed\">\n\t\t\t\tEducaci\u00f3n Ambiental\t\t\t<\/h3>\n\t\t\n\t\t<div id=\"accordion-1-c1\" class=\"accordion-content\" aria-hidden=\"true\">\n\t\t\t<\/p>\n<p>La publicaci\u00f3n del libro \u201cPropuestas de Ejercicios para Educaci\u00f3n Ambiental\u201d de autor\u00eda del Director de Divisi\u00f3n Medio Ambiente de la IDR, Jos\u00e9 Mar\u00eda Almada Sad, surge de un Llamado efectuado por la Asociaci\u00f3n Uruguayo Japonesa de Cooperaci\u00f3n T\u00e9cnica (AUJCT) con el respaldo de la Agencia de Cooperaci\u00f3n Internacional del Jap\u00f3n JICA. Esas entidades invitaron a ex \u2013 becarios que visitaron Jap\u00f3n para capacitaci\u00f3n en diversas \u00e1reas, a presentar propuestas a fin de editar un trabajo impreso con caracter\u00edsticas que reflejasen la capacitaci\u00f3n recibida en el pa\u00eds nip\u00f3n, as\u00ed como el trabajo del becario en origen, y abordar en alguna forma la relaci\u00f3n cultural entre Uruguay y Jap\u00f3n. El ex becario riverense propuso una publicaci\u00f3n de 40 p\u00e1ginas de ejercicios de apoyo a la Educaci\u00f3n Ambiental en centros educativos, de autor\u00eda propia, todos diferentes entre s\u00ed, intentando abordar todas las tem\u00e1ticas relacionadas al ambiente y que son difundidas en las charlas did\u00e1cticas y programas de la Divisi\u00f3n Medio Ambiente hace 17 a\u00f1os. Se incluyen textos en japon\u00e9s, brevemente la experiencia educativa en Jap\u00f3n, y algunas ilustraciones motivadoras. La propuesta de Almada fue la seleccionada, pas\u00f3 por un exhaustivo proceso de correcciones y revisiones y se termin\u00f3 de imprimir en Marzo de 2018; se trata de una partida limitada y de acuerdo al proyecto se est\u00e1 entregando a todas las Escuelas del departamento de Rivera y otros centros educativos y agentes ambientales. Adem\u00e1s en los primeros d\u00edas de Abril estar\u00e1 disponible en cuatro sitios de internet, desde donde docentes, alumnos y todo interesado, podr\u00e1 imprimir, reproducir total o parcialmente los contenidos, u otros usos de interes. Si bien el autor responsable por el trabajo es el mencionado Director de Divisi\u00f3n de la IDR, cont\u00f3 con el aval institucional de la propia Intendencia Departamental, de la RENEA \u2013 Red Nacional de Educaci\u00f3n Ambiental, del Ministerio de Educaci\u00f3n y Cultura, y varias colaboraciones; para los textos en japon\u00e9s fue orientado por el Voluntario Senior Sr. Akio Nakamura quien trabaj\u00f3 como int\u00e9rprete en la IDR como apoyo de JICA; para la revisi\u00f3n t\u00e9cnica de los ejercicios cont\u00f3 con el Encargado de Educaci\u00f3n Ambiental de su propia Divisi\u00f3n Prof. Sebasti\u00e1n Pintos, y a distancia del Prof. Yoshifumi Shimomura \u2013 Voluntario Senior de JICA Experto en Educaci\u00f3n Ambiental \u2013 quien trabaj\u00f3 por dos a\u00f1os en la Divisi\u00f3n Medio Ambiente hasta 2016. Las ilustraciones son de la estudiante del I.F.D. de Rivera Sra. Micaela Da Silveira. Almada destaca y agradece a las instituciones JICA y AUJCT \u2013 de larga trayectoria de cooperaci\u00f3n con la IDR y la comunidad \u2013 por haber posibilitado materialmente, adem\u00e1s de constante orientaci\u00f3n, la edici\u00f3n de esta herramienta, que espera sea un nuevo insumo para las tareas de Educaci\u00f3n Ambiental que se cumplen en el departamento de Rivera y en otros espacios.<\/p>\n<p>\t\t<\/div>\n\n\t\t<\/p>\n<p><\/div>\n<div class=\"issuuembed\" style=\"width: 100%; height: 283px;\" data-configid=\"30678936\/60128055\"><\/div>\n<p><script type=\"text\/javascript\" src=\"\/\/e.issuu.com\/embed.js\" async=\"true\"><\/script><\/p>\n<p>&nbsp;<\/p>\n<p>&nbsp;<\/p>\n<hr \/>\n<p style=\"text-align: center;\"><strong>Director:<\/strong> T\u00e9c. Cont. Ambiental. Fabio Oca\u00f1o<br \/>\n<span style=\"font-weight: 400;\"><strong>Direcci\u00f3n:<\/strong> Bouchacourt 1013 (Estadio Mpal)<br \/>\n<\/span><span style=\"font-weight: 400;\"><strong>Horarios de atenci\u00f3n:<\/strong> Lunes a viernes 8:15 a 14:45<br \/>\n<\/span><span style=\"font-weight: 400;\"><strong>Tel:<\/strong> <a href=\"tel:+59846231355\">4623 1355<\/a><br \/>\n<\/span><span style=\"font-weight: 400;\"><strong>Email:<\/strong> <a href=\"mailto:medioambiente@rivera.gub.uy\">medioambiente@rivera.gub.uy<\/a><\/span><\/p>\n","protected":false},"excerpt":{"rendered":"<p>Encargada de fomentar el cuidado del medio ambiente en el departamento de Rivera, a trav\u00e9s de acciones de educaci\u00f3n ambiental, contralor, operativas en combate a agentes de riesgo ambiental y est\u00edmulo al uso sustentable de las \u00e1reas naturales. Tareas que realiza: Contralor de situaciones en viviendas, v\u00eda p\u00fablica y otros espacios que contravienen a las [&hellip;]<\/p>\n","protected":false},"author":2,"featured_media":0,"parent":11,"menu_order":0,"comment_status":"closed","ping_status":"closed","template":"","meta":{"footnotes":""},"_links":{"self":[{"href":"https:\/\/www.rivera.gub.uy\/medioambiente\/wp-json\/wp\/v2\/pages\/529"}],"collection":[{"href":"https:\/\/www.rivera.gub.uy\/medioambiente\/wp-json\/wp\/v2\/pages"}],"about":[{"href":"https:\/\/www.rivera.gub.uy\/medioambiente\/wp-json\/wp\/v2\/types\/page"}],"author":[{"embeddable":true,"href":"https:\/\/www.rivera.gub.uy\/medioambiente\/wp-json\/wp\/v2\/users\/2"}],"replies":[{"embeddable":true,"href":"https:\/\/www.rivera.gub.uy\/medioambiente\/wp-json\/wp\/v2\/comments?post=529"}],"version-history":[{"count":13,"href":"https:\/\/www.rivera.gub.uy\/medioambiente\/wp-json\/wp\/v2\/pages\/529\/revisions"}],"predecessor-version":[{"id":5409,"href":"https:\/\/www.rivera.gub.uy\/medioambiente\/wp-json\/wp\/v2\/pages\/529\/revisions\/5409"}],"up":[{"embeddable":true,"href":"https:\/\/www.rivera.gub.uy\/medioambiente\/wp-json\/wp\/v2\/pages\/11"}],"wp:attachment":[{"href":"https:\/\/www.rivera.gub.uy\/medioambiente\/wp-json\/wp\/v2\/media?parent=529"}],"curies":[{"name":"wp","href":"https:\/\/api.w.org\/{rel}","templated":true}]}}