{"id":546,"date":"2017-04-07T15:56:18","date_gmt":"2017-04-07T15:56:18","guid":{"rendered":"http:\/\/www.rivera.gub.uy\/medioambiente\/?page_id=546"},"modified":"2017-04-07T16:08:51","modified_gmt":"2017-04-07T16:08:51","slug":"estrategias","status":"publish","type":"page","link":"https:\/\/www.rivera.gub.uy\/medioambiente\/estrategias\/","title":{"rendered":"Estrategias"},"content":{"rendered":"<p><a name=\"residuos\" id=\"residuos\"><\/a><\/p>\n<h3>Residuos<\/h3>\n<blockquote><p>La estrategia de la IDR en materia de residuos es visualizar los servicios de higiene urbana de forma integral, respetando criterios ambientales y comenzando un proceso de descentralizaci\u00f3n planificado desde la capital hacia las Alcald\u00edas. Se apunta a mejorar la eficacia y eficiencia de los servicios acompa\u00f1ando el crecimiento de la demanda y unificando la disposici\u00f3n final de los residuos s\u00f3lidos del departamento en un \u00fanico sitio.<\/p><\/blockquote>\n<p>Para ello se viene apostando a:<\/p>\n<ul>\n<li>Fortalecer institucionalmente el sector de higiene del departamento de Rivera.<\/li>\n<li>Implementar un sistema de recolecci\u00f3n contenerizada y barrido urbano en las Alcald\u00edas del departamento de Rivera.<\/li>\n<li>Futuramente implementar cuatro plantas de transferencia de residuos.<\/li>\n<li>Implementar un programa de recolecci\u00f3n de residuos especiales.<\/li>\n<li>Fortalecer la educaci\u00f3n ambiental en el departamento de Rivera.<\/li>\n<li>Fortalecer la gesti\u00f3n de los residuos vegetales.<\/li>\n<\/ul>\n<p><a name=\"areasverdes\" id=\"areasverdes\"><\/a><\/p>\n<hr \/>\n<h3>\u00c1reas Verdes<\/h3>\n<blockquote><p>Desde la d\u00e9cada de los 70, la IDR se encarga del mantenimiento de las \u00e1reas verdes en el departamento. Ello implica la generaci\u00f3n de espacios verdes, la poda del ornato p\u00fablico (5.000 \u00e1rboles\/a\u00f1o), el arrancado de \u00e1rboles (120 \u00e1rboles\/a\u00f1o) y su reposici\u00f3n, el aseo de canteros en avenidas y jardines de plazas.<\/p><\/blockquote>\n<p>Otra de las acciones es la de brindar asesoramiento a centros educativos y poblaci\u00f3n en general. En un mediano plazo Rivera pretende transformarse en una de las ciudades m\u00e1s verdes del Uruguay, y para ello en este \u00f9ltimo a\u00f1o se ha duplicado el personal abocado a esta \u00e0rea. Esta incorporaci\u00f3n de personal, mediante cooperativas sociales que prioricen la equidad de g\u00e9nero en sus cuadros, demuestra c\u00f3mo la estrategia de mantenimiento de \u00e1reas verdes municipal est\u00e1 estrechamente vinculada a las pol\u00edticas propulsadas por el actual gobierno riverense.<\/p>\n<p><a name=\"desarrollorural\" id=\"desarrollorural\"><\/a><\/p>\n<hr \/>\n<h3>Desarrollo Rural<\/h3>\n<blockquote><p>Visualizamos al desarrollo rural con la misi\u00f3n de promover pol\u00edticas e implementar estrategias para el desarrollo rural sostenible e inclusivo del Departamento de Rivera.<\/p><\/blockquote>\n<p>El trabajo estrat\u00e9gico se basa en Impulsar la producci\u00f3n, comercializaci\u00f3n, innovaci\u00f3n, infraestructura y fortalecimiento institucional del sector productivo de Rivera mediante:<\/p>\n<ul>\n<li>Mejora de eficiencia y ampliaci\u00f3n de la cobertura territorial de los servicios de desarrollo rural.<\/li>\n<li>Ampliaci\u00f3n de la comercializaci\u00f3n y el volumen de producci\u00f3n del sector sand\u00eda.<\/li>\n<li>Fortalecimiento institucional de las gremiales existentes.<\/li>\n<li>Mejora de la competitividad y comercializaci\u00f3n del sector hort\u00edcola de Rivera.<\/li>\n<li>Fortalecimiento de la participaci\u00f3n de la IDR en el sector ap\u00edcola.<\/li>\n<\/ul>\n<p><a name=\"aguaycambioclimatico\" id=\"aguaycambioclimatico\"><\/a><\/p>\n<hr \/>\n<h3>Agua y Cambio Clim\u00e1tico<\/h3>\n<blockquote><p>El objetivo estrat\u00e9gico de trabajo en esta \u00e0rea se basa en el dise\u00f1o e implementaci\u00f3n de un programa departamental de mitigaci\u00f3n y adaptaci\u00f3n al cambio clim\u00e1tico donde se pretende llevar adelante tres programas uno de gesti\u00f3n de los recursos h\u00eddricos, acciones de conservaci\u00f3n de suelos, manejo y conservaci\u00f3n de pastos naturales y un tercer programa de uso eficiente de monte nativo.<\/p><\/blockquote>\n<p>Sumado a ello, la estrategia para la gesti\u00f3n del recurso \u201cagua\u201d del gobierno departamental tiene por objetivo propiciar el acceso al agua potable para consumo humano y animal, en cantidad y calidad, con posibilidades de riego y otros usos prediales.<\/p>\n<p><a name=\"areasprotegidas\" id=\"areasprotegidas\"><\/a><\/p>\n<hr \/>\n<h3>\u00c1reas Protegidas<\/h3>\n<blockquote><p>Rivera tiene el privilegio de tener en su territorio departamental una Reserva de Biosfera de 110.000 hect\u00e1reas, declarada por UNESCO en 2014 denominada \u201cBioma Pampa Quebradas del Norte\u201d, y al mismo tiempo una reserva de m\u00e1s de 25.000 hect\u00e1reas que desde 2009 integra el Sistema Nacional de \u00c1reas Protegidas (DINAMA \u2013MVOTMA) como Paisaje Protegido Categor\u00eda V para la Uni\u00f3n Internacional para la Conservaci\u00f3n de la Naturaleza, denominado \u201cValle del Lunarejo\u201d.<\/p><\/blockquote>\n<p>Esta ya contaba desde 2011 con la Declaraci\u00f3n de Reserva Departamental por parte de la Intendencia de Rivera. Se ha trabajado con la Cooperaci\u00f3n Francesa para establecer un Parque Natural Regional con los mismos l\u00edmites geogr\u00e1ficos que la Reserva de Biosfera, con la figura de parque bajo el modelo franc\u00e9s, basado en exitosa experiencia de m\u00e1s de 40 a\u00f1os en ese pa\u00eds europeo.<\/p>\n<p>Se busca consolidar el concepto de conservaci\u00f3n de la naturaleza, y al mismo tiempo el uso sustentable de esos recursos naturales a favor de la poblaci\u00f3n de esas \u00e1reas, promoviendo el empoderamiento de ese capital ambiental y cultural por parte de los propios beneficiarios. Son pilares de todo esto, el desarrollo sustentable de los sistemas productivos y la generaci\u00f3n de ingresos a trav\u00e9s de la mejora de los productos tur\u00edsticos que se ofrecen, incluyendo artesan\u00edas y servicios, as\u00ed como la recuperaci\u00f3n de \u00e1reas naturales degradadas, mantenimiento y mejora de las caracter\u00edsticas del paisaje, favoreciendo el desarrollo del corredor biol\u00f3gico ya existente, estimulando la biodiversidad y la variaci\u00f3n gen\u00e9tica de especies aut\u00f3ctonas.<\/p>\n<p><a name=\"desarrolloempresarial\" id=\"desarrolloempresarial\"><\/a><\/p>\n<hr \/>\n<h3>Desarrollo Empresarial<\/h3>\n<blockquote><p>Se vienen implantando estrategias con la misi\u00f3n de impulsar el desarrollo econ\u00f3mico local end\u00f3geno del departamento de Rivera, en clave regional e impulsando las ventajas que implica el pertenecer a una regi\u00f3n de frontera.<\/p><\/blockquote>\n<p>Sumado a ello, se busca fortalecer la regi\u00f3n mediante la promoci\u00f3n, instalaci\u00f3n e implementaci\u00f3n de inversiones, infraestructura, as\u00ed como tambi\u00e9n la formaci\u00f3n de recursos humanos en \u00e1reas industriales, agrarias y ambientales. A su vez, existe una clara apuesta a dotar a Rivera de la infraestructura y log\u00edstica necesarias para el desarrollo; como la puesta en marcha del aeropuerto binacional, la generaci\u00f3n de un puerto libre, la implantaci\u00f3n de un Parque Industrial, la rehabilitaci\u00f3n de una Zona Franca, entre otros. Por \u00faltimo, la estrategia de mejora de la calidad de empleo a trav\u00e9s de la formalizaci\u00f3n y sostenibilidad del empleo con \u00e9nfasis en trabajadores activos, hombres, mujeres y j\u00f3venes del medio urbano y rural.<\/p>\n","protected":false},"excerpt":{"rendered":"<p>Residuos La estrategia de la IDR en materia de residuos es visualizar los servicios de higiene urbana de forma integral, respetando criterios ambientales y comenzando un proceso de descentralizaci\u00f3n planificado desde la capital hacia las Alcald\u00edas. Se apunta a mejorar la eficacia y eficiencia de los servicios acompa\u00f1ando el crecimiento de la demanda y unificando [&hellip;]<\/p>\n","protected":false},"author":1,"featured_media":0,"parent":0,"menu_order":0,"comment_status":"closed","ping_status":"closed","template":"","meta":{"footnotes":""},"_links":{"self":[{"href":"https:\/\/www.rivera.gub.uy\/medioambiente\/wp-json\/wp\/v2\/pages\/546"}],"collection":[{"href":"https:\/\/www.rivera.gub.uy\/medioambiente\/wp-json\/wp\/v2\/pages"}],"about":[{"href":"https:\/\/www.rivera.gub.uy\/medioambiente\/wp-json\/wp\/v2\/types\/page"}],"author":[{"embeddable":true,"href":"https:\/\/www.rivera.gub.uy\/medioambiente\/wp-json\/wp\/v2\/users\/1"}],"replies":[{"embeddable":true,"href":"https:\/\/www.rivera.gub.uy\/medioambiente\/wp-json\/wp\/v2\/comments?post=546"}],"version-history":[{"count":6,"href":"https:\/\/www.rivera.gub.uy\/medioambiente\/wp-json\/wp\/v2\/pages\/546\/revisions"}],"predecessor-version":[{"id":549,"href":"https:\/\/www.rivera.gub.uy\/medioambiente\/wp-json\/wp\/v2\/pages\/546\/revisions\/549"}],"wp:attachment":[{"href":"https:\/\/www.rivera.gub.uy\/medioambiente\/wp-json\/wp\/v2\/media?parent=546"}],"curies":[{"name":"wp","href":"https:\/\/api.w.org\/{rel}","templated":true}]}}