{"id":578,"date":"2017-04-07T18:50:05","date_gmt":"2017-04-07T18:50:05","guid":{"rendered":"http:\/\/www.rivera.gub.uy\/medioambiente\/?page_id=578"},"modified":"2021-01-11T17:06:48","modified_gmt":"2021-01-11T17:06:48","slug":"contaminacion","status":"publish","type":"page","link":"https:\/\/www.rivera.gub.uy\/medioambiente\/informacion\/contaminacion\/","title":{"rendered":"Contaminaci\u00f3n"},"content":{"rendered":"<blockquote><p>La definici\u00f3n m\u00e1s aceptada de contaminaci\u00f3n, es la introducci\u00f3n de sustancias en un medio que provocan que este sea inseguro o no apto para su uso. El medio puede ser un ecosistema, un medio f\u00edsico o un ser vivo. El contaminante puede ser una sustancia f\u00edsica o qu\u00edmica determinada, o aparecer en forma de energ\u00eda como sonido, calor, luz o radiactividad. La contaminaci\u00f3n del suelo, del agua y del aire se presenta de diversas formas. El suelo y el agua sufren contaminaci\u00f3n por sustancias, residuos de varios tipos y otros elementos. La contaminaci\u00f3n atmosf\u00e9rica nos presenta al aire contaminado por humo, polvo, part\u00edculas, sonido e incluso la contaminaci\u00f3n visual.<\/p><\/blockquote>\n<hr \/>\n<h3>Contaminaci\u00f3n ac\u00fastica<\/h3>\n<p style=\"text-align: left;\">La contaminaci\u00f3n ac\u00fastica o sonora, llamada popularmente \u201cRuidos Molestos\u201d, es una de las tareas de la que se ocupa la Divisi\u00f3n Medio Ambiente, en aplicaci\u00f3n del Decreto 3888\/2001. Se realizan tareas de contralor a demanda, ante ruidos de empresas determinadas, de m\u00fasica u otros sonidos en hogares y establecimientos. Tambi\u00e9n tareas programadas como en Discotecas y Clubes los fines de semana, o en apoyo a la Direcci\u00f3n de Tr\u00e1nsito en cuanto a medici\u00f3n de escapes de veh\u00edculos.<br \/>\nSe trabaja en coordinaci\u00f3n con Divisi\u00f3n Empresas, para brindar asesoramiento ac\u00fastico previo a todo emprendimiento laboral, religioso o de esparcimiento.Existen horarios a tener en cuenta para la generaci\u00f3n de sonido, as\u00ed como niveles que se miden con equipos Decibel\u00edmetros, para comprobar la pertinencia de todo reclamo. En cuanto a sanciones por infracciones e incumplimientos se sugieren medidas previstas en la Ordenanza. Por normativa no se toman quejas, demandas o solicitudes de inspecci\u00f3n en forma telef\u00f3nica &#8211; deben hacerse personalmente en Bouchacourt 1013, Tribuna Sur del Estadio de Rivera, pero consultas por el contenido de la Ordenanza pueden efectuarse por el Tel\u00e9fono 462 31355.<\/p>\n<hr \/>\n<h3>Aguas residuales<\/h3>\n<p style=\"text-align: left;\">Los efluentes l\u00edquidos de hogares o establecimientos deben tener gesti\u00f3n por parte de quien los genera, de acuerdo a la legislaci\u00f3n vigente. Las llamadas \u201caguas negras\u201d as\u00ed como las \u201caguas blancas o jabonosas\u201d deben vertirse a la red de saneamiento de OSE, o en pozos negros reglamentarios. Cualquiera de estas aguas son altamente contaminantes del suelo y de las aguas subterr\u00e1neas, teniendo en cuenta que parte del departamento de Rivera est\u00e1 sobre el \u00e1rea de recarga del Acu\u00edfero Guaran\u00ed, que a la vez provee de agua potable a todo el departamento. Las aguas de lluvia deben canalizarse adecuadamente a la v\u00eda p\u00fablica, y no est\u00e1 permitido conectarlas a la red de saneamiento de OSE. Toda verificaci\u00f3n por aguas contaminantes o pluviales puede solicitarse personalmente en Divisi\u00f3n Medio Ambiente, Bouchacourt 1013, Tribuna Sur del Estadio de Rivera. Tambi\u00e9n se brinda asesoramiento previo para obras en domicilio referidas al tema.<\/p>\n<hr \/>\n<h3>Contaminaci\u00f3n por terrenos en mal estado<\/h3>\n<p style=\"text-align: left;\">Los terrenos con abundante vegetaci\u00f3n descontrolada y acumulaci\u00f3n de residuos adem\u00e1s de la contaminaci\u00f3n del suelo, son centros de proliferaci\u00f3n de vectores (transmisores de enfermedades) como roedores, mosquitos y otras plagas. La Divisi\u00f3n Higiene y la Divisi\u00f3n Medio Ambiente comparten la gesti\u00f3n de estas situaciones junto con la Unidad de Inspectores. Las solicitudes de inspecci\u00f3n deben formularse personalmente, activando el mecanismo de inspecci\u00f3n, apercibimiento y eventual sanci\u00f3n cuando correspondiere. Informaciones adicionales pueden solicitarse a los tel\u00e9fonos 462 22404 de Divisi\u00f3n Higiene, y 462 31355 de Divisi\u00f3n Medio Ambiente.<\/p>\n<hr \/>\n<h3>Contaminaci\u00f3n atmosf\u00e9rica<\/h3>\n<p style=\"text-align: left;\">As\u00ed como la poluci\u00f3n sonora es uno de los tipos de contaminaci\u00f3n atmosf\u00e9rica que una vez cesado no deja residuo, existen otras como la provocada por material particulado, aserr\u00edn, polvo de cantera y similares que que comprometen la calidad del aire y son m\u00e1s permanentes luego de su generaci\u00f3n. Estos casos tambi\u00e9n est\u00e1n previstos por Ordenanza Municipal y est\u00e1n previstas medidas de contralor y sanci\u00f3n si fuere el caso. Por normativa no se toman quejas, demandas o solicitudes de inspecci\u00f3n en forma telef\u00f3nica &#8211; las que deben hacerse personalmente en Bouchacourt 1013, Tribuna Sur del Estadio de Rivera, pero consultas por el contenido de la Ordenanza pueden efectuarse por el Tel\u00e9fono 462 31355.<\/p>\n<hr \/>\n<h3>Solicitudes de inspecci\u00f3n<\/h3>\n<p style=\"text-align: left;\">Todas las Divisiones de la Direcci\u00f3n General de Desarrollo y Medio Ambiente, derivan a la Unidad de Inspectores de la misma Direcci\u00f3n General, aquellas solicitudes de inspecci\u00f3n, quejas o similares planteadas por interesados ante esas Divisiones, en formulario, mediante nota o documento similar. Dicha Unidad se encarga de la inspecci\u00f3n en el lugar y devuelve la informaci\u00f3n a la Divisi\u00f3n responsable por el tema, para proseguir el tr\u00e1mite. Toda solicitud de inspecci\u00f3n, nota o documento similar puede ser presentado tambi\u00e9n en Secretaria Administrativa, en el edificio municipal Avda. Agraciada 570.<\/p>\n<p>&nbsp;<\/p>\n<p>&nbsp;<\/p>\n<p>&nbsp;<\/p>\n","protected":false},"excerpt":{"rendered":"<p>La definici\u00f3n m\u00e1s aceptada de contaminaci\u00f3n, es la introducci\u00f3n de sustancias en un medio que provocan que este sea inseguro o no apto para su uso. El medio puede ser un ecosistema, un medio f\u00edsico o un ser vivo. El contaminante puede ser una sustancia f\u00edsica o qu\u00edmica determinada, o aparecer en forma de energ\u00eda [&hellip;]<\/p>\n","protected":false},"author":2,"featured_media":0,"parent":556,"menu_order":0,"comment_status":"closed","ping_status":"closed","template":"","meta":{"footnotes":""},"_links":{"self":[{"href":"https:\/\/www.rivera.gub.uy\/medioambiente\/wp-json\/wp\/v2\/pages\/578"}],"collection":[{"href":"https:\/\/www.rivera.gub.uy\/medioambiente\/wp-json\/wp\/v2\/pages"}],"about":[{"href":"https:\/\/www.rivera.gub.uy\/medioambiente\/wp-json\/wp\/v2\/types\/page"}],"author":[{"embeddable":true,"href":"https:\/\/www.rivera.gub.uy\/medioambiente\/wp-json\/wp\/v2\/users\/2"}],"replies":[{"embeddable":true,"href":"https:\/\/www.rivera.gub.uy\/medioambiente\/wp-json\/wp\/v2\/comments?post=578"}],"version-history":[{"count":9,"href":"https:\/\/www.rivera.gub.uy\/medioambiente\/wp-json\/wp\/v2\/pages\/578\/revisions"}],"predecessor-version":[{"id":2115,"href":"https:\/\/www.rivera.gub.uy\/medioambiente\/wp-json\/wp\/v2\/pages\/578\/revisions\/2115"}],"up":[{"embeddable":true,"href":"https:\/\/www.rivera.gub.uy\/medioambiente\/wp-json\/wp\/v2\/pages\/556"}],"wp:attachment":[{"href":"https:\/\/www.rivera.gub.uy\/medioambiente\/wp-json\/wp\/v2\/media?parent=578"}],"curies":[{"name":"wp","href":"https:\/\/api.w.org\/{rel}","templated":true}]}}