{"id":588,"date":"2017-04-07T19:07:41","date_gmt":"2017-04-07T19:07:41","guid":{"rendered":"http:\/\/www.rivera.gub.uy\/medioambiente\/?page_id=588"},"modified":"2022-01-26T17:50:00","modified_gmt":"2022-01-26T17:50:00","slug":"plaga","status":"publish","type":"page","link":"https:\/\/www.rivera.gub.uy\/medioambiente\/informacion\/plaga\/","title":{"rendered":"Plaga"},"content":{"rendered":"<h3>Qu\u00e9 son los vectores y como se combaten.<\/h3>\n<p>Para la biolog\u00eda, un vector es un agente que puede propagar o transmitir una enfermedad de un organismo a otro. Sobre todo en el medio urbano son consideradas plagas las cucarachas, moscas, mosquitos, y peligrosas para el hombre. Los roedores son tambi\u00e9n capaces de transmitir agentes infecciosos. Por transmitir enfermedades dichas plagas son consideradas vectores. En el departamento de Rivera, especialmente por ser \u00e1rea de frontera, hay especial atenci\u00f3n con el Dengue transmitido por el mosquito Aedes, as\u00ed como leptospirosis y hantavirus transmitidos por roedores, adem\u00e1s de otras afecciones constantes.<\/p>\n<hr \/>\n<div id=\"accordion-1\" class=\"accordion no-js\"><\/p>\n<p>\n\t\t\t\t\t<h3 role=\"button\" id=\"accordion-1-t1\" class=\"accordion-title js-accordion-controller\" aria-controls=\"accordion-1-c1\" aria-expanded=\"false\" tabindex=\"0\">\n\t\t\t\tZoonosis\t\t\t<\/h3>\n\t\t\n\t\t<div id=\"accordion-1-c1\" class=\"accordion-content\" aria-hidden=\"true\">\n\t\t\t<\/p>\n<p style=\"text-align: left;\">En Uruguay, el combate a la hidatidosis transmitida especialmente por perros, otras zoonosis y de las enfermedades transmitidas por vectores, es competencia del Ministerio de Salud P\u00fablica a trav\u00e9s de la actualmente denominada \u201cComisi\u00f3n Nacional Honoraria de Zoonosis\u201d, que funciona desde el 1\u00ba de enero de 2005. En Rivera la Comisi\u00f3n Departamental de Zoonosis tiene como Encargada a la Dra. Myriam Rodriguez, la oficina se ubica en Avda. Agraciada casi Lavalleja, y el t\u00e9lefono all\u00ed es 462 2883.<\/p>\n<p>\t\t<\/div>\n\n\t\t<\/p>\n<p>\n\t\t\t\t\t<h3 role=\"button\" id=\"accordion-1-t2\" class=\"accordion-title js-accordion-controller\" aria-controls=\"accordion-1-c2\" aria-expanded=\"false\" tabindex=\"0\">\n\t\t\t\tProtectoras de animales\t\t\t<\/h3>\n\t\t\n\t\t<div id=\"accordion-1-c2\" class=\"accordion-content\" aria-hidden=\"true\">\n\t\t\t<\/p>\n<p style=\"text-align: left;\">Ante el crecimiento del n\u00famero de perros en situaci\u00f3n de calle en la ciudad de Rivera e interior del departamento, han surgido emprendimiento voluntarios que se ocupan de brindar refugio, alimentaci\u00f3n y cuidados a muchos de esos canes, que cuando permanecen en situaci\u00f3n de abandono en la v\u00eda p\u00fablica se convierten en potenciales transmisores de enfermedades al hombre, adem\u00e1s del riesgo de agresi\u00f3n a personas, la destrucci\u00f3n de envases con residuos frente a domicilios, contenedores y similares. Formalmente constituida trabaja en Rivera la ONG \u201cAnimales sin Fronteras\u201d, con Personer\u00eda Jur\u00eddica. Tel\u00e9fonos 462 23381 y 462 30300.<\/p>\n<p>\t\t<\/div>\n\n\t\t<\/p>\n<p><\/div>\n<p>&nbsp;<\/p>\n<p>&nbsp;<\/p>\n<p>&nbsp;<\/p>\n<p>&nbsp;<\/p>\n<p>&nbsp;<\/p>\n","protected":false},"excerpt":{"rendered":"<p>Qu\u00e9 son los vectores y como se combaten. Para la biolog\u00eda, un vector es un agente que puede propagar o transmitir una enfermedad de un organismo a otro. Sobre todo en el medio urbano son consideradas plagas las cucarachas, moscas, mosquitos, y peligrosas para el hombre. Los roedores son tambi\u00e9n capaces de transmitir agentes infecciosos. [&hellip;]<\/p>\n","protected":false},"author":1,"featured_media":0,"parent":556,"menu_order":0,"comment_status":"closed","ping_status":"closed","template":"","meta":{"footnotes":""},"_links":{"self":[{"href":"https:\/\/www.rivera.gub.uy\/medioambiente\/wp-json\/wp\/v2\/pages\/588"}],"collection":[{"href":"https:\/\/www.rivera.gub.uy\/medioambiente\/wp-json\/wp\/v2\/pages"}],"about":[{"href":"https:\/\/www.rivera.gub.uy\/medioambiente\/wp-json\/wp\/v2\/types\/page"}],"author":[{"embeddable":true,"href":"https:\/\/www.rivera.gub.uy\/medioambiente\/wp-json\/wp\/v2\/users\/1"}],"replies":[{"embeddable":true,"href":"https:\/\/www.rivera.gub.uy\/medioambiente\/wp-json\/wp\/v2\/comments?post=588"}],"version-history":[{"count":5,"href":"https:\/\/www.rivera.gub.uy\/medioambiente\/wp-json\/wp\/v2\/pages\/588\/revisions"}],"predecessor-version":[{"id":2633,"href":"https:\/\/www.rivera.gub.uy\/medioambiente\/wp-json\/wp\/v2\/pages\/588\/revisions\/2633"}],"up":[{"embeddable":true,"href":"https:\/\/www.rivera.gub.uy\/medioambiente\/wp-json\/wp\/v2\/pages\/556"}],"wp:attachment":[{"href":"https:\/\/www.rivera.gub.uy\/medioambiente\/wp-json\/wp\/v2\/media?parent=588"}],"curies":[{"name":"wp","href":"https:\/\/api.w.org\/{rel}","templated":true}]}}