{"id":707,"date":"2017-07-12T14:01:17","date_gmt":"2017-07-12T14:01:17","guid":{"rendered":"http:\/\/www.rivera.gub.uy\/medioambiente\/?page_id=707"},"modified":"2021-09-03T15:20:30","modified_gmt":"2021-09-03T15:20:30","slug":"tramites","status":"publish","type":"page","link":"https:\/\/www.rivera.gub.uy\/medioambiente\/servicios\/tramites\/","title":{"rendered":"Tr\u00e1mites"},"content":{"rendered":"<ul>\n<li style=\"font-weight: 400;\">\n<h4><strong><a href=\"https:\/\/tramites.gub.uy\/ampliados?id=4582\" target=\"_blank\" rel=\"noopener noreferrer\">Inscripci\u00f3n al Curso de Manipulaci\u00f3n de Alimentos<\/a><\/strong><\/h4>\n<\/li>\n<li style=\"font-weight: 400;\">\n<h4><strong><a href=\"https:\/\/tramites.gub.uy\/ampliados?id=4868\" target=\"_blank\" rel=\"noopener noreferrer\">Recolecci\u00f3n de Residuos<\/a><\/strong><\/h4>\n<\/li>\n<li>\n<h4><strong><a href=\"https:\/\/tramites.gub.uy\/ampliados?id=4580\" target=\"_blank\" rel=\"noopener noreferrer\">Registro de Empresas<\/a><\/strong><\/h4>\n<\/li>\n<li>\n<h4><strong><a href=\"https:\/\/tramites.gub.uy\/ampliados?id=4835\" target=\"_blank\" rel=\"noopener noreferrer\">Registro de Proveedores<\/a><\/strong><\/h4>\n<\/li>\n<li>\n<h4><strong><a href=\"https:\/\/tramites.gub.uy\/ampliados?id=4869\" target=\"_blank\" rel=\"noopener noreferrer\">Registro para Acceder al Servicio de Barom\u00e9trica<\/a><\/strong><\/h4>\n<\/li>\n<li>\n<h4><strong><a href=\"https:\/\/tramites.gub.uy\/ampliados?id=4899\" target=\"_blank\" rel=\"noopener noreferrer\">Registro para el Asesoramiento a Peque\u00f1os Productores<\/a><\/strong><\/h4>\n<\/li>\n<li>\n<h4><strong><a href=\"https:\/\/tramites.gub.uy\/ampliados?id=4898\" target=\"_blank\" rel=\"noopener noreferrer\">Servicio de Alumbramiento de Agua en Zonas Rurales de Rivera<\/a><\/strong><\/h4>\n<\/li>\n<li>\n<h4><strong><a href=\"https:\/\/tramites.gub.uy\/ampliados?id=4867\" target=\"_blank\" rel=\"noopener noreferrer\">Servicio de Arrancado de \u00c1rboles<\/a><\/strong><\/h4>\n<\/li>\n<li>\n<h4><a href=\"https:\/\/www.gub.uy\/tramites\/servicio-maquinaria-agricola-pequenos-productores-rivera\" target=\"_blank\" rel=\"noopener noreferrer\"><strong>Servicio de Maquinaria Agr\u00edcola para Peque\u00f1os Productores<\/strong><\/a><\/h4>\n<\/li>\n<li>\n<h4><strong><a href=\"https:\/\/tramites.gub.uy\/ampliados?id=4887\" target=\"_blank\" rel=\"noopener noreferrer\">Solicitud de Fumigaci\u00f3n<\/a><\/strong><\/h4>\n<\/li>\n<li>\n<h4><strong><a href=\"https:\/\/tramites.gub.uy\/ampliados?id=4886\" target=\"_blank\" rel=\"noopener noreferrer\">Solicitud de Inspecci\u00f3n<\/a><\/strong><\/h4>\n<\/li>\n<li>\n<h4><strong><a href=\"https:\/\/tramites.gub.uy\/ampliados?id=4866\" target=\"_blank\" rel=\"noopener noreferrer\">Solicitud para Poda de \u00c1rboles<\/a><\/strong><\/h4>\n<\/li>\n<\/ul>\n","protected":false},"excerpt":{"rendered":"<p>Inscripci\u00f3n al Curso de Manipulaci\u00f3n de Alimentos Recolecci\u00f3n de Residuos Registro de Empresas Registro de Proveedores Registro para Acceder al Servicio de Barom\u00e9trica Registro para el Asesoramiento a Peque\u00f1os Productores Servicio de Alumbramiento de Agua en Zonas Rurales de Rivera Servicio de Arrancado de \u00c1rboles Servicio de Maquinaria Agr\u00edcola para Peque\u00f1os Productores Solicitud de Fumigaci\u00f3n [&hellip;]<\/p>\n","protected":false},"author":2,"featured_media":0,"parent":13,"menu_order":0,"comment_status":"closed","ping_status":"closed","template":"","meta":{"footnotes":""},"_links":{"self":[{"href":"https:\/\/www.rivera.gub.uy\/medioambiente\/wp-json\/wp\/v2\/pages\/707"}],"collection":[{"href":"https:\/\/www.rivera.gub.uy\/medioambiente\/wp-json\/wp\/v2\/pages"}],"about":[{"href":"https:\/\/www.rivera.gub.uy\/medioambiente\/wp-json\/wp\/v2\/types\/page"}],"author":[{"embeddable":true,"href":"https:\/\/www.rivera.gub.uy\/medioambiente\/wp-json\/wp\/v2\/users\/2"}],"replies":[{"embeddable":true,"href":"https:\/\/www.rivera.gub.uy\/medioambiente\/wp-json\/wp\/v2\/comments?post=707"}],"version-history":[{"count":11,"href":"https:\/\/www.rivera.gub.uy\/medioambiente\/wp-json\/wp\/v2\/pages\/707\/revisions"}],"predecessor-version":[{"id":2336,"href":"https:\/\/www.rivera.gub.uy\/medioambiente\/wp-json\/wp\/v2\/pages\/707\/revisions\/2336"}],"up":[{"embeddable":true,"href":"https:\/\/www.rivera.gub.uy\/medioambiente\/wp-json\/wp\/v2\/pages\/13"}],"wp:attachment":[{"href":"https:\/\/www.rivera.gub.uy\/medioambiente\/wp-json\/wp\/v2\/media?parent=707"}],"curies":[{"name":"wp","href":"https:\/\/api.w.org\/{rel}","templated":true}]}}