{"id":766,"date":"2017-07-12T18:23:59","date_gmt":"2017-07-12T18:23:59","guid":{"rendered":"http:\/\/www.rivera.gub.uy\/medioambiente\/?page_id=766"},"modified":"2017-08-03T13:59:41","modified_gmt":"2017-08-03T13:59:41","slug":"desarrollo-rural","status":"publish","type":"page","link":"https:\/\/www.rivera.gub.uy\/medioambiente\/estrategias\/desarrollo-rural\/","title":{"rendered":"Desarrollo rural"},"content":{"rendered":"<p><img loading=\"lazy\" decoding=\"async\" class=\"size-medium wp-image-481 efecto aligncenter\" src=\"http:\/\/www.rivera.gub.uy\/medioambiente\/wp-content\/uploads\/2017\/07\/cabezal-estrategias-desarrollo-rural.png\" alt=\"Direcci\u00f3n General de Desarrollo y Medio Ambiente - Intendencia de Rivera\" width=\"800\" height=\"350\" \/><\/p>\n<blockquote><p>Visualizamos al desarrollo rural con la misi\u00f3n de promover pol\u00edticas e implementar estrategias para el desarrollo rural sostenible e inclusivo del Departamento de Rivera.<\/p><\/blockquote>\n<p>El trabajo estrat\u00e9gico se basa en Impulsar la producci\u00f3n, comercializaci\u00f3n, innovaci\u00f3n, infraestructura y fortalecimiento institucional del sector productivo de Rivera mediante:<\/p>\n<ul>\n<li>Mejora de eficiencia y ampliaci\u00f3n de la cobertura territorial de los servicios de desarrollo rural.<\/li>\n<li>Ampliaci\u00f3n de la comercializaci\u00f3n y el volumen de producci\u00f3n del sector sand\u00eda.<\/li>\n<li>Fortalecimiento institucional de las gremiales existentes.<\/li>\n<li>Mejora de la competitividad y comercializaci\u00f3n del sector hort\u00edcola de Rivera.<\/li>\n<li>Fortalecimiento de la participaci\u00f3n de la IDR en el sector ap\u00edcola.<\/li>\n<\/ul>\n<div id='gallery-1' class='gallery galleryid-766 gallery-columns-5 gallery-size-thumbnail'><figure class='gallery-item'>\n\t\t\t<div class='gallery-icon landscape'>\n\t\t\t\t<a href='https:\/\/www.rivera.gub.uy\/medioambiente\/wp-content\/uploads\/2017\/07\/estrategias-desarrollo-rural-001.jpg'><img loading=\"lazy\" decoding=\"async\" width=\"150\" height=\"150\" src=\"https:\/\/www.rivera.gub.uy\/medioambiente\/wp-content\/uploads\/2017\/07\/estrategias-desarrollo-rural-001-150x150.jpg\" class=\"attachment-thumbnail size-thumbnail\" alt=\"\" \/><\/a>\n\t\t\t<\/div><\/figure><figure class='gallery-item'>\n\t\t\t<div class='gallery-icon landscape'>\n\t\t\t\t<a href='https:\/\/www.rivera.gub.uy\/medioambiente\/wp-content\/uploads\/2017\/07\/estrategias-desarrollo-rural-002.jpg'><img loading=\"lazy\" decoding=\"async\" width=\"150\" height=\"150\" src=\"https:\/\/www.rivera.gub.uy\/medioambiente\/wp-content\/uploads\/2017\/07\/estrategias-desarrollo-rural-002-150x150.jpg\" class=\"attachment-thumbnail size-thumbnail\" alt=\"\" \/><\/a>\n\t\t\t<\/div><\/figure><figure class='gallery-item'>\n\t\t\t<div class='gallery-icon landscape'>\n\t\t\t\t<a href='https:\/\/www.rivera.gub.uy\/medioambiente\/wp-content\/uploads\/2017\/07\/estrategias-desarrollo-rural-003.jpg'><img loading=\"lazy\" decoding=\"async\" width=\"150\" height=\"150\" src=\"https:\/\/www.rivera.gub.uy\/medioambiente\/wp-content\/uploads\/2017\/07\/estrategias-desarrollo-rural-003-150x150.jpg\" class=\"attachment-thumbnail size-thumbnail\" alt=\"\" \/><\/a>\n\t\t\t<\/div><\/figure><figure class='gallery-item'>\n\t\t\t<div class='gallery-icon landscape'>\n\t\t\t\t<a href='https:\/\/www.rivera.gub.uy\/medioambiente\/wp-content\/uploads\/2017\/07\/estrategias-desarrollo-rural-004.jpg'><img loading=\"lazy\" decoding=\"async\" width=\"150\" height=\"150\" src=\"https:\/\/www.rivera.gub.uy\/medioambiente\/wp-content\/uploads\/2017\/07\/estrategias-desarrollo-rural-004-150x150.jpg\" class=\"attachment-thumbnail size-thumbnail\" alt=\"\" \/><\/a>\n\t\t\t<\/div><\/figure><figure class='gallery-item'>\n\t\t\t<div class='gallery-icon landscape'>\n\t\t\t\t<a href='https:\/\/www.rivera.gub.uy\/medioambiente\/wp-content\/uploads\/2017\/07\/estrategias-desarrollo-rural-005.jpg'><img loading=\"lazy\" decoding=\"async\" width=\"150\" height=\"150\" src=\"https:\/\/www.rivera.gub.uy\/medioambiente\/wp-content\/uploads\/2017\/07\/estrategias-desarrollo-rural-005-150x150.jpg\" class=\"attachment-thumbnail size-thumbnail\" alt=\"\" \/><\/a>\n\t\t\t<\/div><\/figure>\n\t\t<\/div>\n\n","protected":false},"excerpt":{"rendered":"<p>Visualizamos al desarrollo rural con la misi\u00f3n de promover pol\u00edticas e implementar estrategias para el desarrollo rural sostenible e inclusivo del Departamento de Rivera. El trabajo estrat\u00e9gico se basa en Impulsar la producci\u00f3n, comercializaci\u00f3n, innovaci\u00f3n, infraestructura y fortalecimiento institucional del sector productivo de Rivera mediante: Mejora de eficiencia y ampliaci\u00f3n de la cobertura territorial de [&hellip;]<\/p>\n","protected":false},"author":2,"featured_media":0,"parent":546,"menu_order":0,"comment_status":"closed","ping_status":"closed","template":"","meta":{"footnotes":""},"_links":{"self":[{"href":"https:\/\/www.rivera.gub.uy\/medioambiente\/wp-json\/wp\/v2\/pages\/766"}],"collection":[{"href":"https:\/\/www.rivera.gub.uy\/medioambiente\/wp-json\/wp\/v2\/pages"}],"about":[{"href":"https:\/\/www.rivera.gub.uy\/medioambiente\/wp-json\/wp\/v2\/types\/page"}],"author":[{"embeddable":true,"href":"https:\/\/www.rivera.gub.uy\/medioambiente\/wp-json\/wp\/v2\/users\/2"}],"replies":[{"embeddable":true,"href":"https:\/\/www.rivera.gub.uy\/medioambiente\/wp-json\/wp\/v2\/comments?post=766"}],"version-history":[{"count":5,"href":"https:\/\/www.rivera.gub.uy\/medioambiente\/wp-json\/wp\/v2\/pages\/766\/revisions"}],"predecessor-version":[{"id":812,"href":"https:\/\/www.rivera.gub.uy\/medioambiente\/wp-json\/wp\/v2\/pages\/766\/revisions\/812"}],"up":[{"embeddable":true,"href":"https:\/\/www.rivera.gub.uy\/medioambiente\/wp-json\/wp\/v2\/pages\/546"}],"wp:attachment":[{"href":"https:\/\/www.rivera.gub.uy\/medioambiente\/wp-json\/wp\/v2\/media?parent=766"}],"curies":[{"name":"wp","href":"https:\/\/api.w.org\/{rel}","templated":true}]}}