{"id":11045,"date":"2025-07-15T16:00:46","date_gmt":"2025-07-15T16:00:46","guid":{"rendered":"https:\/\/www.rivera.gub.uy\/obras\/?page_id=11045"},"modified":"2025-07-15T17:05:48","modified_gmt":"2025-07-15T17:05:48","slug":"veredas","status":"publish","type":"page","link":"https:\/\/www.rivera.gub.uy\/obras\/veredas\/","title":{"rendered":"RIVERA CAMINA MEJOR"},"content":{"rendered":"<div id=\"pl-11045\"  class=\"panel-layout\" ><div id=\"pg-11045-0\"  class=\"panel-grid panel-no-style\" ><div id=\"pgc-11045-0-0\"  class=\"panel-grid-cell\" ><div id=\"panel-11045-0-0-0\" class=\"so-panel widget widget_sow-editor panel-first-child panel-last-child\" data-index=\"0\" ><div\n\t\t\t\n\t\t\tclass=\"so-widget-sow-editor so-widget-sow-editor-base\"\n\t\t\t\n\t\t><h3 class=\"widget-title\">Plan Veredas \u2013 Zona C\u00e9ntrica<\/h3>\n<div class=\"siteorigin-widget-tinymce textwidget\">\n\t<p data-start=\"244\" data-end=\"443\">La <strong data-start=\"247\" data-end=\"286\">Intendencia Departamental de Rivera<\/strong> te invita a ser parte del <strong data-start=\"313\" data-end=\"336\">Plan Veredas<\/strong>, una iniciativa que busca mejorar la calidad de circulaci\u00f3n y accesibilidad en las veredas de la ciudad.<\/p>\n<p data-start=\"445\" data-end=\"638\">Actualmente, el plan se aplica <strong data-start=\"476\" data-end=\"524\">exclusivamente en la zona c\u00e9ntrica de Rivera<\/strong>, como parte de una experiencia piloto que permitir\u00e1 evaluar y ajustar el proyecto antes de su futura expansi\u00f3n.<\/p>\n<p data-start=\"640\" data-end=\"673\">Con este programa, se busca:<\/p>\n<ul data-start=\"674\" data-end=\"820\">\n<li data-start=\"674\" data-end=\"707\">\n<p data-start=\"676\" data-end=\"707\">Embellecer el entorno urbano.<\/p>\n<\/li>\n<li data-start=\"708\" data-end=\"763\">\n<p data-start=\"710\" data-end=\"763\">Garantizar veredas seguras, accesibles y uniformes.<\/p>\n<\/li>\n<li data-start=\"764\" data-end=\"820\">\n<p data-start=\"766\" data-end=\"820\">Promover una mejor convivencia y movilidad peatonal.<\/p>\n<\/li>\n<\/ul>\n<h3 data-start=\"822\" data-end=\"861\">\u00a1Sumate a esta transformaci\u00f3n!<\/h3>\n<p data-start=\"862\" data-end=\"968\">Si sos propietario o frentista en la zona c\u00e9ntrica, pod\u00e9s formar parte de este proceso de mejora urbana.<\/p>\n<p data-start=\"862\" data-end=\"968\">Pod\u00e9s realizar un convenio en hasta 48 cuotas.<\/p>\n<p data-start=\"970\" data-end=\"1092\">Para m\u00e1s informaci\u00f3n, comunicate con la Direcci\u00f3n General de Obras (Agraciada 570, 2\u00b0 piso) o complet\u00e1 el siguiente formulario.<\/p>\n<\/div>\n<\/div><\/div><\/div><\/div><div id=\"pg-11045-1\"  class=\"panel-grid panel-no-style\" ><div id=\"pgc-11045-1-0\"  class=\"panel-grid-cell\" ><div id=\"panel-11045-1-0-0\" class=\"so-panel widget widget_sow-button panel-first-child panel-last-child\" data-index=\"1\" ><div\n\t\t\t\n\t\t\tclass=\"so-widget-sow-button so-widget-sow-button-wire-9add04e77527-11045\"\n\t\t\t\n\t\t><div class=\"ow-button-base ow-button-align-center\"\n>\n\t\t\t<a\n\t\t\t\t\thref=\"https:\/\/www.rivera.gub.uy\/portal\/formulario-plan-veredas\/\"\n\t\t\t\t\tclass=\"sowb-button ow-icon-placement-left ow-button-hover\" target=\"_blank\" rel=\"noopener noreferrer\" \t>\n\t\t<span>\n\t\t\t\n\t\t\tFormulario de solicitud\t\t<\/span>\n\t\t\t<\/a>\n\t<\/div>\n<\/div><\/div><\/div><\/div><div id=\"pg-11045-2\"  class=\"panel-grid panel-no-style\" ><div id=\"pgc-11045-2-0\"  class=\"panel-grid-cell\" ><div id=\"panel-11045-2-0-0\" class=\"so-panel widget widget_sow-editor panel-first-child panel-last-child\" data-index=\"2\" ><div\n\t\t\t\n\t\t\tclass=\"so-widget-sow-editor so-widget-sow-editor-base\"\n\t\t\t\n\t\t>\n<div class=\"siteorigin-widget-tinymce textwidget\">\n\t<p><a href=\"https:\/\/www.rivera.gub.uy\/obras\/wp-content\/uploads\/2025\/07\/Banner-Plan-Veredas.jpg\"><img loading=\"lazy\" decoding=\"async\" class=\"aligncenter size-medium wp-image-11053\" src=\"https:\/\/www.rivera.gub.uy\/obras\/wp-content\/uploads\/2025\/07\/Banner-Plan-Veredas-240x300.jpg\" alt=\"\" width=\"240\" height=\"300\" srcset=\"https:\/\/www.rivera.gub.uy\/obras\/wp-content\/uploads\/2025\/07\/Banner-Plan-Veredas-240x300.jpg 240w, https:\/\/www.rivera.gub.uy\/obras\/wp-content\/uploads\/2025\/07\/Banner-Plan-Veredas-819x1024.jpg 819w, https:\/\/www.rivera.gub.uy\/obras\/wp-content\/uploads\/2025\/07\/Banner-Plan-Veredas-768x960.jpg 768w, https:\/\/www.rivera.gub.uy\/obras\/wp-content\/uploads\/2025\/07\/Banner-Plan-Veredas-820x1025.jpg 820w, https:\/\/www.rivera.gub.uy\/obras\/wp-content\/uploads\/2025\/07\/Banner-Plan-Veredas.jpg 1000w\" sizes=\"(max-width: 240px) 100vw, 240px\" \/><\/a><\/p>\n<\/div>\n<\/div><\/div><\/div><\/div><\/div>","protected":false},"excerpt":{"rendered":"<p>La Intendencia Departamental de Rivera te invita a ser parte del Plan Veredas, una iniciativa que busca mejorar la calidad de circulaci\u00f3n y accesibilidad en las veredas de la ciudad. Actualmente, el plan se aplica exclusivamente en la zona c\u00e9ntrica de Rivera, como parte de una experiencia piloto que permitir\u00e1 evaluar y ajustar el proyecto [&hellip;]<\/p>\n","protected":false},"author":1,"featured_media":0,"parent":0,"menu_order":0,"comment_status":"closed","ping_status":"closed","template":"","meta":{"footnotes":""},"_links":{"self":[{"href":"https:\/\/www.rivera.gub.uy\/obras\/wp-json\/wp\/v2\/pages\/11045"}],"collection":[{"href":"https:\/\/www.rivera.gub.uy\/obras\/wp-json\/wp\/v2\/pages"}],"about":[{"href":"https:\/\/www.rivera.gub.uy\/obras\/wp-json\/wp\/v2\/types\/page"}],"author":[{"embeddable":true,"href":"https:\/\/www.rivera.gub.uy\/obras\/wp-json\/wp\/v2\/users\/1"}],"replies":[{"embeddable":true,"href":"https:\/\/www.rivera.gub.uy\/obras\/wp-json\/wp\/v2\/comments?post=11045"}],"version-history":[{"count":8,"href":"https:\/\/www.rivera.gub.uy\/obras\/wp-json\/wp\/v2\/pages\/11045\/revisions"}],"predecessor-version":[{"id":11049,"href":"https:\/\/www.rivera.gub.uy\/obras\/wp-json\/wp\/v2\/pages\/11045\/revisions\/11049"}],"wp:attachment":[{"href":"https:\/\/www.rivera.gub.uy\/obras\/wp-json\/wp\/v2\/media?parent=11045"}],"curies":[{"name":"wp","href":"https:\/\/api.w.org\/{rel}","templated":true}]}}