{"id":208,"date":"2017-06-13T18:13:52","date_gmt":"2017-06-13T18:13:52","guid":{"rendered":"http:\/\/rivera.gub.uy\/obras\/?page_id=208"},"modified":"2023-05-11T11:30:55","modified_gmt":"2023-05-11T11:30:55","slug":"administrativa","status":"publish","type":"page","link":"https:\/\/www.rivera.gub.uy\/obras\/divisiones\/administrativa\/","title":{"rendered":"Administrativa"},"content":{"rendered":"<p style=\"text-align: center;\"><img loading=\"lazy\" decoding=\"async\" class=\"alignnone size-full wp-image-219\" src=\"http:\/\/rivera.gub.uy\/obras\/wp-content\/uploads\/2017\/06\/obras-division-administrativa.png\" alt=\"Direcci\u00f3n General de Obras - Divisi\u00f3n Administrativa\" width=\"800\" height=\"350\" srcset=\"https:\/\/www.rivera.gub.uy\/obras\/wp-content\/uploads\/2017\/06\/obras-division-administrativa.png 800w, https:\/\/www.rivera.gub.uy\/obras\/wp-content\/uploads\/2017\/06\/obras-division-administrativa-300x131.png 300w, https:\/\/www.rivera.gub.uy\/obras\/wp-content\/uploads\/2017\/06\/obras-division-administrativa-768x336.png 768w\" sizes=\"(max-width: 800px) 100vw, 800px\" \/><\/p>\n<blockquote><p>Son los responsables de gestionar todos los tr\u00e1mites y tareas administrativas pertinentes a la DGO.<\/p>\n<p>&nbsp;<\/p><\/blockquote>\n<p><strong>Tareas que realiza:<\/strong><\/p>\n<ul>\n<li>Atenci\u00f3n al p\u00fablico<\/li>\n<li>Gesti\u00f3n de tareas administrativas<\/li>\n<li>Articulaci\u00f3n de tr\u00e1mites con las divisiones a cargo.<\/li>\n<\/ul>\n<hr \/>\n<p style=\"text-align: center;\"><strong>Directora:<\/strong> Daniela Zeballos | Alex Olivera<br \/>\nAgraciada 570 | Segundo piso<br \/>\n<strong>Horario de atenci\u00f3n:<\/strong> De lunes a viernes de 8:15 a 15:00<br \/>\n<strong>Tel:<\/strong> <a href=\"tel:+59846231900\">4623 1900<\/a> int. 112 | Fax 124.<br \/>\n<strong>Email:<\/strong> <a href=\"mailto:obras@rivera.gub.uy\">obras@rivera.gub.uy<\/a><\/p>\n","protected":false},"excerpt":{"rendered":"<p>Son los responsables de gestionar todos los tr\u00e1mites y tareas administrativas pertinentes a la DGO. &nbsp; Tareas que realiza: Atenci\u00f3n al p\u00fablico Gesti\u00f3n de tareas administrativas Articulaci\u00f3n de tr\u00e1mites con las divisiones a cargo. Directora: Daniela Zeballos | Alex Olivera Agraciada 570 | Segundo piso Horario de atenci\u00f3n: De lunes a viernes de 8:15 a [&hellip;]<\/p>\n","protected":false},"author":2,"featured_media":0,"parent":10,"menu_order":0,"comment_status":"closed","ping_status":"closed","template":"","meta":{"footnotes":""},"_links":{"self":[{"href":"https:\/\/www.rivera.gub.uy\/obras\/wp-json\/wp\/v2\/pages\/208"}],"collection":[{"href":"https:\/\/www.rivera.gub.uy\/obras\/wp-json\/wp\/v2\/pages"}],"about":[{"href":"https:\/\/www.rivera.gub.uy\/obras\/wp-json\/wp\/v2\/types\/page"}],"author":[{"embeddable":true,"href":"https:\/\/www.rivera.gub.uy\/obras\/wp-json\/wp\/v2\/users\/2"}],"replies":[{"embeddable":true,"href":"https:\/\/www.rivera.gub.uy\/obras\/wp-json\/wp\/v2\/comments?post=208"}],"version-history":[{"count":8,"href":"https:\/\/www.rivera.gub.uy\/obras\/wp-json\/wp\/v2\/pages\/208\/revisions"}],"predecessor-version":[{"id":1200,"href":"https:\/\/www.rivera.gub.uy\/obras\/wp-json\/wp\/v2\/pages\/208\/revisions\/1200"}],"up":[{"embeddable":true,"href":"https:\/\/www.rivera.gub.uy\/obras\/wp-json\/wp\/v2\/pages\/10"}],"wp:attachment":[{"href":"https:\/\/www.rivera.gub.uy\/obras\/wp-json\/wp\/v2\/media?parent=208"}],"curies":[{"name":"wp","href":"https:\/\/api.w.org\/{rel}","templated":true}]}}