{"id":237,"date":"2017-06-15T13:57:10","date_gmt":"2017-06-15T13:57:10","guid":{"rendered":"http:\/\/rivera.gub.uy\/obras\/?page_id=237"},"modified":"2018-02-23T13:39:26","modified_gmt":"2018-02-23T13:39:26","slug":"construcciones","status":"publish","type":"page","link":"https:\/\/www.rivera.gub.uy\/obras\/divisiones\/construcciones\/","title":{"rendered":"Construcciones"},"content":{"rendered":"<p style=\"text-align: center;\"><img loading=\"lazy\" decoding=\"async\" class=\"alignnone size-full wp-image-240\" src=\"http:\/\/rivera.gub.uy\/obras\/wp-content\/uploads\/2017\/06\/obras-division-construccion.png\" alt=\"Direcci\u00f3n General de Obras - Divisi\u00f3n Construcci\u00f3n\" width=\"800\" height=\"350\" srcset=\"https:\/\/www.rivera.gub.uy\/obras\/wp-content\/uploads\/2017\/06\/obras-division-construccion.png 800w, https:\/\/www.rivera.gub.uy\/obras\/wp-content\/uploads\/2017\/06\/obras-division-construccion-300x131.png 300w, https:\/\/www.rivera.gub.uy\/obras\/wp-content\/uploads\/2017\/06\/obras-division-construccion-768x336.png 768w\" sizes=\"(max-width: 800px) 100vw, 800px\" \/><\/p>\n<blockquote><p>Nuestro principal objetivo es crear espacios p\u00fablicos y equipamiento urbano de calidad, que atiendan a las nuevas necesidades y a los diferentes usuarios.<\/p><\/blockquote>\n<p><strong>Principales responsabilidades, tareas o funciones de Divisi\u00f3n:<\/strong><\/p>\n<ul>\n<li>Ejecuci\u00f3n de proyectos varios (Plazas, paseos p\u00fablicos, oficinas municipales, guarder\u00edas, policl\u00ednicas, escuelas, veredas, rampas, muros, refuncionalizaci\u00f3n de espacios y dem\u00e1s).<\/li>\n<li>Instalaci\u00f3n de Equipamiento Urbano (refugios peatonales, bancos, juegos infantiles, aparatos de gimnasia, monumentos,bases para columnas de alumbrado, esculturas y dem\u00e1s).<\/li>\n<li>Mantenimiento de Edificios y Espacios P\u00fablicos (limpieza de grafitis, pintura, arreglo de equipamientos en mal estado, limpieza de muros y pavimentos, impermeabilizaciones, arreglo de fachadas y pavimentos, etc).<\/li>\n<\/ul>\n<div id='gallery-1' class='gallery galleryid-237 gallery-columns-7 gallery-size-thumbnail'><figure class='gallery-item'>\n\t\t\t<div class='gallery-icon landscape'>\n\t\t\t\t<a href='https:\/\/www.rivera.gub.uy\/obras\/wp-content\/uploads\/2017\/06\/division-construcciones-direccion-de-obras-intendencia-de-rivera-001.jpg'><img loading=\"lazy\" decoding=\"async\" width=\"150\" height=\"150\" src=\"https:\/\/www.rivera.gub.uy\/obras\/wp-content\/uploads\/2017\/06\/division-construcciones-direccion-de-obras-intendencia-de-rivera-001-150x150.jpg\" class=\"attachment-thumbnail size-thumbnail\" alt=\"Direcci\u00f3n General de Obras - Divisi\u00f3n Construcci\u00f3n\" \/><\/a>\n\t\t\t<\/div><\/figure><figure class='gallery-item'>\n\t\t\t<div class='gallery-icon landscape'>\n\t\t\t\t<a href='https:\/\/www.rivera.gub.uy\/obras\/wp-content\/uploads\/2017\/06\/division-construcciones-direccion-de-obras-intendencia-de-rivera-002.jpg'><img loading=\"lazy\" decoding=\"async\" width=\"150\" height=\"150\" src=\"https:\/\/www.rivera.gub.uy\/obras\/wp-content\/uploads\/2017\/06\/division-construcciones-direccion-de-obras-intendencia-de-rivera-002-150x150.jpg\" class=\"attachment-thumbnail size-thumbnail\" alt=\"Direcci\u00f3n General de Obras - Divisi\u00f3n Construcci\u00f3n\" \/><\/a>\n\t\t\t<\/div><\/figure><figure class='gallery-item'>\n\t\t\t<div class='gallery-icon landscape'>\n\t\t\t\t<a href='https:\/\/www.rivera.gub.uy\/obras\/wp-content\/uploads\/2017\/06\/division-construcciones-direccion-de-obras-intendencia-de-rivera-003.jpg'><img loading=\"lazy\" decoding=\"async\" width=\"150\" height=\"150\" src=\"https:\/\/www.rivera.gub.uy\/obras\/wp-content\/uploads\/2017\/06\/division-construcciones-direccion-de-obras-intendencia-de-rivera-003-150x150.jpg\" class=\"attachment-thumbnail size-thumbnail\" alt=\"Direcci\u00f3n General de Obras - Divisi\u00f3n Construcci\u00f3n\" \/><\/a>\n\t\t\t<\/div><\/figure><figure class='gallery-item'>\n\t\t\t<div class='gallery-icon landscape'>\n\t\t\t\t<a href='https:\/\/www.rivera.gub.uy\/obras\/wp-content\/uploads\/2017\/06\/division-construcciones-direccion-de-obras-intendencia-de-rivera-004.jpg'><img loading=\"lazy\" decoding=\"async\" width=\"150\" height=\"150\" src=\"https:\/\/www.rivera.gub.uy\/obras\/wp-content\/uploads\/2017\/06\/division-construcciones-direccion-de-obras-intendencia-de-rivera-004-150x150.jpg\" class=\"attachment-thumbnail size-thumbnail\" alt=\"Direcci\u00f3n General de Obras - Divisi\u00f3n Construcci\u00f3n\" \/><\/a>\n\t\t\t<\/div><\/figure><figure class='gallery-item'>\n\t\t\t<div class='gallery-icon landscape'>\n\t\t\t\t<a href='https:\/\/www.rivera.gub.uy\/obras\/wp-content\/uploads\/2017\/06\/division-construcciones-direccion-de-obras-intendencia-de-rivera-005.jpg'><img loading=\"lazy\" decoding=\"async\" width=\"150\" height=\"150\" src=\"https:\/\/www.rivera.gub.uy\/obras\/wp-content\/uploads\/2017\/06\/division-construcciones-direccion-de-obras-intendencia-de-rivera-005-150x150.jpg\" class=\"attachment-thumbnail size-thumbnail\" alt=\"Direcci\u00f3n General de Obras - Divisi\u00f3n Construcci\u00f3n\" \/><\/a>\n\t\t\t<\/div><\/figure><figure class='gallery-item'>\n\t\t\t<div class='gallery-icon landscape'>\n\t\t\t\t<a href='https:\/\/www.rivera.gub.uy\/obras\/wp-content\/uploads\/2017\/06\/division-construcciones-direccion-de-obras-intendencia-de-rivera-006.jpg'><img loading=\"lazy\" decoding=\"async\" width=\"150\" height=\"150\" src=\"https:\/\/www.rivera.gub.uy\/obras\/wp-content\/uploads\/2017\/06\/division-construcciones-direccion-de-obras-intendencia-de-rivera-006-150x150.jpg\" class=\"attachment-thumbnail size-thumbnail\" alt=\"Direcci\u00f3n General de Obras - Divisi\u00f3n Construcci\u00f3n\" \/><\/a>\n\t\t\t<\/div><\/figure><figure class='gallery-item'>\n\t\t\t<div class='gallery-icon landscape'>\n\t\t\t\t<a href='https:\/\/www.rivera.gub.uy\/obras\/wp-content\/uploads\/2017\/06\/division-construcciones-direccion-de-obras-intendencia-de-rivera-007.jpg'><img loading=\"lazy\" decoding=\"async\" width=\"150\" height=\"150\" src=\"https:\/\/www.rivera.gub.uy\/obras\/wp-content\/uploads\/2017\/06\/division-construcciones-direccion-de-obras-intendencia-de-rivera-007-150x150.jpg\" class=\"attachment-thumbnail size-thumbnail\" alt=\"Direcci\u00f3n General de Obras - Divisi\u00f3n Construcci\u00f3n\" \/><\/a>\n\t\t\t<\/div><\/figure>\n\t\t<\/div>\n\n<hr \/>\n<p style=\"text-align: center;\"><strong>Director:<\/strong> Arq. Carlos Salda\u00f1a<br \/>\nAv. Italia Frente al estadio Atilio Paiva Olivera<br \/>\n<strong>Tel.:<\/strong> <a href=\"tel:59846231900\">4623 1900<\/a> int. 304<br \/>\n<strong>Horarios de atenci\u00f3n:<\/strong> De lunes a viernes de 08:00 a 14:00 hrs.<br \/>\n<strong>E-mail:<\/strong> <a href=\"mailto:construcciones@rivera.gub.uy\">construcciones@rivera.gub.uy<\/a><\/p>\n","protected":false},"excerpt":{"rendered":"<p>Nuestro principal objetivo es crear espacios p\u00fablicos y equipamiento urbano de calidad, que atiendan a las nuevas necesidades y a los diferentes usuarios. Principales responsabilidades, tareas o funciones de Divisi\u00f3n: Ejecuci\u00f3n de proyectos varios (Plazas, paseos p\u00fablicos, oficinas municipales, guarder\u00edas, policl\u00ednicas, escuelas, veredas, rampas, muros, refuncionalizaci\u00f3n de espacios y dem\u00e1s). Instalaci\u00f3n de Equipamiento Urbano (refugios [&hellip;]<\/p>\n","protected":false},"author":2,"featured_media":0,"parent":10,"menu_order":0,"comment_status":"closed","ping_status":"closed","template":"","meta":{"footnotes":""},"_links":{"self":[{"href":"https:\/\/www.rivera.gub.uy\/obras\/wp-json\/wp\/v2\/pages\/237"}],"collection":[{"href":"https:\/\/www.rivera.gub.uy\/obras\/wp-json\/wp\/v2\/pages"}],"about":[{"href":"https:\/\/www.rivera.gub.uy\/obras\/wp-json\/wp\/v2\/types\/page"}],"author":[{"embeddable":true,"href":"https:\/\/www.rivera.gub.uy\/obras\/wp-json\/wp\/v2\/users\/2"}],"replies":[{"embeddable":true,"href":"https:\/\/www.rivera.gub.uy\/obras\/wp-json\/wp\/v2\/comments?post=237"}],"version-history":[{"count":9,"href":"https:\/\/www.rivera.gub.uy\/obras\/wp-json\/wp\/v2\/pages\/237\/revisions"}],"predecessor-version":[{"id":787,"href":"https:\/\/www.rivera.gub.uy\/obras\/wp-json\/wp\/v2\/pages\/237\/revisions\/787"}],"up":[{"embeddable":true,"href":"https:\/\/www.rivera.gub.uy\/obras\/wp-json\/wp\/v2\/pages\/10"}],"wp:attachment":[{"href":"https:\/\/www.rivera.gub.uy\/obras\/wp-json\/wp\/v2\/media?parent=237"}],"curies":[{"name":"wp","href":"https:\/\/api.w.org\/{rel}","templated":true}]}}