{"id":266,"date":"2017-06-15T14:41:57","date_gmt":"2017-06-15T14:41:57","guid":{"rendered":"http:\/\/rivera.gub.uy\/obras\/?page_id=266"},"modified":"2023-05-11T11:33:13","modified_gmt":"2023-05-11T11:33:13","slug":"vialidad-rural","status":"publish","type":"page","link":"https:\/\/www.rivera.gub.uy\/obras\/divisiones\/vialidad-rural\/","title":{"rendered":"Vialidad Rural"},"content":{"rendered":"<p style=\"text-align: center;\"><img loading=\"lazy\" decoding=\"async\" class=\"alignnone size-full wp-image-271\" src=\"http:\/\/rivera.gub.uy\/obras\/wp-content\/uploads\/2017\/06\/obras-division-vialidad-rural.png\" alt=\"Direcci\u00f3n General de Obras - Datos estad\u00edsticos: vialidad rural\" width=\"800\" height=\"350\" srcset=\"https:\/\/www.rivera.gub.uy\/obras\/wp-content\/uploads\/2017\/06\/obras-division-vialidad-rural.png 800w, https:\/\/www.rivera.gub.uy\/obras\/wp-content\/uploads\/2017\/06\/obras-division-vialidad-rural-300x131.png 300w, https:\/\/www.rivera.gub.uy\/obras\/wp-content\/uploads\/2017\/06\/obras-division-vialidad-rural-768x336.png 768w\" sizes=\"(max-width: 800px) 100vw, 800px\" \/><\/p>\n<p>Mantener en condiciones la caminer\u00eda rural d\u00e1ndole una mejor calidad de vida al interior del departamento, brindando las condiciones adecuadas para accesos a centros poblados y establecimientos. Facilitando la uni\u00f3n entre la campa\u00f1a y las ciudades<\/p>\n<p><strong>Tareas que se realizan:<\/strong><\/p>\n<ul>\n<li>Mantenimiento Ordinario B\u00e1sico<\/li>\n<li>Mantenimiento Ordinario Mayor<\/li>\n<li>Mantenimiento Extraordinario<\/li>\n<li>Alcantarillas<\/li>\n<li>Puentes<\/li>\n<li>Badenes<\/li>\n<\/ul>\n<hr \/>\n<p style=\"text-align: center;\"><strong>Director:<\/strong> Julio Videla<br \/>\n<strong>Direcci\u00f3n:<\/strong> Avda. Italia 1103<br \/>\n<strong>Horario de atenci\u00f3n:<\/strong> De lunes a viernes de 07:00 a 14:00<br \/>\n<strong>Tel:<\/strong> <a href=\"tel:59846231900\">46231900<\/a> &#8211; int- 319 \/ 320<br \/>\n<strong>Email:<\/strong>\u00a0<a href=\"mailto:vialidadrural@rivera.gub.uy\">vialidadrural@rivera.gub.uy<\/a><\/p>\n","protected":false},"excerpt":{"rendered":"<p>Mantener en condiciones la caminer\u00eda rural d\u00e1ndole una mejor calidad de vida al interior del departamento, brindando las condiciones adecuadas para accesos a centros poblados y establecimientos. Facilitando la uni\u00f3n entre la campa\u00f1a y las ciudades Tareas que se realizan: Mantenimiento Ordinario B\u00e1sico Mantenimiento Ordinario Mayor Mantenimiento Extraordinario Alcantarillas Puentes Badenes Director: Julio Videla Direcci\u00f3n: [&hellip;]<\/p>\n","protected":false},"author":2,"featured_media":0,"parent":10,"menu_order":0,"comment_status":"closed","ping_status":"closed","template":"","meta":{"footnotes":""},"_links":{"self":[{"href":"https:\/\/www.rivera.gub.uy\/obras\/wp-json\/wp\/v2\/pages\/266"}],"collection":[{"href":"https:\/\/www.rivera.gub.uy\/obras\/wp-json\/wp\/v2\/pages"}],"about":[{"href":"https:\/\/www.rivera.gub.uy\/obras\/wp-json\/wp\/v2\/types\/page"}],"author":[{"embeddable":true,"href":"https:\/\/www.rivera.gub.uy\/obras\/wp-json\/wp\/v2\/users\/2"}],"replies":[{"embeddable":true,"href":"https:\/\/www.rivera.gub.uy\/obras\/wp-json\/wp\/v2\/comments?post=266"}],"version-history":[{"count":10,"href":"https:\/\/www.rivera.gub.uy\/obras\/wp-json\/wp\/v2\/pages\/266\/revisions"}],"predecessor-version":[{"id":1202,"href":"https:\/\/www.rivera.gub.uy\/obras\/wp-json\/wp\/v2\/pages\/266\/revisions\/1202"}],"up":[{"embeddable":true,"href":"https:\/\/www.rivera.gub.uy\/obras\/wp-json\/wp\/v2\/pages\/10"}],"wp:attachment":[{"href":"https:\/\/www.rivera.gub.uy\/obras\/wp-json\/wp\/v2\/media?parent=266"}],"curies":[{"name":"wp","href":"https:\/\/api.w.org\/{rel}","templated":true}]}}