{"id":314,"date":"2017-07-12T14:04:27","date_gmt":"2017-07-12T14:04:27","guid":{"rendered":"http:\/\/rivera.gub.uy\/obras\/?page_id=314"},"modified":"2023-03-03T23:46:23","modified_gmt":"2023-03-03T23:46:23","slug":"tramites","status":"publish","type":"page","link":"https:\/\/www.rivera.gub.uy\/obras\/servicios\/tramites\/","title":{"rendered":"Tr\u00e1mites"},"content":{"rendered":"<ul>\n<li style=\"font-weight: 400;\"><strong><a href=\"https:\/\/tramites.gub.uy\/ampliados?id=4963\" target=\"_blank\" rel=\"noopener noreferrer\">Expedici\u00f3n de Derecho de Preferencia<\/a><\/strong><\/li>\n<li style=\"font-weight: 400;\">\n<h4><a href=\"https:\/\/tramites.gub.uy\/ampliados?id=4890\" target=\"_blank\" rel=\"noopener noreferrer\">Inspecci\u00f3n Ocular al Padr\u00f3n de Referencia<\/a><\/h4>\n<\/li>\n<li>\n<h4><a href=\"https:\/\/tramites.gub.uy\/ampliados?id=4964\" target=\"_blank\" rel=\"noopener noreferrer\">Permiso de Fraccionamiento<\/a><\/h4>\n<\/li>\n<li style=\"font-weight: 400;\">\n<h4><a href=\"https:\/\/tramites.gub.uy\/ampliados?id=4888\" target=\"_blank\" rel=\"noopener noreferrer\">Permisos para Kioscos y Trailers<\/a><\/h4>\n<\/li>\n<li style=\"font-weight: 400;\">\n<h4><a href=\"https:\/\/tramites.gub.uy\/ampliados?id=4879\" target=\"_blank\" rel=\"noopener noreferrer\">Prueba de Resistencia de Materiales<\/a><\/h4>\n<\/li>\n<li>\n<h4><a href=\"https:\/\/tramites.gub.uy\/ampliados?id=4962\" target=\"_blank\" rel=\"noopener noreferrer\">Solicitud de Certificado para Ventas Indivisas<\/a><\/h4>\n<\/li>\n<li>\n<h4><a href=\"https:\/\/tramites.gub.uy\/ampliados?id=4870\" target=\"_blank\" rel=\"noopener noreferrer\">Solicitud de Foco Nuevo<\/a><\/h4>\n<\/li>\n<li style=\"font-weight: 400;\">\n<h4><a href=\"https:\/\/tramites.gub.uy\/ampliados?id=4586\" target=\"_blank\" rel=\"noopener noreferrer\">Solicitud de N\u00famero de Puerta &#8211; Rivera<\/a><\/h4>\n<\/li>\n<li style=\"font-weight: 400;\">\n<h4><a href=\"https:\/\/tramites.gub.uy\/ampliados?id=4882\" target=\"_blank\" rel=\"noopener noreferrer\">Solicitud de Reparaci\u00f3n de Caminos Rurales<\/a><\/h4>\n<\/li>\n<li>\n<h4><a href=\"https:\/\/tramites.gub.uy\/ampliados?id=4871\" target=\"_blank\" rel=\"noopener noreferrer\">Solicitud de Revisi\u00f3n de Tasa de Alumbrado P\u00fablico<\/a><\/h4>\n<\/li>\n<li style=\"font-weight: 400;\">\n<h4><a href=\"https:\/\/tramites.gub.uy\/ampliados?id=4881\" target=\"_blank\" rel=\"noopener noreferrer\">Solicitud de Suministros Viales para Sectores Rurales<\/a><\/h4>\n<\/li>\n<li style=\"font-weight: 400;\">\n<h4><a href=\"https:\/\/tramites.gub.uy\/ampliados?id=4880\" target=\"_blank\" rel=\"noopener noreferrer\">Solicitud para el Uso de Rampa Vehicular<\/a><\/h4>\n<\/li>\n<li style=\"font-weight: 400;\">\n<h4><a href=\"https:\/\/tramites.gub.uy\/ampliados?id=4894\" target=\"_blank\" rel=\"noopener noreferrer\">Solicitud para la Construcci\u00f3n de Vivienda (R\u00e9gimen Econ\u00f3mico)<\/a><\/h4>\n<\/li>\n<li style=\"font-weight: 400;\">\n<h4><a href=\"https:\/\/www.gub.uy\/tramites\/solicitud-realizacion-obras-rivera\" target=\"_blank\" rel=\"noopener noreferrer\">Solicitud para la realizaci\u00f3n de obras menores<\/a><\/h4>\n<\/li>\n<li style=\"font-weight: 400;\">\n<h4><a href=\"https:\/\/www.gub.uy\/tramites\/solicitud-realizacion-obras-viviendas-rivera\" target=\"_blank\" rel=\"noopener noreferrer\">Solicitud para obra en r\u00e9gimen com\u00fan<\/a><\/h4>\n<\/li>\n<li style=\"font-weight: 400;\">\n<h4><a href=\"https:\/\/www.gub.uy\/tramites\/solicitud-planos-mensuras-rivera\" target=\"_blank\" rel=\"noopener noreferrer\">Solicitud para Planos de Mensuras<\/a><\/h4>\n<\/li>\n<li style=\"font-weight: 400;\">\n<h4><a href=\"https:\/\/tramites.gub.uy\/ampliados?id=4878\" target=\"_blank\" rel=\"noopener noreferrer\">Venta de Materiales de Hormig\u00f3n<\/a><\/h4>\n<\/li>\n<\/ul>\n","protected":false},"excerpt":{"rendered":"<p>Expedici\u00f3n de Derecho de Preferencia Inspecci\u00f3n Ocular al Padr\u00f3n de Referencia Permiso de Fraccionamiento Permisos para Kioscos y Trailers Prueba de Resistencia de Materiales Solicitud de Certificado para Ventas Indivisas Solicitud de Foco Nuevo Solicitud de N\u00famero de Puerta &#8211; Rivera Solicitud de Reparaci\u00f3n de Caminos Rurales Solicitud de Revisi\u00f3n de Tasa de Alumbrado P\u00fablico [&hellip;]<\/p>\n","protected":false},"author":2,"featured_media":0,"parent":72,"menu_order":0,"comment_status":"closed","ping_status":"closed","template":"","meta":{"footnotes":""},"_links":{"self":[{"href":"https:\/\/www.rivera.gub.uy\/obras\/wp-json\/wp\/v2\/pages\/314"}],"collection":[{"href":"https:\/\/www.rivera.gub.uy\/obras\/wp-json\/wp\/v2\/pages"}],"about":[{"href":"https:\/\/www.rivera.gub.uy\/obras\/wp-json\/wp\/v2\/types\/page"}],"author":[{"embeddable":true,"href":"https:\/\/www.rivera.gub.uy\/obras\/wp-json\/wp\/v2\/users\/2"}],"replies":[{"embeddable":true,"href":"https:\/\/www.rivera.gub.uy\/obras\/wp-json\/wp\/v2\/comments?post=314"}],"version-history":[{"count":22,"href":"https:\/\/www.rivera.gub.uy\/obras\/wp-json\/wp\/v2\/pages\/314\/revisions"}],"predecessor-version":[{"id":1172,"href":"https:\/\/www.rivera.gub.uy\/obras\/wp-json\/wp\/v2\/pages\/314\/revisions\/1172"}],"up":[{"embeddable":true,"href":"https:\/\/www.rivera.gub.uy\/obras\/wp-json\/wp\/v2\/pages\/72"}],"wp:attachment":[{"href":"https:\/\/www.rivera.gub.uy\/obras\/wp-json\/wp\/v2\/media?parent=314"}],"curies":[{"name":"wp","href":"https:\/\/api.w.org\/{rel}","templated":true}]}}