{"id":64,"date":"2017-06-07T17:33:50","date_gmt":"2017-06-07T17:33:50","guid":{"rendered":"http:\/\/rivera.gub.uy\/obras\/?page_id=64"},"modified":"2023-05-11T11:21:07","modified_gmt":"2023-05-11T11:21:07","slug":"vialidad-urbana","status":"publish","type":"page","link":"https:\/\/www.rivera.gub.uy\/obras\/divisiones\/vialidad-urbana\/","title":{"rendered":"Vialidad Urbana"},"content":{"rendered":"<p style=\"text-align: center;\"><img loading=\"lazy\" decoding=\"async\" class=\"alignnone size-full wp-image-226\" src=\"http:\/\/rivera.gub.uy\/obras\/wp-content\/uploads\/2017\/06\/obras-division-vialidadurbana.png\" alt=\"Direcci\u00f3n General de Obras - Divisi\u00f3n Vialidad Urbana\" width=\"800\" height=\"350\" srcset=\"https:\/\/www.rivera.gub.uy\/obras\/wp-content\/uploads\/2017\/06\/obras-division-vialidadurbana.png 800w, https:\/\/www.rivera.gub.uy\/obras\/wp-content\/uploads\/2017\/06\/obras-division-vialidadurbana-300x131.png 300w, https:\/\/www.rivera.gub.uy\/obras\/wp-content\/uploads\/2017\/06\/obras-division-vialidadurbana-768x336.png 768w\" sizes=\"(max-width: 800px) 100vw, 800px\" \/><\/p>\n<p><span style=\"font-weight: 400;\">Somos los responsables de realizar obras y mantenimientos en toda la infraestructura vial y pluvial de todas las localidades del departamento. <\/span><\/p>\n<p><strong>En el \u00e1rea de Proyectos:<\/strong><\/p>\n<ul>\n<li>Dise\u00f1o y estudio de proyectos constructivos<\/li>\n<li>An\u00e1lisis y Confecci\u00f3n de Pliegos<\/li>\n<li>Gesti\u00f3n de Proyectos<\/li>\n<\/ul>\n<p>&nbsp;<\/p>\n<p><strong>En Investigaci\u00f3n y Conocimiento:<\/strong><\/p>\n<ul>\n<li>Relevamiento de Situaci\u00f3n de Calles, rupturas, p\u00e9rdidas de agua e infiltraciones naturales y domiciliarias.<\/li>\n<li>Laboratorio de Suelos y Materiales<\/li>\n<li>Cursos y Capacitaci\u00f3n<\/li>\n<\/ul>\n<p>&nbsp;<\/p>\n<p><strong>En lo Administrativo:<\/strong><\/p>\n<ul>\n<li>Administraci\u00f3n Documental, Informes, Asuntos y Expedientes, Controles Estad\u00edsticos de Recursos Humanos y Financieros, Controles de Personal.<\/li>\n<li>Atenci\u00f3n al p\u00fablico personal y por tel\u00e9fono.<\/li>\n<\/ul>\n<p>&nbsp;<\/p>\n<p><strong>Construcci\u00f3n Vial:<\/strong><\/p>\n<ul>\n<li>Hormig\u00f3n, Asfalto, Cord\u00f3n Cuneta, Badenes, Empedrados y Preparaci\u00f3n de Bases<\/li>\n<\/ul>\n<p>&nbsp;<\/p>\n<p><strong>Construcci\u00f3n Pluvial:<\/strong><\/p>\n<ul>\n<li>Alcantarillas, Bocas de Tormenta, C\u00e1maras, Canales y Drenajes<\/li>\n<\/ul>\n<p>&nbsp;<\/p>\n<p><strong>La Unidad de Mantenimiento debe realizar:<\/strong><\/p>\n<ul>\n<li>Sellado de Pavimentos Asf\u00e1lticos<\/li>\n<li>Sellado de Juntas y Fisuras<\/li>\n<li>Bacheos en Pavimentos Flexibles (Asfalto)<\/li>\n<li>Bacheos en Pavimentos R\u00edgidos (Hormig\u00f3n)<\/li>\n<li>Reparaci\u00f3n de Pavimentos Articulados (Empedrados, Adoquinados)<\/li>\n<li>Maquinados y Recargas, parciales y totales de calles de balasto.<\/li>\n<li>Reparaci\u00f3n de Cordones y Cordones Cuneta<\/li>\n<li>Reparaci\u00f3n de Tapas de Inspecci\u00f3n<\/li>\n<li>Reparaci\u00f3n de Badenes<\/li>\n<li>Reparaci\u00f3n y Limpieza de Alcantarillas<\/li>\n<\/ul>\n<p>&nbsp;<\/p>\n<div id='gallery-1' class='gallery galleryid-64 gallery-columns-3 gallery-size-medium'><figure class='gallery-item'>\n\t\t\t<div class='gallery-icon landscape'>\n\t\t\t\t<a href='https:\/\/www.rivera.gub.uy\/obras\/wp-content\/uploads\/2017\/06\/vialidad-urbana-direccion-de-obras-intendencia-de-rivera-001.jpg'><img loading=\"lazy\" decoding=\"async\" width=\"300\" height=\"150\" src=\"https:\/\/www.rivera.gub.uy\/obras\/wp-content\/uploads\/2017\/06\/vialidad-urbana-direccion-de-obras-intendencia-de-rivera-001-300x150.jpg\" class=\"attachment-medium size-medium\" alt=\"Direcci\u00f3n General de Obras - Divisi\u00f3n Vialidad Urbana\" srcset=\"https:\/\/www.rivera.gub.uy\/obras\/wp-content\/uploads\/2017\/06\/vialidad-urbana-direccion-de-obras-intendencia-de-rivera-001-300x150.jpg 300w, https:\/\/www.rivera.gub.uy\/obras\/wp-content\/uploads\/2017\/06\/vialidad-urbana-direccion-de-obras-intendencia-de-rivera-001.jpg 500w\" sizes=\"(max-width: 300px) 100vw, 300px\" \/><\/a>\n\t\t\t<\/div><\/figure><figure class='gallery-item'>\n\t\t\t<div class='gallery-icon landscape'>\n\t\t\t\t<a href='https:\/\/www.rivera.gub.uy\/obras\/wp-content\/uploads\/2017\/06\/vialidad-urbana-direccion-de-obras-intendencia-de-rivera-002.jpg'><img loading=\"lazy\" decoding=\"async\" width=\"300\" height=\"150\" src=\"https:\/\/www.rivera.gub.uy\/obras\/wp-content\/uploads\/2017\/06\/vialidad-urbana-direccion-de-obras-intendencia-de-rivera-002-300x150.jpg\" class=\"attachment-medium size-medium\" alt=\"Direcci\u00f3n General de Obras - Divisi\u00f3n Vialidad Urbana\" srcset=\"https:\/\/www.rivera.gub.uy\/obras\/wp-content\/uploads\/2017\/06\/vialidad-urbana-direccion-de-obras-intendencia-de-rivera-002-300x150.jpg 300w, https:\/\/www.rivera.gub.uy\/obras\/wp-content\/uploads\/2017\/06\/vialidad-urbana-direccion-de-obras-intendencia-de-rivera-002.jpg 500w\" sizes=\"(max-width: 300px) 100vw, 300px\" \/><\/a>\n\t\t\t<\/div><\/figure><figure class='gallery-item'>\n\t\t\t<div class='gallery-icon landscape'>\n\t\t\t\t<a href='https:\/\/www.rivera.gub.uy\/obras\/wp-content\/uploads\/2017\/06\/vialidad-urbana-direccion-de-obras-intendencia-de-rivera-003.jpg'><img loading=\"lazy\" decoding=\"async\" width=\"300\" height=\"150\" src=\"https:\/\/www.rivera.gub.uy\/obras\/wp-content\/uploads\/2017\/06\/vialidad-urbana-direccion-de-obras-intendencia-de-rivera-003-300x150.jpg\" class=\"attachment-medium size-medium\" alt=\"Direcci\u00f3n General de Obras - Divisi\u00f3n Vialidad Urbana\" srcset=\"https:\/\/www.rivera.gub.uy\/obras\/wp-content\/uploads\/2017\/06\/vialidad-urbana-direccion-de-obras-intendencia-de-rivera-003-300x150.jpg 300w, https:\/\/www.rivera.gub.uy\/obras\/wp-content\/uploads\/2017\/06\/vialidad-urbana-direccion-de-obras-intendencia-de-rivera-003.jpg 500w\" sizes=\"(max-width: 300px) 100vw, 300px\" \/><\/a>\n\t\t\t<\/div><\/figure>\n\t\t<\/div>\n\n<hr \/>\n<p style=\"text-align: center;\"><strong>Director:<\/strong> Diego Mart\u00edn Costa<br \/>\nAv. Italia 1103 &#8211; Frente al Estadio A. Paiva<br \/>\n<strong>Tel.:<\/strong> <a href=\"tel:+59846231900\">46231900<\/a> int. 315<br \/>\n<strong>Atenci\u00f3n al P\u00fablico:<\/strong> de 8 a 14:00<br \/>\n<strong>E-mail:<\/strong>\u00a0<a href=\"mailto:vialidadurbana@rivera.gub.uy\">vialidadurbana@rivera.gub.uy<\/a><\/p>\n","protected":false},"excerpt":{"rendered":"<p>Somos los responsables de realizar obras y mantenimientos en toda la infraestructura vial y pluvial de todas las localidades del departamento. En el \u00e1rea de Proyectos: Dise\u00f1o y estudio de proyectos constructivos An\u00e1lisis y Confecci\u00f3n de Pliegos Gesti\u00f3n de Proyectos &nbsp; En Investigaci\u00f3n y Conocimiento: Relevamiento de Situaci\u00f3n de Calles, rupturas, p\u00e9rdidas de agua e [&hellip;]<\/p>\n","protected":false},"author":2,"featured_media":0,"parent":10,"menu_order":0,"comment_status":"closed","ping_status":"closed","template":"","meta":{"footnotes":""},"_links":{"self":[{"href":"https:\/\/www.rivera.gub.uy\/obras\/wp-json\/wp\/v2\/pages\/64"}],"collection":[{"href":"https:\/\/www.rivera.gub.uy\/obras\/wp-json\/wp\/v2\/pages"}],"about":[{"href":"https:\/\/www.rivera.gub.uy\/obras\/wp-json\/wp\/v2\/types\/page"}],"author":[{"embeddable":true,"href":"https:\/\/www.rivera.gub.uy\/obras\/wp-json\/wp\/v2\/users\/2"}],"replies":[{"embeddable":true,"href":"https:\/\/www.rivera.gub.uy\/obras\/wp-json\/wp\/v2\/comments?post=64"}],"version-history":[{"count":16,"href":"https:\/\/www.rivera.gub.uy\/obras\/wp-json\/wp\/v2\/pages\/64\/revisions"}],"predecessor-version":[{"id":1198,"href":"https:\/\/www.rivera.gub.uy\/obras\/wp-json\/wp\/v2\/pages\/64\/revisions\/1198"}],"up":[{"embeddable":true,"href":"https:\/\/www.rivera.gub.uy\/obras\/wp-json\/wp\/v2\/pages\/10"}],"wp:attachment":[{"href":"https:\/\/www.rivera.gub.uy\/obras\/wp-json\/wp\/v2\/media?parent=64"}],"curies":[{"name":"wp","href":"https:\/\/api.w.org\/{rel}","templated":true}]}}