{"id":85,"date":"2017-06-07T18:05:14","date_gmt":"2017-06-07T18:05:14","guid":{"rendered":"http:\/\/rivera.gub.uy\/obras\/?page_id=85"},"modified":"2024-11-12T16:41:38","modified_gmt":"2024-11-12T16:41:38","slug":"arquitectura","status":"publish","type":"page","link":"https:\/\/www.rivera.gub.uy\/obras\/datos-estadisticos\/arquitectura\/","title":{"rendered":"Arquitectura"},"content":{"rendered":"<p style=\"text-align: center;\"><a href=\"https:\/\/www.rivera.gub.uy\/obras\/wp-content\/uploads\/2017\/06\/datos-arquitectura.png\"><img loading=\"lazy\" decoding=\"async\" class=\"aligncenter wp-image-162 size-full\" src=\"https:\/\/www.rivera.gub.uy\/obras\/wp-content\/uploads\/2017\/06\/datos-arquitectura.png\" alt=\"Direcci\u00f3n General de Obras - Datos estad\u00edsticos: arquitectura\" width=\"800\" height=\"350\" srcset=\"https:\/\/www.rivera.gub.uy\/obras\/wp-content\/uploads\/2017\/06\/datos-arquitectura.png 800w, https:\/\/www.rivera.gub.uy\/obras\/wp-content\/uploads\/2017\/06\/datos-arquitectura-300x131.png 300w, https:\/\/www.rivera.gub.uy\/obras\/wp-content\/uploads\/2017\/06\/datos-arquitectura-768x336.png 768w\" sizes=\"(max-width: 800px) 100vw, 800px\" \/><\/a><\/p>\n<h3><span style=\"font-weight: 400;\">Permisos de Construcci\u00f3n (2016)<\/span><\/h3>\n<p><span style=\"font-weight: 400;\">Permisos de construcci\u00f3n otorgados durante el per\u00edodo 2016.<\/span><\/p>\n<table style=\"width: 100%;\" width=\"100%\">\n<tbody>\n<tr style=\"height: 96px;\">\n<td style=\"height: 96px;\" align=\"center\" valign=\"middle\" width=\"15%\">\u00a0<span style=\"font-weight: bold;\">LOCALIDAD<\/span><\/td>\n<td style=\"height: 96px;\" align=\"center\" valign=\"middle\" width=\"13%\"><span style=\"font-weight: bold;\">PANTEONES<\/span><\/td>\n<td style=\"height: 96px;\" align=\"center\" valign=\"middle\" width=\"22%\"><span style=\"font-weight: bold;\">AMPLIACIONES, REFORMAS, OBRAS NUEVAS<\/span><\/td>\n<td style=\"height: 96px;\" align=\"center\" valign=\"middle\" width=\"24%\"><span style=\"font-weight: bold;\">REGULARIZACIONES<\/span><\/td>\n<td style=\"height: 96px;\" align=\"center\" valign=\"middle\" width=\"18%\"><span style=\"font-weight: bold;\">VIVIENDAS ECON\u00d3MICAS<\/span><\/td>\n<td style=\"height: 96px;\" align=\"center\" valign=\"middle\" width=\"8%\">\n<p><span style=\"font-weight: bold;\">TOTAL<\/span><\/p>\n<p><span style=\"font-weight: bold;\">PC<\/span><\/td>\n<\/tr>\n<tr style=\"height: 24px;\">\n<td style=\"height: 24px;\"><span style=\"font-weight: 400;\">RIVERA<\/span><\/td>\n<td style=\"height: 24px;\" align=\"center\"><span style=\"font-weight: 400;\">2<\/span><\/td>\n<td style=\"height: 24px;\" align=\"center\"><span style=\"font-weight: 400;\">24<\/span><\/td>\n<td style=\"height: 24px;\" align=\"center\"><span style=\"font-weight: 400;\">63<\/span><\/td>\n<td style=\"height: 24px;\" align=\"center\"><span style=\"font-weight: 400;\">24<\/span><\/td>\n<td style=\"height: 24px;\" align=\"center\"><b>113<\/b><\/td>\n<\/tr>\n<tr style=\"height: 24px;\">\n<td style=\"height: 24px;\"><span style=\"font-weight: 400;\">TRANQUERAS<\/span><\/td>\n<td style=\"height: 24px;\" align=\"center\"><span style=\"font-weight: 400;\">2<\/span><\/td>\n<td style=\"height: 24px;\" align=\"center\"><span style=\"font-weight: 400;\">0<\/span><\/td>\n<td style=\"height: 24px;\" align=\"center\"><span style=\"font-weight: 400;\">11<\/span><\/td>\n<td style=\"height: 24px;\" align=\"center\"><span style=\"font-weight: 400;\">0<\/span><\/td>\n<td style=\"height: 24px;\" align=\"center\"><b>13<\/b><\/td>\n<\/tr>\n<tr style=\"height: 24px;\">\n<td style=\"height: 24px;\"><span style=\"font-weight: 400;\">M. DE CORRALES<\/span><\/td>\n<td style=\"height: 24px;\" align=\"center\"><span style=\"font-weight: 400;\">1<\/span><\/td>\n<td style=\"height: 24px;\" align=\"center\"><span style=\"font-weight: 400;\">0<\/span><\/td>\n<td style=\"height: 24px;\" align=\"center\"><span style=\"font-weight: 400;\">1<\/span><\/td>\n<td style=\"height: 24px;\" align=\"center\"><span style=\"font-weight: 400;\">1<\/span><\/td>\n<td style=\"height: 24px;\" align=\"center\"><b>3<\/b><\/td>\n<\/tr>\n<tr style=\"height: 24px;\">\n<td style=\"height: 24px;\"><span style=\"font-weight: 400;\">VICHADERO<\/span><\/td>\n<td style=\"height: 24px;\" align=\"center\"><span style=\"font-weight: 400;\">1<\/span><\/td>\n<td style=\"height: 24px;\" align=\"center\"><span style=\"font-weight: 400;\">0<\/span><\/td>\n<td style=\"height: 24px;\" align=\"center\"><span style=\"font-weight: 400;\">3<\/span><\/td>\n<td style=\"height: 24px;\" align=\"center\"><span style=\"font-weight: 400;\">0<\/span><\/td>\n<td style=\"height: 24px;\" align=\"center\"><b>4<\/b><\/td>\n<\/tr>\n<tr style=\"height: 24px;\">\n<td style=\"height: 24px;\"><span style=\"font-weight: 400;\">LAGOS DEL NORTE<\/span><\/td>\n<td style=\"height: 24px;\" align=\"center\"><span style=\"font-weight: 400;\">0<\/span><\/td>\n<td style=\"height: 24px;\" align=\"center\"><span style=\"font-weight: 400;\">3<\/span><\/td>\n<td style=\"height: 24px;\" align=\"center\"><span style=\"font-weight: 400;\">3<\/span><\/td>\n<td style=\"height: 24px;\" align=\"center\"><span style=\"font-weight: 400;\">0<\/span><\/td>\n<td style=\"height: 24px;\" align=\"center\"><b>6<\/b><\/td>\n<\/tr>\n<tr style=\"height: 24px;\">\n<td style=\"height: 24px;\"><strong>TOTAL:<\/strong><\/td>\n<td style=\"height: 24px;\" align=\"center\"><b>6<\/b><\/td>\n<td style=\"height: 24px;\" align=\"center\"><b>27<\/b><\/td>\n<td style=\"height: 24px;\" align=\"center\"><b>81<\/b><\/td>\n<td style=\"height: 24px;\" align=\"center\"><b>25<\/b><\/td>\n<td style=\"height: 24px;\" align=\"center\"><b>139<\/b><\/td>\n<\/tr>\n<\/tbody>\n<\/table>\n<p style=\"text-align: right;\"><em><span style=\"font-weight: 400;\">* Datos extra\u00eddos de los libros de \u201cRegistro de PC\u201d del a\u00f1o 2016.<\/span><\/em><\/p>\n<p>&nbsp;<\/p>\n<hr \/>\n<h3><span style=\"font-weight: 400;\">Inspecciones realizadas en todo el departamento<\/span><\/h3>\n<p><span style=\"font-weight: 400;\">Esta divisi\u00f3n realiz\u00f3 durante el 2016 un promedio de 60 inspecciones al mes.<\/span><\/p>\n<p><strong>Tipos de inspecciones:<\/strong><\/p>\n<ul>\n<li style=\"font-weight: 400;\"><span style=\"font-weight: 400;\">Tr\u00e1mites: construcci\u00f3n de vereda, corte de cord\u00f3n, colocaci\u00f3n de barrera, cambio de <\/span> <span style=\"font-weight: 400;\">aberturas, construcci\u00f3n de muros, refacciones y demolici\u00f3n.<\/span><\/li>\n<li style=\"font-weight: 400;\"><span style=\"font-weight: 400;\">Asuntos: inspecci\u00f3n ocular.<\/span><\/li>\n<li style=\"font-weight: 400;\"><span style=\"font-weight: 400;\">Fraccionamientos.<\/span><\/li>\n<li style=\"font-weight: 400;\"><span style=\"font-weight: 400;\">Regularizaciones.<\/span><\/li>\n<li style=\"font-weight: 400;\"><span style=\"font-weight: 400;\">Construcciones.<\/span><\/li>\n<li style=\"font-weight: 400;\"><span style=\"font-weight: 400;\">Viviendas econ\u00f3micas.<\/span><\/li>\n<li style=\"font-weight: 400;\"><span style=\"font-weight: 400;\">Ampliaciones.<\/span><\/li>\n<\/ul>\n<p>&nbsp;<\/p>\n<hr \/>\n<p style=\"text-align: center;\"><span style=\"font-weight: 400;\"><strong>Actualizaci\u00f3n:<\/strong> 12\/11\/24 | Responsable de esta informaci\u00f3n: &#8211;<br \/>\n<\/span>Divisi\u00f3n Arquitectura.<b><br \/>\n<\/b><b>Director:<\/b><span style=\"font-weight: 400;\"> Arq. Marcelo da Silveira<br \/>\n<\/span><span style=\"font-weight: 400;\">Agraciada 570 &#8211; Segundo piso.<br \/>\n<\/span><span style=\"font-weight: 400;\"><strong>Tel\u00e9fono:<\/strong> <a href=\"tel:+59846231900\">462 31900<\/a> Int. 131 \u2013 133<br \/>\n<\/span><span style=\"font-weight: 400;\"><strong>Horario de atenci\u00f3n:<\/strong> de Lunes a Viernes de 08:15 a 15:00 horas.<br \/>\n<\/span><span style=\"font-weight: 400;\"><strong>E-mail:<\/strong> <a href=\"mailto:arquitectura@rivera.gub.uy\">arquitectura@rivera.gub.uy<\/a><\/span><\/p>\n","protected":false},"excerpt":{"rendered":"<p>Permisos de Construcci\u00f3n (2016) Permisos de construcci\u00f3n otorgados durante el per\u00edodo 2016. \u00a0LOCALIDAD PANTEONES AMPLIACIONES, REFORMAS, OBRAS NUEVAS REGULARIZACIONES VIVIENDAS ECON\u00d3MICAS TOTAL PC RIVERA 2 24 63 24 113 TRANQUERAS 2 0 11 0 13 M. DE CORRALES 1 0 1 1 3 VICHADERO 1 0 3 0 4 LAGOS DEL NORTE 0 3 3 [&hellip;]<\/p>\n","protected":false},"author":2,"featured_media":0,"parent":79,"menu_order":0,"comment_status":"closed","ping_status":"closed","template":"","meta":{"footnotes":""},"_links":{"self":[{"href":"https:\/\/www.rivera.gub.uy\/obras\/wp-json\/wp\/v2\/pages\/85"}],"collection":[{"href":"https:\/\/www.rivera.gub.uy\/obras\/wp-json\/wp\/v2\/pages"}],"about":[{"href":"https:\/\/www.rivera.gub.uy\/obras\/wp-json\/wp\/v2\/types\/page"}],"author":[{"embeddable":true,"href":"https:\/\/www.rivera.gub.uy\/obras\/wp-json\/wp\/v2\/users\/2"}],"replies":[{"embeddable":true,"href":"https:\/\/www.rivera.gub.uy\/obras\/wp-json\/wp\/v2\/comments?post=85"}],"version-history":[{"count":8,"href":"https:\/\/www.rivera.gub.uy\/obras\/wp-json\/wp\/v2\/pages\/85\/revisions"}],"predecessor-version":[{"id":10982,"href":"https:\/\/www.rivera.gub.uy\/obras\/wp-json\/wp\/v2\/pages\/85\/revisions\/10982"}],"up":[{"embeddable":true,"href":"https:\/\/www.rivera.gub.uy\/obras\/wp-json\/wp\/v2\/pages\/79"}],"wp:attachment":[{"href":"https:\/\/www.rivera.gub.uy\/obras\/wp-json\/wp\/v2\/media?parent=85"}],"curies":[{"name":"wp","href":"https:\/\/api.w.org\/{rel}","templated":true}]}}