{"id":144,"date":"2016-09-07T10:14:22","date_gmt":"2016-09-07T13:14:22","guid":{"rendered":"http:\/\/c0010014.ferozo.com\/?page_id=144"},"modified":"2026-01-12T09:07:42","modified_gmt":"2026-01-12T12:07:42","slug":"contribucion","status":"publish","type":"page","link":"https:\/\/www.rivera.gub.uy\/portal\/contribucion\/","title":{"rendered":"Contribuci\u00f3n"},"content":{"rendered":"<div id=\"pl-144\"  class=\"panel-layout\" ><div id=\"pg-144-0\"  class=\"panel-grid panel-has-style\" ><div class=\"panel-row-style panel-row-style-for-144-0\" ><div id=\"pgc-144-0-0\"  class=\"panel-grid-cell\" ><div id=\"panel-144-0-0-0\" class=\"so-panel widget widget_sow-editor panel-first-child panel-last-child\" data-index=\"0\" ><div class=\"panel-widget-style panel-widget-style-for-144-0-0-0\" ><div\n\t\t\t\n\t\t\tclass=\"so-widget-sow-editor so-widget-sow-editor-base\"\n\t\t\t\n\t\t>\n<div class=\"siteorigin-widget-tinymce textwidget\">\n\t<p><a href=\"https:\/\/www.rivera.gub.uy\/portal\/wp-content\/uploads\/2021\/07\/0228_Contribucion-2021-01.png\"><img loading=\"lazy\" decoding=\"async\" class=\"alignnone wp-image-30596 size-full\" src=\"https:\/\/www.rivera.gub.uy\/portal\/wp-content\/uploads\/2021\/07\/0228_Contribucion-2021-01.png\" alt=\"\" width=\"681\" height=\"864\" srcset=\"https:\/\/www.rivera.gub.uy\/portal\/wp-content\/uploads\/2021\/07\/0228_Contribucion-2021-01.png 681w, https:\/\/www.rivera.gub.uy\/portal\/wp-content\/uploads\/2021\/07\/0228_Contribucion-2021-01-74x94.png 74w, https:\/\/www.rivera.gub.uy\/portal\/wp-content\/uploads\/2021\/07\/0228_Contribucion-2021-01-148x188.png 148w, https:\/\/www.rivera.gub.uy\/portal\/wp-content\/uploads\/2021\/07\/0228_Contribucion-2021-01-493x626.png 493w\" sizes=\"auto, (max-width: 681px) 100vw, 681px\" \/><\/a><\/p>\n<\/div>\n<\/div><\/div><\/div><\/div><div id=\"pgc-144-0-1\"  class=\"panel-grid-cell\" ><div id=\"panel-144-0-1-0\" class=\"so-panel widget widget_sow-editor panel-first-child panel-last-child\" data-index=\"1\" ><div class=\"panel-widget-style panel-widget-style-for-144-0-1-0\" ><div\n\t\t\t\n\t\t\tclass=\"so-widget-sow-editor so-widget-sow-editor-base\"\n\t\t\t\n\t\t>\n<div class=\"siteorigin-widget-tinymce textwidget\">\n\t<p>Para atenci\u00f3n personalizada por Contribuci\u00f3n Inmobiliaria Urbana-Suburbana-Alcald\u00edas y Rural, el usuario deber\u00e1 concurrir:<\/p>\n<ul>\n<li>En los Municipios a los locales de las Alcald\u00edas.<\/li>\n<li>En la ciudad de Montevideo a la Oficina de Atenci\u00f3n Ciudadana:\n<ul>\n<li>\u00a0Cuareim 1533, entre Av. Uruguay y calle Paysand\u00fa.<\/li>\n<li>Tel: <a href=\"tel:59829080468\">2908 0468<\/a><\/li>\n<\/ul>\n<\/li>\n<li>En la ciudad de Rivera a Divisi\u00f3n Tributos:\n<ul>\n<li>Tel\u00e9fono: <a href=\"tel:59846231900\">4623 1900<\/a> \u2013 Int. 211<\/li>\n<li>Agraciada 570 \u2013 Planta Baja.<\/li>\n<\/ul>\n<\/li>\n<li>Wsp: <a href=\"tel:+59898166341\">098 166 341 <\/a><\/li>\n<\/ul>\n<blockquote>\n<p>En todos los casos debe proporcionar n\u00famero de padr\u00f3n del inmueble o Registro \u00danico de Contribuyente.<\/p>\n<\/blockquote>\n<\/div>\n<\/div><\/div><\/div><\/div><\/div><\/div><div id=\"pg-144-1\"  class=\"panel-grid panel-no-style\" ><div id=\"pgc-144-1-0\"  class=\"panel-grid-cell\" ><div id=\"panel-144-1-0-0\" class=\"so-panel widget widget_sow-editor panel-first-child\" data-index=\"2\" ><div\n\t\t\t\n\t\t\tclass=\"so-widget-sow-editor so-widget-sow-editor-base\"\n\t\t\t\n\t\t>\n<div class=\"siteorigin-widget-tinymce textwidget\">\n\t<h2 style=\"text-align: center;\"><a href=\"https:\/\/spf.sistarbanc.com.uy\/portal\/pagosServiciosExterno\/seleccionBancoExterno?servicio=9bd5bad0a2462737d8b4f2c4cf60f215\" target=\"_blank\" rel=\"noopener noreferrer\">Pago en l\u00ednea de Contribuci\u00f3n Inmobiliaria<\/a><\/h2>\n<\/div>\n<\/div><\/div><div id=\"panel-144-1-0-1\" class=\"so-panel widget widget_sow-button\" data-index=\"3\" ><div\n\t\t\t\n\t\t\tclass=\"so-widget-sow-button so-widget-sow-button-wire-b7a9e1d16873-144\"\n\t\t\t\n\t\t><div class=\"ow-button-base ow-button-align-center\"\n>\n\t\t\t<a\n\t\t\t\t\thref=\"https:\/\/spf.sistarbanc.com.uy\/portal\/pagosServiciosExterno\/seleccionBancoExterno?servicio=9bd5bad0a2462737d8b4f2c4cf60f215\"\n\t\t\t\t\tclass=\"sowb-button ow-icon-placement-left ow-button-hover\" target=\"_blank\" rel=\"noopener noreferrer\" \t>\n\t\t<span>\n\t\t\t<span class=\"sow-icon-fontawesome sow-far\" data-sow-icon=\"&#xf09d;\"\n\t\tstyle=\"\" \n\t\taria-hidden=\"true\"><\/span>\n\t\t\tPago en l\u00ednea\t\t<\/span>\n\t\t\t<\/a>\n\t<\/div>\n<\/div><\/div><div id=\"panel-144-1-0-2\" class=\"so-panel widget widget_sow-editor\" data-index=\"4\" ><div\n\t\t\t\n\t\t\tclass=\"so-widget-sow-editor so-widget-sow-editor-base\"\n\t\t\t\n\t\t>\n<div class=\"siteorigin-widget-tinymce textwidget\">\n\t<p>&nbsp;<\/p>\n<h3><\/h3>\n<h3>Solicite el env\u00edo de Contribuci\u00f3n Inmobiliaria y convenio por correo electr\u00f3nico:<\/h3>\n<p>&nbsp;<\/p>\n<table style=\"width: 100%; border-collapse: collapse; border-color: #ff1919; background-color: #fafafa;\" border=\"1\">\n<tbody>\n<tr>\n<td style=\"width: 100%;\">*El env\u00edo de la factura electr\u00f3nica, no anula el env\u00edo por Correo Uruguayo.<br \/>\n*Quienes deseen recibir la factura electr\u00f3nica, <strong><span style=\"color: #000000;\">deber\u00e1n vincular previamente su c\u00e9dula de identidad<\/span><\/strong> al padr\u00f3n correspondiente, en la oficina de Tributos.<br \/>\n*A trav\u00e9s del <a href=\"tel:+59898166341\">098 166 341<\/a>, podr\u00e1 consultar si ya se encuentra vinculado.<\/td>\n<\/tr>\n<\/tbody>\n<\/table>\n<p>&nbsp;<\/p>\n\n<div class=\"wpcf7 no-js\" id=\"wpcf7-f29668-o1\" lang=\"es-ES\" dir=\"ltr\" data-wpcf7-id=\"29668\">\n<div class=\"screen-reader-response\"><p role=\"status\" aria-live=\"polite\" aria-atomic=\"true\"><\/p> <ul><\/ul><\/div>\n<form action=\"\/portal\/wp-json\/wp\/v2\/pages\/144#wpcf7-f29668-o1\" method=\"post\" class=\"wpcf7-form init\" aria-label=\"Formulario de contacto\" novalidate=\"novalidate\" data-status=\"init\">\n<fieldset class=\"hidden-fields-container\"><input type=\"hidden\" name=\"_wpcf7\" value=\"29668\" \/><input type=\"hidden\" name=\"_wpcf7_version\" value=\"6.1.4\" \/><input type=\"hidden\" name=\"_wpcf7_locale\" value=\"es_ES\" \/><input type=\"hidden\" name=\"_wpcf7_unit_tag\" value=\"wpcf7-f29668-o1\" \/><input type=\"hidden\" name=\"_wpcf7_container_post\" value=\"0\" \/><input type=\"hidden\" name=\"_wpcf7_posted_data_hash\" value=\"\" \/><input type=\"hidden\" name=\"_wpcf7_recaptcha_response\" value=\"\" \/>\n<\/fieldset>\n<p><label><span class=\"wpcf7-form-control-wrap\" data-name=\"your-name\"><input size=\"40\" maxlength=\"400\" class=\"wpcf7-form-control wpcf7-text wpcf7-validates-as-required\" aria-required=\"true\" aria-invalid=\"false\" placeholder=\"*Nombre y Apellido\" value=\"\" type=\"text\" name=\"your-name\" \/><\/span> <\/label>\n<\/p>\n<p><label><span class=\"wpcf7-form-control-wrap\" data-name=\"your-email\"><input size=\"40\" maxlength=\"400\" class=\"wpcf7-form-control wpcf7-email wpcf7-validates-as-required wpcf7-text wpcf7-validates-as-email\" aria-required=\"true\" aria-invalid=\"false\" placeholder=\"*Ingrese su email\" value=\"\" type=\"email\" name=\"your-email\" \/><\/span> <\/label>\n<\/p>\n<p><label><span class=\"wpcf7-form-control-wrap\" data-name=\"ci\"><input size=\"40\" maxlength=\"400\" class=\"wpcf7-form-control wpcf7-text wpcf7-validates-as-required\" aria-required=\"true\" aria-invalid=\"false\" placeholder=\"*CI\" value=\"\" type=\"text\" name=\"ci\" \/><\/span> <\/label>\n<\/p>\n<p><label><span class=\"wpcf7-form-control-wrap\" data-name=\"direccion\"><input size=\"40\" maxlength=\"400\" class=\"wpcf7-form-control wpcf7-text wpcf7-validates-as-required\" aria-required=\"true\" aria-invalid=\"false\" placeholder=\"*Direcci\u00f3n\" value=\"\" type=\"text\" name=\"direccion\" \/><\/span> <\/label>\n<\/p>\n<p><label><span class=\"wpcf7-form-control-wrap\" data-name=\"tel\"><input size=\"40\" maxlength=\"400\" class=\"wpcf7-form-control wpcf7-text wpcf7-validates-as-required\" aria-required=\"true\" aria-invalid=\"false\" placeholder=\"*Tel\u00e9fono\/Celular\" value=\"\" type=\"text\" name=\"tel\" \/><\/span> <\/label>\n<\/p>\n<span class=\"wpcf7-form-control-wrap recaptcha\" data-name=\"recaptcha\"><span data-sitekey=\"6LcJVKYZAAAAADN8iWo5LU-V2BpD3slyqQa-3RAQ\" class=\"wpcf7-form-control wpcf7-recaptcha g-recaptcha\"><\/span>\r\n<noscript>\r\n\t<div class=\"grecaptcha-noscript\">\r\n\t\t<iframe loading=\"lazy\" src=\"https:\/\/www.google.com\/recaptcha\/api\/fallback?k=6LcJVKYZAAAAADN8iWo5LU-V2BpD3slyqQa-3RAQ\" frameborder=\"0\" scrolling=\"no\" width=\"310\" height=\"430\">\r\n\t\t<\/iframe>\r\n\t\t<textarea name=\"g-recaptcha-response\" rows=\"3\" cols=\"40\" placeholder=\"Aqu\u00ed la respuesta de reCAPTCHA\">\r\n\t\t<\/textarea>\r\n\t<\/div>\r\n<\/noscript>\r\n<\/span>\n<p><input class=\"wpcf7-form-control wpcf7-submit has-spinner\" type=\"submit\" value=\"Enviar\" \/>\n<\/p><div class=\"wpcf7-response-output\" aria-hidden=\"true\"><\/div>\n<\/form>\n<\/div>\n\n<\/div>\n<\/div><\/div><div id=\"panel-144-1-0-3\" class=\"so-panel widget widget_sow-editor panel-last-child\" data-index=\"5\" ><div\n\t\t\t\n\t\t\tclass=\"so-widget-sow-editor so-widget-sow-editor-base\"\n\t\t\t\n\t\t>\n<div class=\"siteorigin-widget-tinymce textwidget\">\n\t<h3>EXONERACI\u00d3N 50 HAS. CONEAT DE CONTRIBUCI\u00d3N INMOBILIARIA RURAL<\/h3>\n<p>Descarg\u00e1 el formulario e instructivo para solicitar la exoneraci\u00f3n de 50 Has. de Contribuci\u00f3n Inmobiliaria Rural.<\/p>\n<\/div>\n<\/div><\/div><\/div><\/div><div id=\"pg-144-2\"  class=\"panel-grid panel-no-style\" ><div id=\"pgc-144-2-0\"  class=\"panel-grid-cell\" ><div id=\"panel-144-2-0-0\" class=\"so-panel widget widget_sow-button panel-first-child panel-last-child\" data-index=\"6\" ><div\n\t\t\t\n\t\t\tclass=\"so-widget-sow-button so-widget-sow-button-wire-2d254f2d8ae4-144\"\n\t\t\t\n\t\t><div class=\"ow-button-base ow-button-align-center\"\n>\n\t\t\t<a\n\t\t\t\t\thref=\"https:\/\/www.rivera.gub.uy\/portal\/wp-content\/uploads\/2026\/01\/50-HAS.pdf\"\n\t\t\t\t\tclass=\"sowb-button ow-icon-placement-bottom ow-button-hover\" download=\"\" \t>\n\t\t<span>\n\t\t\t<span class=\"sow-icon-fontawesome sow-far\" data-sow-icon=\"&#xf358;\"\n\t\tstyle=\"\" \n\t\taria-hidden=\"true\"><\/span>\n\t\t\tFormulario\t\t<\/span>\n\t\t\t<\/a>\n\t<\/div>\n<\/div><\/div><\/div><div id=\"pgc-144-2-1\"  class=\"panel-grid-cell\" ><div id=\"panel-144-2-1-0\" class=\"so-panel widget widget_sow-button panel-first-child panel-last-child\" data-index=\"7\" ><div\n\t\t\t\n\t\t\tclass=\"so-widget-sow-button so-widget-sow-button-wire-2d254f2d8ae4-144\"\n\t\t\t\n\t\t><div class=\"ow-button-base ow-button-align-center\"\n>\n\t\t\t<a\n\t\t\t\t\thref=\"https:\/\/www.rivera.gub.uy\/portal\/wp-content\/uploads\/2026\/01\/Instructivo-exoneracion-padrones-rurales-50-Hectareas.-1.pdf\"\n\t\t\t\t\tclass=\"sowb-button ow-icon-placement-bottom ow-button-hover\" download=\"\" \t>\n\t\t<span>\n\t\t\t<span class=\"sow-icon-fontawesome sow-far\" data-sow-icon=\"&#xf358;\"\n\t\tstyle=\"\" \n\t\taria-hidden=\"true\"><\/span>\n\t\t\tInstructivo\t\t<\/span>\n\t\t\t<\/a>\n\t<\/div>\n<\/div><\/div><\/div><\/div><div id=\"pg-144-3\"  class=\"panel-grid panel-no-style\" ><div id=\"pgc-144-3-0\"  class=\"panel-grid-cell\" ><div id=\"panel-144-3-0-0\" class=\"so-panel widget widget_pagesinwidgets_page_section pagesinwidgets_page_section panel-first-child\" data-index=\"8\" ><h2 class=\"widget-title widgettitle\">Calendario anual 2026 &#8211; vencimientos de:<\/h2>\t\t\t<div class=\"homepage_section\">\r\n\t\t\t\t<h3>Contribuci\u00f3n Inmobiliaria, Premiso de Circulaci\u00f3n y Patente de Rodados.<\/h3>\n<table style=\"height: 1260px;\">\n<tbody>\n<tr style=\"height: 36px;\">\n<td style=\"height: 36px; width: 702px;\" colspan=\"2\" align=\"center\" bgcolor=\"#F2F2F2\">\n<p><span style=\"font-size: x-large;\"><strong>Contribuci\u00f3n Inmobiliaria Urbana, Suburbana y Juntas Locales<\/strong><\/span><\/p>\n<p><span style=\"font-size: x-large;\"><strong>Contado: Vencimiento 20 de marzo de 2026<\/strong><\/span><\/td>\n<\/tr>\n<tr style=\"height: 320px;\">\n<td style=\"height: 320px; width: 384px;\" width=\"50%\">\n<p><strong><u>PLAN 12 CUOTAS<\/u><\/strong><\/p>\n<p>1\u00aa &#8211;&gt;\u00a0 20 de enero<br \/>\n2\u00aa &#8211;&gt;\u00a0 20 de febrero<br \/>\n3\u00aa &#8211;&gt;\u00a0 20 de marzo<br \/>\n4\u00aa &#8211;&gt;\u00a0 20 de abril<br \/>\n5\u00aa &#8211;&gt;\u00a0 20 de mayo<br \/>\n6\u00aa &#8211;&gt;\u00a0 22 de junio<br \/>\n7\u00aa &#8211;&gt;\u00a0 20 de julio<br \/>\n8\u00aa &#8211;&gt;\u00a0 20 de agosto<br \/>\n9\u00aa &#8211;&gt;\u00a0 21 de setiembre<br \/>\n10\u00aa &#8211;&gt;\u00a0 20 de octubre<br \/>\n11\u00aa &#8211;&gt;\u00a0 20 de noviembre<br \/>\n12\u00aa &#8211;&gt;\u00a0 21 de diciembre<\/td>\n<td style=\"height: 320px; width: 318px;\" width=\"50%\">\n<p><strong><u>PLAN 6 CUOTAS<\/u><\/strong><\/p>\n<p>1\u00aa &#8211;&gt;\u00a0 20 de febrero<br \/>\n2\u00aa &#8211;&gt;\u00a0 20 de abril<br \/>\n3\u00aa &#8211;&gt;\u00a0 22 de junio<br \/>\n4\u00aa &#8211;&gt;\u00a0 20 de agosto<br \/>\n5\u00aa &#8211;&gt;\u00a0 20 de octubre<br \/>\n6\u00aa &#8211;&gt;\u00a0 21 de diciembre<\/p>\n<p><strong><u>PLAN 4 CUOTAS<\/u><\/strong><\/p>\n<p>1\u00aa &#8211;&gt;\u00a0 20 de marzo<br \/>\n2\u00aa &#8211;&gt;\u00a0 22 de junio<br \/>\n3\u00aa &#8211;&gt;\u00a0 21 de setiembre<br \/>\n4\u00aa &#8211;&gt;\u00a0 21 de diciembre<\/td>\n<\/tr>\n<tr style=\"height: 36px;\">\n<td style=\"height: 36px; width: 702px;\" colspan=\"2\" align=\"center\" bgcolor=\"#F2F2F2\">\n<p><span style=\"font-size: x-large;\"><strong>Contribuci\u00f3n Inmobiliaria Rural<\/strong><\/span><\/p>\n<p><span style=\"font-size: x-large;\"><strong>Contado: Vencimiento 20 de enero de 2026<\/strong><\/span><\/td>\n<\/tr>\n<tr style=\"height: 320px;\">\n<td style=\"height: 320px; width: 384px;\" width=\"50%\">\n<p><strong><u>PLAN 12 CUOTAS<\/u><\/strong><\/p>\n<p>1\u00aa &#8211;&gt;\u00a0 20 de enero<br \/>\n2\u00aa &#8211;&gt;\u00a0 20 de febrero<br \/>\n3\u00aa &#8211;&gt;\u00a0 20 de marzo<br \/>\n4\u00aa &#8211;&gt;\u00a0 20 de abril<br \/>\n5\u00aa &#8211;&gt;\u00a0 20 de mayo<br \/>\n6\u00aa &#8211;&gt;\u00a0 22 de junio<br \/>\n7\u00aa &#8211;&gt;\u00a0 20 de julio<br \/>\n8\u00aa &#8211;&gt;\u00a0 20 de agosto<br \/>\n9\u00aa &#8211;&gt;\u00a0 21 de setiembre<br \/>\n10\u00aa &#8211;&gt;\u00a0 20 de octubre<br \/>\n11\u00aa &#8211;&gt;\u00a0 20 de noviembre<br \/>\n12\u00aa &#8211;&gt;\u00a0 21 de diciembre<\/td>\n<td style=\"height: 320px; width: 318px;\" width=\"50%\">\n<p><strong><u>PLAN 6 CUOTAS<\/u><\/strong><\/p>\n<p>1\u00aa &#8211;&gt;\u00a0 20 de febrero<br \/>\n2\u00aa &#8211;&gt;\u00a0 20 de abril<br \/>\n3\u00aa &#8211;&gt;\u00a0 22 de junio<br \/>\n4\u00aa &#8211;&gt;\u00a0 20 de agosto<br \/>\n5\u00aa &#8211;&gt;\u00a0 20 de octubre<br \/>\n6\u00aa &#8211;&gt;\u00a0 21 de diciembre<\/p>\n<p><strong style=\"font-family: inherit; font-size: inherit;\"><u>PLAN 4 CUOTAS<\/u><\/strong><\/p>\n<p>1\u00aa &#8211;&gt;\u00a0 20 de enero<br \/>\n2\u00aa &#8211;&gt;\u00a0 20 de abril<br \/>\n3\u00aa &#8211;&gt;\u00a0 20 de julio<br \/>\n4\u00aa &#8211;&gt;\u00a0 20 de octubre<\/td>\n<\/tr>\n<tr style=\"height: 36px;\">\n<td style=\"height: 36px; width: 384px;\" align=\"center\" bgcolor=\"#F2F2F2\"><span style=\"font-size: x-large;\"><strong>Permiso de Circulaci\u00f3n<\/strong><\/span><\/td>\n<td style=\"height: 36px; width: 318px;\" align=\"center\" bgcolor=\"#F2F2F2\"><span style=\"font-size: x-large;\"><strong>Convenios<\/strong><\/span><\/td>\n<\/tr>\n<tr style=\"height: 60px;\">\n<td style=\"height: 60px; width: 384px;\" height=\"60px\">1\u00aa &#8211;&gt;\u00a0 20 de febrero<br \/>\n2\u00aa &#8211;&gt;\u00a0 20 de mayo<br \/>\n3\u00aa &#8211;&gt;\u00a0 20 de agosto<br \/>\n4\u00aa &#8211;&gt;\u00a0 20 de noviembre<\/td>\n<td style=\"line-height: 2em; width: 318px;\" rowspan=\"3\">30 de enero<br \/>\n27 de febrero<br \/>\n27 de marzo<br \/>\n30 de abril<br \/>\n29 de mayo<br \/>\n30 de junio<br \/>\n31 de julio<br \/>\n31 de agosto<br \/>\n30 de setiembre<br \/>\n30 de octubre<br \/>\n30 de noviembre<br \/>\n30 de diciembre<\/td>\n<\/tr>\n<tr style=\"height: 36px;\">\n<td style=\"height: 36px; width: 384px;\" align=\"center\" bgcolor=\"#F2F2F2\" height=\"20px\"><span style=\"font-size: x-large;\"><strong>Patente de Rodados (SUCIVE)<\/strong><\/span><\/td>\n<\/tr>\n<tr style=\"height: 180px;\">\n<td style=\"height: 180px; width: 384px;\">\n<p>Las gestiones relacionadas a &#8220;Patentes de Rodados&#8221; se realizan directamente en el Portal Web SUCIVE,\u00a0<a href=\"http:\/\/www.sucive.gub.uy\" target=\"_blank\" rel=\"noopener noreferrer\"><b>acceda desde aqui&#8230;<\/b><\/a><\/p>\n<p><b>Vencimientos:<\/b><\/p>\n<p>1\u00aa &#8211;&gt; 20 de enero<br \/>\n2\u00aa &#8211;&gt; 20 de marzo<br \/>\n3\u00aa &#8211;&gt; 20 de mayo<br \/>\n4\u00aa &#8211;&gt; 20 de julio<br \/>\n5\u00aa &#8211;&gt; 21 de setiembre<br \/>\n6\u00aa &#8211;&gt; 20 de noviembre<\/td>\n<\/tr>\n<tr style=\"height: 36px;\">\n<td style=\"height: 36px; width: 702px;\" colspan=\"2\" align=\"center\" bgcolor=\"#F2F2F2\"><span style=\"font-size: x-large;\"><strong>Necr\u00f3polis<\/strong><\/span><br \/>\n<span style=\"font-size: x-large;\"><strong>Contado: Vencimiento 20 de marzo de 2026<\/strong><\/span><\/td>\n<\/tr>\n<tr>\n<td style=\"width: 702px;\" colspan=\"2\">\n<p><strong><u>PLAN 4 CUOTAS<\/u><\/strong><\/p>\n<p>1\u00aa &#8211;&gt;\u00a0 20 de marzo<br \/>\n2\u00aa &#8211;&gt;\u00a0 22 de junio<br \/>\n3\u00aa &#8211;&gt;\u00a0 21 de setiembre<br \/>\n4\u00aa &#8211;&gt;\u00a0 21 de diciembre<\/td>\n<\/tr>\n<\/tbody>\n<\/table>\n<p>&nbsp;<\/p>\n\t\t\t\t<\/div>\r\n\t\t\t<\/div><div id=\"panel-144-3-0-1\" class=\"so-panel widget widget_sow-editor panel-last-child\" data-index=\"9\" ><div class=\"panel-widget-style panel-widget-style-for-144-3-0-1\" ><div\n\t\t\t\n\t\t\tclass=\"so-widget-sow-editor so-widget-sow-editor-base\"\n\t\t\t\n\t\t>\n<div class=\"siteorigin-widget-tinymce textwidget\">\n\t<blockquote>\n<p style=\"text-align: left;\">Realice consultas online e imprima sus prefacturas con el n\u00famero de Padr\u00f3n del inmueble <a href=\"https:\/\/tramites.rivera.gub.uy\/IDR\/servlet\/consultadeuda\" target=\"_blank\" rel=\"noopener noreferrer\"><strong>HACIENDO CLICK AQU\u00cd<\/strong><\/a>:<\/p>\n<\/blockquote>\n<div align=\"center\">\n<p style=\"text-align: center;\"><iframe loading=\"lazy\" id=\"blockrandom\" class=\"wrapper\" src=\"https:\/\/tramites.rivera.gub.uy\/IDR\/servlet\/consultadeuda\" name=\"iframe\" width=\"100%\" height=\"400\" frameborder=\"0\" scrolling=\"yes\"><br \/>\nEsta opci\u00f3n no funcionar\u00e1 correctamente. Lamentablemente, su navegador no soporta URLs embebidas.<\/iframe><\/p>\n<p>*Si no se genera la factura puede deberse a que el padr\u00f3n se encuentra al d\u00eda o con convenio. <\/p>\n<\/div>\n<\/div>\n<\/div><\/div><\/div><\/div><\/div><\/div>","protected":false},"excerpt":{"rendered":"<p>Para atenci\u00f3n personalizada por Contribuci\u00f3n Inmobiliaria Urbana-Suburbana-Alcald\u00edas y Rural, el usuario deber\u00e1 concurrir: En los Municipios a los locales de las Alcald\u00edas. En la ciudad de Montevideo a la Oficina de Atenci\u00f3n Ciudadana: \u00a0Cuareim 1533, entre Av. Uruguay y calle Paysand\u00fa. Tel: 2908 0468 En la ciudad de Rivera a Divisi\u00f3n Tributos: Tel\u00e9fono: 4623 1900 [&hellip;]<\/p>\n","protected":false},"author":1,"featured_media":0,"parent":0,"menu_order":0,"comment_status":"closed","ping_status":"closed","template":"","meta":{"footnotes":""},"class_list":["post-144","page","type-page","status-publish","hentry"],"_links":{"self":[{"href":"https:\/\/www.rivera.gub.uy\/portal\/wp-json\/wp\/v2\/pages\/144","targetHints":{"allow":["GET"]}}],"collection":[{"href":"https:\/\/www.rivera.gub.uy\/portal\/wp-json\/wp\/v2\/pages"}],"about":[{"href":"https:\/\/www.rivera.gub.uy\/portal\/wp-json\/wp\/v2\/types\/page"}],"author":[{"embeddable":true,"href":"https:\/\/www.rivera.gub.uy\/portal\/wp-json\/wp\/v2\/users\/1"}],"replies":[{"embeddable":true,"href":"https:\/\/www.rivera.gub.uy\/portal\/wp-json\/wp\/v2\/comments?post=144"}],"version-history":[{"count":76,"href":"https:\/\/www.rivera.gub.uy\/portal\/wp-json\/wp\/v2\/pages\/144\/revisions"}],"predecessor-version":[{"id":66053,"href":"https:\/\/www.rivera.gub.uy\/portal\/wp-json\/wp\/v2\/pages\/144\/revisions\/66053"}],"wp:attachment":[{"href":"https:\/\/www.rivera.gub.uy\/portal\/wp-json\/wp\/v2\/media?parent=144"}],"curies":[{"name":"wp","href":"https:\/\/api.w.org\/{rel}","templated":true}]}}