{"id":149,"date":"2016-09-07T10:53:10","date_gmt":"2016-09-07T13:53:10","guid":{"rendered":"http:\/\/c0010014.ferozo.com\/?page_id=149"},"modified":"2017-04-03T12:43:06","modified_gmt":"2017-04-03T12:43:06","slug":"permisos-de-circulacion","status":"publish","type":"page","link":"https:\/\/www.rivera.gub.uy\/portal\/permisos-de-circulacion\/","title":{"rendered":"Permisos de circulaci\u00f3n"},"content":{"rendered":"<div id=\"pl-149\"  class=\"panel-layout\" ><div id=\"pg-149-0\"  class=\"panel-grid panel-has-style\" ><div class=\"panel-row-style panel-row-style-for-149-0\" ><div id=\"pgc-149-0-0\"  class=\"panel-grid-cell\" ><div id=\"panel-149-0-0-0\" class=\"so-panel widget widget_sow-editor panel-first-child panel-last-child\" data-index=\"0\" ><div class=\"panel-widget-style panel-widget-style-for-149-0-0-0\" ><div\n\t\t\t\n\t\t\tclass=\"so-widget-sow-editor so-widget-sow-editor-base\"\n\t\t\t\n\t\t>\n<div class=\"siteorigin-widget-tinymce textwidget\">\n\t<h4>Tr\u00e1mite:<\/h4>\n<ul>\n<li>Divisi\u00f3n Tr\u00e1mites y Habilitaciones.<\/li>\n<li>Tel\u00e9fono <a href=\"tel:59846231900\">4623 1900<\/a> - Int. 160.<\/li>\n<li>Agraciada 570 Piso Menos Dos.<\/li>\n<\/ul>\n<h4>Pago:<\/h4>\n<ul>\n<li>Divisi\u00f3n Tributos de Tr\u00e1nsito.<\/li>\n<li>Agraciada 570 Piso Menos Dos<\/li>\n<\/ul>\n<\/div>\n<\/div><\/div><\/div><\/div><div id=\"pgc-149-0-1\"  class=\"panel-grid-cell\" ><div id=\"panel-149-0-1-0\" class=\"so-panel widget widget_sow-editor panel-first-child panel-last-child\" data-index=\"1\" ><div class=\"panel-widget-style panel-widget-style-for-149-0-1-0\" ><div\n\t\t\t\n\t\t\tclass=\"so-widget-sow-editor so-widget-sow-editor-base\"\n\t\t\t\n\t\t>\n<div class=\"siteorigin-widget-tinymce textwidget\">\n\t<h4>Permiso de circulaci\u00f3n<\/h4>\n<ul>\n<li>1\u00aa \u2013&gt;\u00a0 20 de febrero<\/li>\n<li>2\u00aa \u2013&gt;\u00a0 22 de mayo<\/li>\n<li>3\u00aa \u2013&gt;\u00a0 21 de agosto<\/li>\n<li>4\u00aa \u2013&gt;\u00a0 20 de noviembre<\/li>\n<\/ul>\n<\/div>\n<\/div><\/div><\/div><\/div><\/div><\/div><\/div>","protected":false},"excerpt":{"rendered":"<p>Tr\u00e1mite:Divisi\u00f3n Tr\u00e1mites y Habilitaciones.Tel\u00e9fono 4623 1900 &#8211; Int. 160.Agraciada 570 Piso Menos Dos.Pago:Divisi\u00f3n Tributos de Tr\u00e1nsito.Agraciada 570 Piso Menos Dos Permiso de circulaci\u00f3n1\u00aa \u2013&gt;\u00a0 20 de febrero2\u00aa \u2013&gt;\u00a0 22 de mayo3\u00aa \u2013&gt;\u00a0 21 de agosto4\u00aa \u2013&gt;\u00a0 20 de noviembre<\/p>\n","protected":false},"author":1,"featured_media":0,"parent":0,"menu_order":0,"comment_status":"closed","ping_status":"closed","template":"","meta":{"footnotes":""},"class_list":["post-149","page","type-page","status-publish","hentry"],"_links":{"self":[{"href":"https:\/\/www.rivera.gub.uy\/portal\/wp-json\/wp\/v2\/pages\/149","targetHints":{"allow":["GET"]}}],"collection":[{"href":"https:\/\/www.rivera.gub.uy\/portal\/wp-json\/wp\/v2\/pages"}],"about":[{"href":"https:\/\/www.rivera.gub.uy\/portal\/wp-json\/wp\/v2\/types\/page"}],"author":[{"embeddable":true,"href":"https:\/\/www.rivera.gub.uy\/portal\/wp-json\/wp\/v2\/users\/1"}],"replies":[{"embeddable":true,"href":"https:\/\/www.rivera.gub.uy\/portal\/wp-json\/wp\/v2\/comments?post=149"}],"version-history":[{"count":2,"href":"https:\/\/www.rivera.gub.uy\/portal\/wp-json\/wp\/v2\/pages\/149\/revisions"}],"predecessor-version":[{"id":1170,"href":"https:\/\/www.rivera.gub.uy\/portal\/wp-json\/wp\/v2\/pages\/149\/revisions\/1170"}],"wp:attachment":[{"href":"https:\/\/www.rivera.gub.uy\/portal\/wp-json\/wp\/v2\/media?parent=149"}],"curies":[{"name":"wp","href":"https:\/\/api.w.org\/{rel}","templated":true}]}}