{"id":151,"date":"2016-09-07T11:01:45","date_gmt":"2016-09-07T14:01:45","guid":{"rendered":"http:\/\/c0010014.ferozo.com\/?page_id=151"},"modified":"2022-01-04T11:51:01","modified_gmt":"2022-01-04T14:51:01","slug":"tasas","status":"publish","type":"page","link":"https:\/\/www.rivera.gub.uy\/portal\/tasas\/","title":{"rendered":"Tasas"},"content":{"rendered":"<div id=\"pl-151\"  class=\"panel-layout\" ><div id=\"pg-151-0\"  class=\"panel-grid panel-no-style\" ><div id=\"pgc-151-0-0\"  class=\"panel-grid-cell\" ><div id=\"panel-151-0-0-0\" class=\"so-panel widget widget_sow-editor panel-first-child panel-last-child\" data-index=\"0\" ><div\n\t\t\t\n\t\t\tclass=\"so-widget-sow-editor so-widget-sow-editor-base\"\n\t\t\t\n\t\t>\n<div class=\"siteorigin-widget-tinymce textwidget\">\n\t<div id=\"accordion-1\" class=\"accordion no-js\"><\/p>\n<p>\n\t\t\t\t\t<h4 role=\"button\" id=\"accordion-1-t1\" class=\"accordion-title js-accordion-controller\" aria-controls=\"accordion-1-c1\" aria-expanded=\"false\" tabindex=\"0\">\n\t\t\t\tContribuci\u00f3n Inmobiliaria Urbana y Suburbana\t\t\t<\/h4>\n\t\t\n\t\t<div id=\"accordion-1-c1\" class=\"accordion-content\" aria-hidden=\"true\">\n\t\t\t<\/p>\n<p>El c\u00e1lculo se hace en base al aforo de cada inmueble, el que es establecido por la Direcci\u00f3n Nacional de Catastro, la que depende del Ministerio de Econom\u00eda y Finanzas, sobre el cual se cobra una cuota actualizada de acuerdo al presupuesto vigente.<\/p>\n<p>\t\t<\/div>\n\n\t\t<\/p>\n<p>\n\t\t\t\t\t<h4 role=\"button\" id=\"accordion-1-t2\" class=\"accordion-title js-accordion-controller\" aria-controls=\"accordion-1-c2\" aria-expanded=\"false\" tabindex=\"0\">\n\t\t\t\tTasa de Higiene\t\t\t<\/h4>\n\t\t\n\t\t<div id=\"accordion-1-c2\" class=\"accordion-content\" aria-hidden=\"true\">\n\t\t\t<\/p>\n<p>Est\u00e1 distribuida en 6 franjas, por zonas y se cobra entre 1 y 6 UR anualmente. <a href=\"http:\/\/gis.rivera.gub.uy\/gisrivera\/map.phtml?config=default&amp;me=576590,6444498,742735,6600400\" target=\"_blank\" rel=\"noopener noreferrer\">Ver zonas&gt;&gt;<\/a><\/p>\n<p>\t\t<\/div>\n\n\t\t<\/p>\n<p>\n\t\t\t\t\t<h4 role=\"button\" id=\"accordion-1-t3\" class=\"accordion-title js-accordion-controller\" aria-controls=\"accordion-1-c3\" aria-expanded=\"false\" tabindex=\"0\">\n\t\t\t\tTasa de CONSERVACI\u00d3N DE PAVIMENTO\t\t\t<\/h4>\n\t\t\n\t\t<div id=\"accordion-1-c3\" class=\"accordion-content\" aria-hidden=\"true\">\n\t\t\t<\/p>\n<p>Son 4 tipos de pavimentaci\u00f3n:<\/p>\n<ul>\n<li>Hormig\u00f3n<\/li>\n<li>Carpeta asf\u00e1ltica<\/li>\n<li>Tratamiento bituminoso<\/li>\n<li>Empedrado.<\/li>\n<\/ul>\n<p>Todos con un valor diferente, los que se ajustan de acuerdo al IPC.<\/p>\n<p>Se cobra por el mantenimiento del mismo.<\/p>\n<p>\t\t<\/div>\n\n\t\t<\/p>\n<p>\n\t\t\t\t\t<h4 role=\"button\" id=\"accordion-1-t4\" class=\"accordion-title js-accordion-controller\" aria-controls=\"accordion-1-c4\" aria-expanded=\"false\" tabindex=\"0\">\n\t\t\t\tTasa Terminal de \u00d3mnibus\t\t\t<\/h4>\n\t\t\n\t\t<div id=\"accordion-1-c4\" class=\"accordion-content\" aria-hidden=\"true\">\n\t\t\t<\/p>\n<p>Se cobra toque de anden 0,25 UR por cada salida de \u00f3mnibus.<\/p>\n<p>\t\t<\/div>\n\n\t\t<\/p>\n<p>\n\t\t\t\t\t<h4 role=\"button\" id=\"accordion-1-t5\" class=\"accordion-title js-accordion-controller\" aria-controls=\"accordion-1-c5\" aria-expanded=\"false\" tabindex=\"0\">\n\t\t\t\tTasa Paseo 33 Orientales\t\t\t<\/h4>\n\t\t\n\t\t<div id=\"accordion-1-c5\" class=\"accordion-content\" aria-hidden=\"true\">\n\t\t\t<\/p>\n<p>Su valor equivale a 1 UR por cada puesto.<\/p>\n<p>\t\t<\/div>\n\n\t\t<\/p>\n<p>\n\t\t\t\t\t<h4 role=\"button\" id=\"accordion-1-t6\" class=\"accordion-title js-accordion-controller\" aria-controls=\"accordion-1-c6\" aria-expanded=\"false\" tabindex=\"0\">\n\t\t\t\tTasa Necr\u00f3polis\t\t\t<\/h4>\n\t\t\n\t\t<div id=\"accordion-1-c6\" class=\"accordion-content\" aria-hidden=\"true\">\n\t\t\t<\/p>\n<p>Su valor anual es equivalente a 3 UR.<\/p>\n<p>\t\t<\/div>\n\n\t\t<\/p>\n<p>\n\t\t\t\t\t<h4 role=\"button\" id=\"accordion-1-t7\" class=\"accordion-title js-accordion-controller\" aria-controls=\"accordion-1-c7\" aria-expanded=\"false\" tabindex=\"0\">\n\t\t\t\tTasa de Alumbrado P\u00fablico\t\t\t<\/h4>\n\t\t\n\t\t<div id=\"accordion-1-c7\" class=\"accordion-content\" aria-hidden=\"true\">\n\t\t\t<\/p>\n<p>Es una tasa cuyo valor es de acuerdo a la potencia promedio instalada por cuadra y consecuentemente zonas. Son 7 las zonas existentes.<a href=\"http:\/\/gis.rivera.gub.uy\/gisrivera\/map.phtml?config=default&amp;me=576590,6444498,742735,6600400\"> (Ver zonas)<\/a><br \/>\nEn todos los casos se estima un valor promedio instalado por cuadra.<\/p>\n<ul>\n<li>POTENCIA POR ZONA\n<ul>\n<li>ZONA 1: Potencia mayor a 1250 w.<\/li>\n<li>ZONA 2: Potencia entre 1250 w y 750 w.<\/li>\n<li>ZONA 3: Potencia entre menos 750 w y 600 w.<\/li>\n<li>ZONA 4: Potencia entre menos 600 w y 450 w.<\/li>\n<li>ZONA 5: Potencia entre menos de 450 w y 300 w.<\/li>\n<li>ZONA 6: Potencia entre menos de 300 w y 150 w.<\/li>\n<li>ZONA 7: Potencia menor a 150 w instalados<\/li>\n<\/ul>\n<\/li>\n<\/ul>\n<p>\t\t<\/div>\n\n\t\t<\/p>\n<p>\n\t\t\t\t\t<h4 role=\"button\" id=\"accordion-1-t8\" class=\"accordion-title js-accordion-controller\" aria-controls=\"accordion-1-c8\" aria-expanded=\"false\" tabindex=\"0\">\n\t\t\t\tTasa Bromatol\u00f3gica\t\t\t<\/h4>\n\t\t\n\t\t<div id=\"accordion-1-c8\" class=\"accordion-content\" aria-hidden=\"true\">\n\t\t\t<\/p>\n<p>Se cobra en UR, dependiendo del art\u00edculo.<\/p>\n<p>\t\t<\/div>\n\n\t\t<\/p>\n<p>\n\t\t\t\t\t<h4 role=\"button\" id=\"accordion-1-t9\" class=\"accordion-title js-accordion-controller\" aria-controls=\"accordion-1-c9\" aria-expanded=\"false\" tabindex=\"0\">\n\t\t\t\tTasa DDT Urbana\/Rural\t\t\t<\/h4>\n\t\t\n\t\t<div id=\"accordion-1-c9\" class=\"accordion-content\" aria-hidden=\"true\">\n\t\t\t<\/p>\n<p>Tasa que se cobra conjuntamente con la Contribuci\u00f3n Inmobiliaria Rural. Es un valor fijo que se incrementa de acuerdo al IPC.<\/p>\n<p>\t\t<\/div>\n\n\t\t<\/p>\n<p><\/div>\n<p><strong>Actualizaci\u00f3n: 15\/03\/17<\/strong><\/p>\n<p>Responsable de esta informaci\u00f3n:<\/p>\n<ul>\n<li>Divisi\u00f3n Tributos. Directora: Mariela Villagr\u00e1n<\/li>\n<li>Agraciada 570 - Planta baja. Tel\u00e9fono <a href=\"tel:59846231900\">4623 1900<\/a> Int. 211<\/li>\n<li>Horario de atenci\u00f3n: de Lunes a Viernes de 08:15 a 15:00 horas.<\/li>\n<li>E-mail: <a href=\"mailto:tributos@rivera.gub.uy\">tributos@rivera.gub.uy<\/a><\/li>\n<\/ul>\n<\/div>\n<\/div><\/div><\/div><\/div><\/div>","protected":false},"excerpt":{"rendered":"<p>Actualizaci\u00f3n: 15\/03\/17 Responsable de esta informaci\u00f3n: Divisi\u00f3n Tributos. Directora: Mariela Villagr\u00e1n Agraciada 570 &#8211; Planta baja. Tel\u00e9fono 4623 1900 Int. 211 Horario de atenci\u00f3n: de Lunes a Viernes de 08:15 a 15:00 horas. E-mail: tributos@rivera.gub.uy<\/p>\n","protected":false},"author":1,"featured_media":0,"parent":0,"menu_order":0,"comment_status":"closed","ping_status":"closed","template":"","meta":{"footnotes":""},"class_list":["post-151","page","type-page","status-publish","hentry"],"_links":{"self":[{"href":"https:\/\/www.rivera.gub.uy\/portal\/wp-json\/wp\/v2\/pages\/151","targetHints":{"allow":["GET"]}}],"collection":[{"href":"https:\/\/www.rivera.gub.uy\/portal\/wp-json\/wp\/v2\/pages"}],"about":[{"href":"https:\/\/www.rivera.gub.uy\/portal\/wp-json\/wp\/v2\/types\/page"}],"author":[{"embeddable":true,"href":"https:\/\/www.rivera.gub.uy\/portal\/wp-json\/wp\/v2\/users\/1"}],"replies":[{"embeddable":true,"href":"https:\/\/www.rivera.gub.uy\/portal\/wp-json\/wp\/v2\/comments?post=151"}],"version-history":[{"count":3,"href":"https:\/\/www.rivera.gub.uy\/portal\/wp-json\/wp\/v2\/pages\/151\/revisions"}],"predecessor-version":[{"id":34516,"href":"https:\/\/www.rivera.gub.uy\/portal\/wp-json\/wp\/v2\/pages\/151\/revisions\/34516"}],"wp:attachment":[{"href":"https:\/\/www.rivera.gub.uy\/portal\/wp-json\/wp\/v2\/media?parent=151"}],"curies":[{"name":"wp","href":"https:\/\/api.w.org\/{rel}","templated":true}]}}