{"id":155,"date":"2016-09-07T11:02:56","date_gmt":"2016-09-07T14:02:56","guid":{"rendered":"http:\/\/c0010014.ferozo.com\/?page_id=155"},"modified":"2020-12-16T09:49:37","modified_gmt":"2020-12-16T12:49:37","slug":"certificado-unico-departamental","status":"publish","type":"page","link":"https:\/\/www.rivera.gub.uy\/portal\/certificado-unico-departamental\/","title":{"rendered":"Certificado \u00danico Departamental"},"content":{"rendered":"<div id=\"pl-155\"  class=\"panel-layout\" ><div id=\"pg-155-0\"  class=\"panel-grid panel-no-style\" ><div id=\"pgc-155-0-0\"  class=\"panel-grid-cell\" ><div id=\"panel-155-0-0-0\" class=\"so-panel widget widget_sow-editor panel-first-child panel-last-child\" data-index=\"0\" ><div\n\t\t\t\n\t\t\tclass=\"so-widget-sow-editor so-widget-sow-editor-base\"\n\t\t\t\n\t\t>\n<div class=\"siteorigin-widget-tinymce textwidget\">\n\t<p><strong>\u00bfDe quien depende?<br \/>\n<\/strong>Direcci\u00f3n General de Hacienda IDR<\/p>\n<p><strong>\u00bfDonde se realiza?<\/strong><br \/>\nDivisi\u00f3n Tributos (Agraciada 570 \u2013 Planta baja) |\u00a0Tel\u00e9fono: <a href=\"tel:59846231900\">4623 1900<\/a> int. 211<\/p>\n<p><strong>\u00bfCuando se realiza?<\/strong><br \/>\nDe lunes a viernes de 08:15 a 15:00 hrs.<\/p>\n<p><strong>\u00bfQue se necesita para realizarlo? -\u00a0<\/strong>Documentaci\u00f3n que debe proporcionar<br \/>\nEn caso de que la persona que concurra a realizar el tr\u00e1mite sea una persona f\u00edsica (titular del tr\u00e1mite) , esta debe presentar:<\/p>\n<ul>\n<li>Formulario completo original y copia (fotocopia)<\/li>\n<li>C\u00e9dula de identidad original y copia (fotocopia)<\/li>\n<li>Timbre profesional<\/li>\n<\/ul>\n<p>En caso de que, la persona que concurra a realizar el tr\u00e1mite sea el representante de persona f\u00edsica (el titular del tr\u00e1mite) o de jur\u00eddica (entidad de cualquier tipo); este debe presentar:<\/p>\n<ul>\n<li>Formulario completo, original y copia<\/li>\n<li>Certificado notarial (original y fotocopia) con contralor: en cumplimiento de la ley 17904.<\/li>\n<li>Poderes, en caso de que concurra el apoderado; ser\u00e1 necesario certificado de la firma y fotocopia de la CI. del mismo.<\/li>\n<li>Si concurre el apoderado este deber\u00e1 exhibir, el poder original y fotocopia del mismo, para constar como vigente la documentaci\u00f3n notarial en un periodo m\u00e1ximo de 90 d\u00edas.<\/li>\n<\/ul>\n<p><strong>Costos<\/strong><\/p>\n<ul>\n<li>Timbre profesional de $180<\/li>\n<li>Media UR al momento de levantar el Certificado \u00danico Departamental<\/li>\n<\/ul>\n<p><strong>\u00bfC\u00f3mo se hace?<\/strong><\/p>\n<ul>\n<li><a href=\"#formulario\">Descargar formulario en el sitio web de la IDR<\/a><\/li>\n<li>Completar formulario con letra legible.<\/li>\n<li>Realizar una copia del mismo.<\/li>\n<li>Concurrir al predio de la IDR (Agraciada 570) con la documentaci\u00f3n completa.<\/li>\n<li>Dirigirse a la Direcci\u00f3n General de Hacienda, Divisi\u00f3n Tributos (planta baja).<\/li>\n<li>Comprar un timbre profesional (\u00bfDonde se compra el timbre? Se compra en caja de Divisi\u00f3n Tributos valor $180)<\/li>\n<\/ul>\n<p><strong>Datos a tener en cuenta<\/strong><\/p>\n<ul>\n<li>Duraci\u00f3n de entrega: una vez presentada la documentaci\u00f3n el plazo de expedici\u00f3n es de 5 d\u00edas h\u00e1biles pasada la entrega.<\/li>\n<li>En los siguientes 5 d\u00edas luego de su entrega se verificar\u00e1n los datos declarados.<\/li>\n<li>Vigencia: un a\u00f1o a partir de la fecha de expedici\u00f3n del mismo.<\/li>\n<li>Qui\u00e9nes deben solicitarlo: Las personas contribuyentes del IRAE y\/o IMEBA que adem\u00e1s sean Sujetos Pasivos de Contribuci\u00f3n Inmobiliaria y\/o Patente de Rodados.\n<ul>\n<li>Sujetos pasivos:\n<ul>\n<li>Contribuci\u00f3n inmobiliaria:\n<ul>\n<li>Propietarios.<\/li>\n<li>Poseedores a cualquier t\u00edtulo.<\/li>\n<li>Promitentes Compradores con Promesa Inscripta.<\/li>\n<\/ul>\n<\/li>\n<li>Patentes de rodados:\n<ul>\n<li>Propietarios.<\/li>\n<li>Titular de Documento Identificaci\u00f3n del Veh\u00edculo (libreta).<\/li>\n<li>Poseedor a cualquier t\u00edtulo.<\/li>\n<li>Promitente comprador en Compromiso de Compraventa con firmas certificadas notarialmente y,<\/li>\n<li>Usuario de automotor con Contrato de Cr\u00e9dito de Uso (Leasing).<\/li>\n<\/ul>\n<\/li>\n<\/ul>\n<\/li>\n<\/ul>\n<\/li>\n<\/ul>\n<p>Normativa: Art\u00edculo 487 Ley 17930 \u2013 Decreto 502\/07 del 20-12-07 y Decreto 329\/08 del 7-7-08<\/p>\n<hr \/>\n<ul>\n<li>Actualizaci\u00f3n: 16\/12\/20<\/li>\n<li>Responsable de esta informaci\u00f3n:\n<ul>\n<li>Divisi\u00f3n Tributos<\/li>\n<li>Director: Mariela Villagr\u00e1n<\/li>\n<li>Agraciada 570 - Planta baja.<\/li>\n<li>Tel\u00e9fono: <a href=\"tel:59846231900\"> 4623 1900<\/a> Int. 211<\/li>\n<li>Horario de atenci\u00f3n: de Lunes a Viernes de 08:15 a 15:00 horas.<\/li>\n<li>E-mail: <a href=\"mailto:tributos@rivera.gub.uy\">tributos@rivera.gub.uy<\/a><\/li>\n<\/ul>\n<\/li>\n<\/ul>\n<hr \/>\n<p><a id=\"formulario\" name=\"formulario\"><\/a><\/p>\n<p style=\"text-align: center;\"><a href=\"http:\/\/www.rivera.gub.uy\/portal\/images\/tributos\/formulario-certificado-unico-departamental.pdf\"><img loading=\"lazy\" decoding=\"async\" class=\"aligncenter wp-image-15448\" src=\"https:\/\/www.rivera.gub.uy\/portal\/wp-content\/uploads\/2019\/06\/icono-descargarpdf-150x150.png\" alt=\"\" width=\"150\" height=\"150\" srcset=\"https:\/\/www.rivera.gub.uy\/portal\/wp-content\/uploads\/2019\/06\/icono-descargarpdf-150x150.png 150w, https:\/\/www.rivera.gub.uy\/portal\/wp-content\/uploads\/2019\/06\/icono-descargarpdf-150x150-94x94.png 94w\" sizes=\"auto, (max-width: 150px) 100vw, 150px\" \/><\/a><\/p>\n<h3 style=\"text-align: center;\">Descargar formulario de Certificado \u00danico Departamental<\/h3>\n<\/div>\n<\/div><\/div><\/div><\/div><\/div>","protected":false},"excerpt":{"rendered":"<p>\u00bfDe quien depende? Direcci\u00f3n General de Hacienda IDR \u00bfDonde se realiza? Divisi\u00f3n Tributos (Agraciada 570 \u2013 Planta baja) |\u00a0Tel\u00e9fono: 4623 1900 int. 211 \u00bfCuando se realiza? De lunes a viernes de 08:15 a 15:00 hrs. \u00bfQue se necesita para realizarlo? &#8211;\u00a0Documentaci\u00f3n que debe proporcionar En caso de que la persona que concurra a realizar el [&hellip;]<\/p>\n","protected":false},"author":1,"featured_media":0,"parent":0,"menu_order":0,"comment_status":"closed","ping_status":"closed","template":"","meta":{"footnotes":""},"class_list":["post-155","page","type-page","status-publish","hentry"],"_links":{"self":[{"href":"https:\/\/www.rivera.gub.uy\/portal\/wp-json\/wp\/v2\/pages\/155","targetHints":{"allow":["GET"]}}],"collection":[{"href":"https:\/\/www.rivera.gub.uy\/portal\/wp-json\/wp\/v2\/pages"}],"about":[{"href":"https:\/\/www.rivera.gub.uy\/portal\/wp-json\/wp\/v2\/types\/page"}],"author":[{"embeddable":true,"href":"https:\/\/www.rivera.gub.uy\/portal\/wp-json\/wp\/v2\/users\/1"}],"replies":[{"embeddable":true,"href":"https:\/\/www.rivera.gub.uy\/portal\/wp-json\/wp\/v2\/comments?post=155"}],"version-history":[{"count":6,"href":"https:\/\/www.rivera.gub.uy\/portal\/wp-json\/wp\/v2\/pages\/155\/revisions"}],"predecessor-version":[{"id":27698,"href":"https:\/\/www.rivera.gub.uy\/portal\/wp-json\/wp\/v2\/pages\/155\/revisions\/27698"}],"wp:attachment":[{"href":"https:\/\/www.rivera.gub.uy\/portal\/wp-json\/wp\/v2\/media?parent=155"}],"curies":[{"name":"wp","href":"https:\/\/api.w.org\/{rel}","templated":true}]}}