{"id":168,"date":"2016-09-07T12:41:40","date_gmt":"2016-09-07T15:41:40","guid":{"rendered":"http:\/\/c0010014.ferozo.com\/?page_id=168"},"modified":"2025-03-06T13:05:00","modified_gmt":"2025-03-06T16:05:00","slug":"contacto","status":"publish","type":"page","link":"https:\/\/www.rivera.gub.uy\/portal\/contacto\/","title":{"rendered":"Contacto"},"content":{"rendered":"<div id=\"pl-168\"  class=\"panel-layout\" ><div id=\"pg-168-0\"  class=\"panel-grid panel-no-style\" ><div id=\"pgc-168-0-0\"  class=\"panel-grid-cell\" ><div id=\"panel-168-0-0-0\" class=\"so-panel widget widget_sow-editor panel-first-child panel-last-child\" data-index=\"0\" ><div\n\t\t\t\n\t\t\tclass=\"so-widget-sow-editor so-widget-sow-editor-base\"\n\t\t\t\n\t\t>\n<div class=\"siteorigin-widget-tinymce textwidget\">\n\t<p><strong>Intendencia Departamental de Rivera<\/strong><\/p>\n<ul>\n<li>Direcci\u00f3n: Agraciada 570, Rivera, Uruguay<\/li>\n<li>Tel\u00e9fono: <a href=\"tel:59846231900\">4623 1900<\/a><\/li>\n<li>Horario de atenci\u00f3n: Lunes a viernes de 8:15h a 15:00h<\/li>\n<\/ul>\n<hr \/>\n<h2>Formulario de contacto<\/h2>\n<p style=\"text-align: right;\">*Campos obligatorios<\/p>\n\n<div class=\"wpcf7 no-js\" id=\"wpcf7-f116-o1\" lang=\"es-ES\" dir=\"ltr\" data-wpcf7-id=\"116\">\n<div class=\"screen-reader-response\"><p role=\"status\" aria-live=\"polite\" aria-atomic=\"true\"><\/p> <ul><\/ul><\/div>\n<form action=\"\/portal\/wp-json\/wp\/v2\/pages\/168#wpcf7-f116-o1\" method=\"post\" class=\"wpcf7-form init\" aria-label=\"Formulario de contacto\" novalidate=\"novalidate\" data-status=\"init\">\n<fieldset class=\"hidden-fields-container\"><input type=\"hidden\" name=\"_wpcf7\" value=\"116\" \/><input type=\"hidden\" name=\"_wpcf7_version\" value=\"6.1.4\" \/><input type=\"hidden\" name=\"_wpcf7_locale\" value=\"es_ES\" \/><input type=\"hidden\" name=\"_wpcf7_unit_tag\" value=\"wpcf7-f116-o1\" \/><input type=\"hidden\" name=\"_wpcf7_container_post\" value=\"0\" \/><input type=\"hidden\" name=\"_wpcf7_posted_data_hash\" value=\"\" \/><input type=\"hidden\" name=\"_wpcf7_recaptcha_response\" value=\"\" \/>\n<\/fieldset>\n<p><label><span class=\"wpcf7-form-control-wrap\" data-name=\"your-name\"><input size=\"40\" maxlength=\"400\" class=\"wpcf7-form-control wpcf7-text wpcf7-validates-as-required\" aria-required=\"true\" aria-invalid=\"false\" placeholder=\"*Ingrese su nombre\" value=\"\" type=\"text\" name=\"your-name\" \/><\/span> <\/label>\n<\/p>\n<p><label><span class=\"wpcf7-form-control-wrap\" data-name=\"your-email\"><input size=\"40\" maxlength=\"400\" class=\"wpcf7-form-control wpcf7-email wpcf7-validates-as-required wpcf7-text wpcf7-validates-as-email\" aria-required=\"true\" aria-invalid=\"false\" placeholder=\"*Ingrese su email\" value=\"\" type=\"email\" name=\"your-email\" \/><\/span> <\/label>\n<\/p>\n<p><label><span class=\"wpcf7-form-control-wrap\" data-name=\"your-subject\"><input size=\"40\" maxlength=\"400\" class=\"wpcf7-form-control wpcf7-text wpcf7-validates-as-required\" aria-required=\"true\" aria-invalid=\"false\" placeholder=\"*Asunto de su mensaje\" value=\"\" type=\"text\" name=\"your-subject\" \/><\/span> <\/label>\n<\/p>\n<p><label><span class=\"wpcf7-form-control-wrap\" data-name=\"your-message\"><textarea cols=\"40\" rows=\"10\" maxlength=\"2000\" class=\"wpcf7-form-control wpcf7-textarea\" aria-invalid=\"false\" placeholder=\"Ingrese su mensaje\" name=\"your-message\"><\/textarea><\/span> <\/label>\n<\/p>\n<span class=\"wpcf7-form-control-wrap recaptcha\" data-name=\"recaptcha\"><span data-sitekey=\"6LcJVKYZAAAAADN8iWo5LU-V2BpD3slyqQa-3RAQ\" class=\"wpcf7-form-control wpcf7-recaptcha g-recaptcha\"><\/span>\r\n<noscript>\r\n\t<div class=\"grecaptcha-noscript\">\r\n\t\t<iframe loading=\"lazy\" src=\"https:\/\/www.google.com\/recaptcha\/api\/fallback?k=6LcJVKYZAAAAADN8iWo5LU-V2BpD3slyqQa-3RAQ\" frameborder=\"0\" scrolling=\"no\" width=\"310\" height=\"430\">\r\n\t\t<\/iframe>\r\n\t\t<textarea name=\"g-recaptcha-response\" rows=\"3\" cols=\"40\" placeholder=\"Aqu\u00ed la respuesta de reCAPTCHA\">\r\n\t\t<\/textarea>\r\n\t<\/div>\r\n<\/noscript>\r\n<\/span>\n<p><input class=\"wpcf7-form-control wpcf7-submit has-spinner\" type=\"submit\" value=\"Enviar\" \/>\n<\/p><div class=\"wpcf7-response-output\" aria-hidden=\"true\"><\/div>\n<\/form>\n<\/div>\n\n<\/div>\n<\/div><\/div><\/div><div id=\"pgc-168-0-1\"  class=\"panel-grid-cell\" ><div id=\"panel-168-0-1-0\" class=\"so-panel widget widget_sow-google-map panel-first-child panel-last-child\" data-index=\"1\" ><div\n\t\t\t\n\t\t\tclass=\"so-widget-sow-google-map so-widget-sow-google-map-default-7a7fd7b75a86-168\"\n\t\t\t\n\t\t>\n<div class=\"sow-google-map-canvas\"\n\tstyle=\"\"\n\tid=\"map-canvas-9622842c6f6499b57a9ee397cd6e82f2\"\n\tdata-options=\"{&quot;address&quot;:&quot;-30.899908,-55.541240&quot;,&quot;zoom&quot;:16,&quot;mobileZoom&quot;:16,&quot;gestureHandling&quot;:&quot;greedy&quot;,&quot;disableUi&quot;:false,&quot;markerIcon&quot;:false,&quot;markersDraggable&quot;:false,&quot;markerAtCenter&quot;:true,&quot;markerInfoDisplay&quot;:&quot;click&quot;,&quot;markerInfoMultiple&quot;:true,&quot;markerPositions&quot;:false,&quot;mapName&quot;:false,&quot;mapStyles&quot;:false,&quot;directions&quot;:&quot;&quot;,&quot;apiKey&quot;:&quot;AIzaSyCy3XtIKnaJVgTEpZ2K4wrOjTU6j-c1S10&quot;,&quot;breakpoint&quot;:780,&quot;id&quot;:&quot;69fc57&quot;}\"\n\tdata-fallback-image=\"{&quot;img&quot;:&quot;&quot;}\"><\/div>\n<\/div><\/div><\/div><\/div><div id=\"pg-168-1\"  class=\"panel-grid panel-no-style\" ><div id=\"pgc-168-1-0\"  class=\"panel-grid-cell\" ><div id=\"panel-168-1-0-0\" class=\"so-panel widget widget_sow-editor panel-first-child panel-last-child\" data-index=\"2\" ><div class=\"panel-widget-style panel-widget-style-for-168-1-0-0\" ><div\n\t\t\t\n\t\t\tclass=\"so-widget-sow-editor so-widget-sow-editor-base\"\n\t\t\t\n\t\t><h3 class=\"widget-title\">Contactos de inter\u00e9s<\/h3>\n<div class=\"siteorigin-widget-tinymce textwidget\">\n\t<h4>En la ciudad de Rivera<\/h4>\n<ul>\n<li>Cementerio Central : <a href=\"tel:59846223224\">4622 3224<\/a><\/li>\n<li>Cementerio Lagun\u00f3n: <a href=\"tel:59846225365\">4622 5365<\/a><\/li>\n<li>Servicio M\u00e9dico: <a href=\"tel:59846229949\">4622 9949<\/a><\/li>\n<li>Refugio Altivo Est\u00e9ves: <a href=\"tel:59846230169\">4623 0169<\/a><\/li>\n<li>Adulto Mayor: <a href=\"tel:59846239806\">4623 9806<\/a><\/li>\n<li>Comedor N\u00ba 50: <a href=\"tel:59846227287\">4622 7287<\/a><\/li>\n<li>Comedor 1825: <a href=\"tel:59846229973\">4622 9973<\/a><\/li>\n<li>Centro Tur\u00edstico: <a href=\"tel:59846253287\">4625 3287<\/a><\/li>\n<li>Casa de la Cultura: <a href=\"tel:59846239877\">4623 9877<\/a><\/li>\n<li>Sala Cultural de ANTEL: <a href=\"tel:59846249161\">4624 9161<\/a><\/li>\n<li>Museo de Artes Pl\u00e1sticas: <a href=\"tel:59846236329\">4623 6329<\/a><\/li>\n<li>Deportes: <a href=\"tel:59846236289\">4623 6289<\/a><\/li>\n<li>Estadio: <a href=\"tel:59846223506\">4622 3506<\/a><\/li>\n<li>Div. Higiene: <a href=\"tel:59846222404\">4622 2404<\/a><\/li>\n<li>Div. Medio Ambiente: <a href=\"tel:59846231355\">4623 1355<\/a><\/li>\n<li>Corral\u00f3n Municipal: <a href=\"tel:59846223124\">4622 3124<\/a> - <a href=\"tel:59846223801\">4622 3801<\/a> -\u00a0<a href=\"tel:59846234041\">4623 4041<\/a><\/li>\n<li>Hogar estudiantil: <a href=\"tel:59846223150\">4622 3150<\/a><\/li>\n<li>Junta departamental de Rivera: <a href=\"tel:59846223215\">4622 3215<\/a><\/li>\n<li>Alumbrado: <a href=\"tel:59846234041\">4623 4041<\/a> Int 309 - <a href=\"tel:59846223124\">4622 3124<\/a> Int 309 - <a href=\"tel:59846223801\">4622 3801<\/a> Int 309<\/li>\n<li>CAIF Mariamol: <a href=\"tel:+59846250035\">46250035<\/a><\/li>\n<li>CAIF Santa Isabel: <a href=\"tel:+59846239221\">46239221<\/a><\/li>\n<li>Terminal de \u00d3mnibus <a href=\"tel:+59846231900\">4623 1900<\/a> Int 163<\/li>\n<\/ul>\n<h4><\/h4>\n<hr \/>\n<h4>Alcald\u00edas<\/h4>\n<ul>\n<li>Tranqueras: <a href=\"tel:59846562240\">4656 2240<\/a><\/li>\n<li>Minas de Corrales: <a href=\"tel:59846582242\">4658 2242<\/a><\/li>\n<li>Vichadero: <a href=\"tel:59846542045\">4654 2045<\/a><\/li>\n<li>Junta de La Puente: <a href=\"tel:59846504010\">4650 4010<\/a><\/li>\n<li>Junta de Las Flores: <a href=\"tel:59846508278\">4650 8278<\/a><\/li>\n<\/ul>\n<h4><\/h4>\n<hr \/>\n<h4>En Montevideo<\/h4>\n<ul>\n<li>Hogar estudiantil de Rivera: <a href=\"tel:59829011708\">2901 1708<\/a><\/li>\n<li>Oficina IDR: <a href=\"tel:59829080468\">2908 0468<\/a><\/li>\n<\/ul>\n<\/div>\n<\/div><\/div><\/div><\/div><div id=\"pgc-168-1-1\"  class=\"panel-grid-cell\" ><div id=\"panel-168-1-1-0\" class=\"so-panel widget widget_sow-editor panel-first-child\" data-index=\"3\" ><div class=\"panel-widget-style panel-widget-style-for-168-1-1-0\" ><div\n\t\t\t\n\t\t\tclass=\"so-widget-sow-editor so-widget-sow-editor-base\"\n\t\t\t\n\t\t><h3 class=\"widget-title\">Oficina en Montevideo<\/h3>\n<div class=\"siteorigin-widget-tinymce textwidget\">\n\t<p>Intendencia Departamental de Rivera: Centro de Atenci\u00f3n en Montevideo.<\/p>\n<ul>\n<li>Direcci\u00f3n: Cuareim 1533, entre Av. Uruguay y calle Paysand\u00fa.<\/li>\n<li>Horario de atenci\u00f3n: Lunes a viernes de 9:00h a 14:45 hrs<\/li>\n<li>Tel\u00e9fono: <a href=\"tel:59829080468\">2908 0468<\/a><\/li>\n<\/ul>\n<h4>Tr\u00e1mites:<\/h4>\n<ul>\n<li>Deudas<\/li>\n<li>Multas<\/li>\n<li>Inspecci\u00f3n t\u00e9cnica<\/li>\n<li>Emisi\u00f3n de prefacturas de contribuci\u00f3n inmobiliaria<\/li>\n<li>Cuota de hogar estudiantil<\/li>\n<li>Servicios de necr\u00f3polis<\/li>\n<li>Empadronamiento<\/li>\n<li>Reempadronamiento<\/li>\n<li>Transferencia<\/li>\n<li>Cambio de motor<\/li>\n<li>Certificados de libre de multas e historia municipal.<\/li>\n<\/ul>\n<\/div>\n<\/div><\/div><\/div><div id=\"panel-168-1-1-1\" class=\"so-panel widget widget_sow-google-map panel-last-child\" data-index=\"4\" ><div\n\t\t\t\n\t\t\tclass=\"so-widget-sow-google-map so-widget-sow-google-map-default-c805094c5e27-168\"\n\t\t\t\n\t\t>\n<div class=\"sow-google-map-canvas\"\n\tstyle=\"\"\n\tid=\"map-canvas-fec5aab5b82dd8f76c56eaee78d9fb4f\"\n\tdata-options=\"{&quot;address&quot;:&quot;-34.902459, -56.190706&quot;,&quot;zoom&quot;:16,&quot;mobileZoom&quot;:16,&quot;gestureHandling&quot;:&quot;greedy&quot;,&quot;disableUi&quot;:false,&quot;markerIcon&quot;:false,&quot;markersDraggable&quot;:false,&quot;markerAtCenter&quot;:true,&quot;markerInfoDisplay&quot;:&quot;click&quot;,&quot;markerInfoMultiple&quot;:true,&quot;markerPositions&quot;:false,&quot;mapName&quot;:false,&quot;mapStyles&quot;:false,&quot;directions&quot;:&quot;&quot;,&quot;apiKey&quot;:&quot;AIzaSyCy3XtIKnaJVgTEpZ2K4wrOjTU6j-c1S10&quot;,&quot;breakpoint&quot;:780,&quot;id&quot;:&quot;69fc57&quot;}\"\n\tdata-fallback-image=\"{&quot;img&quot;:&quot;&quot;}\"><\/div>\n<\/div><\/div><\/div><\/div><\/div>","protected":false},"excerpt":{"rendered":"<p>Intendencia Departamental de Rivera Direcci\u00f3n: Agraciada 570, Rivera, Uruguay Tel\u00e9fono: 4623 1900 Horario de atenci\u00f3n: Lunes a viernes de 8:15h a 15:00h Formulario de contacto *Campos obligatorios En la ciudad de Rivera Cementerio Central : 4622 3224 Cementerio Lagun\u00f3n: 4622 5365 Servicio M\u00e9dico: 4622 9949 Refugio Altivo Est\u00e9ves: 4623 0169 Adulto Mayor: 4623 9806 Comedor [&hellip;]<\/p>\n","protected":false},"author":1,"featured_media":0,"parent":0,"menu_order":0,"comment_status":"closed","ping_status":"closed","template":"page-templates\/page_fullwidth.php","meta":{"footnotes":""},"class_list":["post-168","page","type-page","status-publish","hentry"],"_links":{"self":[{"href":"https:\/\/www.rivera.gub.uy\/portal\/wp-json\/wp\/v2\/pages\/168","targetHints":{"allow":["GET"]}}],"collection":[{"href":"https:\/\/www.rivera.gub.uy\/portal\/wp-json\/wp\/v2\/pages"}],"about":[{"href":"https:\/\/www.rivera.gub.uy\/portal\/wp-json\/wp\/v2\/types\/page"}],"author":[{"embeddable":true,"href":"https:\/\/www.rivera.gub.uy\/portal\/wp-json\/wp\/v2\/users\/1"}],"replies":[{"embeddable":true,"href":"https:\/\/www.rivera.gub.uy\/portal\/wp-json\/wp\/v2\/comments?post=168"}],"version-history":[{"count":50,"href":"https:\/\/www.rivera.gub.uy\/portal\/wp-json\/wp\/v2\/pages\/168\/revisions"}],"predecessor-version":[{"id":59316,"href":"https:\/\/www.rivera.gub.uy\/portal\/wp-json\/wp\/v2\/pages\/168\/revisions\/59316"}],"wp:attachment":[{"href":"https:\/\/www.rivera.gub.uy\/portal\/wp-json\/wp\/v2\/media?parent=168"}],"curies":[{"name":"wp","href":"https:\/\/api.w.org\/{rel}","templated":true}]}}