{"id":177,"date":"2016-09-07T13:05:45","date_gmt":"2016-09-07T16:05:45","guid":{"rendered":"http:\/\/c0010014.ferozo.com\/?page_id=177"},"modified":"2017-03-03T12:55:27","modified_gmt":"2017-03-03T12:55:27","slug":"links-de-interes","status":"publish","type":"page","link":"https:\/\/www.rivera.gub.uy\/portal\/links-de-interes\/","title":{"rendered":"Links de inter\u00e9s"},"content":{"rendered":"<ul>\n<li><a href=\"http:\/\/www.anep.edu.uy\/\" target=\"_blank\">ANEP<\/a><\/li>\n<li><a href=\"http:\/\/www.agenciadesarrollorivera.com.uy\/\" target=\"_blank\">Agencia de Desarrollo<\/a><\/li>\n<li><a href=\"https:\/\/www.google.com.uy\/url?sa=t&amp;rct=j&amp;q=&amp;esrc=s&amp;source=web&amp;cd=1&amp;cad=rja&amp;uact=8&amp;ved=0ahUKEwjs3bSyrLrSAhVHGJAKHWIZBrEQFggYMAA&amp;url=https%3A%2F%2Fwww.antel.com.uy%2F&amp;usg=AFQjCNHl5RCSU6i2MAKnvhvv6Jkbz3qSyg&amp;sig2=_L0BauD0ASRg1OigJRNw4g&amp;bvm=bv.148747831,d.Y2I\" target=\"_blank\">Antel<\/a><\/li>\n<li><a href=\"http:\/\/www.acir.org.uy\/\" target=\"_blank\">Asociaci\u00f3n Comercial e Industrial<\/a><\/li>\n<li><a href=\"https:\/\/www.google.com.uy\/url?sa=t&amp;rct=j&amp;q=&amp;esrc=s&amp;source=web&amp;cd=1&amp;cad=rja&amp;uact=8&amp;sqi=2&amp;ved=0ahUKEwiQ7tDErLrSAhUHUZAKHcJUAvsQFggYMAA&amp;url=https%3A%2F%2Fwww.bps.gub.uy%2F&amp;usg=AFQjCNGOFxgXuiyi-Nd11XsoUQMDHSkoRw&amp;sig2=G9hC-K5PXFTH9dUa8Ooffw&amp;bvm=bv.148747831,d.Y2I\" target=\"_blank\">BPS<\/a><\/li>\n<li><a href=\"https:\/\/www.google.com.uy\/url?sa=t&amp;rct=j&amp;q=&amp;esrc=s&amp;source=web&amp;cd=1&amp;cad=rja&amp;uact=8&amp;ved=0ahUKEwiEo4PqrLrSAhXGEpAKHSq8CP4QFggYMAA&amp;url=http%3A%2F%2Fwww.ceip.edu.uy%2F&amp;usg=AFQjCNFTtVqBTb0jctxUFd9UcI2ht5IKlQ&amp;sig2=96xupy3Zsb1xT_0z_5x09g&amp;bvm=bv.148747831,d.Y2I\" target=\"_blank\">CEIP &#8211; Consejo de Educaci\u00f3n Inicial y Primaria<\/a><\/li>\n<li><a href=\"https:\/\/www.google.com.uy\/url?sa=t&amp;rct=j&amp;q=&amp;esrc=s&amp;source=web&amp;cd=1&amp;cad=rja&amp;uact=8&amp;sqi=2&amp;ved=0ahUKEwib_dv3rLrSAhUCHpAKHRkEBaAQFggYMAA&amp;url=http%3A%2F%2Fwww.ci.gub.uy%2F&amp;usg=AFQjCNHeLdlXkrTe35puBewbxt0vxSGuzQ&amp;sig2=LiUqI03F6fvaDni-YqILcQ&amp;bvm=bv.148747831,d.Y2I\" target=\"_blank\">Congreso de Intendentes<\/a><\/li>\n<li><a href=\"https:\/\/www.google.com.uy\/url?sa=t&amp;rct=j&amp;q=&amp;esrc=s&amp;source=web&amp;cd=1&amp;cad=rja&amp;uact=8&amp;ved=0ahUKEwiw58vKrbrSAhVKGZAKHS2WB6gQFggYMAA&amp;url=http%3A%2F%2Fwww.correo.com.uy%2F&amp;usg=AFQjCNFHuEL8-f6OkOB28p5k-3o3aRonig&amp;sig2=H0yI7d7dEo_45rSXOMF9Ag&amp;bvm=bv.148747831,d.Y2I\" target=\"_blank\">Correo<\/a><\/li>\n<li><a href=\"https:\/\/www.google.com.uy\/url?sa=t&amp;rct=j&amp;q=&amp;esrc=s&amp;source=web&amp;cd=1&amp;cad=rja&amp;uact=8&amp;sqi=2&amp;ved=0ahUKEwi9vqHUrbrSAhXLDZAKHQJZBSIQFggYMAA&amp;url=http%3A%2F%2Fwww.dgi.gub.uy%2F&amp;usg=AFQjCNGBx0rm2QG7LHlv9KboA9x4Dl7hJg&amp;sig2=8LfDlsCn_tNXdCndhMo7Iw&amp;bvm=bv.148747831,d.Y2I\" target=\"_blank\">DGI<\/a><\/li>\n<li><a href=\"https:\/\/www.google.com.uy\/url?sa=t&amp;rct=j&amp;q=&amp;esrc=s&amp;source=web&amp;cd=1&amp;cad=rja&amp;uact=8&amp;sqi=2&amp;ved=0ahUKEwid5OvdrbrSAhWRPpAKHedcBeMQFggYMAA&amp;url=http%3A%2F%2Fwww.aduanas.gub.uy%2F&amp;usg=AFQjCNG0wsv3GV5qXQzMjXbsuTQlylkaIw&amp;sig2=LYX4XRZbdSwHBwN58PkRZw&amp;bvm=bv.148747831,d.Y2I\" target=\"_blank\">Direcci\u00f3n Nacional de Aduanas<\/a><\/li>\n<li><a href=\"https:\/\/www.google.com.uy\/url?sa=t&amp;rct=j&amp;q=&amp;esrc=s&amp;source=web&amp;cd=1&amp;cad=rja&amp;uact=8&amp;sqi=2&amp;ved=0ahUKEwj12_ynrrrSAhVCTZAKHbdwC3kQFggYMAA&amp;url=https%3A%2F%2Fwww.minterior.gub.uy%2Findex.php%2F2-uncategorised%2F116-direccion-nacional-de-bomberos&amp;usg=AFQjCNHGH3oIcxM6KhwKWrJoQIjIDj5ijg&amp;sig2=oozx-wwRSHFldLTtjK2mVw&amp;bvm=bv.148747831,d.Y2I\" target=\"_blank\">Direcci\u00f3n Nacional de Bomberos<\/a><\/li>\n<li><a href=\"https:\/\/www.google.com.uy\/url?sa=t&amp;rct=j&amp;q=&amp;esrc=s&amp;source=web&amp;cd=1&amp;cad=rja&amp;uact=8&amp;sqi=2&amp;ved=0ahUKEwi904XhrrrSAhUHj5AKHWMqDnIQFggYMAA&amp;url=http%3A%2F%2Fwww.catastro.gub.uy%2F&amp;usg=AFQjCNHolKXJZmad-LY7KI8x0ofOgYyQUA&amp;sig2=ak1Yc6fNvinXuJ7iXRxjRg&amp;bvm=bv.148747831,d.Y2I\" target=\"_blank\">Direcci\u00f3n Nacional de Catastro<\/a><\/li>\n<li><a href=\"https:\/\/www.google.com.uy\/url?sa=t&amp;rct=j&amp;q=&amp;esrc=s&amp;source=web&amp;cd=1&amp;cad=rja&amp;uact=8&amp;sqi=2&amp;ved=0ahUKEwiOxqjvrrrSAhUBIJAKHbtSAScQFggYMAA&amp;url=http%3A%2F%2Fwww.meteorologia.com.uy%2F&amp;usg=AFQjCNFuCh2Od-ibHN3PbMxKzx9_hTjJsw&amp;sig2=-DXj5DrLd0Scoauo1fzRnQ&amp;bvm=bv.148747831,d.Y2I\" target=\"_blank\">Direcci\u00f3n Nacional de Meteorolog\u00eda<\/a><\/li>\n<li><a href=\"https:\/\/www.google.com.uy\/url?sa=t&amp;rct=j&amp;q=&amp;esrc=s&amp;source=web&amp;cd=1&amp;cad=rja&amp;uact=8&amp;ved=0ahUKEwiO4Mj_rrrSAhXExpAKHfYrCooQFggYMAA&amp;url=https%3A%2F%2Fwww.dgr.gub.uy%2F&amp;usg=AFQjCNF4xJBcSEvpDIe5YOwFoW8du-W9OQ&amp;sig2=sTphKPgE4QHC7TW0O7itDg&amp;bvm=bv.148747831,d.Y2I\" target=\"_blank\">Direcci\u00f3n Nacional de Registro<\/a><\/li>\n<li><a href=\"https:\/\/www.google.com.uy\/url?sa=t&amp;rct=j&amp;q=&amp;esrc=s&amp;source=web&amp;cd=1&amp;cad=rja&amp;uact=8&amp;sqi=2&amp;ved=0ahUKEwiWgpSLr7rSAhVJG5AKHUAnBLEQFggYMAA&amp;url=https%3A%2F%2Fwse-prod.antel.com.uy%2FConsultaGuia%2Fform%2Fconsulta.xhtml&amp;usg=AFQjCNH3rZwEjF6TxQoejaH5FDBJrwkvKQ&amp;sig2=IoMETzy22j0UOlasizyTqw&amp;bvm=bv.148747831,d.Y2I\" target=\"_blank\">Gu\u00eda de Antel<\/a><\/li>\n<li><a href=\"https:\/\/www.google.com.uy\/url?sa=t&amp;rct=j&amp;q=&amp;esrc=s&amp;source=web&amp;cd=1&amp;cad=rja&amp;uact=8&amp;ved=0ahUKEwijpbyXr7rSAhWGE5AKHQgpBqsQFggZMAA&amp;url=http%3A%2F%2Fwww.ine.gub.uy%2F&amp;usg=AFQjCNGW600lYWutGGA_QTa5hiT1rXDK5w&amp;sig2=wYgu9K_jJnW4RuF_T9PgbQ&amp;bvm=bv.148747831,d.Y2I\" target=\"_blank\">INE<\/a><\/li>\n<li><a href=\"http:\/\/juntaderivera.gub.uy\/\" target=\"_blank\">Junta Departamental de Rivera<\/a><\/li>\n<li><a href=\"https:\/\/www.google.com.uy\/url?sa=t&amp;rct=j&amp;q=&amp;esrc=s&amp;source=web&amp;cd=1&amp;cad=rja&amp;uact=8&amp;ved=0ahUKEwi75ufAr7rSAhWBFZAKHTUWDCMQFggYMAA&amp;url=http%3A%2F%2Fwww.ose.com.uy%2F&amp;usg=AFQjCNEgFl21TZHvSm4RFVQq95P1w5aDOA&amp;sig2=kMJ8aowGYkEqudWSVnhaRw&amp;bvm=bv.148747831,d.Y2I\" target=\"_blank\">OSE<\/a><\/li>\n<li><a href=\"https:\/\/www.google.com.uy\/url?sa=t&amp;rct=j&amp;q=&amp;esrc=s&amp;source=web&amp;cd=1&amp;cad=rja&amp;uact=8&amp;sqi=2&amp;ved=0ahUKEwiTrdWQsLrSAhUGFpAKHSa9DUMQFggYMAA&amp;url=http%3A%2F%2Fwww.ceibal.edu.uy%2F&amp;usg=AFQjCNHWbG4pQ3iG72C5qK2q93HgPcZOqQ&amp;sig2=qh29p50eLynoB8VNBsPTwA&amp;bvm=bv.148747831,d.Y2I\" target=\"_blank\">Plan Ceibal<\/a><\/li>\n<li><a href=\"https:\/\/www.google.com.uy\/url?sa=t&amp;rct=j&amp;q=&amp;esrc=s&amp;source=web&amp;cd=1&amp;cad=rja&amp;uact=8&amp;ved=0ahUKEwjd1IWesLrSAhXFjJAKHQXQBWQQFggYMAA&amp;url=https%3A%2F%2Fwww.presidencia.gub.uy%2F&amp;usg=AFQjCNE6uOFx8vqxzQ5-Kl4aQbJLuNw-bA&amp;sig2=1PEw3beYwOqFSF6hxuSisA&amp;bvm=bv.148747831,d.Y2I\" target=\"_blank\">Presidencia de la Rep\u00fablica<\/a><\/li>\n<li><a href=\"https:\/\/www.google.com.uy\/url?sa=t&amp;rct=j&amp;q=&amp;esrc=s&amp;source=web&amp;cd=1&amp;cad=rja&amp;uact=8&amp;sqi=2&amp;ved=0ahUKEwjOlsOzsLrSAhWEj5AKHSMyAJgQFggYMAA&amp;url=http%3A%2F%2Fwww.poderjudicial.gub.uy%2F&amp;usg=AFQjCNESNfDXNyVNCTwV_GsmU81mouKEag&amp;sig2=KS5n0AvmIvD3WOyyiMjB0w&amp;bvm=bv.148747831,d.Y2I\" target=\"_blank\">Poder Judicial<\/a><\/li>\n<li><a href=\"https:\/\/www.google.com.uy\/url?sa=t&amp;rct=j&amp;q=&amp;esrc=s&amp;source=web&amp;cd=1&amp;cad=rja&amp;uact=8&amp;ved=0ahUKEwiE37a-sLrSAhXBlZAKHdogAnEQFggYMAA&amp;url=https%3A%2F%2Fparlamento.gub.uy%2F&amp;usg=AFQjCNHHpPkWF8BbqskQzzCtlo22YCu9vg&amp;sig2=6Qu7_KIEurw3gjvusx_Gsg&amp;bvm=bv.148747831,d.Y2I\" target=\"_blank\">Poder Legislativo<\/a><\/li>\n<li><a href=\"https:\/\/www.google.com.uy\/url?sa=t&amp;rct=j&amp;q=&amp;esrc=s&amp;source=web&amp;cd=1&amp;cad=rja&amp;uact=8&amp;sqi=2&amp;ved=0ahUKEwjdteLIsLrSAhUClJAKHSCsCCAQFggZMAA&amp;url=http%3A%2F%2Fwww.universidad.edu.uy%2F&amp;usg=AFQjCNEVYIIb3ZNmiKKNSEMm1UBOpJjMqA&amp;sig2=NqUmJEw7N52NPJnlCA-aWQ&amp;bvm=bv.148747831,d.Y2I\" target=\"_blank\">Universidad de la Rep\u00fablica<\/a><\/li>\n<li><a href=\"https:\/\/www.google.com.uy\/url?sa=t&amp;rct=j&amp;q=&amp;esrc=s&amp;source=web&amp;cd=1&amp;cad=rja&amp;uact=8&amp;sqi=2&amp;ved=0ahUKEwik-eDQsLrSAhWCjJAKHURrBwcQFggYMAA&amp;url=https%3A%2F%2Fwww.uruguayconcursa.gub.uy%2F&amp;usg=AFQjCNGOhutFfLMCaqcKKDsQ2oo9GwQbIQ&amp;sig2=2oncVyyQY2JBFrtuikw0Tg&amp;bvm=bv.148747831,d.Y2I\" target=\"_blank\">Uruguay Concursa<\/a><\/li>\n<li><a href=\"https:\/\/www.google.com.uy\/url?sa=t&amp;rct=j&amp;q=&amp;esrc=s&amp;source=web&amp;cd=1&amp;cad=rja&amp;uact=8&amp;ved=0ahUKEwjI4drasLrSAhUFhJAKHS54BcUQFggYMAA&amp;url=http%3A%2F%2Fportal.ute.com.uy%2F&amp;usg=AFQjCNGsDj9X0rW5wrXBLRGbKrTcTTqqoA&amp;sig2=Ht2WZsvGTqD3Tt0H-d1QHw&amp;bvm=bv.148747831,d.Y2I\" target=\"_blank\">UTE<\/a><\/li>\n<li><a href=\"https:\/\/www.google.com.uy\/url?sa=t&amp;rct=j&amp;q=&amp;esrc=s&amp;source=web&amp;cd=1&amp;cad=rja&amp;uact=8&amp;ved=0ahUKEwiQ9rXpsLrSAhVDlJAKHQ3OCf8QFggYMAA&amp;url=https%3A%2F%2Fwww.utu.edu.uy%2F&amp;usg=AFQjCNHKljMnAst5FkiDpUckwFDY5LkRQA&amp;sig2=Qm31yJ-FQrqEA-8ioC6yZQ&amp;bvm=bv.148747831,d.Y2I\" target=\"_blank\">UTU<\/a><\/li>\n<\/ul>\n","protected":false},"excerpt":{"rendered":"<p>ANEP Agencia de Desarrollo Antel Asociaci\u00f3n Comercial e Industrial BPS CEIP &#8211; Consejo de Educaci\u00f3n Inicial y Primaria Congreso de Intendentes Correo DGI Direcci\u00f3n Nacional de Aduanas Direcci\u00f3n Nacional de Bomberos Direcci\u00f3n Nacional de Catastro Direcci\u00f3n Nacional de Meteorolog\u00eda Direcci\u00f3n Nacional de Registro Gu\u00eda de Antel INE Junta Departamental de Rivera OSE Plan Ceibal Presidencia [&hellip;]<\/p>\n","protected":false},"author":1,"featured_media":0,"parent":0,"menu_order":0,"comment_status":"closed","ping_status":"closed","template":"","meta":{"footnotes":""},"class_list":["post-177","page","type-page","status-publish","hentry"],"_links":{"self":[{"href":"https:\/\/www.rivera.gub.uy\/portal\/wp-json\/wp\/v2\/pages\/177","targetHints":{"allow":["GET"]}}],"collection":[{"href":"https:\/\/www.rivera.gub.uy\/portal\/wp-json\/wp\/v2\/pages"}],"about":[{"href":"https:\/\/www.rivera.gub.uy\/portal\/wp-json\/wp\/v2\/types\/page"}],"author":[{"embeddable":true,"href":"https:\/\/www.rivera.gub.uy\/portal\/wp-json\/wp\/v2\/users\/1"}],"replies":[{"embeddable":true,"href":"https:\/\/www.rivera.gub.uy\/portal\/wp-json\/wp\/v2\/comments?post=177"}],"version-history":[{"count":10,"href":"https:\/\/www.rivera.gub.uy\/portal\/wp-json\/wp\/v2\/pages\/177\/revisions"}],"predecessor-version":[{"id":715,"href":"https:\/\/www.rivera.gub.uy\/portal\/wp-json\/wp\/v2\/pages\/177\/revisions\/715"}],"wp:attachment":[{"href":"https:\/\/www.rivera.gub.uy\/portal\/wp-json\/wp\/v2\/media?parent=177"}],"curies":[{"name":"wp","href":"https:\/\/api.w.org\/{rel}","templated":true}]}}