{"id":285,"date":"2016-10-18T13:05:08","date_gmt":"2016-10-18T16:05:08","guid":{"rendered":"http:\/\/c0010014.ferozo.com\/?page_id=285"},"modified":"2017-03-30T16:24:51","modified_gmt":"2017-03-30T16:24:51","slug":"historia-y-localidades","status":"publish","type":"page","link":"https:\/\/www.rivera.gub.uy\/portal\/historia-y-localidades\/","title":{"rendered":"Historia y Localidades"},"content":{"rendered":"<div id=\"pl-285\"  class=\"panel-layout\" ><div id=\"pg-285-0\"  class=\"panel-grid panel-no-style\" ><div id=\"pgc-285-0-0\"  class=\"panel-grid-cell\" ><div id=\"panel-285-0-0-0\" class=\"so-panel widget widget_sow-editor panel-first-child panel-last-child\" data-index=\"0\" ><div\n\t\t\t\n\t\t\tclass=\"so-widget-sow-editor so-widget-sow-editor-base\"\n\t\t\t\n\t\t>\n<div class=\"siteorigin-widget-tinymce textwidget\">\n\t<p><img loading=\"lazy\" decoding=\"async\" class=\"wp-image-122 aligncenter\" src=\"http:\/\/www.rivera.gub.uy\/portal\/images\/historia-y-localidades.png\" alt=\"Historia y Localidades de Rivera\" width=\"800\" height=\"350\" \/><\/p>\n<\/div>\n<\/div><\/div><\/div><\/div><div id=\"pg-285-1\"  class=\"panel-grid panel-no-style\" ><div id=\"pgc-285-1-0\"  class=\"panel-grid-cell\" ><div id=\"panel-285-1-0-0\" class=\"so-panel widget widget_sow-editor panel-first-child\" data-index=\"1\" ><div\n\t\t\t\n\t\t\tclass=\"so-widget-sow-editor so-widget-sow-editor-base\"\n\t\t\t\n\t\t><h3 class=\"widget-title\">Una breve historia de Rivera<\/h3>\n<div class=\"siteorigin-widget-tinymce textwidget\">\n\t<p>El departamento de Rivera est\u00e1 ubicado al noreste de la Rep\u00fablica Oriental del Uruguay, con una superficie de 9.370 km cuadrados y una poblaci\u00f3n, seg\u00fan el INE de 103.493 habitantes (CENSO 2011).<\/p>\n<p>Sus l\u00edmites son: al Norte la Rep\u00fablica federativa de Brasil; al Este el departamento de Cerro Largo; al Sur el departamento de Tacuaremb\u00f3 y al Oeste los departamentos de Artigas y Salto. En 1823 se funda Santana do Livramento y en 1837, se divide el departamento de Paysand\u00fa en dos, surgiendo el departamento de Tacuaremb\u00f3 (con 25.000 km cuadrados, cuya capital era Villa de San Fructuoso de Tacuaremb\u00f3, fundada en 1832 por Bernab\u00e9 Rivera).<\/p>\n<p>Como el gobierno uruguayo comenz\u00f3 a preocuparse por el avance de las costumbres e idioma brasile\u00f1o en el territorio nacional, luego de la Guerra Grande, a partir de 1853, se comienzan a instalar los marcos para se\u00f1alizar los l\u00edmites geogr\u00e1ficos. El 7 de mayo de 1862 se crea el Pueblo de Ceballos, en homenaje al Virrey Pedro de Ceballos, frente al pueblo de Santa Ana de Livramento y en julio de 1867 pasa a ser Pueblo de Rivera, en homenaje al Coronel Bernab\u00e9 Rivera.<\/p>\n<p>El 1\u00ba de octubre de 1884 durante la presidencia de M\u00e1ximo Santos, se promulg\u00f3 la Ley de creaci\u00f3n del departamento de Rivera, en honor al General Fructuoso Rivera (primer Presidente Constitucional de la Rep\u00fablica y fundador del Partido Colorado, setiembre de 1836, en los campos de Carpinter\u00eda).<\/p>\n<p>De acuerdo a la Constituci\u00f3n de 1830, los departamentos eran administrados por una Junta Econ\u00f3mico Administrativa, el 2 de octubre de 1884 el Poder Ejecutivo nombra al Coronel Jos\u00e9 Nemesio Escobar como el primer Jefe Pol\u00edtico y de Polic\u00eda de nuestro departamento y el 24 de octubre de 1884 se re\u00fane la Junta Econ\u00f3mica Administrativa, pasando estas \u00faltimas a ser electas desde 1894, siendo su primer Presidente electo el Sr. Faustino Car\u00e1mbula.<\/p>\n<p>Se sucedieron diversos Jefes Pol\u00edticos y de Polic\u00eda, hasta que el 18 de diciembre de 1908 se promulg\u00f3 la Ley de Creaci\u00f3n de las Intendencias en todos los departamentos, por lo que el 19 de enero de 1909, el Poder Ejecutivo design\u00f3 al Proc. Agust\u00edn Ortega como el primer Intendente de Rivera.<\/p>\n<\/div>\n<\/div><\/div><div id=\"panel-285-1-0-1\" class=\"so-panel widget widget_sow-editor\" data-index=\"2\" ><div\n\t\t\t\n\t\t\tclass=\"so-widget-sow-editor so-widget-sow-editor-base\"\n\t\t\t\n\t\t><h3 class=\"widget-title\">Emblemas departamentales<\/h3>\n<div class=\"siteorigin-widget-tinymce textwidget\">\n\t<p>El escudo del departamento fue creado por Decreto Municipal N\u00b0 2827 de fecha 13 de agosto de 1938 y en 1998 se crea la Bandera Departamental, siendo aprobado por la Junta Departamental (Acta N\u00b0 31 del 15 de setiembre de 1998) el proyecto ganador del concurso cuyas bases fueron establecidas por Resoluci\u00f3n Municipal N\u00b0 1365 de fecha 30 de abril de 1998. Juntas Locales en el interior del departamento.<\/p>\n<\/div>\n<\/div><\/div><div id=\"panel-285-1-0-2\" class=\"so-panel widget widget_sow-editor\" data-index=\"3\" ><div\n\t\t\t\n\t\t\tclass=\"so-widget-sow-editor so-widget-sow-editor-base\"\n\t\t\t\n\t\t>\n<div class=\"siteorigin-widget-tinymce textwidget\">\n\t<h3 style=\"text-align: center;\"><strong><a href=\"http:\/\/www.otu.opp.gub.uy\/perfiles\/rivera\" target=\"_blank\">DATOS ESTAD\u00cdSTICOS DE RIVERA<\/a><\/strong><\/h3>\n<\/div>\n<\/div><\/div><div id=\"panel-285-1-0-3\" class=\"so-panel widget widget_sow-editor panel-last-child\" data-index=\"4\" ><div\n\t\t\t\n\t\t\tclass=\"so-widget-sow-editor so-widget-sow-editor-base\"\n\t\t\t\n\t\t><h3 class=\"widget-title\">Localidades<\/h3>\n<div class=\"siteorigin-widget-tinymce textwidget\">\n\t<table>\n<tbody>\n<tr>\n<td style=\"text-align: center;\">AMARILLO<br \/> ARROYO BLANCO<br \/> CALERA<br \/> CARAGUAT\u00c1<br \/> CERRILLADA<br \/> CERRO PELADO<br \/> CUCHILLA MANGUERA<br \/> LAGOS DEL NORTE<br \/> LAS FLORES<br \/> LAPUENTE<\/td>\n<td style=\"text-align: center;\">MANUEL D\u00cdAZ<br \/> MASOLLER<br \/> <a href=\"http:\/\/www.otu.opp.gub.uy\/perfiles\/rivera\/minas-de-corrales\" target=\"_blank\">MINAS DE CORRALES<\/a><br \/> MOIRONES<br \/> PASO ATAQUES<br \/> PASO HOSPITAL<br \/> <a href=\"http:\/\/www.otu.opp.gub.uy\/perfiles\/rivera\/tranqueras\" target=\"_blank\">TRANQUERAS<\/a><br \/> TRES CERROS<br \/> TRES PUENTES<br \/> <a href=\"http:\/\/www.otu.opp.gub.uy\/perfiles\/rivera\/vichadero\" target=\"_blank\">VICHADERO<\/a><\/td>\n<\/tr>\n<\/tbody>\n<\/table>\n<\/div>\n<\/div><\/div><\/div><\/div><\/div>","protected":false},"excerpt":{"rendered":"<p>El departamento de Rivera est\u00e1 ubicado al noreste de la Rep\u00fablica Oriental del Uruguay, con una superficie de 9.370 km cuadrados y una poblaci\u00f3n, seg\u00fan el INE de 103.493 habitantes (CENSO 2011).Sus l\u00edmites son: al Norte la Rep\u00fablica federativa de Brasil; al Este el departamento de Cerro Largo; al Sur el departamento de Tacuaremb\u00f3 y [&hellip;]<\/p>\n","protected":false},"author":1,"featured_media":0,"parent":0,"menu_order":0,"comment_status":"closed","ping_status":"closed","template":"","meta":{"footnotes":""},"class_list":["post-285","page","type-page","status-publish","hentry"],"_links":{"self":[{"href":"https:\/\/www.rivera.gub.uy\/portal\/wp-json\/wp\/v2\/pages\/285","targetHints":{"allow":["GET"]}}],"collection":[{"href":"https:\/\/www.rivera.gub.uy\/portal\/wp-json\/wp\/v2\/pages"}],"about":[{"href":"https:\/\/www.rivera.gub.uy\/portal\/wp-json\/wp\/v2\/types\/page"}],"author":[{"embeddable":true,"href":"https:\/\/www.rivera.gub.uy\/portal\/wp-json\/wp\/v2\/users\/1"}],"replies":[{"embeddable":true,"href":"https:\/\/www.rivera.gub.uy\/portal\/wp-json\/wp\/v2\/comments?post=285"}],"version-history":[{"count":5,"href":"https:\/\/www.rivera.gub.uy\/portal\/wp-json\/wp\/v2\/pages\/285\/revisions"}],"predecessor-version":[{"id":1037,"href":"https:\/\/www.rivera.gub.uy\/portal\/wp-json\/wp\/v2\/pages\/285\/revisions\/1037"}],"wp:attachment":[{"href":"https:\/\/www.rivera.gub.uy\/portal\/wp-json\/wp\/v2\/media?parent=285"}],"curies":[{"name":"wp","href":"https:\/\/api.w.org\/{rel}","templated":true}]}}