{"id":290,"date":"2016-10-18T14:33:49","date_gmt":"2016-10-18T17:33:49","guid":{"rendered":"http:\/\/c0010014.ferozo.com\/?page_id=290"},"modified":"2023-01-11T13:53:39","modified_gmt":"2023-01-11T16:53:39","slug":"gis-sistema-de-informacion-geografico","status":"publish","type":"page","link":"https:\/\/www.rivera.gub.uy\/portal\/gis-sistema-de-informacion-geografico\/","title":{"rendered":"GIS: Sistema de Informaci\u00f3n Geogr\u00e1fico"},"content":{"rendered":"<div id=\"pl-290\"  class=\"panel-layout\" ><div id=\"pg-290-0\"  class=\"panel-grid panel-no-style\" ><div id=\"pgc-290-0-0\"  class=\"panel-grid-cell\" ><div id=\"panel-290-0-0-0\" class=\"so-panel widget widget_sow-editor panel-first-child\" data-index=\"0\" ><div\n\t\t\t\n\t\t\tclass=\"so-widget-sow-editor so-widget-sow-editor-base\"\n\t\t\t\n\t\t>\n<div class=\"siteorigin-widget-tinymce textwidget\">\n\t<p>Un Sistema de Informaci\u00f3n Geogr\u00e1fico (SIG), es un sistema integrado por tecnolog\u00eda inform\u00e1tica, hardware y datos geogr\u00e1ficos.<\/p>\n<p>Su finalidad es la captura, almacenamiento, manipulaci\u00f3n y an\u00e1lisis de la informaci\u00f3n geogr\u00e1ficamente referenciada con el fin de resolver problemas territoriales complejos de planificaci\u00f3n, gesti\u00f3n, consulta y b\u00fasqueda de informaci\u00f3n.<\/p>\n<p>Con la finalidad de acercar esta informaci\u00f3n al ciudadano, es que se pone a disposici\u00f3n una primera versi\u00f3n de un visualizador de datos geogr\u00e1ficos.<\/p>\n<p>Este visualizador permite navegar a trav\u00e9s de un mapa centrado en el Departamento de Rivera, buscar y consultar informaci\u00f3n, medir distancias y \u00e1reas, imprimir su propio mapa con la superposici\u00f3n de capas deseada por cada usuario en formato de p\u00e1gina web o en PDF.<\/p>\n<p>La informaci\u00f3n es actualizada en forma peri\u00f3dica, incluso diaria, para saber m\u00e1s sobre el estado de la misma, per\u00edodo de actualizaci\u00f3n, entre otros datos puede seleccionar la herramienta \"Informaci\u00f3n\" al lado de cada capa en la secci\u00f3n \"Capas\" sobre la izquierda del mapa.<\/p>\n<\/div>\n<\/div><\/div><div id=\"panel-290-0-0-1\" class=\"so-panel widget widget_sow-editor panel-last-child\" data-index=\"1\" ><div\n\t\t\t\n\t\t\tclass=\"so-widget-sow-editor so-widget-sow-editor-base\"\n\t\t\t\n\t\t>\n<div class=\"siteorigin-widget-tinymce textwidget\">\n\t<hr \/>\n<h3 style=\"text-align: center;\"><strong>Descargar Planos de la Ciudad de Rivera<\/strong><\/h3>\n<\/div>\n<\/div><\/div><\/div><div id=\"pgc-290-0-1\"  class=\"panel-grid-cell\" ><div id=\"panel-290-0-1-0\" class=\"so-panel widget widget_sow-image panel-first-child\" data-index=\"2\" ><div\n\t\t\t\n\t\t\tclass=\"so-widget-sow-image so-widget-sow-image-default-c67d20f9f743-290\"\n\t\t\t\n\t\t>\n<div class=\"sow-image-container\">\n\t\t<img \n\tsrc=\"https:\/\/www.rivera.gub.uy\/portal\/wp-content\/uploads\/2016\/10\/visualizador-gis.jpg\" width=\"1099\" height=\"727\" srcset=\"https:\/\/www.rivera.gub.uy\/portal\/wp-content\/uploads\/2016\/10\/visualizador-gis.jpg 1099w, https:\/\/www.rivera.gub.uy\/portal\/wp-content\/uploads\/2016\/10\/visualizador-gis-142x94.jpg 142w, https:\/\/www.rivera.gub.uy\/portal\/wp-content\/uploads\/2016\/10\/visualizador-gis-284x188.jpg 284w, https:\/\/www.rivera.gub.uy\/portal\/wp-content\/uploads\/2016\/10\/visualizador-gis-768x508.jpg 768w, https:\/\/www.rivera.gub.uy\/portal\/wp-content\/uploads\/2016\/10\/visualizador-gis-946x626.jpg 946w, https:\/\/www.rivera.gub.uy\/portal\/wp-content\/uploads\/2016\/10\/visualizador-gis-820x542.jpg 820w\" sizes=\"(max-width: 1099px) 100vw, 1099px\" title=\"GIS &#8211; Intendencia Departamental de Rivera\" alt=\"GIS - Intendencia Departamental de Rivera\" \t\tclass=\"so-widget-image\"\/>\n\t<\/div>\n\n<\/div><\/div><div id=\"panel-290-0-1-1\" class=\"so-panel widget widget_sow-editor panel-last-child\" data-index=\"3\" ><div\n\t\t\t\n\t\t\tclass=\"so-widget-sow-editor so-widget-sow-editor-base\"\n\t\t\t\n\t\t>\n<div class=\"siteorigin-widget-tinymce textwidget\">\n\t<p style=\"text-align: center;\"><a href=\"https:\/\/gis.rivera.gub.uy\/\" target=\"_blank\" rel=\"noopener\"><img loading=\"lazy\" decoding=\"async\" src=\"http:\/\/www.rivera.gub.uy\/portal\/images\/icono-masinfo.png\" width=\"150\" height=\"150\" \/><\/a><\/p>\n<h3 style=\"text-align: center;\">Acceder al Visualizador Geogr\u00e1fico<\/h3>\n<\/div>\n<\/div><\/div><\/div><\/div><div id=\"pg-290-1\"  class=\"panel-grid panel-no-style\" ><div id=\"pgc-290-1-0\"  class=\"panel-grid-cell\" ><div id=\"panel-290-1-0-0\" class=\"so-panel widget widget_sow-image panel-first-child panel-last-child\" data-index=\"4\" ><div\n\t\t\t\n\t\t\tclass=\"so-widget-sow-image so-widget-sow-image-default-fcdcd8a14e55-290\"\n\t\t\t\n\t\t>\n<div class=\"sow-image-container\">\n\t\t\t<a href=\"https:\/\/www.rivera.gub.uy\/portal\/wp-content\/uploads\/2021\/02\/RIVERA-2021.pdf\"\n\t\t\ttarget=\"_blank\" rel=\"noopener noreferrer\" \t\t>\n\t\t\t<img \n\tsrc=\"https:\/\/www.rivera.gub.uy\/portal\/wp-content\/uploads\/2019\/06\/icono-descargarpdf-150x150.png\" width=\"150\" height=\"150\" srcset=\"https:\/\/www.rivera.gub.uy\/portal\/wp-content\/uploads\/2019\/06\/icono-descargarpdf-150x150.png 150w, https:\/\/www.rivera.gub.uy\/portal\/wp-content\/uploads\/2019\/06\/icono-descargarpdf-150x150-94x94.png 94w\" sizes=\"(max-width: 150px) 100vw, 150px\" title=\"Ciudad de Rivera\" alt=\"\" \t\tclass=\"so-widget-image\"\/>\n\t\t\t<\/a><\/div>\n\n<h3 class=\"widget-title\">\t\t<a href=\"https:\/\/www.rivera.gub.uy\/portal\/wp-content\/uploads\/2021\/02\/RIVERA-2021.pdf\"\n\t\t\ttarget=\"_blank\" rel=\"noopener noreferrer\" \t\t>\n\t\tCiudad de Rivera<\/a><\/h3><\/div><\/div><\/div><div id=\"pgc-290-1-1\"  class=\"panel-grid-cell panel-grid-cell-mobile-last\" ><div id=\"panel-290-1-1-0\" class=\"so-panel widget widget_sow-image panel-first-child panel-last-child\" data-index=\"5\" ><div\n\t\t\t\n\t\t\tclass=\"so-widget-sow-image so-widget-sow-image-default-fcdcd8a14e55-290\"\n\t\t\t\n\t\t>\n<div class=\"sow-image-container\">\n\t\t\t<a href=\"https:\/\/www.rivera.gub.uy\/portal\/wp-content\/uploads\/2021\/02\/RIVERA-2021-con-barrios.pdf\"\n\t\t\ttarget=\"_blank\" rel=\"noopener noreferrer\" \t\t>\n\t\t\t<img \n\tsrc=\"https:\/\/www.rivera.gub.uy\/portal\/wp-content\/uploads\/2019\/06\/icono-descargarpdf-150x150.png\" width=\"150\" height=\"150\" srcset=\"https:\/\/www.rivera.gub.uy\/portal\/wp-content\/uploads\/2019\/06\/icono-descargarpdf-150x150.png 150w, https:\/\/www.rivera.gub.uy\/portal\/wp-content\/uploads\/2019\/06\/icono-descargarpdf-150x150-94x94.png 94w\" sizes=\"(max-width: 150px) 100vw, 150px\" title=\"Barrios de la ciudad de Rivera\" alt=\"\" \t\tclass=\"so-widget-image\"\/>\n\t\t\t<\/a><\/div>\n\n<h3 class=\"widget-title\">\t\t<a href=\"https:\/\/www.rivera.gub.uy\/portal\/wp-content\/uploads\/2021\/02\/RIVERA-2021-con-barrios.pdf\"\n\t\t\ttarget=\"_blank\" rel=\"noopener noreferrer\" \t\t>\n\t\tBarrios de la ciudad de Rivera<\/a><\/h3><\/div><\/div><\/div><div id=\"pgc-290-1-2\"  class=\"panel-grid-cell panel-grid-cell-empty\" ><\/div><\/div><\/div>","protected":false},"excerpt":{"rendered":"<p>Un Sistema de Informaci\u00f3n Geogr\u00e1fico (SIG), es un sistema integrado por tecnolog\u00eda inform\u00e1tica, hardware y datos geogr\u00e1ficos.Su finalidad es la captura, almacenamiento, manipulaci\u00f3n y an\u00e1lisis de la informaci\u00f3n geogr\u00e1ficamente referenciada con el fin de resolver problemas territoriales complejos de planificaci\u00f3n, gesti\u00f3n, consulta y b\u00fasqueda de informaci\u00f3n.Con la finalidad de acercar esta informaci\u00f3n al ciudadano, es [&hellip;]<\/p>\n","protected":false},"author":1,"featured_media":0,"parent":0,"menu_order":0,"comment_status":"closed","ping_status":"closed","template":"","meta":{"footnotes":""},"class_list":["post-290","page","type-page","status-publish","hentry"],"_links":{"self":[{"href":"https:\/\/www.rivera.gub.uy\/portal\/wp-json\/wp\/v2\/pages\/290","targetHints":{"allow":["GET"]}}],"collection":[{"href":"https:\/\/www.rivera.gub.uy\/portal\/wp-json\/wp\/v2\/pages"}],"about":[{"href":"https:\/\/www.rivera.gub.uy\/portal\/wp-json\/wp\/v2\/types\/page"}],"author":[{"embeddable":true,"href":"https:\/\/www.rivera.gub.uy\/portal\/wp-json\/wp\/v2\/users\/1"}],"replies":[{"embeddable":true,"href":"https:\/\/www.rivera.gub.uy\/portal\/wp-json\/wp\/v2\/comments?post=290"}],"version-history":[{"count":20,"href":"https:\/\/www.rivera.gub.uy\/portal\/wp-json\/wp\/v2\/pages\/290\/revisions"}],"predecessor-version":[{"id":41358,"href":"https:\/\/www.rivera.gub.uy\/portal\/wp-json\/wp\/v2\/pages\/290\/revisions\/41358"}],"wp:attachment":[{"href":"https:\/\/www.rivera.gub.uy\/portal\/wp-json\/wp\/v2\/media?parent=290"}],"curies":[{"name":"wp","href":"https:\/\/api.w.org\/{rel}","templated":true}]}}