{"id":30570,"date":"2021-07-01T12:16:22","date_gmt":"2021-07-01T15:16:22","guid":{"rendered":"https:\/\/www.rivera.gub.uy\/portal\/?page_id=30570"},"modified":"2022-06-26T17:19:44","modified_gmt":"2022-06-26T20:19:44","slug":"totem","status":"publish","type":"page","link":"https:\/\/www.rivera.gub.uy\/portal\/totem\/","title":{"rendered":""},"content":{"rendered":"<div id=\"pl-30570\"  class=\"panel-layout\" ><div id=\"pg-30570-0\"  class=\"panel-grid panel-no-style\" ><div id=\"pgc-30570-0-0\"  class=\"panel-grid-cell\" ><div id=\"panel-30570-0-0-0\" class=\"so-panel widget widget_sow-editor panel-first-child panel-last-child\" data-index=\"0\" ><div\n\t\t\t\n\t\t\tclass=\"so-widget-sow-editor so-widget-sow-editor-base\"\n\t\t\t\n\t\t>\n<div class=\"siteorigin-widget-tinymce textwidget\">\n\t<p><a href=\"https:\/\/www.rivera.gub.uy\/portal\/tramites-generales\/\" rel=\"noopener noreferrer\"><img loading=\"lazy\" decoding=\"async\" class=\"aligncenter wp-image-30571 size-medium\" src=\"https:\/\/www.rivera.gub.uy\/portal\/wp-content\/uploads\/2021\/07\/icono-tramite_Mesa-de-trabajo-1-199x188.png\" alt=\"\" width=\"199\" height=\"188\" srcset=\"https:\/\/www.rivera.gub.uy\/portal\/wp-content\/uploads\/2021\/07\/icono-tramite_Mesa-de-trabajo-1-199x188.png 199w, https:\/\/www.rivera.gub.uy\/portal\/wp-content\/uploads\/2021\/07\/icono-tramite_Mesa-de-trabajo-1-100x94.png 100w, https:\/\/www.rivera.gub.uy\/portal\/wp-content\/uploads\/2021\/07\/icono-tramite_Mesa-de-trabajo-1-768x725.png 768w, https:\/\/www.rivera.gub.uy\/portal\/wp-content\/uploads\/2021\/07\/icono-tramite_Mesa-de-trabajo-1-663x626.png 663w, https:\/\/www.rivera.gub.uy\/portal\/wp-content\/uploads\/2021\/07\/icono-tramite_Mesa-de-trabajo-1-820x774.png 820w, https:\/\/www.rivera.gub.uy\/portal\/wp-content\/uploads\/2021\/07\/icono-tramite_Mesa-de-trabajo-1.png 1314w\" sizes=\"auto, (max-width: 199px) 100vw, 199px\" \/><\/a><\/p>\n<p style=\"text-align: center;\"><strong>Tr\u00e1mites<\/strong><\/p>\n<\/div>\n<\/div><\/div><\/div><div id=\"pgc-30570-0-1\"  class=\"panel-grid-cell\" ><div id=\"panel-30570-0-1-0\" class=\"so-panel widget widget_sow-editor panel-first-child panel-last-child\" data-index=\"1\" ><div\n\t\t\t\n\t\t\tclass=\"so-widget-sow-editor so-widget-sow-editor-base\"\n\t\t\t\n\t\t>\n<div class=\"siteorigin-widget-tinymce textwidget\">\n\t<p><a href=\"https:\/\/tramites.rivera.gub.uy\/portaldetramites\/servlet\/consultaexpper0\"><img loading=\"lazy\" decoding=\"async\" class=\"aligncenter wp-image-30578 size-medium\" src=\"https:\/\/www.rivera.gub.uy\/portal\/wp-content\/uploads\/2021\/07\/iconos-naranjas-expediente_Mesa-de-trabajo-1.png\" alt=\"\" width=\"199\" height=\"188\" srcset=\"https:\/\/www.rivera.gub.uy\/portal\/wp-content\/uploads\/2021\/07\/iconos-naranjas-expediente_Mesa-de-trabajo-1.png 1314w, https:\/\/www.rivera.gub.uy\/portal\/wp-content\/uploads\/2021\/07\/iconos-naranjas-expediente_Mesa-de-trabajo-1-100x94.png 100w, https:\/\/www.rivera.gub.uy\/portal\/wp-content\/uploads\/2021\/07\/iconos-naranjas-expediente_Mesa-de-trabajo-1-199x188.png 199w, https:\/\/www.rivera.gub.uy\/portal\/wp-content\/uploads\/2021\/07\/iconos-naranjas-expediente_Mesa-de-trabajo-1-768x725.png 768w, https:\/\/www.rivera.gub.uy\/portal\/wp-content\/uploads\/2021\/07\/iconos-naranjas-expediente_Mesa-de-trabajo-1-663x626.png 663w, https:\/\/www.rivera.gub.uy\/portal\/wp-content\/uploads\/2021\/07\/iconos-naranjas-expediente_Mesa-de-trabajo-1-820x774.png 820w\" sizes=\"auto, (max-width: 199px) 100vw, 199px\" \/><\/a><\/p>\n<p style=\"text-align: center;\"><strong>Expediente Electr\u00f3nico<\/strong><\/p>\n<\/div>\n<\/div><\/div><\/div><div id=\"pgc-30570-0-2\"  class=\"panel-grid-cell\" ><div id=\"panel-30570-0-2-0\" class=\"so-panel widget widget_sow-editor panel-first-child panel-last-child\" data-index=\"2\" ><div\n\t\t\t\n\t\t\tclass=\"so-widget-sow-editor so-widget-sow-editor-base\"\n\t\t\t\n\t\t>\n<div class=\"siteorigin-widget-tinymce textwidget\">\n\t<p><a href=\"https:\/\/www.rivera.gub.uy\/transito\/servicios\/licencia-de-conducir\/\"><img loading=\"lazy\" decoding=\"async\" class=\"aligncenter wp-image-30584 size-medium\" src=\"https:\/\/www.rivera.gub.uy\/portal\/wp-content\/uploads\/2021\/07\/iconos-transito_Mesa-de-trabajo-1-199x188.png\" alt=\"\" width=\"199\" height=\"188\" srcset=\"https:\/\/www.rivera.gub.uy\/portal\/wp-content\/uploads\/2021\/07\/iconos-transito_Mesa-de-trabajo-1-199x188.png 199w, https:\/\/www.rivera.gub.uy\/portal\/wp-content\/uploads\/2021\/07\/iconos-transito_Mesa-de-trabajo-1-100x94.png 100w, https:\/\/www.rivera.gub.uy\/portal\/wp-content\/uploads\/2021\/07\/iconos-transito_Mesa-de-trabajo-1-768x725.png 768w, https:\/\/www.rivera.gub.uy\/portal\/wp-content\/uploads\/2021\/07\/iconos-transito_Mesa-de-trabajo-1-663x626.png 663w, https:\/\/www.rivera.gub.uy\/portal\/wp-content\/uploads\/2021\/07\/iconos-transito_Mesa-de-trabajo-1-820x774.png 820w, https:\/\/www.rivera.gub.uy\/portal\/wp-content\/uploads\/2021\/07\/iconos-transito_Mesa-de-trabajo-1.png 1314w\" sizes=\"auto, (max-width: 199px) 100vw, 199px\" \/><\/a><\/p>\n<p style=\"text-align: center;\"><strong>Licencia de Conducir<\/strong><\/p>\n<\/div>\n<\/div><\/div><\/div><div id=\"pgc-30570-0-3\"  class=\"panel-grid-cell\" ><div id=\"panel-30570-0-3-0\" class=\"so-panel widget widget_sow-editor panel-first-child panel-last-child\" data-index=\"3\" ><div\n\t\t\t\n\t\t\tclass=\"so-widget-sow-editor so-widget-sow-editor-base\"\n\t\t\t\n\t\t>\n<div class=\"siteorigin-widget-tinymce textwidget\">\n\t<p><a href=\"https:\/\/www.gub.uy\/tramites\/solicitud-partidas-rivera\"><img loading=\"lazy\" decoding=\"async\" class=\"aligncenter size-medium wp-image-30585\" src=\"https:\/\/www.rivera.gub.uy\/portal\/wp-content\/uploads\/2021\/07\/iconos-naranjas-registro_Mesa-de-trabajo-1-1-199x188.png\" alt=\"\" width=\"199\" height=\"188\" srcset=\"https:\/\/www.rivera.gub.uy\/portal\/wp-content\/uploads\/2021\/07\/iconos-naranjas-registro_Mesa-de-trabajo-1-1-199x188.png 199w, https:\/\/www.rivera.gub.uy\/portal\/wp-content\/uploads\/2021\/07\/iconos-naranjas-registro_Mesa-de-trabajo-1-1-100x94.png 100w, https:\/\/www.rivera.gub.uy\/portal\/wp-content\/uploads\/2021\/07\/iconos-naranjas-registro_Mesa-de-trabajo-1-1-768x725.png 768w, https:\/\/www.rivera.gub.uy\/portal\/wp-content\/uploads\/2021\/07\/iconos-naranjas-registro_Mesa-de-trabajo-1-1-663x626.png 663w, https:\/\/www.rivera.gub.uy\/portal\/wp-content\/uploads\/2021\/07\/iconos-naranjas-registro_Mesa-de-trabajo-1-1-820x774.png 820w, https:\/\/www.rivera.gub.uy\/portal\/wp-content\/uploads\/2021\/07\/iconos-naranjas-registro_Mesa-de-trabajo-1-1.png 1314w\" sizes=\"auto, (max-width: 199px) 100vw, 199px\" \/><\/a><\/p>\n<p style=\"text-align: center;\"><strong>Solicitud de Partidas<\/strong><\/p>\n<\/div>\n<\/div><\/div><\/div><\/div><div id=\"pg-30570-1\"  class=\"panel-grid panel-no-style\" ><div id=\"pgc-30570-1-0\"  class=\"panel-grid-cell\" ><div id=\"panel-30570-1-0-0\" class=\"so-panel widget widget_sow-editor panel-first-child panel-last-child\" data-index=\"4\" ><div\n\t\t\t\n\t\t\tclass=\"so-widget-sow-editor so-widget-sow-editor-base\"\n\t\t\t\n\t\t>\n<div class=\"siteorigin-widget-tinymce textwidget\">\n\t<p>&nbsp;<\/p>\n<p><a href=\"https:\/\/sae.rivera.gub.uy\/sae\/agendarReserva\/Paso1.xhtml?e=2&amp;a=7\"><img loading=\"lazy\" decoding=\"async\" class=\"aligncenter size-medium wp-image-30574\" src=\"https:\/\/www.rivera.gub.uy\/portal\/wp-content\/uploads\/2021\/07\/iconos-naranjas-agenda_Mesa-de-trabajo-1-199x188.png\" alt=\"\" width=\"199\" height=\"188\" srcset=\"https:\/\/www.rivera.gub.uy\/portal\/wp-content\/uploads\/2021\/07\/iconos-naranjas-agenda_Mesa-de-trabajo-1-199x188.png 199w, https:\/\/www.rivera.gub.uy\/portal\/wp-content\/uploads\/2021\/07\/iconos-naranjas-agenda_Mesa-de-trabajo-1-100x94.png 100w, https:\/\/www.rivera.gub.uy\/portal\/wp-content\/uploads\/2021\/07\/iconos-naranjas-agenda_Mesa-de-trabajo-1-768x725.png 768w, https:\/\/www.rivera.gub.uy\/portal\/wp-content\/uploads\/2021\/07\/iconos-naranjas-agenda_Mesa-de-trabajo-1-663x626.png 663w, https:\/\/www.rivera.gub.uy\/portal\/wp-content\/uploads\/2021\/07\/iconos-naranjas-agenda_Mesa-de-trabajo-1-820x774.png 820w, https:\/\/www.rivera.gub.uy\/portal\/wp-content\/uploads\/2021\/07\/iconos-naranjas-agenda_Mesa-de-trabajo-1.png 1314w\" sizes=\"auto, (max-width: 199px) 100vw, 199px\" \/><\/a><\/p>\n<p style=\"text-align: center;\"><strong>Agenda Web<\/strong><\/p>\n<\/div>\n<\/div><\/div><\/div><div id=\"pgc-30570-1-1\"  class=\"panel-grid-cell\" ><div id=\"panel-30570-1-1-0\" class=\"so-panel widget widget_sow-editor panel-first-child panel-last-child\" data-index=\"5\" ><div\n\t\t\t\n\t\t\tclass=\"so-widget-sow-editor so-widget-sow-editor-base\"\n\t\t\t\n\t\t>\n<div class=\"siteorigin-widget-tinymce textwidget\">\n\t<p><a href=\"https:\/\/www.rivera.gub.uy\/portal\/contribucion\/\"><img loading=\"lazy\" decoding=\"async\" class=\"aligncenter size-medium wp-image-30595\" src=\"https:\/\/www.rivera.gub.uy\/portal\/wp-content\/uploads\/2021\/07\/iconos-naranjas-contribucion_Mesa-de-trabajo-1-199x188.png\" alt=\"\" width=\"199\" height=\"188\" srcset=\"https:\/\/www.rivera.gub.uy\/portal\/wp-content\/uploads\/2021\/07\/iconos-naranjas-contribucion_Mesa-de-trabajo-1-199x188.png 199w, https:\/\/www.rivera.gub.uy\/portal\/wp-content\/uploads\/2021\/07\/iconos-naranjas-contribucion_Mesa-de-trabajo-1-100x94.png 100w, https:\/\/www.rivera.gub.uy\/portal\/wp-content\/uploads\/2021\/07\/iconos-naranjas-contribucion_Mesa-de-trabajo-1-768x725.png 768w, https:\/\/www.rivera.gub.uy\/portal\/wp-content\/uploads\/2021\/07\/iconos-naranjas-contribucion_Mesa-de-trabajo-1-663x626.png 663w, https:\/\/www.rivera.gub.uy\/portal\/wp-content\/uploads\/2021\/07\/iconos-naranjas-contribucion_Mesa-de-trabajo-1-820x774.png 820w, https:\/\/www.rivera.gub.uy\/portal\/wp-content\/uploads\/2021\/07\/iconos-naranjas-contribucion_Mesa-de-trabajo-1.png 1314w\" sizes=\"auto, (max-width: 199px) 100vw, 199px\" \/><\/a><\/p>\n<p style=\"text-align: center;\"><strong>Contribuci\u00f3n Inmobiliaria<\/strong><\/p>\n<\/div>\n<\/div><\/div><\/div><div id=\"pgc-30570-1-2\"  class=\"panel-grid-cell\" ><div id=\"panel-30570-1-2-0\" class=\"so-panel widget widget_sow-editor panel-first-child panel-last-child\" data-index=\"6\" ><div\n\t\t\t\n\t\t\tclass=\"so-widget-sow-editor so-widget-sow-editor-base\"\n\t\t\t\n\t\t>\n<div class=\"siteorigin-widget-tinymce textwidget\">\n\t<p><a href=\"https:\/\/gis.rivera.gub.uy\/gisrivera\/#on=BaseDepartamentos\/Departamentos;BaseDepartamentos\/AmericaDelSur;Default\/Linea_divisoria;Default\/ejes_calles_lejos;Transito\/flechas_ver;Transito\/senda_peatonal;Transito\/ciclovias;Administrativas\/Barrios;Administrativas\/Localidades_pt;Geodesia\/orografia_pl;Geodesia\/orografia_pg;Geodesia\/orografia_pt;Infraestructura\/Canteros_Plazas;Infraestructura\/areas_deportivas;Infraestructura\/puentes;Infraestructura\/fervia;Infraestructura\/alcantarillas;Infraestructura\/autodromo;Infraestructura\/cementerio;Infraestructura\/piletas;Infraestructura\/tajamares;ParcelasMapserver\/parcelario_rural;ParcelasMapserver\/CaminosOPP;ParcelasMapserver\/txt_parcelas;ParcelasMapserver\/nombres_calle;ParcelasMapserver\/ejagua;ParcelasMapserver\/flechas_ver;ParcelasTransparencia\/ParcelasUrbanas&amp;loc=305.748113140705;-6156085;-3690685\"><img loading=\"lazy\" decoding=\"async\" class=\"aligncenter wp-image-30581 size-medium\" src=\"https:\/\/www.rivera.gub.uy\/portal\/wp-content\/uploads\/2021\/07\/iconos-naranjas-localizacion_Mesa-de-trabajo-1-199x188.png\" alt=\"\" width=\"199\" height=\"188\" srcset=\"https:\/\/www.rivera.gub.uy\/portal\/wp-content\/uploads\/2021\/07\/iconos-naranjas-localizacion_Mesa-de-trabajo-1-199x188.png 199w, https:\/\/www.rivera.gub.uy\/portal\/wp-content\/uploads\/2021\/07\/iconos-naranjas-localizacion_Mesa-de-trabajo-1-100x94.png 100w, https:\/\/www.rivera.gub.uy\/portal\/wp-content\/uploads\/2021\/07\/iconos-naranjas-localizacion_Mesa-de-trabajo-1-768x725.png 768w, https:\/\/www.rivera.gub.uy\/portal\/wp-content\/uploads\/2021\/07\/iconos-naranjas-localizacion_Mesa-de-trabajo-1-663x626.png 663w, https:\/\/www.rivera.gub.uy\/portal\/wp-content\/uploads\/2021\/07\/iconos-naranjas-localizacion_Mesa-de-trabajo-1-820x774.png 820w, https:\/\/www.rivera.gub.uy\/portal\/wp-content\/uploads\/2021\/07\/iconos-naranjas-localizacion_Mesa-de-trabajo-1.png 1314w\" sizes=\"auto, (max-width: 199px) 100vw, 199px\" \/><\/a><\/p>\n<p style=\"text-align: center;\"><strong>Sistema de Informaci\u00f3n Geogr\u00e1fico<\/strong><\/p>\n<\/div>\n<\/div><\/div><\/div><div id=\"pgc-30570-1-3\"  class=\"panel-grid-cell\" ><div id=\"panel-30570-1-3-0\" class=\"so-panel widget widget_sow-editor panel-first-child panel-last-child\" data-index=\"7\" ><div\n\t\t\t\n\t\t\tclass=\"so-widget-sow-editor so-widget-sow-editor-base\"\n\t\t\t\n\t\t>\n<div class=\"siteorigin-widget-tinymce textwidget\">\n\t<p><a href=\"https:\/\/www.rivera.gub.uy\/portal\/historia-y-localidades\/\"><img loading=\"lazy\" decoding=\"async\" class=\"aligncenter wp-image-30583 size-medium\" src=\"https:\/\/www.rivera.gub.uy\/portal\/wp-content\/uploads\/2021\/07\/iconos-naranjas-riv_Mesa-de-trabajo-1-199x188.png\" alt=\"\" width=\"199\" height=\"188\" srcset=\"https:\/\/www.rivera.gub.uy\/portal\/wp-content\/uploads\/2021\/07\/iconos-naranjas-riv_Mesa-de-trabajo-1-199x188.png 199w, https:\/\/www.rivera.gub.uy\/portal\/wp-content\/uploads\/2021\/07\/iconos-naranjas-riv_Mesa-de-trabajo-1-100x94.png 100w, https:\/\/www.rivera.gub.uy\/portal\/wp-content\/uploads\/2021\/07\/iconos-naranjas-riv_Mesa-de-trabajo-1-768x725.png 768w, https:\/\/www.rivera.gub.uy\/portal\/wp-content\/uploads\/2021\/07\/iconos-naranjas-riv_Mesa-de-trabajo-1-663x626.png 663w, https:\/\/www.rivera.gub.uy\/portal\/wp-content\/uploads\/2021\/07\/iconos-naranjas-riv_Mesa-de-trabajo-1-820x774.png 820w, https:\/\/www.rivera.gub.uy\/portal\/wp-content\/uploads\/2021\/07\/iconos-naranjas-riv_Mesa-de-trabajo-1.png 1314w\" sizes=\"auto, (max-width: 199px) 100vw, 199px\" \/><\/a><\/p>\n<p style=\"text-align: center;\"><strong>Municipios<\/strong><\/p>\n<\/div>\n<\/div><\/div><\/div><\/div><div id=\"pg-30570-2\"  class=\"panel-grid panel-no-style\" ><div id=\"pgc-30570-2-0\"  class=\"panel-grid-cell\" ><div id=\"panel-30570-2-0-0\" class=\"so-panel widget widget_sow-editor panel-first-child panel-last-child\" data-index=\"8\" ><div\n\t\t\t\n\t\t\tclass=\"so-widget-sow-editor so-widget-sow-editor-base\"\n\t\t\t\n\t\t>\n<div class=\"siteorigin-widget-tinymce textwidget\">\n\t<p>&nbsp;<\/p>\n<p><a href=\"https:\/\/www.rivera.gub.uy\/medioambiente\/servicios\/empresas-y-alimentos\/\"><img loading=\"lazy\" decoding=\"async\" class=\"aligncenter wp-image-30577 size-medium\" src=\"https:\/\/www.rivera.gub.uy\/portal\/wp-content\/uploads\/2021\/07\/iconos-naranjas-empresas_Mesa-de-trabajo-1-199x188.png\" alt=\"\" width=\"199\" height=\"188\" srcset=\"https:\/\/www.rivera.gub.uy\/portal\/wp-content\/uploads\/2021\/07\/iconos-naranjas-empresas_Mesa-de-trabajo-1-199x188.png 199w, https:\/\/www.rivera.gub.uy\/portal\/wp-content\/uploads\/2021\/07\/iconos-naranjas-empresas_Mesa-de-trabajo-1-100x94.png 100w, https:\/\/www.rivera.gub.uy\/portal\/wp-content\/uploads\/2021\/07\/iconos-naranjas-empresas_Mesa-de-trabajo-1-768x725.png 768w, https:\/\/www.rivera.gub.uy\/portal\/wp-content\/uploads\/2021\/07\/iconos-naranjas-empresas_Mesa-de-trabajo-1-663x626.png 663w, https:\/\/www.rivera.gub.uy\/portal\/wp-content\/uploads\/2021\/07\/iconos-naranjas-empresas_Mesa-de-trabajo-1-820x774.png 820w, https:\/\/www.rivera.gub.uy\/portal\/wp-content\/uploads\/2021\/07\/iconos-naranjas-empresas_Mesa-de-trabajo-1.png 1314w\" sizes=\"auto, (max-width: 199px) 100vw, 199px\" \/><\/a><\/p>\n<p style=\"text-align: center;\"><strong>Empresas<\/strong><\/p>\n<\/div>\n<\/div><\/div><\/div><div id=\"pgc-30570-2-1\"  class=\"panel-grid-cell\" ><div id=\"panel-30570-2-1-0\" class=\"so-panel widget widget_sow-editor panel-first-child panel-last-child\" data-index=\"9\" ><div\n\t\t\t\n\t\t\tclass=\"so-widget-sow-editor so-widget-sow-editor-base\"\n\t\t\t\n\t\t>\n<div class=\"siteorigin-widget-tinymce textwidget\">\n\t<p><a href=\"https:\/\/www.rivera.gub.uy\/portal\/category\/licitaciones\/\"><img loading=\"lazy\" decoding=\"async\" class=\"aligncenter wp-image-30580 size-medium\" src=\"https:\/\/www.rivera.gub.uy\/portal\/wp-content\/uploads\/2021\/07\/iconos-naranjas-licitaciones_Mesa-de-trabajo-1-199x188.png\" alt=\"\" width=\"199\" height=\"188\" srcset=\"https:\/\/www.rivera.gub.uy\/portal\/wp-content\/uploads\/2021\/07\/iconos-naranjas-licitaciones_Mesa-de-trabajo-1-199x188.png 199w, https:\/\/www.rivera.gub.uy\/portal\/wp-content\/uploads\/2021\/07\/iconos-naranjas-licitaciones_Mesa-de-trabajo-1-100x94.png 100w, https:\/\/www.rivera.gub.uy\/portal\/wp-content\/uploads\/2021\/07\/iconos-naranjas-licitaciones_Mesa-de-trabajo-1-768x725.png 768w, https:\/\/www.rivera.gub.uy\/portal\/wp-content\/uploads\/2021\/07\/iconos-naranjas-licitaciones_Mesa-de-trabajo-1-663x626.png 663w, https:\/\/www.rivera.gub.uy\/portal\/wp-content\/uploads\/2021\/07\/iconos-naranjas-licitaciones_Mesa-de-trabajo-1-820x774.png 820w, https:\/\/www.rivera.gub.uy\/portal\/wp-content\/uploads\/2021\/07\/iconos-naranjas-licitaciones_Mesa-de-trabajo-1.png 1314w\" sizes=\"auto, (max-width: 199px) 100vw, 199px\" \/><\/a><\/p>\n<p style=\"text-align: center;\"><strong>Compras y Licitaciones<\/strong><\/p>\n<\/div>\n<\/div><\/div><\/div><div id=\"pgc-30570-2-2\"  class=\"panel-grid-cell\" ><div id=\"panel-30570-2-2-0\" class=\"so-panel widget widget_sow-editor panel-first-child panel-last-child\" data-index=\"10\" ><div\n\t\t\t\n\t\t\tclass=\"so-widget-sow-editor so-widget-sow-editor-base\"\n\t\t\t\n\t\t>\n<div class=\"siteorigin-widget-tinymce textwidget\">\n\t<p><a href=\"https:\/\/www.rivera.gub.uy\/portal\/tramites-generales\/solicitud-de-fumigacion\/\"><img loading=\"lazy\" decoding=\"async\" class=\"aligncenter wp-image-30573 size-medium\" src=\"https:\/\/www.rivera.gub.uy\/portal\/wp-content\/uploads\/2021\/12\/fumigacion-naranja-icono.png\" alt=\"\" width=\"199\" height=\"188\" \/><\/a><\/p>\n<p style=\"text-align: center;\"><strong>Solicitud de Fumigaciones<\/strong><\/p>\n<\/div>\n<\/div><\/div><\/div><div id=\"pgc-30570-2-3\"  class=\"panel-grid-cell\" ><div id=\"panel-30570-2-3-0\" class=\"so-panel widget widget_sow-editor panel-first-child panel-last-child\" data-index=\"11\" ><div\n\t\t\t\n\t\t\tclass=\"so-widget-sow-editor so-widget-sow-editor-base\"\n\t\t\t\n\t\t>\n<div class=\"siteorigin-widget-tinymce textwidget\">\n\t<p><a href=\"https:\/\/www.gub.uy\/tramites\/solicitud-certificado-unico-departamental-rivera\"><img loading=\"lazy\" decoding=\"async\" class=\"aligncenter wp-image-30576 size-medium\" src=\"https:\/\/www.rivera.gub.uy\/portal\/wp-content\/uploads\/2021\/07\/iconos-naranjas-cud_Mesa-de-trabajo-1-199x188.png\" alt=\"\" width=\"199\" height=\"188\" srcset=\"https:\/\/www.rivera.gub.uy\/portal\/wp-content\/uploads\/2021\/07\/iconos-naranjas-cud_Mesa-de-trabajo-1-199x188.png 199w, https:\/\/www.rivera.gub.uy\/portal\/wp-content\/uploads\/2021\/07\/iconos-naranjas-cud_Mesa-de-trabajo-1-100x94.png 100w, https:\/\/www.rivera.gub.uy\/portal\/wp-content\/uploads\/2021\/07\/iconos-naranjas-cud_Mesa-de-trabajo-1-768x725.png 768w, https:\/\/www.rivera.gub.uy\/portal\/wp-content\/uploads\/2021\/07\/iconos-naranjas-cud_Mesa-de-trabajo-1-663x626.png 663w, https:\/\/www.rivera.gub.uy\/portal\/wp-content\/uploads\/2021\/07\/iconos-naranjas-cud_Mesa-de-trabajo-1-820x774.png 820w, https:\/\/www.rivera.gub.uy\/portal\/wp-content\/uploads\/2021\/07\/iconos-naranjas-cud_Mesa-de-trabajo-1.png 1314w\" sizes=\"auto, (max-width: 199px) 100vw, 199px\" \/><\/a><\/p>\n<p style=\"text-align: center;\"><strong>Certificado \u00danico Departamental<\/strong><\/p>\n<\/div>\n<\/div><\/div><\/div><\/div><div id=\"pg-30570-3\"  class=\"panel-grid panel-no-style\" ><div id=\"pgc-30570-3-0\"  class=\"panel-grid-cell\" ><div id=\"panel-30570-3-0-0\" class=\"so-panel widget widget_sow-button panel-first-child panel-last-child\" data-index=\"12\" ><div\n\t\t\t\n\t\t\tclass=\"so-widget-sow-button so-widget-sow-button-wire-ff114697f733-30570\"\n\t\t\t\n\t\t><div class=\"ow-button-base ow-button-align-center\"\n>\n\t\t\t<a\n\t\t\t\t\thref=\"https:\/\/www.rivera.gub.uy\/portal\/gc\/\"\n\t\t\t\t\tclass=\"sowb-button ow-icon-placement-left ow-button-hover\" target=\"_blank\" rel=\"noopener noreferrer\" \t>\n\t\t<span>\n\t\t\t\n\t\t\tBuz\u00f3n\t\t<\/span>\n\t\t\t<\/a>\n\t<\/div>\n<\/div><\/div><\/div><\/div><div id=\"pg-30570-4\"  class=\"panel-grid panel-no-style\" ><div id=\"pgc-30570-4-0\"  class=\"panel-grid-cell\" ><div id=\"panel-30570-4-0-0\" class=\"so-panel widget widget_sow-editor panel-first-child panel-last-child\" data-index=\"13\" ><div\n\t\t\t\n\t\t\tclass=\"so-widget-sow-editor so-widget-sow-editor-base\"\n\t\t\t\n\t\t>\n<div class=\"siteorigin-widget-tinymce textwidget\">\n\t<hr \/>\n<p><iframe loading=\"lazy\" title=\"Notas\" width=\"1160\" height=\"653\" src=\"https:\/\/www.youtube.com\/embed\/videoseries?list=PLZjHXUFCaF6jCCwZ_zpEjwu2kd3nfwqFh\" frameborder=\"0\" allow=\"accelerometer; autoplay; clipboard-write; encrypted-media; gyroscope; picture-in-picture\" allowfullscreen><\/iframe><\/p>\n<\/div>\n<\/div><\/div><\/div><\/div><\/div>","protected":false},"excerpt":{"rendered":"<p>Tr\u00e1mites Expediente Electr\u00f3nico Licencia de Conducir Solicitud de Partidas &nbsp; Agenda Web Contribuci\u00f3n Inmobiliaria Sistema de Informaci\u00f3n Geogr\u00e1fico Municipios<\/p>\n","protected":false},"author":7,"featured_media":0,"parent":0,"menu_order":0,"comment_status":"closed","ping_status":"closed","template":"page-templates\/page_fullwidth.php","meta":{"footnotes":""},"class_list":["post-30570","page","type-page","status-publish","hentry"],"_links":{"self":[{"href":"https:\/\/www.rivera.gub.uy\/portal\/wp-json\/wp\/v2\/pages\/30570","targetHints":{"allow":["GET"]}}],"collection":[{"href":"https:\/\/www.rivera.gub.uy\/portal\/wp-json\/wp\/v2\/pages"}],"about":[{"href":"https:\/\/www.rivera.gub.uy\/portal\/wp-json\/wp\/v2\/types\/page"}],"author":[{"embeddable":true,"href":"https:\/\/www.rivera.gub.uy\/portal\/wp-json\/wp\/v2\/users\/7"}],"replies":[{"embeddable":true,"href":"https:\/\/www.rivera.gub.uy\/portal\/wp-json\/wp\/v2\/comments?post=30570"}],"version-history":[{"count":39,"href":"https:\/\/www.rivera.gub.uy\/portal\/wp-json\/wp\/v2\/pages\/30570\/revisions"}],"predecessor-version":[{"id":38339,"href":"https:\/\/www.rivera.gub.uy\/portal\/wp-json\/wp\/v2\/pages\/30570\/revisions\/38339"}],"wp:attachment":[{"href":"https:\/\/www.rivera.gub.uy\/portal\/wp-json\/wp\/v2\/media?parent=30570"}],"curies":[{"name":"wp","href":"https:\/\/api.w.org\/{rel}","templated":true}]}}