{"id":31369,"date":"2021-08-23T12:40:40","date_gmt":"2021-08-23T15:40:40","guid":{"rendered":"https:\/\/www.rivera.gub.uy\/portal\/?page_id=31369"},"modified":"2026-01-26T10:26:06","modified_gmt":"2026-01-26T13:26:06","slug":"solicitud-de-partidas","status":"publish","type":"page","link":"https:\/\/www.rivera.gub.uy\/portal\/solicitud-de-partidas\/","title":{"rendered":"Solicitud de Partidas"},"content":{"rendered":"<div id=\"pl-31369\"  class=\"panel-layout\" ><div id=\"pg-31369-0\"  class=\"panel-grid panel-no-style\" ><div id=\"pgc-31369-0-0\"  class=\"panel-grid-cell\" ><div id=\"panel-31369-0-0-0\" class=\"so-panel widget widget_sow-editor panel-first-child panel-last-child\" data-index=\"0\" ><div\n\t\t\t\n\t\t\tclass=\"so-widget-sow-editor so-widget-sow-editor-base\"\n\t\t\t\n\t\t>\n<div class=\"siteorigin-widget-tinymce textwidget\">\n\t<blockquote>\n<p>Para solicitar <strong>partidas<\/strong> y agendar para tr\u00e1mites de <strong>uni\u00f3n civil<\/strong> e <strong>inscripci\u00f3n de reci\u00e9n nacido<\/strong>, deber\u00e1 contactarse v\u00eda WhatsApp a trav\u00e9s del <a href=\"tel:+59899886808\">099 886 808<\/a>.<\/p>\n<\/blockquote>\n<hr \/>\n<div>\n<p>&nbsp;<\/p>\n<p>Las partidas son <strong>sin costo<\/strong> en los siguientes casos:<\/p>\n<ul>\n<li>Credencial C\u00edvica.<\/li>\n<li>C\u00e9dula de Identidad (por primera vez).<\/li>\n<\/ul>\n<p>De lo contrario el costo de las partidas es de $115.<\/p>\n<p><strong>Partida de Nacimiento:<\/strong><\/p>\n<ul>\n<li>C\u00e9dula de Identidad.<\/li>\n<li>Fecha de nacimiento (d\u00eda, mes, a\u00f1o).<\/li>\n<li>Seccional\/Hospital.<\/li>\n<\/ul>\n<p><strong>Partida de Defunci\u00f3n:<\/strong><\/p>\n<ul>\n<li>C\u00e9dula de Identidad.<\/li>\n<li>Fecha de deceso (d\u00eda, mes, a\u00f1o).<\/li>\n<li>Seccional\/Hospital.<\/li>\n<\/ul>\n<p><strong>Partida de matrimonio o divorcio:<\/strong><\/p>\n<ul>\n<li>C\u00e9dula de Identidad.<\/li>\n<li>Fecha en la que se efectu\u00f3 la ceremonia civil.<\/li>\n<li>Seccional.<\/li>\n<\/ul>\n<p><strong>Partida de Reconocimiento:<\/strong><\/p>\n<ul>\n<li>C\u00e9dula de Identidad.<\/li>\n<li>Nombre y apellido de la persona que se reconoci\u00f3 (del inscripto).<\/li>\n<li>Fecha de Inscripci\u00f3n.<\/li>\n<\/ul>\n<\/div>\n<div>\n<p><strong>Otros datos de inter\u00e9s<\/strong><\/p>\n<div>\n<ul>\n<li>Solo podr\u00e1 solicitar partidas de nacimientos, matrimonios o defunciones ocurridas en el departamento de Rivera.<\/li>\n<\/ul>\n<\/div>\n<\/div>\n<\/div>\n<\/div><\/div><\/div><\/div><div id=\"pg-31369-1\"  class=\"panel-grid panel-no-style\" ><div id=\"pgc-31369-1-0\"  class=\"panel-grid-cell\" ><div id=\"panel-31369-1-0-0\" class=\"so-panel widget widget_sow-editor panel-first-child panel-last-child\" data-index=\"1\" ><div\n\t\t\t\n\t\t\tclass=\"so-widget-sow-editor so-widget-sow-editor-base\"\n\t\t\t\n\t\t>\n<div class=\"siteorigin-widget-tinymce textwidget\">\n\t<hr \/>\n<p>*Una vez solicitada su partida, deber\u00e1 abonarla en cajas de la IDR y posteriormente podr\u00e1 retirarla en las oficinas de Registro Civil, en Agraciada 570 (p.-1), de lunes a viernes de 08:15 a 15:00.<\/p>\n<\/div>\n<\/div><\/div><\/div><\/div><\/div>","protected":false},"excerpt":{"rendered":"<p>Para solicitar partidas y agendar para tr\u00e1mites de uni\u00f3n civil e inscripci\u00f3n de reci\u00e9n nacido, deber\u00e1 contactarse v\u00eda WhatsApp a trav\u00e9s del 099 886 808. &nbsp; Las partidas son sin costo en los siguientes casos: Credencial C\u00edvica. C\u00e9dula de Identidad (por primera vez). De lo contrario el costo de las partidas es de $115. Partida [&hellip;]<\/p>\n","protected":false},"author":7,"featured_media":0,"parent":0,"menu_order":0,"comment_status":"closed","ping_status":"closed","template":"","meta":{"footnotes":""},"class_list":["post-31369","page","type-page","status-publish","hentry"],"_links":{"self":[{"href":"https:\/\/www.rivera.gub.uy\/portal\/wp-json\/wp\/v2\/pages\/31369","targetHints":{"allow":["GET"]}}],"collection":[{"href":"https:\/\/www.rivera.gub.uy\/portal\/wp-json\/wp\/v2\/pages"}],"about":[{"href":"https:\/\/www.rivera.gub.uy\/portal\/wp-json\/wp\/v2\/types\/page"}],"author":[{"embeddable":true,"href":"https:\/\/www.rivera.gub.uy\/portal\/wp-json\/wp\/v2\/users\/7"}],"replies":[{"embeddable":true,"href":"https:\/\/www.rivera.gub.uy\/portal\/wp-json\/wp\/v2\/comments?post=31369"}],"version-history":[{"count":21,"href":"https:\/\/www.rivera.gub.uy\/portal\/wp-json\/wp\/v2\/pages\/31369\/revisions"}],"predecessor-version":[{"id":66250,"href":"https:\/\/www.rivera.gub.uy\/portal\/wp-json\/wp\/v2\/pages\/31369\/revisions\/66250"}],"wp:attachment":[{"href":"https:\/\/www.rivera.gub.uy\/portal\/wp-json\/wp\/v2\/media?parent=31369"}],"curies":[{"name":"wp","href":"https:\/\/api.w.org\/{rel}","templated":true}]}}