{"id":333,"date":"2016-10-19T10:47:12","date_gmt":"2016-10-19T13:47:12","guid":{"rendered":"http:\/\/c0010014.ferozo.com\/?page_id=333"},"modified":"2018-11-06T17:00:01","modified_gmt":"2018-11-06T19:00:01","slug":"produccion","status":"publish","type":"page","link":"https:\/\/www.rivera.gub.uy\/portal\/produccion\/","title":{"rendered":"Producci\u00f3n"},"content":{"rendered":"<div id=\"pl-333\"  class=\"panel-layout\" ><div id=\"pg-333-0\"  class=\"panel-grid panel-has-style\" ><div class=\"panel-row-style panel-row-style-for-333-0\" ><div id=\"pgc-333-0-0\"  class=\"panel-grid-cell\" ><div id=\"panel-333-0-0-0\" class=\"so-panel widget widget_sow-editor panel-first-child panel-last-child\" data-index=\"0\" ><div\n\t\t\t\n\t\t\tclass=\"so-widget-sow-editor so-widget-sow-editor-base\"\n\t\t\t\n\t\t>\n<div class=\"siteorigin-widget-tinymce textwidget\">\n\t<p><iframe loading=\"lazy\" width=\"1160\" height=\"653\" src=\"https:\/\/www.youtube.com\/embed\/EuUIFFazTR0?feature=oembed\" frameborder=\"0\" allow=\"accelerometer; autoplay; encrypted-media; gyroscope; picture-in-picture\" allowfullscreen><\/iframe><\/p>\n<\/div>\n<\/div><\/div><\/div><\/div><\/div><div id=\"pg-333-1\"  class=\"panel-grid panel-has-style\" ><div class=\"panel-row-style panel-row-style-for-333-1\" ><div id=\"pgc-333-1-0\"  class=\"panel-grid-cell\" ><div id=\"panel-333-1-0-0\" class=\"so-panel widget widget_sow-image panel-first-child panel-last-child\" data-index=\"1\" ><div\n\t\t\t\n\t\t\tclass=\"so-widget-sow-image so-widget-sow-image-default-c67d20f9f743-333\"\n\t\t\t\n\t\t>\n<div class=\"sow-image-container\">\n\t\t<img \n\tsrc=\"http:\/\/www.rivera.gub.uy\/portal\/images\/produccion-forestacion.png\" title=\"Producci\u00f3n\" alt=\"\" \t\tclass=\"so-widget-image\"\/>\n\t<\/div>\n\n<\/div><\/div><\/div><div id=\"pgc-333-1-1\"  class=\"panel-grid-cell\" ><div id=\"panel-333-1-1-0\" class=\"so-panel widget widget_sow-editor panel-first-child panel-last-child\" data-index=\"2\" ><div\n\t\t\t\n\t\t\tclass=\"so-widget-sow-editor so-widget-sow-editor-base\"\n\t\t\t\n\t\t>\n<div class=\"siteorigin-widget-tinymce textwidget\">\n\t<h4>Forestaci\u00f3n<\/h4>\n<p>El sector forestal es el m\u00e1s destacado en el departamento de Rivera, ya que cuenta con m\u00e1s de 178 mil hect\u00e1reas de forestaci\u00f3n. Las principales especies encontradas all\u00ed son Pinus con el 39% del total, seguido por bosque natural (35%) y Eucalyptus (24%).<\/p>\n<\/div>\n<\/div><\/div><\/div><div id=\"pgc-333-1-2\"  class=\"panel-grid-cell\" ><div id=\"panel-333-1-2-0\" class=\"so-panel widget widget_sow-image panel-first-child panel-last-child\" data-index=\"3\" ><div\n\t\t\t\n\t\t\tclass=\"so-widget-sow-image so-widget-sow-image-default-c67d20f9f743-333\"\n\t\t\t\n\t\t>\n<div class=\"sow-image-container\">\n\t\t<img \n\tsrc=\"http:\/\/www.rivera.gub.uy\/portal\/images\/forestacion.jpg\" title=\"Producci\u00f3n\" alt=\"\" \t\tclass=\"so-widget-image\"\/>\n\t<\/div>\n\n<\/div><\/div><\/div><\/div><\/div><div id=\"pg-333-2\"  class=\"panel-grid panel-has-style\" ><div class=\"panel-row-style panel-row-style-for-333-2\" ><div id=\"pgc-333-2-0\"  class=\"panel-grid-cell\" ><div id=\"panel-333-2-0-0\" class=\"so-panel widget widget_sow-image panel-first-child panel-last-child\" data-index=\"4\" ><div\n\t\t\t\n\t\t\tclass=\"so-widget-sow-image so-widget-sow-image-default-c67d20f9f743-333\"\n\t\t\t\n\t\t>\n<div class=\"sow-image-container\">\n\t\t<img \n\tsrc=\"http:\/\/www.rivera.gub.uy\/portal\/images\/produccion-arrocero.png\" title=\"Producci\u00f3n\" alt=\"\" \t\tclass=\"so-widget-image\"\/>\n\t<\/div>\n\n<\/div><\/div><\/div><div id=\"pgc-333-2-1\"  class=\"panel-grid-cell\" ><div id=\"panel-333-2-1-0\" class=\"so-panel widget widget_sow-editor panel-first-child panel-last-child\" data-index=\"5\" ><div\n\t\t\t\n\t\t\tclass=\"so-widget-sow-editor so-widget-sow-editor-base\"\n\t\t\t\n\t\t>\n<div class=\"siteorigin-widget-tinymce textwidget\">\n\t<h4>Arrocero<\/h4>\n<p>Se destaca un pronunciado crecimiento en la producci\u00f3n de arroz en Rivera, consecuencia de grandes inversiones agropecuarias con capitales provenientes de Brasil. Actualmente, el departamento cuenta con 2.296 hect\u00e1reas dedicadas al arroz, donde se destaca la existencia de   buenas condiciones de suelo y riego<\/p>\n<\/div>\n<\/div><\/div><\/div><div id=\"pgc-333-2-2\"  class=\"panel-grid-cell\" ><div id=\"panel-333-2-2-0\" class=\"so-panel widget widget_sow-image panel-first-child panel-last-child\" data-index=\"6\" ><div\n\t\t\t\n\t\t\tclass=\"so-widget-sow-image so-widget-sow-image-default-c67d20f9f743-333\"\n\t\t\t\n\t\t>\n<div class=\"sow-image-container\">\n\t\t<img \n\tsrc=\"http:\/\/www.rivera.gub.uy\/portal\/images\/arrocero.jpg\" title=\"Producci\u00f3n\" alt=\"\" \t\tclass=\"so-widget-image\"\/>\n\t<\/div>\n\n<\/div><\/div><\/div><\/div><\/div><div id=\"pg-333-3\"  class=\"panel-grid panel-has-style\" ><div class=\"panel-row-style panel-row-style-for-333-3\" ><div id=\"pgc-333-3-0\"  class=\"panel-grid-cell\" ><div id=\"panel-333-3-0-0\" class=\"so-panel widget widget_sow-image panel-first-child panel-last-child\" data-index=\"7\" ><div\n\t\t\t\n\t\t\tclass=\"so-widget-sow-image so-widget-sow-image-default-c67d20f9f743-333\"\n\t\t\t\n\t\t>\n<div class=\"sow-image-container\">\n\t\t<img \n\tsrc=\"http:\/\/www.rivera.gub.uy\/portal\/images\/produccion-ganaderia.png\" title=\"Producci\u00f3n\" alt=\"\" \t\tclass=\"so-widget-image\"\/>\n\t<\/div>\n\n<\/div><\/div><\/div><div id=\"pgc-333-3-1\"  class=\"panel-grid-cell\" ><div id=\"panel-333-3-1-0\" class=\"so-panel widget widget_sow-editor panel-first-child panel-last-child\" data-index=\"8\" ><div\n\t\t\t\n\t\t\tclass=\"so-widget-sow-editor so-widget-sow-editor-base\"\n\t\t\t\n\t\t>\n<div class=\"siteorigin-widget-tinymce textwidget\">\n\t<h4>Ganader\u00eda - Bovino<\/h4>\n<p>La ganader\u00eda es una actividad econ\u00f3mica tradicional y con la que el pa\u00eds est\u00e1 profundamente identificado. El departamento de Rivera destina gran parte de su superficie para la cr\u00eda de ganado bovino. Actualmente cuenta con un stock de 588 mil cabezas, lo que representa un 5,5% del total nacional. <\/p>\n<\/div>\n<\/div><\/div><\/div><div id=\"pgc-333-3-2\"  class=\"panel-grid-cell\" ><div id=\"panel-333-3-2-0\" class=\"so-panel widget widget_sow-image panel-first-child panel-last-child\" data-index=\"9\" ><div\n\t\t\t\n\t\t\tclass=\"so-widget-sow-image so-widget-sow-image-default-c67d20f9f743-333\"\n\t\t\t\n\t\t>\n<div class=\"sow-image-container\">\n\t\t<img \n\tsrc=\"http:\/\/www.rivera.gub.uy\/portal\/images\/ganaderia.jpg\" title=\"Producci\u00f3n\" alt=\"\" \t\tclass=\"so-widget-image\"\/>\n\t<\/div>\n\n<\/div><\/div><\/div><\/div><\/div><div id=\"pg-333-4\"  class=\"panel-grid panel-has-style\" ><div class=\"panel-row-style panel-row-style-for-333-4\" ><div id=\"pgc-333-4-0\"  class=\"panel-grid-cell\" ><div id=\"panel-333-4-0-0\" class=\"so-panel widget widget_sow-image panel-first-child panel-last-child\" data-index=\"10\" ><div\n\t\t\t\n\t\t\tclass=\"so-widget-sow-image so-widget-sow-image-default-c67d20f9f743-333\"\n\t\t\t\n\t\t>\n<div class=\"sow-image-container\">\n\t\t<img \n\tsrc=\"http:\/\/www.rivera.gub.uy\/portal\/images\/produccion-ovino.png\" title=\"Producci\u00f3n\" alt=\"\" \t\tclass=\"so-widget-image\"\/>\n\t<\/div>\n\n<\/div><\/div><\/div><div id=\"pgc-333-4-1\"  class=\"panel-grid-cell\" ><div id=\"panel-333-4-1-0\" class=\"so-panel widget widget_sow-editor panel-first-child panel-last-child\" data-index=\"11\" ><div\n\t\t\t\n\t\t\tclass=\"so-widget-sow-editor so-widget-sow-editor-base\"\n\t\t\t\n\t\t>\n<div class=\"siteorigin-widget-tinymce textwidget\">\n\t<h4>Ganader\u00eda - Ovino<\/h4>\n<p>Uruguay cuenta con uno de los reba\u00f1os de ganado ovino m\u00e1s numerosos de Am\u00e9rica Latina y sus or\u00edgenes se remontan al siglo XIX. Si bien en Rivera la ganader\u00eda ovina se encuentra menos desarrollada que la vacuna, el departamento cuenta con un contingente superior a las 342 mil cabezas, destin\u00e1ndose aproximadamente 575 mil ha a esta actividad.<\/p>\n<\/div>\n<\/div><\/div><\/div><div id=\"pgc-333-4-2\"  class=\"panel-grid-cell\" ><div id=\"panel-333-4-2-0\" class=\"so-panel widget widget_sow-image panel-first-child panel-last-child\" data-index=\"12\" ><div\n\t\t\t\n\t\t\tclass=\"so-widget-sow-image so-widget-sow-image-default-c67d20f9f743-333\"\n\t\t\t\n\t\t>\n<div class=\"sow-image-container\">\n\t\t<img \n\tsrc=\"http:\/\/www.rivera.gub.uy\/portal\/images\/ovino.jpg\" title=\"Producci\u00f3n\" alt=\"\" \t\tclass=\"so-widget-image\"\/>\n\t<\/div>\n\n<\/div><\/div><\/div><\/div><\/div><div id=\"pg-333-5\"  class=\"panel-grid panel-has-style\" ><div class=\"panel-row-style panel-row-style-for-333-5\" ><div id=\"pgc-333-5-0\"  class=\"panel-grid-cell\" ><div id=\"panel-333-5-0-0\" class=\"so-panel widget widget_sow-image panel-first-child panel-last-child\" data-index=\"13\" ><div\n\t\t\t\n\t\t\tclass=\"so-widget-sow-image so-widget-sow-image-default-c67d20f9f743-333\"\n\t\t\t\n\t\t>\n<div class=\"sow-image-container\">\n\t\t<img \n\tsrc=\"http:\/\/www.rivera.gub.uy\/portal\/images\/produccion-miel.png\" title=\"Producci\u00f3n\" alt=\"\" \t\tclass=\"so-widget-image\"\/>\n\t<\/div>\n\n<\/div><\/div><\/div><div id=\"pgc-333-5-1\"  class=\"panel-grid-cell\" ><div id=\"panel-333-5-1-0\" class=\"so-panel widget widget_sow-editor panel-first-child panel-last-child\" data-index=\"14\" ><div\n\t\t\t\n\t\t\tclass=\"so-widget-sow-editor so-widget-sow-editor-base\"\n\t\t\t\n\t\t>\n<div class=\"siteorigin-widget-tinymce textwidget\">\n\t<h4>Miel<\/h4>\n<p>Rivera se destaca como uno de los departamentos uruguayos que m\u00e1s miel produce. Es as\u00ed como la apicultura ocupa un lugar privilegiado con un alto volumen de producci\u00f3n en el ranking nacional con el prop\u00f3sito exportador. El principal destino de las exportaciones de este producto es Estados Unidos.<\/p>\n<\/div>\n<\/div><\/div><\/div><div id=\"pgc-333-5-2\"  class=\"panel-grid-cell\" ><div id=\"panel-333-5-2-0\" class=\"so-panel widget widget_sow-image panel-first-child panel-last-child\" data-index=\"15\" ><div\n\t\t\t\n\t\t\tclass=\"so-widget-sow-image so-widget-sow-image-default-c67d20f9f743-333\"\n\t\t\t\n\t\t>\n<div class=\"sow-image-container\">\n\t\t<img \n\tsrc=\"http:\/\/www.rivera.gub.uy\/portal\/images\/miel.jpg\" title=\"Producci\u00f3n\" alt=\"\" \t\tclass=\"so-widget-image\"\/>\n\t<\/div>\n\n<\/div><\/div><\/div><\/div><\/div><div id=\"pg-333-6\"  class=\"panel-grid panel-has-style\" ><div class=\"panel-row-style panel-row-style-for-333-6\" ><div id=\"pgc-333-6-0\"  class=\"panel-grid-cell\" ><div id=\"panel-333-6-0-0\" class=\"so-panel widget widget_sow-image panel-first-child panel-last-child\" data-index=\"16\" ><div\n\t\t\t\n\t\t\tclass=\"so-widget-sow-image so-widget-sow-image-default-c67d20f9f743-333\"\n\t\t\t\n\t\t>\n<div class=\"sow-image-container\">\n\t\t<img \n\tsrc=\"http:\/\/www.rivera.gub.uy\/portal\/images\/produccion-mineria.png\" title=\"Producci\u00f3n\" alt=\"\" \t\tclass=\"so-widget-image\"\/>\n\t<\/div>\n\n<\/div><\/div><\/div><div id=\"pgc-333-6-1\"  class=\"panel-grid-cell\" ><div id=\"panel-333-6-1-0\" class=\"so-panel widget widget_sow-editor panel-first-child panel-last-child\" data-index=\"17\" ><div\n\t\t\t\n\t\t\tclass=\"so-widget-sow-editor so-widget-sow-editor-base\"\n\t\t\t\n\t\t>\n<div class=\"siteorigin-widget-tinymce textwidget\">\n\t<h4>Miner\u00eda<\/h4>\n<p>Rivera se destaca como uno de los pocos departamentos del pa\u00eds cuya producci\u00f3n y exportaci\u00f3n del sector minero (extracci\u00f3n de oro) representa cifras significativas. La industrializaci\u00f3n minera local utiliza alta tecnolog\u00eda. En la planta ubicada en Minas de Corrales se procesan 1,59 millones de toneladas de mineral, con una producci\u00f3n de 53.370 onzas de oro y 74.126 onzas de plata.<\/p>\n<\/div>\n<\/div><\/div><\/div><div id=\"pgc-333-6-2\"  class=\"panel-grid-cell\" ><div id=\"panel-333-6-2-0\" class=\"so-panel widget widget_sow-image panel-first-child panel-last-child\" data-index=\"18\" ><div\n\t\t\t\n\t\t\tclass=\"so-widget-sow-image so-widget-sow-image-default-c67d20f9f743-333\"\n\t\t\t\n\t\t>\n<div class=\"sow-image-container\">\n\t\t<img \n\tsrc=\"http:\/\/www.rivera.gub.uy\/portal\/images\/mineria.jpg\" title=\"Producci\u00f3n\" alt=\"\" \t\tclass=\"so-widget-image\"\/>\n\t<\/div>\n\n<\/div><\/div><\/div><\/div><\/div><div id=\"pg-333-7\"  class=\"panel-grid panel-has-style\" ><div class=\"panel-row-style panel-row-style-for-333-7\" ><div id=\"pgc-333-7-0\"  class=\"panel-grid-cell\" ><div id=\"panel-333-7-0-0\" class=\"so-panel widget widget_sow-image panel-first-child panel-last-child\" data-index=\"19\" ><div\n\t\t\t\n\t\t\tclass=\"so-widget-sow-image so-widget-sow-image-default-c67d20f9f743-333\"\n\t\t\t\n\t\t>\n<div class=\"sow-image-container\">\n\t\t<img \n\tsrc=\"http:\/\/www.rivera.gub.uy\/portal\/images\/produccion-vitivinicultura.png\" title=\"Producci\u00f3n\" alt=\"\" \t\tclass=\"so-widget-image\"\/>\n\t<\/div>\n\n<\/div><\/div><\/div><div id=\"pgc-333-7-1\"  class=\"panel-grid-cell\" ><div id=\"panel-333-7-1-0\" class=\"so-panel widget widget_sow-editor panel-first-child panel-last-child\" data-index=\"20\" ><div\n\t\t\t\n\t\t\tclass=\"so-widget-sow-editor so-widget-sow-editor-base\"\n\t\t\t\n\t\t>\n<div class=\"siteorigin-widget-tinymce textwidget\">\n\t<h4>Vitivinicultura<\/h4>\n<p>Este sector est\u00e1 en pleno desarrollo y crecimiento. Es un rubro interesante b\u00e1sicamente no por volumen sino por calidad. Cuenta con 49 hect\u00e1reas de plantaci\u00f3n de uvas y se extraen m\u00e1s de 170 toneladas de la misma.<\/p>\n<\/div>\n<\/div><\/div><\/div><div id=\"pgc-333-7-2\"  class=\"panel-grid-cell\" ><div id=\"panel-333-7-2-0\" class=\"so-panel widget widget_sow-image panel-first-child panel-last-child\" data-index=\"21\" ><div\n\t\t\t\n\t\t\tclass=\"so-widget-sow-image so-widget-sow-image-default-c67d20f9f743-333\"\n\t\t\t\n\t\t>\n<div class=\"sow-image-container\">\n\t\t<img \n\tsrc=\"http:\/\/www.rivera.gub.uy\/portal\/images\/vitivinicultura.jpg\" title=\"Producci\u00f3n\" alt=\"\" \t\tclass=\"so-widget-image\"\/>\n\t<\/div>\n\n<\/div><\/div><\/div><\/div><\/div><div id=\"pg-333-8\"  class=\"panel-grid panel-has-style\" ><div class=\"panel-row-style panel-row-style-for-333-8\" ><div id=\"pgc-333-8-0\"  class=\"panel-grid-cell\" ><div id=\"panel-333-8-0-0\" class=\"so-panel widget widget_sow-image panel-first-child panel-last-child\" data-index=\"22\" ><div\n\t\t\t\n\t\t\tclass=\"so-widget-sow-image so-widget-sow-image-default-c67d20f9f743-333\"\n\t\t\t\n\t\t>\n<div class=\"sow-image-container\">\n\t\t<img \n\tsrc=\"http:\/\/www.rivera.gub.uy\/portal\/images\/produccion-freeshop.png\" title=\"Producci\u00f3n\" alt=\"\" \t\tclass=\"so-widget-image\"\/>\n\t<\/div>\n\n<\/div><\/div><\/div><div id=\"pgc-333-8-1\"  class=\"panel-grid-cell\" ><div id=\"panel-333-8-1-0\" class=\"so-panel widget widget_sow-editor panel-first-child panel-last-child\" data-index=\"23\" ><div\n\t\t\t\n\t\t\tclass=\"so-widget-sow-editor so-widget-sow-editor-base\"\n\t\t\t\n\t\t>\n<div class=\"siteorigin-widget-tinymce textwidget\">\n\t<h4>Freeshop<\/h4>\n<p>A la fecha se cuentan en la ciudad de Rivera aproximadamente 50 Free Shops (concentraci\u00f3n de nivel \u00fanico en la frontera Uruguay - Brasil y en todo el pa\u00eds). Los Free Shops representan hoy el 10% de la econom\u00eda del departamento; adem\u00e1s de alentar la hoteler\u00eda, los restaurantes, el transporte y el almacenamiento.<\/p>\n<\/div>\n<\/div><\/div><\/div><div id=\"pgc-333-8-2\"  class=\"panel-grid-cell\" ><div id=\"panel-333-8-2-0\" class=\"so-panel widget widget_sow-image panel-first-child panel-last-child\" data-index=\"24\" ><div\n\t\t\t\n\t\t\tclass=\"so-widget-sow-image so-widget-sow-image-default-c67d20f9f743-333\"\n\t\t\t\n\t\t>\n<div class=\"sow-image-container\">\n\t\t<img \n\tsrc=\"http:\/\/www.rivera.gub.uy\/portal\/images\/freeshop.jpg\" title=\"Producci\u00f3n\" alt=\"\" \t\tclass=\"so-widget-image\"\/>\n\t<\/div>\n\n<\/div><\/div><\/div><\/div><\/div><div id=\"pg-333-9\"  class=\"panel-grid panel-has-style\" ><div class=\"panel-row-style panel-row-style-for-333-9\" ><div id=\"pgc-333-9-0\"  class=\"panel-grid-cell\" ><div id=\"panel-333-9-0-0\" class=\"so-panel widget widget_sow-image panel-first-child panel-last-child\" data-index=\"25\" ><div\n\t\t\t\n\t\t\tclass=\"so-widget-sow-image so-widget-sow-image-default-c67d20f9f743-333\"\n\t\t\t\n\t\t>\n<div class=\"sow-image-container\">\n\t\t<img \n\tsrc=\"http:\/\/www.rivera.gub.uy\/portal\/images\/produccion-turismo.png\" title=\"Producci\u00f3n\" alt=\"\" \t\tclass=\"so-widget-image\"\/>\n\t<\/div>\n\n<\/div><\/div><\/div><div id=\"pgc-333-9-1\"  class=\"panel-grid-cell\" ><div id=\"panel-333-9-1-0\" class=\"so-panel widget widget_sow-editor panel-first-child panel-last-child\" data-index=\"26\" ><div\n\t\t\t\n\t\t\tclass=\"so-widget-sow-editor so-widget-sow-editor-base\"\n\t\t\t\n\t\t>\n<div class=\"siteorigin-widget-tinymce textwidget\">\n\t<h4>Turismo<\/h4>\n<p>Llegan a Rivera un promedio de 20.000 turistas motivados principalmente por las compras en el sistema de Free Shops, mientras que 170.000 argentinos entran por este punto en viaje a Brasil, hacia zona de playas en el litoral atl\u00e1ntico y 150.000 brasile\u00f1os entran a Uruguay con destino a destinos tur\u00edsticos uruguayos y argentinos.<\/p>\n<\/div>\n<\/div><\/div><\/div><div id=\"pgc-333-9-2\"  class=\"panel-grid-cell\" ><div id=\"panel-333-9-2-0\" class=\"so-panel widget widget_sow-image panel-first-child panel-last-child\" data-index=\"27\" ><div\n\t\t\t\n\t\t\tclass=\"so-widget-sow-image so-widget-sow-image-default-c67d20f9f743-333\"\n\t\t\t\n\t\t>\n<div class=\"sow-image-container\">\n\t\t<img \n\tsrc=\"http:\/\/www.rivera.gub.uy\/portal\/images\/turismo.jpg\" title=\"Producci\u00f3n\" alt=\"\" \t\tclass=\"so-widget-image\"\/>\n\t<\/div>\n\n<\/div><\/div><\/div><\/div><\/div><div id=\"pg-333-10\"  class=\"panel-grid panel-has-style\" ><div class=\"panel-row-style panel-row-style-for-333-10\" ><div id=\"pgc-333-10-0\"  class=\"panel-grid-cell panel-grid-cell-empty\" ><\/div><div id=\"pgc-333-10-1\"  class=\"panel-grid-cell panel-grid-cell-mobile-last\" ><div id=\"panel-333-10-1-0\" class=\"so-panel widget widget_sow-editor panel-first-child panel-last-child\" data-index=\"28\" ><div\n\t\t\t\n\t\t\tclass=\"so-widget-sow-editor so-widget-sow-editor-base\"\n\t\t\t\n\t\t>\n<div class=\"siteorigin-widget-tinymce textwidget\">\n\t<p style=\"text-align: center;\"><a href=\"http:\/\/www.rivera.gub.uy\/medioambiente\/informacion\/economia\/\" target=\"_blank\" rel=\"noopener\"><img loading=\"lazy\" decoding=\"async\" class=\"efecto\" src=\"http:\/\/www.rivera.gub.uy\/portal\/images\/icono-masinfo.png\" width=\"150\" height=\"150\" \/><\/a><\/p>\n<h3 style=\"text-align: center;\"><a href=\"http:\/\/www.rivera.gub.uy\/medioambiente\/informacion\/economia\/\" target=\"_blank\" rel=\"noopener\">Ver m\u00e1s informaci\u00f3n<\/a><\/h3>\n<\/div>\n<\/div><\/div><\/div><div id=\"pgc-333-10-2\"  class=\"panel-grid-cell panel-grid-cell-empty\" ><\/div><\/div><\/div><\/div>","protected":false},"excerpt":{"rendered":"<p>Forestaci\u00f3nEl sector forestal es el m\u00e1s destacado en el departamento de Rivera, ya que cuenta con m\u00e1s de 178 mil hect\u00e1reas de forestaci\u00f3n. Las principales especies encontradas all\u00ed son Pinus con el 39% del total, seguido por bosque natural (35%) y Eucalyptus (24%).<\/p>\n","protected":false},"author":1,"featured_media":0,"parent":0,"menu_order":0,"comment_status":"closed","ping_status":"closed","template":"","meta":{"footnotes":""},"class_list":["post-333","page","type-page","status-publish","hentry"],"_links":{"self":[{"href":"https:\/\/www.rivera.gub.uy\/portal\/wp-json\/wp\/v2\/pages\/333","targetHints":{"allow":["GET"]}}],"collection":[{"href":"https:\/\/www.rivera.gub.uy\/portal\/wp-json\/wp\/v2\/pages"}],"about":[{"href":"https:\/\/www.rivera.gub.uy\/portal\/wp-json\/wp\/v2\/types\/page"}],"author":[{"embeddable":true,"href":"https:\/\/www.rivera.gub.uy\/portal\/wp-json\/wp\/v2\/users\/1"}],"replies":[{"embeddable":true,"href":"https:\/\/www.rivera.gub.uy\/portal\/wp-json\/wp\/v2\/comments?post=333"}],"version-history":[{"count":51,"href":"https:\/\/www.rivera.gub.uy\/portal\/wp-json\/wp\/v2\/pages\/333\/revisions"}],"predecessor-version":[{"id":12208,"href":"https:\/\/www.rivera.gub.uy\/portal\/wp-json\/wp\/v2\/pages\/333\/revisions\/12208"}],"wp:attachment":[{"href":"https:\/\/www.rivera.gub.uy\/portal\/wp-json\/wp\/v2\/media?parent=333"}],"curies":[{"name":"wp","href":"https:\/\/api.w.org\/{rel}","templated":true}]}}