{"id":343,"date":"2016-10-19T11:09:23","date_gmt":"2016-10-19T14:09:23","guid":{"rendered":"http:\/\/c0010014.ferozo.com\/?page_id=343"},"modified":"2017-03-02T20:09:29","modified_gmt":"2017-03-02T20:09:29","slug":"asociacion-comercial-e-industrial-de-rivera","status":"publish","type":"page","link":"https:\/\/www.rivera.gub.uy\/portal\/asociacion-comercial-e-industrial-de-rivera\/","title":{"rendered":"Asociaci\u00f3n Comercial e Industrial de Rivera"},"content":{"rendered":"<div id=\"pl-343\"  class=\"panel-layout\" ><div id=\"pg-343-0\"  class=\"panel-grid panel-no-style\" ><div id=\"pgc-343-0-0\"  class=\"panel-grid-cell\" ><div id=\"panel-343-0-0-0\" class=\"so-panel widget widget_sow-editor panel-first-child panel-last-child\" data-index=\"0\" ><div\n\t\t\t\n\t\t\tclass=\"so-widget-sow-editor so-widget-sow-editor-base\"\n\t\t\t\n\t\t>\n<div class=\"siteorigin-widget-tinymce textwidget\">\n\t<p><img loading=\"lazy\" decoding=\"async\" class=\" wp-image-344 alignright\" src=\"http:\/\/www.rivera.gub.uy\/portal\/wp-content\/uploads\/2017\/03\/acir.png\" alt=\"Asociaci\u00f3n Comercial e Industrial de Rivera\" width=\"159\" height=\"118\" \/>ACIR, es una asociaci\u00f3n del sector privado regional con vocaci\u00f3n al desarrollo de iniciativas y la creaci\u00f3n de soluciones para el comercio, los servicios y la industria.<br \/> Es un \u00e1mbito de la sociedad civil que escucha y se manifiesta colectivamente sobre la sociedad y la econom\u00eda regional.<\/p>\n<p>Brinda apoyo a las firmas, participando en \u00e1mbitos y pol\u00edticas p\u00fablicas, as\u00ed como gestionando proyectos e instrumentos de formaci\u00f3n y fortalecimiento de la competitividad y capacidad exportadora local.<\/p>\n<p>El trabajo conjunto y la representaci\u00f3n de la asociaci\u00f3n est\u00e1n delegados en su comisi\u00f3n directiva, presidente y ejecutivo. ACIR es para sus asociados un espacio abierto, un respaldo y una fuente de informaci\u00f3n, servicios y oportunidad en continuo desarrollo.<\/p>\n<p><strong>MISI\u00d3N:<\/strong><br \/> ACIR tiene la misi\u00f3n de mejorar y defender la comunidad empresarial en \u00e1mbitos de di\u00e1logo. Une esfuerzos para lograr objetivos comunes y procurar armonizar capital y trabajo.<\/p>\n<p><strong>VISI\u00d3N:<\/strong><br \/> Su visi\u00f3n es liderar en la convocatoria y ser un interlocutor de jerarqu\u00eda que crea conciencia y reconocimiento para quienes invierten y trabajan en la generaci\u00f3n de riqueza.<\/p>\n<ul>\n<li>Direcci\u00f3n: Monse\u00f1or Jacinto Vera 1119, Rivera<\/li>\n<li>Mail: administracion@acir.org.uy<\/li>\n<li>Tel: 4622 3370<\/li>\n<li><a href=\"http:\/\/www.acir.org.uy\" target=\"_blank\">www.acir.org.uy<\/a><\/li>\n<\/ul>\n<\/div>\n<\/div><\/div><\/div><\/div><\/div>","protected":false},"excerpt":{"rendered":"<p>ACIR, es una asociaci\u00f3n del sector privado regional con vocaci\u00f3n al desarrollo de iniciativas y la creaci\u00f3n de soluciones para el comercio, los servicios y la industria. Es un \u00e1mbito de la sociedad civil que escucha y se manifiesta colectivamente sobre la sociedad y la econom\u00eda regional.Brinda apoyo a las firmas, participando en \u00e1mbitos y [&hellip;]<\/p>\n","protected":false},"author":1,"featured_media":0,"parent":0,"menu_order":0,"comment_status":"closed","ping_status":"closed","template":"","meta":{"footnotes":""},"class_list":["post-343","page","type-page","status-publish","hentry"],"_links":{"self":[{"href":"https:\/\/www.rivera.gub.uy\/portal\/wp-json\/wp\/v2\/pages\/343","targetHints":{"allow":["GET"]}}],"collection":[{"href":"https:\/\/www.rivera.gub.uy\/portal\/wp-json\/wp\/v2\/pages"}],"about":[{"href":"https:\/\/www.rivera.gub.uy\/portal\/wp-json\/wp\/v2\/types\/page"}],"author":[{"embeddable":true,"href":"https:\/\/www.rivera.gub.uy\/portal\/wp-json\/wp\/v2\/users\/1"}],"replies":[{"embeddable":true,"href":"https:\/\/www.rivera.gub.uy\/portal\/wp-json\/wp\/v2\/comments?post=343"}],"version-history":[{"count":2,"href":"https:\/\/www.rivera.gub.uy\/portal\/wp-json\/wp\/v2\/pages\/343\/revisions"}],"predecessor-version":[{"id":604,"href":"https:\/\/www.rivera.gub.uy\/portal\/wp-json\/wp\/v2\/pages\/343\/revisions\/604"}],"wp:attachment":[{"href":"https:\/\/www.rivera.gub.uy\/portal\/wp-json\/wp\/v2\/media?parent=343"}],"curies":[{"name":"wp","href":"https:\/\/api.w.org\/{rel}","templated":true}]}}