{"id":34873,"date":"2022-01-14T15:25:50","date_gmt":"2022-01-14T18:25:50","guid":{"rendered":"https:\/\/www.rivera.gub.uy\/portal\/?page_id=34873"},"modified":"2023-07-20T10:58:06","modified_gmt":"2023-07-20T13:58:06","slug":"agenda-urbana-binacional","status":"publish","type":"page","link":"https:\/\/www.rivera.gub.uy\/portal\/agenda-urbana-binacional\/","title":{"rendered":"Agenda Urbana Binacional"},"content":{"rendered":"<div id=\"pl-34873\"  class=\"panel-layout\" ><div id=\"pg-34873-0\"  class=\"panel-grid panel-no-style\" ><div id=\"pgc-34873-0-0\"  class=\"panel-grid-cell\" ><div id=\"panel-34873-0-0-0\" class=\"so-panel widget widget_sow-editor panel-first-child panel-last-child\" data-index=\"0\" ><div\n\t\t\t\n\t\t\tclass=\"so-widget-sow-editor so-widget-sow-editor-base\"\n\t\t\t\n\t\t>\n<div class=\"siteorigin-widget-tinymce textwidget\">\n\t<p><a href=\"https:\/\/www.fronteiradapazsustentavel.com.br\/documentos\/\" target=\"_blank\" rel=\"noopener noreferrer\"><img loading=\"lazy\" decoding=\"async\" class=\"aligncenter wp-image-41075 size-full\" src=\"https:\/\/www.rivera.gub.uy\/portal\/wp-content\/uploads\/2022\/12\/Agenda-Binacional.jpg\" alt=\"\" width=\"2501\" height=\"730\" srcset=\"https:\/\/www.rivera.gub.uy\/portal\/wp-content\/uploads\/2022\/12\/Agenda-Binacional.jpg 2501w, https:\/\/www.rivera.gub.uy\/portal\/wp-content\/uploads\/2022\/12\/Agenda-Binacional-150x44.jpg 150w, https:\/\/www.rivera.gub.uy\/portal\/wp-content\/uploads\/2022\/12\/Agenda-Binacional-300x88.jpg 300w, https:\/\/www.rivera.gub.uy\/portal\/wp-content\/uploads\/2022\/12\/Agenda-Binacional-768x224.jpg 768w, https:\/\/www.rivera.gub.uy\/portal\/wp-content\/uploads\/2022\/12\/Agenda-Binacional-1000x292.jpg 1000w, https:\/\/www.rivera.gub.uy\/portal\/wp-content\/uploads\/2022\/12\/Agenda-Binacional-820x239.jpg 820w\" sizes=\"auto, (max-width: 2501px) 100vw, 2501px\" \/><\/a><\/p>\n<\/div>\n<\/div><\/div><\/div><\/div><div id=\"pg-34873-1\"  class=\"panel-grid panel-no-style\" ><div id=\"pgc-34873-1-0\"  class=\"panel-grid-cell\" ><div id=\"panel-34873-1-0-0\" class=\"so-panel widget widget_sow-editor panel-first-child panel-last-child\" data-index=\"1\" ><div\n\t\t\t\n\t\t\tclass=\"so-widget-sow-editor so-widget-sow-editor-base\"\n\t\t\t\n\t\t>\n<div class=\"siteorigin-widget-tinymce textwidget\">\n\t<blockquote>\n<p>El Proyecto de Desarrollo Inclusivo y sostenible de la Frontera de la Paz tiene como objetivo central promover el desarrollo inclusivo, sostenible, participativo integrado de Santana do Livramento y del tejido urbano en que se integra, donde se destaca la ciudad de Rivera, ambas desarrollando una din\u00e1mica urbana conjunta y verdaderamente transfronteriza.<\/p>\n<\/blockquote>\n<p>Este proyecto se enfoca especialmente en las \u00e1reas de la sustentabilidad ambiental y de la econom\u00eda social, persiguiendo un doble objetivo: por un lado promover la mejora de la calidad de vida de los habitantes del continuo urbano y, por otro, se propone reducir las asimetr\u00edas y desigualdades que se evidencian ante la vecina ciudad de Rivera, en lo que se refiere al tratamiento de residuos s\u00f3lidos domiciliarios, su valorizaci\u00f3n y el impacto ambiental generado, promoviendo la integraci\u00f3n de grupos m\u00e1s vulnerables de la sociedad.<\/p>\n<\/div>\n<\/div><\/div><\/div><\/div><div id=\"pg-34873-2\"  class=\"panel-grid panel-no-style\" ><div id=\"pgc-34873-2-0\"  class=\"panel-grid-cell\" ><div id=\"panel-34873-2-0-0\" class=\"so-panel widget widget_sow-button panel-first-child panel-last-child\" data-index=\"2\" ><div\n\t\t\t\n\t\t\tclass=\"so-widget-sow-button so-widget-sow-button-wire-24721b3145fb-34873\"\n\t\t\t\n\t\t><div class=\"ow-button-base ow-button-align-center\"\n>\n\t\t\t<a\n\t\t\t\t\thref=\"https:\/\/forms.gle\/AtZgMaN93PTEekzb7\"\n\t\t\t\t\tclass=\"sowb-button ow-icon-placement-left ow-button-hover\" target=\"_blank\" rel=\"noopener noreferrer\" \t>\n\t\t<span>\n\t\t\t\n\t\t\tFormulario en espa\u00f1ol\t\t<\/span>\n\t\t\t<\/a>\n\t<\/div>\n<\/div><\/div><\/div><div id=\"pgc-34873-2-1\"  class=\"panel-grid-cell\" ><div id=\"panel-34873-2-1-0\" class=\"so-panel widget widget_sow-button panel-first-child panel-last-child\" data-index=\"3\" ><div\n\t\t\t\n\t\t\tclass=\"so-widget-sow-button so-widget-sow-button-wire-24721b3145fb-34873\"\n\t\t\t\n\t\t><div class=\"ow-button-base ow-button-align-center\"\n>\n\t\t\t<a\n\t\t\t\t\thref=\"https:\/\/forms.gle\/G2Vh6FPBmck1gdLR6\"\n\t\t\t\t\tclass=\"sowb-button ow-icon-placement-left ow-button-hover\" target=\"_blank\" rel=\"noopener noreferrer\" \t>\n\t\t<span>\n\t\t\t\n\t\t\tFormulario en portugu\u00e9s\t\t<\/span>\n\t\t\t<\/a>\n\t<\/div>\n<\/div><\/div><\/div><\/div><div id=\"pg-34873-3\"  class=\"panel-grid panel-no-style\" ><div id=\"pgc-34873-3-0\"  class=\"panel-grid-cell\" >\t\t<div id=\"panel-34873-3-0-0\" class=\"so-panel widget widget_recent_posts_a recent_posts_a clearfix panel-first-child panel-last-child\" data-index=\"4\" >\t\t<div class=\"widget-inner clearfix\" style=\"background-color: ; color: \">\n\t\t<h3 class=\"widget-title\"><span style=\"color:;\">Noticias<\/span><\/h3>\n\t\t\t\t\n\n\t\t\t\t\t<div class=\"recent-post first-post clearfix\">\n\t\t\t\t<div class=\"recent-thumb col-md-5 col-sm-5 col-xs-5\">\n\t\t\t\t\t<a href=\"https:\/\/www.rivera.gub.uy\/portal\/foro-sobre-movilidad-en-la-frontera-de-la-paz-planificacion-estrategica-y-cooperacion-binacional\/\" title=\"Foro sobre movilidad en la Frontera de la Paz: planificaci\u00f3n estrat\u00e9gica y cooperaci\u00f3n binacional\" >\n\t\t\t\t\t\t\t\t\t\t\t\t\t<img loading=\"lazy\" decoding=\"async\" width=\"600\" height=\"400\" src=\"https:\/\/www.rivera.gub.uy\/portal\/wp-content\/uploads\/2026\/01\/agenda-binacional-12-600x400.jpg\" class=\"attachment-carousel-thumb size-carousel-thumb wp-post-image\" alt=\"Agenda Binacional\" srcset=\"https:\/\/www.rivera.gub.uy\/portal\/wp-content\/uploads\/2026\/01\/agenda-binacional-12-600x400.jpg 600w, https:\/\/www.rivera.gub.uy\/portal\/wp-content\/uploads\/2026\/01\/agenda-binacional-12-282x188.jpg 282w, https:\/\/www.rivera.gub.uy\/portal\/wp-content\/uploads\/2026\/01\/agenda-binacional-12-939x626.jpg 939w, https:\/\/www.rivera.gub.uy\/portal\/wp-content\/uploads\/2026\/01\/agenda-binacional-12-141x94.jpg 141w, https:\/\/www.rivera.gub.uy\/portal\/wp-content\/uploads\/2026\/01\/agenda-binacional-12-768x512.jpg 768w, https:\/\/www.rivera.gub.uy\/portal\/wp-content\/uploads\/2026\/01\/agenda-binacional-12-1536x1024.jpg 1536w, https:\/\/www.rivera.gub.uy\/portal\/wp-content\/uploads\/2026\/01\/agenda-binacional-12-2048x1365.jpg 2048w, https:\/\/www.rivera.gub.uy\/portal\/wp-content\/uploads\/2026\/01\/agenda-binacional-12-820x547.jpg 820w, https:\/\/www.rivera.gub.uy\/portal\/wp-content\/uploads\/2026\/01\/agenda-binacional-12-272x182.jpg 272w\" sizes=\"auto, (max-width: 600px) 100vw, 600px\" \/>\t\t\t\t\t\t\t\t\t\t\t<\/a>\t\t\t\t\t\t\t\n\t\t\t\t<\/div>\t\n\t\t\t\t<div class=\"recent-content col-md-7 col-sm-7 col-xs-7\">\n\t\t\t\t\t<h3 class=\"entry-title\"><a style=\"color:\" href=\"https:\/\/www.rivera.gub.uy\/portal\/foro-sobre-movilidad-en-la-frontera-de-la-paz-planificacion-estrategica-y-cooperacion-binacional\/\" rel=\"bookmark\">Foro sobre movilidad en la Frontera de la Paz: planificaci\u00f3n estrat\u00e9gica y cooperaci\u00f3n binacional<\/a><\/h3>\t\t\t\t\t<div class=\"entry-meta\" style=\"color: \">\n\t\t\t\t\t\t<span class=\"posted-on\"><i class=\"fa fa-calendar\"><\/i> <a href=\"https:\/\/www.rivera.gub.uy\/portal\/foro-sobre-movilidad-en-la-frontera-de-la-paz-planificacion-estrategica-y-cooperacion-binacional\/\" rel=\"bookmark\"><time class=\"entry-date published updated\" datetime=\"2026-01-08T09:04:11-03:00\">8 enero, 2026<\/time><\/a><\/span><span class=\"byline\"> <\/span>\t\t\t\t\t\t<span class=\"post-cat\"><i class=\"fa fa-folder\"><\/i><a href=\"https:\/\/www.rivera.gub.uy\/portal\/category\/agenda-binacional\/\" title=\"See all posts in Agenda Binacional\">Agenda Binacional<\/a><\/span>\t\t\t\t\t<\/div>\t\t\t\t\t\n\t\t\t\t\t<p>En el marco del foro \u201cDiagn\u00f3stico y algunas propuestas de medidas exitosas de Movilidad en la Frontera de la Paz: Rivera \u2013 Santana do Livramento y zonas pr\u00f3ximas\u201d, el secretario general de la Intendencia Departamental de Rivera, arquitecto Jos\u00e9 Mazzoni, destac\u00f3 la relevancia de la planificaci\u00f3n a largo plazo y del trabajo conjunto entre ambos [&hellip;]<\/p>\n\t\t\t\t<\/div>\n\t\t\t<\/div>\n\t\t\n\t\t\t\t\n\n\t\t\t\n\t\t\t<div class=\"recent-post col-md-3 col-sm-3 col-xs-6\">\n\t\t\t\t<div class=\"recent-thumb\">\n\t\t\t\t\t<a href=\"https:\/\/www.rivera.gub.uy\/portal\/del-6-al-9-de-agosto-9o-fronteira-festival-binacional-de-enogastronomia\/\" title=\"Del 6 al 9 de agosto \u2013 9\u00ba Fronte(i)ra, Festival Binacional de Enogastronom\u00eda\" >\n\t\t\t\t\t\t\t\t\t\t\t\t\t<img loading=\"lazy\" decoding=\"async\" width=\"600\" height=\"400\" src=\"https:\/\/www.rivera.gub.uy\/portal\/wp-content\/uploads\/2025\/08\/enogastronomia-1-600x400.jpg\" class=\"attachment-carousel-thumb size-carousel-thumb wp-post-image\" alt=\"Enogastronom\u00eda\" srcset=\"https:\/\/www.rivera.gub.uy\/portal\/wp-content\/uploads\/2025\/08\/enogastronomia-1-600x400.jpg 600w, https:\/\/www.rivera.gub.uy\/portal\/wp-content\/uploads\/2025\/08\/enogastronomia-1-282x188.jpg 282w, https:\/\/www.rivera.gub.uy\/portal\/wp-content\/uploads\/2025\/08\/enogastronomia-1-939x626.jpg 939w, https:\/\/www.rivera.gub.uy\/portal\/wp-content\/uploads\/2025\/08\/enogastronomia-1-141x94.jpg 141w, https:\/\/www.rivera.gub.uy\/portal\/wp-content\/uploads\/2025\/08\/enogastronomia-1-768x512.jpg 768w, https:\/\/www.rivera.gub.uy\/portal\/wp-content\/uploads\/2025\/08\/enogastronomia-1-1536x1024.jpg 1536w, https:\/\/www.rivera.gub.uy\/portal\/wp-content\/uploads\/2025\/08\/enogastronomia-1-2048x1365.jpg 2048w, https:\/\/www.rivera.gub.uy\/portal\/wp-content\/uploads\/2025\/08\/enogastronomia-1-820x547.jpg 820w, https:\/\/www.rivera.gub.uy\/portal\/wp-content\/uploads\/2025\/08\/enogastronomia-1-272x182.jpg 272w\" sizes=\"auto, (max-width: 600px) 100vw, 600px\" \/>\t\t\t\t\t\t\t\t\t\t\t<\/a>\t\t\t\n\t\t\t\t<\/div>\t\n\t\t\t\t<h4 class=\"entry-title\"><a style=\"color:\" href=\"https:\/\/www.rivera.gub.uy\/portal\/del-6-al-9-de-agosto-9o-fronteira-festival-binacional-de-enogastronomia\/\" rel=\"bookmark\">Del 6 al 9 de agosto \u2013 9\u00ba Fronte(i)ra, Festival Binacional de Enogastronom\u00eda<\/a><\/h4>\t\t\n\t\t\t\t<div class=\"entry-meta\" style=\"color: \">\n\t\t\t\t\t<span class=\"posted-on\"><i class=\"fa fa-calendar\"><\/i> <a href=\"https:\/\/www.rivera.gub.uy\/portal\/del-6-al-9-de-agosto-9o-fronteira-festival-binacional-de-enogastronomia\/\" rel=\"bookmark\"><time class=\"entry-date published updated\" datetime=\"2025-08-06T14:31:34-03:00\">6 agosto, 2025<\/time><\/a><\/span><span class=\"byline\"> <\/span>\t\t\t\t\t<span class=\"post-cat\"><i class=\"fa fa-folder\"><\/i><a href=\"https:\/\/www.rivera.gub.uy\/portal\/category\/agenda-binacional\/\" title=\"See all posts in Agenda Binacional\">Agenda Binacional<\/a><\/span>\t\t\t\t\t\n\t\t\t\t<\/div>\t\t\t\t\t\n\t\t\t<\/div>\n\t\t\n\t\t\t\t\n\n\t\t\t\n\t\t\t<div class=\"recent-post col-md-3 col-sm-3 col-xs-6\">\n\t\t\t\t<div class=\"recent-thumb\">\n\t\t\t\t\t<a href=\"https:\/\/www.rivera.gub.uy\/portal\/seminario-de-idioma-cultura-y-tradiciones-de-china-en-utec-rivera\/\" title=\"Seminario de Idioma, Cultura y Tradiciones de China en UTEC Rivera\" >\n\t\t\t\t\t\t\t\t\t\t\t\t\t<img loading=\"lazy\" decoding=\"async\" width=\"600\" height=\"400\" src=\"https:\/\/www.rivera.gub.uy\/portal\/wp-content\/uploads\/2025\/07\/chinacurso-600x400.jpg\" class=\"attachment-carousel-thumb size-carousel-thumb wp-post-image\" alt=\"Idioma Chino\" srcset=\"https:\/\/www.rivera.gub.uy\/portal\/wp-content\/uploads\/2025\/07\/chinacurso-600x400.jpg 600w, https:\/\/www.rivera.gub.uy\/portal\/wp-content\/uploads\/2025\/07\/chinacurso-282x188.jpg 282w, https:\/\/www.rivera.gub.uy\/portal\/wp-content\/uploads\/2025\/07\/chinacurso-939x626.jpg 939w, https:\/\/www.rivera.gub.uy\/portal\/wp-content\/uploads\/2025\/07\/chinacurso-141x94.jpg 141w, https:\/\/www.rivera.gub.uy\/portal\/wp-content\/uploads\/2025\/07\/chinacurso-768x512.jpg 768w, https:\/\/www.rivera.gub.uy\/portal\/wp-content\/uploads\/2025\/07\/chinacurso-820x547.jpg 820w, https:\/\/www.rivera.gub.uy\/portal\/wp-content\/uploads\/2025\/07\/chinacurso-272x182.jpg 272w, https:\/\/www.rivera.gub.uy\/portal\/wp-content\/uploads\/2025\/07\/chinacurso.jpg 1440w\" sizes=\"auto, (max-width: 600px) 100vw, 600px\" \/>\t\t\t\t\t\t\t\t\t\t\t<\/a>\t\t\t\n\t\t\t\t<\/div>\t\n\t\t\t\t<h4 class=\"entry-title\"><a style=\"color:\" href=\"https:\/\/www.rivera.gub.uy\/portal\/seminario-de-idioma-cultura-y-tradiciones-de-china-en-utec-rivera\/\" rel=\"bookmark\">Seminario de Idioma, Cultura y Tradiciones de China en UTEC Rivera<\/a><\/h4>\t\t\n\t\t\t\t<div class=\"entry-meta\" style=\"color: \">\n\t\t\t\t\t<span class=\"posted-on\"><i class=\"fa fa-calendar\"><\/i> <a href=\"https:\/\/www.rivera.gub.uy\/portal\/seminario-de-idioma-cultura-y-tradiciones-de-china-en-utec-rivera\/\" rel=\"bookmark\"><time class=\"entry-date published\" datetime=\"2025-07-14T09:40:17-03:00\">14 julio, 2025<\/time><time class=\"updated\" datetime=\"2025-07-14T09:40:23-03:00\">14 julio, 2025<\/time><\/a><\/span><span class=\"byline\"> <\/span>\t\t\t\t\t<span class=\"post-cat\"><i class=\"fa fa-folder\"><\/i><a href=\"https:\/\/www.rivera.gub.uy\/portal\/category\/agenda-binacional\/\" title=\"See all posts in Agenda Binacional\">Agenda Binacional<\/a><\/span>\t\t\t\t\t\n\t\t\t\t<\/div>\t\t\t\t\t\n\t\t\t<\/div>\n\t\t\n\t\t\t\t\n\n\t\t\t\n\t\t\t<div class=\"recent-post col-md-3 col-sm-3 col-xs-6\">\n\t\t\t\t<div class=\"recent-thumb\">\n\t\t\t\t\t<a href=\"https:\/\/www.rivera.gub.uy\/portal\/lanzamiento-de-la-consulta-publica-para-el-plan-de-accion-2030-de-la-frontera-de-la-paz\/\" title=\"Lanzamiento de la Consulta P\u00fablica para el Plan de Acci\u00f3n 2030 de la Frontera de la Paz\" >\n\t\t\t\t\t\t\t\t\t\t\t\t\t<img loading=\"lazy\" decoding=\"async\" width=\"600\" height=\"400\" src=\"https:\/\/www.rivera.gub.uy\/portal\/wp-content\/uploads\/2023\/06\/agenda-portal-600x400.jpg\" class=\"attachment-carousel-thumb size-carousel-thumb wp-post-image\" alt=\"\" srcset=\"https:\/\/www.rivera.gub.uy\/portal\/wp-content\/uploads\/2023\/06\/agenda-portal-600x400.jpg 600w, https:\/\/www.rivera.gub.uy\/portal\/wp-content\/uploads\/2023\/06\/agenda-portal-141x94.jpg 141w, https:\/\/www.rivera.gub.uy\/portal\/wp-content\/uploads\/2023\/06\/agenda-portal-282x188.jpg 282w, https:\/\/www.rivera.gub.uy\/portal\/wp-content\/uploads\/2023\/06\/agenda-portal-768x512.jpg 768w, https:\/\/www.rivera.gub.uy\/portal\/wp-content\/uploads\/2023\/06\/agenda-portal-939x626.jpg 939w, https:\/\/www.rivera.gub.uy\/portal\/wp-content\/uploads\/2023\/06\/agenda-portal-820x547.jpg 820w, https:\/\/www.rivera.gub.uy\/portal\/wp-content\/uploads\/2023\/06\/agenda-portal-272x182.jpg 272w\" sizes=\"auto, (max-width: 600px) 100vw, 600px\" \/>\t\t\t\t\t\t\t\t\t\t\t<\/a>\t\t\t\n\t\t\t\t<\/div>\t\n\t\t\t\t<h4 class=\"entry-title\"><a style=\"color:\" href=\"https:\/\/www.rivera.gub.uy\/portal\/lanzamiento-de-la-consulta-publica-para-el-plan-de-accion-2030-de-la-frontera-de-la-paz\/\" rel=\"bookmark\">Lanzamiento de la Consulta P\u00fablica para el Plan de Acci\u00f3n 2030 de la Frontera de la Paz<\/a><\/h4>\t\t\n\t\t\t\t<div class=\"entry-meta\" style=\"color: \">\n\t\t\t\t\t<span class=\"posted-on\"><i class=\"fa fa-calendar\"><\/i> <a href=\"https:\/\/www.rivera.gub.uy\/portal\/lanzamiento-de-la-consulta-publica-para-el-plan-de-accion-2030-de-la-frontera-de-la-paz\/\" rel=\"bookmark\"><time class=\"entry-date published updated\" datetime=\"2023-06-14T10:29:37-03:00\">14 junio, 2023<\/time><\/a><\/span><span class=\"byline\"> <\/span>\t\t\t\t\t<span class=\"post-cat\"><i class=\"fa fa-folder\"><\/i><a href=\"https:\/\/www.rivera.gub.uy\/portal\/category\/agenda-binacional\/\" title=\"See all posts in Agenda Binacional\">Agenda Binacional<\/a><\/span>\t\t\t\t\t\n\t\t\t\t<\/div>\t\t\t\t\t\n\t\t\t<\/div>\n\t\t\n\t\t\t\t\n\n\t\t\t\n\t\t\t<div class=\"recent-post col-md-3 col-sm-3 col-xs-6\">\n\t\t\t\t<div class=\"recent-thumb\">\n\t\t\t\t\t<a href=\"https:\/\/www.rivera.gub.uy\/portal\/cierre-de-actividades-del-proyecto-fronteira-da-paz-sustentavel\/\" title=\"Cierre de actividades del Proyecto Fronteira da Paz Sustent\u00e1vel\" >\n\t\t\t\t\t\t\t\t\t\t\t\t\t<img loading=\"lazy\" decoding=\"async\" width=\"600\" height=\"400\" src=\"https:\/\/www.rivera.gub.uy\/portal\/wp-content\/uploads\/2022\/03\/eixo-idr-600x400.jpg\" class=\"attachment-carousel-thumb size-carousel-thumb wp-post-image\" alt=\"\" srcset=\"https:\/\/www.rivera.gub.uy\/portal\/wp-content\/uploads\/2022\/03\/eixo-idr-600x400.jpg 600w, https:\/\/www.rivera.gub.uy\/portal\/wp-content\/uploads\/2022\/03\/eixo-idr-141x94.jpg 141w, https:\/\/www.rivera.gub.uy\/portal\/wp-content\/uploads\/2022\/03\/eixo-idr-282x188.jpg 282w, https:\/\/www.rivera.gub.uy\/portal\/wp-content\/uploads\/2022\/03\/eixo-idr-768x512.jpg 768w, https:\/\/www.rivera.gub.uy\/portal\/wp-content\/uploads\/2022\/03\/eixo-idr-939x626.jpg 939w, https:\/\/www.rivera.gub.uy\/portal\/wp-content\/uploads\/2022\/03\/eixo-idr-820x547.jpg 820w, https:\/\/www.rivera.gub.uy\/portal\/wp-content\/uploads\/2022\/03\/eixo-idr-272x182.jpg 272w, https:\/\/www.rivera.gub.uy\/portal\/wp-content\/uploads\/2022\/03\/eixo-idr.jpg 1440w\" sizes=\"auto, (max-width: 600px) 100vw, 600px\" \/>\t\t\t\t\t\t\t\t\t\t\t<\/a>\t\t\t\n\t\t\t\t<\/div>\t\n\t\t\t\t<h4 class=\"entry-title\"><a style=\"color:\" href=\"https:\/\/www.rivera.gub.uy\/portal\/cierre-de-actividades-del-proyecto-fronteira-da-paz-sustentavel\/\" rel=\"bookmark\">Cierre de actividades del Proyecto Fronteira da Paz Sustent\u00e1vel<\/a><\/h4>\t\t\n\t\t\t\t<div class=\"entry-meta\" style=\"color: \">\n\t\t\t\t\t<span class=\"posted-on\"><i class=\"fa fa-calendar\"><\/i> <a href=\"https:\/\/www.rivera.gub.uy\/portal\/cierre-de-actividades-del-proyecto-fronteira-da-paz-sustentavel\/\" rel=\"bookmark\"><time class=\"entry-date published\" datetime=\"2022-03-17T15:13:19-03:00\">17 marzo, 2022<\/time><time class=\"updated\" datetime=\"2022-03-25T13:02:48-03:00\">25 marzo, 2022<\/time><\/a><\/span><span class=\"byline\"> <\/span>\t\t\t\t\t<span class=\"post-cat\"><i class=\"fa fa-folder\"><\/i><a href=\"https:\/\/www.rivera.gub.uy\/portal\/category\/agenda-binacional\/\" title=\"See all posts in Agenda Binacional\">Agenda Binacional<\/a><\/span>\t\t\t\t\t\n\t\t\t\t<\/div>\t\t\t\t\t\n\t\t\t<\/div>\n\t\t\n\t\t\t\t\t\t<\/div><!-- .widget-inner -->\n\t\t<\/div><\/div><\/div><div id=\"pg-34873-4\"  class=\"panel-grid panel-no-style\" ><div id=\"pgc-34873-4-0\"  class=\"panel-grid-cell\" ><div id=\"panel-34873-4-0-0\" class=\"so-panel widget widget_sow-button panel-first-child\" data-index=\"5\" ><div\n\t\t\t\n\t\t\tclass=\"so-widget-sow-button so-widget-sow-button-wire-24721b3145fb-36691\"\n\t\t\t\n\t\t><div class=\"ow-button-base ow-button-align-center\"\n>\n\t\t\t<a\n\t\t\t\t\thref=\"https:\/\/www.fronteiradapazsustentavel.com.br\/files\/apresentacao.pdf\"\n\t\t\t\t\tclass=\"sowb-button ow-icon-placement-left ow-button-hover\" target=\"_blank\" rel=\"noopener noreferrer\" \t>\n\t\t<span>\n\t\t\t\n\t\t\tPresentaci\u00f3n del proyecto\t\t<\/span>\n\t\t\t<\/a>\n\t<\/div>\n<\/div><\/div><div id=\"panel-34873-4-0-1\" class=\"so-panel widget widget_sow-button\" data-index=\"6\" ><div\n\t\t\t\n\t\t\tclass=\"so-widget-sow-button so-widget-sow-button-wire-24721b3145fb-36691\"\n\t\t\t\n\t\t><div class=\"ow-button-base ow-button-align-center\"\n>\n\t\t\t<a\n\t\t\t\t\thref=\"https:\/\/www.rivera.gub.uy\/portal\/wp-content\/uploads\/2023\/06\/9-PA-consulta-pu\u0301blica.pdf\"\n\t\t\t\t\tclass=\"sowb-button ow-icon-placement-left ow-button-hover\" target=\"_blank\" rel=\"noopener noreferrer\" \t>\n\t\t<span>\n\t\t\t\n\t\t\tPlan de acci\u00f3n\t\t<\/span>\n\t\t\t<\/a>\n\t<\/div>\n<\/div><\/div><div id=\"panel-34873-4-0-2\" class=\"so-panel widget widget_sow-button panel-last-child\" data-index=\"7\" ><div\n\t\t\t\n\t\t\tclass=\"so-widget-sow-button so-widget-sow-button-wire-24721b3145fb-36691\"\n\t\t\t\n\t\t><div class=\"ow-button-base ow-button-align-center\"\n>\n\t\t\t<a\n\t\t\t\t\thref=\"https:\/\/www.rivera.gub.uy\/portal\/wp-content\/uploads\/2023\/07\/Fichas-descritivas-binacional.pdf\"\n\t\t\t\t\tclass=\"sowb-button ow-icon-placement-left ow-button-hover\" target=\"_blank\" rel=\"noopener noreferrer\" \t>\n\t\t<span>\n\t\t\t\n\t\t\tFichas descriptivas\t\t<\/span>\n\t\t\t<\/a>\n\t<\/div>\n<\/div><\/div><\/div><\/div><\/div>","protected":false},"excerpt":{"rendered":"<p>El Proyecto de Desarrollo Inclusivo y sostenible de la Frontera de la Paz tiene como objetivo central promover el desarrollo inclusivo, sostenible, participativo integrado de Santana do Livramento y del tejido urbano en que se integra, donde se destaca la ciudad de Rivera, ambas desarrollando una din\u00e1mica urbana conjunta y verdaderamente transfronteriza. Este proyecto se [&hellip;]<\/p>\n","protected":false},"author":7,"featured_media":0,"parent":0,"menu_order":0,"comment_status":"closed","ping_status":"closed","template":"page-templates\/page_fullwidth.php","meta":{"footnotes":""},"class_list":["post-34873","page","type-page","status-publish","hentry"],"_links":{"self":[{"href":"https:\/\/www.rivera.gub.uy\/portal\/wp-json\/wp\/v2\/pages\/34873","targetHints":{"allow":["GET"]}}],"collection":[{"href":"https:\/\/www.rivera.gub.uy\/portal\/wp-json\/wp\/v2\/pages"}],"about":[{"href":"https:\/\/www.rivera.gub.uy\/portal\/wp-json\/wp\/v2\/types\/page"}],"author":[{"embeddable":true,"href":"https:\/\/www.rivera.gub.uy\/portal\/wp-json\/wp\/v2\/users\/7"}],"replies":[{"embeddable":true,"href":"https:\/\/www.rivera.gub.uy\/portal\/wp-json\/wp\/v2\/comments?post=34873"}],"version-history":[{"count":44,"href":"https:\/\/www.rivera.gub.uy\/portal\/wp-json\/wp\/v2\/pages\/34873\/revisions"}],"predecessor-version":[{"id":44604,"href":"https:\/\/www.rivera.gub.uy\/portal\/wp-json\/wp\/v2\/pages\/34873\/revisions\/44604"}],"wp:attachment":[{"href":"https:\/\/www.rivera.gub.uy\/portal\/wp-json\/wp\/v2\/media?parent=34873"}],"curies":[{"name":"wp","href":"https:\/\/api.w.org\/{rel}","templated":true}]}}