{"id":3605,"date":"2017-12-06T10:20:30","date_gmt":"2017-12-06T12:20:30","guid":{"rendered":"http:\/\/www.rivera.gub.uy\/portal\/?page_id=3605"},"modified":"2022-04-25T13:59:50","modified_gmt":"2022-04-25T16:59:50","slug":"identidad-visual","status":"publish","type":"page","link":"https:\/\/www.rivera.gub.uy\/portal\/identidad-visual\/","title":{"rendered":"Identidad visual"},"content":{"rendered":"<div id=\"pl-3605\"  class=\"panel-layout\" ><div id=\"pg-3605-0\"  class=\"panel-grid panel-no-style\" ><div id=\"pgc-3605-0-0\"  class=\"panel-grid-cell\" ><div id=\"panel-3605-0-0-0\" class=\"so-panel widget widget_sow-editor panel-first-child panel-last-child\" data-index=\"0\" ><div\n\t\t\t\n\t\t\tclass=\"so-widget-sow-editor so-widget-sow-editor-base\"\n\t\t\t\n\t\t>\n<div class=\"siteorigin-widget-tinymce textwidget\">\n\t<p><a href=\"https:\/\/www.rivera.gub.uy\/portal\/wp-content\/uploads\/2022\/04\/idrportal2.png\"><img loading=\"lazy\" decoding=\"async\" class=\"wp-image-37275 size-full aligncenter\" src=\"https:\/\/www.rivera.gub.uy\/portal\/wp-content\/uploads\/2022\/04\/idrportal2.png\" alt=\"\" width=\"800\" height=\"350\" srcset=\"https:\/\/www.rivera.gub.uy\/portal\/wp-content\/uploads\/2022\/04\/idrportal2.png 800w, https:\/\/www.rivera.gub.uy\/portal\/wp-content\/uploads\/2022\/04\/idrportal2-150x66.png 150w, https:\/\/www.rivera.gub.uy\/portal\/wp-content\/uploads\/2022\/04\/idrportal2-300x131.png 300w, https:\/\/www.rivera.gub.uy\/portal\/wp-content\/uploads\/2022\/04\/idrportal2-768x336.png 768w\" sizes=\"auto, (max-width: 800px) 100vw, 800px\" \/><\/a><\/p>\n<p>&nbsp;<\/p>\n<blockquote>\n<p>A trav\u00e9s del Isologotipo de la Intendencia de Rivera se busca unificar la forma en la que las personas perciban la imagen de la Intendencia de Rivera (IDR).<br \/>\nPara ello se estableci\u00f3 como eje central el nombre del departamento como parte esencial del dise\u00f1o que simboliza actualmente a la organizaci\u00f3n, sum\u00e1ndole el eslogan que representa a la actual gesti\u00f3n \"Creciendo con equidad\". Por su fiel compromiso volcado a la sociedad y el desarrollo de la misma en su conjunto.<\/p>\n<\/blockquote>\n<p>En esta p\u00e1gina podr\u00e1n descargar:<\/p>\n<p>Manual de Identidad Visual Institucional de la IDR (<a href=\"https:\/\/www.rivera.gub.uy\/portal\/wp-content\/uploads\/2022\/04\/Manual-de-Identidad-Gr\u00e1fica-Gestion-y-DG-v2021_compressed.pdf\" target=\"_blank\" rel=\"noopener noreferrer\">descargar<\/a>).<\/p>\n<p>Archivos con el isologotipo de la IDR en su versi\u00f3n preferencial, positiva y diapo en varios formatos de archivos gr\u00e1ficos (<a href=\"https:\/\/www.rivera.gub.uy\/portal\/wp-content\/uploads\/2020\/12\/logo-IDR.zip\">descargar<\/a>).<\/p>\n<p>Archivos con isologotipo de las diferentes Direcciones Generales.<\/p>\n<ul>\n<li>Secretar\u00eda General (<a href=\"https:\/\/www.rivera.gub.uy\/portal\/wp-content\/uploads\/2022\/04\/IDR-SG-2022.zip\" target=\"_blank\" rel=\"noopener noreferrer\">descargar<\/a>)<\/li>\n<li>Direcci\u00f3n General de Obras (<a href=\"https:\/\/www.rivera.gub.uy\/portal\/wp-content\/uploads\/2022\/04\/IDR-DGO-2022.zip\" target=\"_blank\" rel=\"noopener noreferrer\">descargar<\/a>)<\/li>\n<li>Direcci\u00f3n General de Desarrollo y Medio Ambiente (<a href=\"https:\/\/www.rivera.gub.uy\/portal\/wp-content\/uploads\/2022\/04\/IDR-DGDMA-2022.zip\" target=\"_blank\" rel=\"noopener noreferrer\">descargar<\/a>)<\/li>\n<li>Direcci\u00f3n General de Hacienda (<a href=\"https:\/\/www.rivera.gub.uy\/portal\/wp-content\/uploads\/2022\/04\/IDR-DGH-2022.zip\">descargar<\/a>)<\/li>\n<li>Direcci\u00f3n General de Promoci\u00f3n y Acci\u00f3n Social (<a href=\"https:\/\/www.rivera.gub.uy\/portal\/wp-content\/uploads\/2022\/04\/IDR-DGPAS-2022.zip\" target=\"_blank\" rel=\"noopener noreferrer\">descargar<\/a>)<\/li>\n<li>Direcci\u00f3n General de Tr\u00e1nsito y Transporte (<a href=\"https:\/\/www.rivera.gub.uy\/portal\/wp-content\/uploads\/2022\/04\/IDR-DGTT-2022.zip\" target=\"_blank\" rel=\"noopener noreferrer\">descargar<\/a>)<\/li>\n<\/ul>\n<\/div>\n<\/div><\/div><\/div><\/div><div id=\"pg-3605-1\"  class=\"panel-grid panel-no-style\" ><div id=\"pgc-3605-1-0\"  class=\"panel-grid-cell\" ><div id=\"panel-3605-1-0-0\" class=\"so-panel widget widget_sow-editor panel-first-child panel-last-child\" data-index=\"1\" ><div\n\t\t\t\n\t\t\tclass=\"so-widget-sow-editor so-widget-sow-editor-base\"\n\t\t\t\n\t\t>\n<div class=\"siteorigin-widget-tinymce textwidget\">\n\t<h3 style=\"text-align: center;\"><strong>Logo de la Administraci\u00f3n y Manual de Identidad Visual<\/strong><\/h3>\n<\/div>\n<\/div><\/div><\/div><\/div><div id=\"pg-3605-2\"  class=\"panel-grid panel-no-style\" ><div id=\"pgc-3605-2-0\"  class=\"panel-grid-cell\" ><div id=\"panel-3605-2-0-0\" class=\"so-panel widget widget_sow-button panel-first-child panel-last-child\" data-index=\"2\" ><div\n\t\t\t\n\t\t\tclass=\"so-widget-sow-button so-widget-sow-button-flat-7bbbbd51b2f4-3605\"\n\t\t\t\n\t\t><div class=\"ow-button-base ow-button-align-center\"\n>\n\t\t\t<a\n\t\t\t\t\thref=\"https:\/\/www.rivera.gub.uy\/portal\/wp-content\/uploads\/2020\/12\/logo-IDR.zip\"\n\t\t\t\t\tclass=\"sowb-button ow-icon-placement-top ow-button-hover\" download=\"\" \t>\n\t\t<span>\n\t\t\t<span class=\"sow-icon-fontawesome sow-far\" data-sow-icon=\"&#xf358;\"\n\t\tstyle=\"\" \n\t\taria-hidden=\"true\"><\/span>\n\t\t\tIDR\t\t<\/span>\n\t\t\t<\/a>\n\t<\/div>\n<\/div><\/div><\/div><div id=\"pgc-3605-2-1\"  class=\"panel-grid-cell\" ><div id=\"panel-3605-2-1-0\" class=\"so-panel widget widget_sow-button panel-first-child panel-last-child\" data-index=\"3\" ><div\n\t\t\t\n\t\t\tclass=\"so-widget-sow-button so-widget-sow-button-flat-7bbbbd51b2f4-3605\"\n\t\t\t\n\t\t><div class=\"ow-button-base ow-button-align-center\"\n>\n\t\t\t<a\n\t\t\t\t\thref=\"https:\/\/www.rivera.gub.uy\/portal\/wp-content\/uploads\/2022\/04\/Manual-de-Identidad-Gr%C3%A1fica-Gestion-y-DG-v2021_compressed.pdf\"\n\t\t\t\t\tclass=\"sowb-button ow-icon-placement-top ow-button-hover\" download=\"\" \t>\n\t\t<span>\n\t\t\t<span class=\"sow-icon-fontawesome sow-far\" data-sow-icon=\"&#xf358;\"\n\t\tstyle=\"\" \n\t\taria-hidden=\"true\"><\/span>\n\t\t\tManual\t\t<\/span>\n\t\t\t<\/a>\n\t<\/div>\n<\/div><\/div><\/div><\/div><div id=\"pg-3605-3\"  class=\"panel-grid panel-no-style\" ><div id=\"pgc-3605-3-0\"  class=\"panel-grid-cell\" ><div id=\"panel-3605-3-0-0\" class=\"so-panel widget widget_sow-editor panel-first-child panel-last-child\" data-index=\"4\" ><div\n\t\t\t\n\t\t\tclass=\"so-widget-sow-editor so-widget-sow-editor-base\"\n\t\t\t\n\t\t>\n<div class=\"siteorigin-widget-tinymce textwidget\">\n\t<h3 style=\"text-align: center;\"><strong>Direcciones Generales\u00a0<\/strong><\/h3>\n<\/div>\n<\/div><\/div><\/div><\/div><div id=\"pg-3605-4\"  class=\"panel-grid panel-no-style\" ><div id=\"pgc-3605-4-0\"  class=\"panel-grid-cell\" ><div id=\"panel-3605-4-0-0\" class=\"so-panel widget widget_sow-button panel-first-child\" data-index=\"5\" ><div\n\t\t\t\n\t\t\tclass=\"so-widget-sow-button so-widget-sow-button-flat-7bbbbd51b2f4-3605\"\n\t\t\t\n\t\t><div class=\"ow-button-base ow-button-align-center\"\n>\n\t\t\t<a\n\t\t\t\t\thref=\"https:\/\/www.rivera.gub.uy\/portal\/wp-content\/uploads\/2022\/04\/IDR-DGDMA-2022.zip\"\n\t\t\t\t\tclass=\"sowb-button ow-icon-placement-top ow-button-hover\" download=\"\" \t>\n\t\t<span>\n\t\t\t<span class=\"sow-icon-fontawesome sow-far\" data-sow-icon=\"&#xf358;\"\n\t\tstyle=\"\" \n\t\taria-hidden=\"true\"><\/span>\n\t\t\tDGDMA\t\t<\/span>\n\t\t\t<\/a>\n\t<\/div>\n<\/div><\/div><div id=\"panel-3605-4-0-1\" class=\"so-panel widget widget_sow-button panel-last-child\" data-index=\"6\" ><div\n\t\t\t\n\t\t\tclass=\"so-widget-sow-button so-widget-sow-button-flat-7bbbbd51b2f4-3605\"\n\t\t\t\n\t\t><div class=\"ow-button-base ow-button-align-center\"\n>\n\t\t\t<a\n\t\t\t\t\thref=\"https:\/\/www.rivera.gub.uy\/portal\/wp-content\/uploads\/2022\/04\/IDR-DGPAS-2022.zip\"\n\t\t\t\t\tclass=\"sowb-button ow-icon-placement-top ow-button-hover\" download=\"\" \t>\n\t\t<span>\n\t\t\t<span class=\"sow-icon-fontawesome sow-far\" data-sow-icon=\"&#xf358;\"\n\t\tstyle=\"\" \n\t\taria-hidden=\"true\"><\/span>\n\t\t\tDGPAS\t\t<\/span>\n\t\t\t<\/a>\n\t<\/div>\n<\/div><\/div><\/div><div id=\"pgc-3605-4-1\"  class=\"panel-grid-cell\" ><div id=\"panel-3605-4-1-0\" class=\"so-panel widget widget_sow-button panel-first-child\" data-index=\"7\" ><div\n\t\t\t\n\t\t\tclass=\"so-widget-sow-button so-widget-sow-button-flat-7bbbbd51b2f4-3605\"\n\t\t\t\n\t\t><div class=\"ow-button-base ow-button-align-center\"\n>\n\t\t\t<a\n\t\t\t\t\thref=\"https:\/\/www.rivera.gub.uy\/portal\/wp-content\/uploads\/2022\/04\/IDR-SG-2022.zip\"\n\t\t\t\t\tclass=\"sowb-button ow-icon-placement-top ow-button-hover\" download=\"\" \t>\n\t\t<span>\n\t\t\t<span class=\"sow-icon-fontawesome sow-far\" data-sow-icon=\"&#xf358;\"\n\t\tstyle=\"\" \n\t\taria-hidden=\"true\"><\/span>\n\t\t\tSecretar\u00eda General\t\t<\/span>\n\t\t\t<\/a>\n\t<\/div>\n<\/div><\/div><div id=\"panel-3605-4-1-1\" class=\"so-panel widget widget_sow-button panel-last-child\" data-index=\"8\" ><div\n\t\t\t\n\t\t\tclass=\"so-widget-sow-button so-widget-sow-button-flat-7bbbbd51b2f4-3605\"\n\t\t\t\n\t\t><div class=\"ow-button-base ow-button-align-center\"\n>\n\t\t\t<a\n\t\t\t\t\thref=\"https:\/\/www.rivera.gub.uy\/portal\/wp-content\/uploads\/2022\/04\/IDR-DGH-2022.zip\"\n\t\t\t\t\tclass=\"sowb-button ow-icon-placement-top ow-button-hover\" download=\"\" \t>\n\t\t<span>\n\t\t\t<span class=\"sow-icon-fontawesome sow-far\" data-sow-icon=\"&#xf358;\"\n\t\tstyle=\"\" \n\t\taria-hidden=\"true\"><\/span>\n\t\t\tDGH\t\t<\/span>\n\t\t\t<\/a>\n\t<\/div>\n<\/div><\/div><\/div><div id=\"pgc-3605-4-2\"  class=\"panel-grid-cell\" ><div id=\"panel-3605-4-2-0\" class=\"so-panel widget widget_sow-button panel-first-child\" data-index=\"9\" ><div\n\t\t\t\n\t\t\tclass=\"so-widget-sow-button so-widget-sow-button-flat-7bbbbd51b2f4-3605\"\n\t\t\t\n\t\t><div class=\"ow-button-base ow-button-align-center\"\n>\n\t\t\t<a\n\t\t\t\t\thref=\"https:\/\/www.rivera.gub.uy\/portal\/wp-content\/uploads\/2022\/04\/IDR-DGO-2022.zip\"\n\t\t\t\t\tclass=\"sowb-button ow-icon-placement-top ow-button-hover\" download=\"\" \t>\n\t\t<span>\n\t\t\t<span class=\"sow-icon-fontawesome sow-far\" data-sow-icon=\"&#xf358;\"\n\t\tstyle=\"\" \n\t\taria-hidden=\"true\"><\/span>\n\t\t\tDGO\t\t<\/span>\n\t\t\t<\/a>\n\t<\/div>\n<\/div><\/div><div id=\"panel-3605-4-2-1\" class=\"so-panel widget widget_sow-button panel-last-child\" data-index=\"10\" ><div\n\t\t\t\n\t\t\tclass=\"so-widget-sow-button so-widget-sow-button-flat-7bbbbd51b2f4-3605\"\n\t\t\t\n\t\t><div class=\"ow-button-base ow-button-align-center\"\n>\n\t\t\t<a\n\t\t\t\t\thref=\"https:\/\/www.rivera.gub.uy\/portal\/wp-content\/uploads\/2022\/04\/IDR-DGTT-2022.zip\"\n\t\t\t\t\tclass=\"sowb-button ow-icon-placement-top ow-button-hover\" download=\"\" \t>\n\t\t<span>\n\t\t\t<span class=\"sow-icon-fontawesome sow-far\" data-sow-icon=\"&#xf358;\"\n\t\tstyle=\"\" \n\t\taria-hidden=\"true\"><\/span>\n\t\t\tDGTT\t\t<\/span>\n\t\t\t<\/a>\n\t<\/div>\n<\/div><\/div><\/div><\/div><div id=\"pg-3605-5\"  class=\"panel-grid panel-no-style\" ><div id=\"pgc-3605-5-0\"  class=\"panel-grid-cell\" ><div id=\"panel-3605-5-0-0\" class=\"so-panel widget widget_sow-editor panel-first-child panel-last-child\" data-index=\"11\" ><div\n\t\t\t\n\t\t\tclass=\"so-widget-sow-editor so-widget-sow-editor-base\"\n\t\t\t\n\t\t>\n<div class=\"siteorigin-widget-tinymce textwidget\">\n\t<hr \/>\n<h4 style=\"text-align: center;\"><strong>Divisi\u00f3n Prensa<\/strong><\/h4>\n<\/div>\n<\/div><\/div><\/div><\/div><div id=\"pg-3605-6\"  class=\"panel-grid panel-no-style\" ><div id=\"pgc-3605-6-0\"  class=\"panel-grid-cell\" ><div id=\"panel-3605-6-0-0\" class=\"so-panel widget widget_sow-editor panel-first-child\" data-index=\"12\" ><div\n\t\t\t\n\t\t\tclass=\"so-widget-sow-editor so-widget-sow-editor-base\"\n\t\t\t\n\t\t>\n<div class=\"siteorigin-widget-tinymce textwidget\">\n\t<p><strong>Departamento de Prensa<\/strong><\/p>\n<p><strong>Director:<\/strong> Edison Zagia<br \/>\n<strong>Direcci\u00f3n:<\/strong> Agraciada 570, subsuelo 1<br \/>\n<strong>Tel:<\/strong>\u00a0<a href=\"tel:59846231900\">4623 1900<\/a> int 199<br \/>\n<strong>Mail:\u00a0<\/strong><a href=\"mailto:prensa@rivera.gub.uy\">prensa@rivera.gub.uy<\/a><\/p>\n<p>&nbsp;<\/p>\n<\/div>\n<\/div><\/div><div id=\"panel-3605-6-0-1\" class=\"so-panel widget widget_sow-editor panel-last-child\" data-index=\"13\" ><div\n\t\t\t\n\t\t\tclass=\"so-widget-sow-editor so-widget-sow-editor-base\"\n\t\t\t\n\t\t>\n<div class=\"siteorigin-widget-tinymce textwidget\">\n\t<p><strong>Departamento de Registros de Fotograf\u00eda y Video<\/strong><\/p>\n<p><strong>Director:<\/strong> Ph. Rinaldo Mora<br \/>\n<strong>Direcci\u00f3n:<\/strong> Agraciada 570, subsuelo 1<br \/>\n<strong>Tel:<\/strong>\u00a0<a href=\"tel:59846231900\">4623 1900<\/a> int 192<br \/>\n<strong>Mail: <\/strong><a href=\"mailto:registrosgraficos@rivera.gub.uy\">registrosgraficos@rivera.gub.uy<\/a><\/p>\n<p>&nbsp;<\/p>\n<\/div>\n<\/div><\/div><\/div><div id=\"pgc-3605-6-1\"  class=\"panel-grid-cell\" ><div id=\"panel-3605-6-1-0\" class=\"so-panel widget widget_sow-editor panel-first-child\" data-index=\"14\" ><div\n\t\t\t\n\t\t\tclass=\"so-widget-sow-editor so-widget-sow-editor-base\"\n\t\t\t\n\t\t>\n<div class=\"siteorigin-widget-tinymce textwidget\">\n\t<p><strong>Departamento de Relaciones P\u00fablicas e Informes<\/strong><\/p>\n<p><strong>Director:<\/strong> Fabi\u00e1n Machado<br \/>\n<strong>Direcci\u00f3n:<\/strong> Agraciada 570, subsuelo 1<br \/>\n<strong>Tel:<\/strong>\u00a0<a href=\"tel:59846231900\">4623 1900<\/a> int 108<br \/>\n<strong>Mail: <\/strong><a href=\"mailto:rrpp@rivera.gub.uy\">rrpp@rivera.gub.uy<\/a><\/p>\n<p>&nbsp;<\/p>\n<\/div>\n<\/div><\/div><div id=\"panel-3605-6-1-1\" class=\"so-panel widget widget_sow-editor panel-last-child\" data-index=\"15\" ><div\n\t\t\t\n\t\t\tclass=\"so-widget-sow-editor so-widget-sow-editor-base\"\n\t\t\t\n\t\t>\n<div class=\"siteorigin-widget-tinymce textwidget\">\n\t<p><strong>Unidad de Comunicaciones<\/strong><\/p>\n<p><strong>Direcci\u00f3n:<\/strong> Agraciada 570, subsuelo 1<br \/>\n<strong>Tel:<\/strong>\u00a0<a href=\"tel:59846231900\">4623 1900<\/a> int 235<br \/>\n<strong>Mail:\u00a0<\/strong><a href=\"mailto:comunicacion@rivera.gub.uy\">comunicacion@rivera.gub.uy<\/a><\/p>\n<p>&nbsp;<\/p>\n<\/div>\n<\/div><\/div><\/div><\/div><\/div>","protected":false},"excerpt":{"rendered":"<p>&nbsp; A trav\u00e9s del Isologotipo de la Intendencia de Rivera se busca unificar la forma en la que las personas perciban la imagen de la Intendencia de Rivera (IDR). Para ello se estableci\u00f3 como eje central el nombre del departamento como parte esencial del dise\u00f1o que simboliza actualmente a la organizaci\u00f3n, sum\u00e1ndole el eslogan que [&hellip;]<\/p>\n","protected":false},"author":1,"featured_media":0,"parent":0,"menu_order":0,"comment_status":"closed","ping_status":"closed","template":"","meta":{"footnotes":""},"class_list":["post-3605","page","type-page","status-publish","hentry"],"_links":{"self":[{"href":"https:\/\/www.rivera.gub.uy\/portal\/wp-json\/wp\/v2\/pages\/3605","targetHints":{"allow":["GET"]}}],"collection":[{"href":"https:\/\/www.rivera.gub.uy\/portal\/wp-json\/wp\/v2\/pages"}],"about":[{"href":"https:\/\/www.rivera.gub.uy\/portal\/wp-json\/wp\/v2\/types\/page"}],"author":[{"embeddable":true,"href":"https:\/\/www.rivera.gub.uy\/portal\/wp-json\/wp\/v2\/users\/1"}],"replies":[{"embeddable":true,"href":"https:\/\/www.rivera.gub.uy\/portal\/wp-json\/wp\/v2\/comments?post=3605"}],"version-history":[{"count":27,"href":"https:\/\/www.rivera.gub.uy\/portal\/wp-json\/wp\/v2\/pages\/3605\/revisions"}],"predecessor-version":[{"id":37284,"href":"https:\/\/www.rivera.gub.uy\/portal\/wp-json\/wp\/v2\/pages\/3605\/revisions\/37284"}],"wp:attachment":[{"href":"https:\/\/www.rivera.gub.uy\/portal\/wp-json\/wp\/v2\/media?parent=3605"}],"curies":[{"name":"wp","href":"https:\/\/api.w.org\/{rel}","templated":true}]}}