{"id":37549,"date":"2022-05-11T09:57:26","date_gmt":"2022-05-11T12:57:26","guid":{"rendered":"https:\/\/www.rivera.gub.uy\/portal\/?page_id=37549"},"modified":"2024-06-20T11:48:07","modified_gmt":"2024-06-20T14:48:07","slug":"castraciones","status":"publish","type":"page","link":"https:\/\/www.rivera.gub.uy\/portal\/castraciones\/","title":{"rendered":"Castraciones"},"content":{"rendered":"<div id=\"pl-37549\"  class=\"panel-layout\"><div id=\"pg-37549-0\"  class=\"panel-grid panel-no-style\"><div id=\"pgc-37549-0-0\"  class=\"panel-grid-cell\"><div id=\"panel-37549-0-0-0\" class=\"so-panel widget widget_sow-editor panel-first-child panel-last-child\" data-index=\"0\"><div\n\t\t\t\n\t\t\tclass=\"so-widget-sow-editor so-widget-sow-editor-base\">\n<div class=\"siteorigin-widget-tinymce textwidget\">\n\t<p>Castraciones gratuitas para perros y gatos, machos y hembras.<\/p>\n<p>La esterilizaci\u00f3n se realizar\u00e1 barrio a barrio, por orden de llegada.<br \/>\nSe castran m\u00e1ximo <strong>10 gatos por jornada <\/strong>(un gato por persona).<br \/>\nLos animales deben contar con 8 horas de ayuno de s\u00f3lidos y l\u00edquidos, a su vez, sus propietarios deben llevar una manta para abrigar a sus mascotas luego de la cirug\u00eda.<\/p>\n<p><\/p><\/div><\/div><\/div><\/div><\/div><\/div><p> <a href=\"https:\/\/www.rivera.gub.uy\/portal\/comienzan-las-castraciones-gratuitas-caninas\/#more-38047\" class=\"more-link\">Read More<\/a><\/p>","protected":false},"excerpt":{"rendered":"<p>Castraciones gratuitas para perros y gatos, machos y hembras. La esterilizaci\u00f3n se realizar\u00e1 barrio a barrio, por orden de llegada. Se castran m\u00e1ximo 10 gatos por jornada (un gato por persona). Los animales deben contar con 8 horas de ayuno de s\u00f3lidos y l\u00edquidos, a su vez, sus propietarios deben llevar una manta para abrigar [&hellip;]<\/p>\n","protected":false},"author":7,"featured_media":0,"parent":0,"menu_order":0,"comment_status":"closed","ping_status":"closed","template":"page-templates\/page_fullwidth.php","meta":{"footnotes":""},"class_list":["post-37549","page","type-page","status-publish","hentry"],"_links":{"self":[{"href":"https:\/\/www.rivera.gub.uy\/portal\/wp-json\/wp\/v2\/pages\/37549","targetHints":{"allow":["GET"]}}],"collection":[{"href":"https:\/\/www.rivera.gub.uy\/portal\/wp-json\/wp\/v2\/pages"}],"about":[{"href":"https:\/\/www.rivera.gub.uy\/portal\/wp-json\/wp\/v2\/types\/page"}],"author":[{"embeddable":true,"href":"https:\/\/www.rivera.gub.uy\/portal\/wp-json\/wp\/v2\/users\/7"}],"replies":[{"embeddable":true,"href":"https:\/\/www.rivera.gub.uy\/portal\/wp-json\/wp\/v2\/comments?post=37549"}],"version-history":[{"count":41,"href":"https:\/\/www.rivera.gub.uy\/portal\/wp-json\/wp\/v2\/pages\/37549\/revisions"}],"predecessor-version":[{"id":54566,"href":"https:\/\/www.rivera.gub.uy\/portal\/wp-json\/wp\/v2\/pages\/37549\/revisions\/54566"}],"wp:attachment":[{"href":"https:\/\/www.rivera.gub.uy\/portal\/wp-json\/wp\/v2\/media?parent=37549"}],"curies":[{"name":"wp","href":"https:\/\/api.w.org\/{rel}","templated":true}]}}