{"id":41400,"date":"2023-01-13T10:21:32","date_gmt":"2023-01-13T13:21:32","guid":{"rendered":"https:\/\/www.rivera.gub.uy\/portal\/?page_id=41400"},"modified":"2023-08-30T11:56:22","modified_gmt":"2023-08-30T14:56:22","slug":"deportes","status":"publish","type":"page","link":"https:\/\/www.rivera.gub.uy\/portal\/deportes\/","title":{"rendered":"Deportes"},"content":{"rendered":"<div id=\"pl-41400\"  class=\"panel-layout\" ><div id=\"pg-41400-0\"  class=\"panel-grid panel-no-style\" ><div id=\"pgc-41400-0-0\"  class=\"panel-grid-cell\" ><div id=\"panel-41400-0-0-0\" class=\"so-panel widget widget_sow-editor panel-first-child panel-last-child\" data-index=\"0\" ><div\n\t\t\t\n\t\t\tclass=\"so-widget-sow-editor so-widget-sow-editor-base\"\n\t\t\t\n\t\t>\n<div class=\"siteorigin-widget-tinymce textwidget\">\n\t<p><a href=\"https:\/\/www.rivera.gub.uy\/portal\/wp-content\/uploads\/2023\/01\/unidades-deportes-rivera.png\"><img loading=\"lazy\" decoding=\"async\" class=\"aligncenter wp-image-41401 size-full\" src=\"https:\/\/www.rivera.gub.uy\/portal\/wp-content\/uploads\/2023\/01\/unidades-deportes-rivera.png\" alt=\"\" width=\"800\" height=\"350\" srcset=\"https:\/\/www.rivera.gub.uy\/portal\/wp-content\/uploads\/2023\/01\/unidades-deportes-rivera.png 800w, https:\/\/www.rivera.gub.uy\/portal\/wp-content\/uploads\/2023\/01\/unidades-deportes-rivera-150x66.png 150w, https:\/\/www.rivera.gub.uy\/portal\/wp-content\/uploads\/2023\/01\/unidades-deportes-rivera-300x131.png 300w, https:\/\/www.rivera.gub.uy\/portal\/wp-content\/uploads\/2023\/01\/unidades-deportes-rivera-768x336.png 768w\" sizes=\"auto, (max-width: 800px) 100vw, 800px\" \/><\/a><\/p>\n<blockquote>\n<p>Esta unidad, es la encargada de proyectar acciones y programas f\u00edsico-deportivos durante todo el a\u00f1o, aplicando y regulando las pol\u00edticas deportivas del Departamento.<\/p>\n<\/blockquote>\n<p>El equipo de trabajo integrado por administrativos, licenciados, profesores e id\u00f3neos en Educaci\u00f3n F\u00edsica, actualmente act\u00faa en 20 barrios de nuestra cuidad de manera sistem\u00e1tica abarcando todas las franjas etarias en diversas disciplinas deportivas durante todo el a\u00f1o, procurando llevar a cada ciudadano la posibilidad de acceder a una mejor calidad de vida.<\/p>\n<\/div>\n<\/div><\/div><\/div><\/div><div id=\"pg-41400-1\"  class=\"panel-grid panel-no-style\" ><div id=\"pgc-41400-1-0\"  class=\"panel-grid-cell\" ><div id=\"panel-41400-1-0-0\" class=\"so-panel widget widget_sow-button panel-first-child panel-last-child\" data-index=\"1\" ><div\n\t\t\t\n\t\t\tclass=\"so-widget-sow-button so-widget-sow-button-wire-f54c0409268f-41400\"\n\t\t\t\n\t\t><div class=\"ow-button-base ow-button-align-center\"\n>\n\t\t\t<a\n\t\t\t\t\thref=\"https:\/\/www.rivera.gub.uy\/portal\/wp-content\/uploads\/2023\/08\/reglamento-deportes.pdf\"\n\t\t\t\t\tclass=\"sowb-button ow-icon-placement-left ow-button-hover\" target=\"_blank\" rel=\"noopener noreferrer\" \t>\n\t\t<span>\n\t\t\t\n\t\t\tREGLAMENTO DE UTILIZACI\u00d3N DEL ESTADIO\t\t<\/span>\n\t\t\t<\/a>\n\t<\/div>\n<\/div><\/div><\/div><\/div><div id=\"pg-41400-2\"  class=\"panel-grid panel-no-style\" ><div id=\"pgc-41400-2-0\"  class=\"panel-grid-cell\" ><div id=\"panel-41400-2-0-0\" class=\"so-panel widget widget_sow-button panel-first-child panel-last-child\" data-index=\"2\" ><div\n\t\t\t\n\t\t\tclass=\"so-widget-sow-button so-widget-sow-button-wire-f54c0409268f-41400\"\n\t\t\t\n\t\t><div class=\"ow-button-base ow-button-align-center\"\n>\n\t\t\t<a\n\t\t\t\t\thref=\"https:\/\/www.rivera.gub.uy\/portal\/wp-content\/uploads\/2023\/08\/CAD-Contrato-de-adhesi\u00f3n-1.pdf\"\n\t\t\t\t\tclass=\"sowb-button ow-icon-placement-left ow-button-hover\" target=\"_blank\" rel=\"noopener noreferrer\" \t>\n\t\t<span>\n\t\t\t\n\t\t\tAdhesi\u00f3n\t\t<\/span>\n\t\t\t<\/a>\n\t<\/div>\n<\/div><\/div><\/div><div id=\"pgc-41400-2-1\"  class=\"panel-grid-cell\" ><div id=\"panel-41400-2-1-0\" class=\"so-panel widget widget_sow-button panel-first-child panel-last-child\" data-index=\"3\" ><div\n\t\t\t\n\t\t\tclass=\"so-widget-sow-button so-widget-sow-button-wire-f54c0409268f-41400\"\n\t\t\t\n\t\t><div class=\"ow-button-base ow-button-align-center\"\n>\n\t\t\t<a\n\t\t\t\t\thref=\"https:\/\/www.rivera.gub.uy\/portal\/wp-content\/uploads\/2023\/08\/CAEE-Contrato-de-arrendamiento-para-eventos-especiales-1.pdf\"\n\t\t\t\t\tclass=\"sowb-button ow-icon-placement-left ow-button-hover\" target=\"_blank\" rel=\"noopener noreferrer\" \t>\n\t\t<span>\n\t\t\t\n\t\t\tArrendamiento\t\t<\/span>\n\t\t\t<\/a>\n\t<\/div>\n<\/div><\/div><\/div><div id=\"pgc-41400-2-2\"  class=\"panel-grid-cell\" ><div id=\"panel-41400-2-2-0\" class=\"so-panel widget widget_sow-button panel-first-child panel-last-child\" data-index=\"4\" ><div\n\t\t\t\n\t\t\tclass=\"so-widget-sow-button so-widget-sow-button-wire-f54c0409268f-41400\"\n\t\t\t\n\t\t><div class=\"ow-button-base ow-button-align-center\"\n>\n\t\t\t<a\n\t\t\t\t\thref=\"https:\/\/www.rivera.gub.uy\/portal\/wp-content\/uploads\/2023\/08\/SUL-Formulario-de-Solicitud-de-USO-LIBRE.xlsx-SULibre.pdf\"\n\t\t\t\t\tclass=\"sowb-button ow-icon-placement-left ow-button-hover\" target=\"_blank\" rel=\"noopener noreferrer\" \t>\n\t\t<span>\n\t\t\t\n\t\t\tUso Libre\t\t<\/span>\n\t\t\t<\/a>\n\t<\/div>\n<\/div><\/div><\/div><div id=\"pgc-41400-2-3\"  class=\"panel-grid-cell\" ><div id=\"panel-41400-2-3-0\" class=\"so-panel widget widget_sow-button panel-first-child panel-last-child\" data-index=\"5\" ><div\n\t\t\t\n\t\t\tclass=\"so-widget-sow-button so-widget-sow-button-wire-f54c0409268f-41400\"\n\t\t\t\n\t\t><div class=\"ow-button-base ow-button-align-center\"\n>\n\t\t\t<a\n\t\t\t\t\thref=\"https:\/\/www.rivera.gub.uy\/portal\/wp-content\/uploads\/2023\/08\/SUP-Formulario-de-Solicitud-de-USO-PAGO.xls-SULibre.pdf\"\n\t\t\t\t\tclass=\"sowb-button ow-icon-placement-left ow-button-hover\" target=\"_blank\" rel=\"noopener noreferrer\" \t>\n\t\t<span>\n\t\t\t\n\t\t\tUso Pago\t\t<\/span>\n\t\t\t<\/a>\n\t<\/div>\n<\/div><\/div><\/div><\/div><div id=\"pg-41400-3\"  class=\"panel-grid panel-no-style\" ><div id=\"pgc-41400-3-0\"  class=\"panel-grid-cell\" >\t\t<div id=\"panel-41400-3-0-0\" class=\"so-panel widget widget_recent_posts_b recent_posts_b clearfix panel-first-child\" data-index=\"6\" >\n\t\t<div class=\"widget-inner clearfix\" style=\"background-color: ; color: \">\n\t\t\n\t\t\n\t\t\t<div class=\"recent-post first-post col-md-6 col-sm-6 clearfix\">\n\t\t\t\t<div class=\"recent-thumb\">\n\t\t\t\t\t\t\t\t\t<img loading=\"lazy\" decoding=\"async\" width=\"600\" height=\"400\" src=\"https:\/\/www.rivera.gub.uy\/portal\/wp-content\/uploads\/2026\/02\/idr-fup-16-600x400.jpg\" class=\"attachment-carousel-thumb size-carousel-thumb wp-post-image\" alt=\"Convenio IDR-FUP\" srcset=\"https:\/\/www.rivera.gub.uy\/portal\/wp-content\/uploads\/2026\/02\/idr-fup-16-600x400.jpg 600w, https:\/\/www.rivera.gub.uy\/portal\/wp-content\/uploads\/2026\/02\/idr-fup-16-282x188.jpg 282w, https:\/\/www.rivera.gub.uy\/portal\/wp-content\/uploads\/2026\/02\/idr-fup-16-939x626.jpg 939w, https:\/\/www.rivera.gub.uy\/portal\/wp-content\/uploads\/2026\/02\/idr-fup-16-141x94.jpg 141w, https:\/\/www.rivera.gub.uy\/portal\/wp-content\/uploads\/2026\/02\/idr-fup-16-768x512.jpg 768w, https:\/\/www.rivera.gub.uy\/portal\/wp-content\/uploads\/2026\/02\/idr-fup-16-1536x1024.jpg 1536w, https:\/\/www.rivera.gub.uy\/portal\/wp-content\/uploads\/2026\/02\/idr-fup-16-2048x1365.jpg 2048w, https:\/\/www.rivera.gub.uy\/portal\/wp-content\/uploads\/2026\/02\/idr-fup-16-820x547.jpg 820w, https:\/\/www.rivera.gub.uy\/portal\/wp-content\/uploads\/2026\/02\/idr-fup-16-272x182.jpg 272w\" sizes=\"auto, (max-width: 600px) 100vw, 600px\" \/>\t\t\t\t\t\t\t\t\t\t\t\t\t\t\t\n\t\t\t\t<\/div>\t\n\t\t\t\t<div class=\"recent-content\">\n\t\t\t\t\t<h3 class=\"entry-title\"><a style=\"color:\" href=\"https:\/\/www.rivera.gub.uy\/portal\/rivera-y-la-federacion-uruguaya-de-pesas-sellan-una-alianza-historica-para-la-halterofilia-en-el-interior\/\" rel=\"bookmark\">Rivera y la Federaci\u00f3n Uruguaya de Pesas sellan una alianza hist\u00f3rica para la halterofilia en el interior<\/a><\/h3>\t\t\t\t\t<div class=\"entry-meta\" style=\"color: \">\n\t\t\t\t\t\t<span class=\"posted-on\"><i class=\"fa fa-calendar\"><\/i> <a href=\"https:\/\/www.rivera.gub.uy\/portal\/rivera-y-la-federacion-uruguaya-de-pesas-sellan-una-alianza-historica-para-la-halterofilia-en-el-interior\/\" rel=\"bookmark\"><time class=\"entry-date published\" datetime=\"2026-02-20T19:46:28-03:00\">20 febrero, 2026<\/time><time class=\"updated\" datetime=\"2026-02-20T19:48:10-03:00\">20 febrero, 2026<\/time><\/a><\/span><span class=\"byline\"> <\/span>\t\t\t\t\t\t<span class=\"post-cat\"><i class=\"fa fa-folder\"><\/i><a href=\"https:\/\/www.rivera.gub.uy\/portal\/category\/deportes\/\" title=\"See all posts in Deportes\">Deportes<\/a><\/span>\t\t\t\n\t\t\t\t\t<\/div>\t\t\t\t\t\n\t\t\t\t\t<p>Este jueves 20 de febrero de 2026, se firm\u00f3 el convenio estrat\u00e9gico entre la Intendencia Departamental de Rivera y la Federaci\u00f3n Uruguaya de Pesas (FUP), oficializando la creaci\u00f3n del primer Centro de Desarrollo de Halterofilia (Levantamiento Ol\u00edmpico) para el interior del pa\u00eds.<\/p>\n\t\t\t\t<\/div>\n\t\t\t<\/div>\n\n\t\t\n\t\t\n\t\t\t<div class=\"recent-post col-md-6 col-sm-6 clearfix\">\n\t\t\t\t<div class=\"recent-thumb col-md-3 col-sm-3 col-xs-3\">\n\t\t\t\t\t\t\t\t\t<img loading=\"lazy\" decoding=\"async\" width=\"600\" height=\"400\" src=\"https:\/\/www.rivera.gub.uy\/portal\/wp-content\/uploads\/2025\/12\/baby-futbol-57-600x400.jpg\" class=\"attachment-carousel-thumb size-carousel-thumb wp-post-image\" alt=\"Estadio de Baby F\u00fatbol\" srcset=\"https:\/\/www.rivera.gub.uy\/portal\/wp-content\/uploads\/2025\/12\/baby-futbol-57-600x400.jpg 600w, https:\/\/www.rivera.gub.uy\/portal\/wp-content\/uploads\/2025\/12\/baby-futbol-57-282x188.jpg 282w, https:\/\/www.rivera.gub.uy\/portal\/wp-content\/uploads\/2025\/12\/baby-futbol-57-939x626.jpg 939w, https:\/\/www.rivera.gub.uy\/portal\/wp-content\/uploads\/2025\/12\/baby-futbol-57-141x94.jpg 141w, https:\/\/www.rivera.gub.uy\/portal\/wp-content\/uploads\/2025\/12\/baby-futbol-57-768x512.jpg 768w, https:\/\/www.rivera.gub.uy\/portal\/wp-content\/uploads\/2025\/12\/baby-futbol-57-1536x1024.jpg 1536w, https:\/\/www.rivera.gub.uy\/portal\/wp-content\/uploads\/2025\/12\/baby-futbol-57-2048x1365.jpg 2048w, https:\/\/www.rivera.gub.uy\/portal\/wp-content\/uploads\/2025\/12\/baby-futbol-57-820x547.jpg 820w, https:\/\/www.rivera.gub.uy\/portal\/wp-content\/uploads\/2025\/12\/baby-futbol-57-272x182.jpg 272w\" sizes=\"auto, (max-width: 600px) 100vw, 600px\" \/>\t\t\t\t\t\t\t\t\t\t\t\t\t\t\t\n\t\t\t\t<\/div>\t\n\t\t\t\t<div class=\"recent-content col-md-9 col-sm-9 col-xs-9\">\n\t\t\t\t\t<h4 class=\"entry-title\"><a style=\"color:\" href=\"https:\/\/www.rivera.gub.uy\/portal\/sander-estas-obras-no-son-solo-infraestructura-son-espacios-de-encuentro-formacion-y-oportunidades-para-nuestros-ninos-y-jovenes\/\" rel=\"bookmark\">Sander: \u201cEstas obras no son solo infraestructura; son espacios de encuentro, formaci\u00f3n y oportunidades para nuestros ni\u00f1os y j\u00f3venes\u201d<\/a><\/h4>\t\t\t\t\t<div class=\"entry-meta\" style=\"color: \">\n\t\t\t\t\t\t<span class=\"posted-on\"><i class=\"fa fa-calendar\"><\/i> <a href=\"https:\/\/www.rivera.gub.uy\/portal\/sander-estas-obras-no-son-solo-infraestructura-son-espacios-de-encuentro-formacion-y-oportunidades-para-nuestros-ninos-y-jovenes\/\" rel=\"bookmark\"><time class=\"entry-date published updated\" datetime=\"2025-12-29T19:33:37-03:00\">29 diciembre, 2025<\/time><\/a><\/span><span class=\"byline\"> <\/span>\t\t\t\t\t\t<span class=\"post-cat\"><i class=\"fa fa-folder\"><\/i><a href=\"https:\/\/www.rivera.gub.uy\/portal\/category\/deportes\/\" title=\"See all posts in Deportes\">Deportes<\/a><\/span>\t\t\t\t\t\n\t\t\t\t\t<\/div>\t\t\t\t\t\n\t\t\t\t<\/div>\t\t\t\n\t\t\t<\/div>\n\n\t\t\n\t\t\t<div class=\"recent-post col-md-6 col-sm-6 clearfix\">\n\t\t\t\t<div class=\"recent-thumb col-md-3 col-sm-3 col-xs-3\">\n\t\t\t\t\t\t\t\t\t<img loading=\"lazy\" decoding=\"async\" width=\"600\" height=\"400\" src=\"https:\/\/www.rivera.gub.uy\/portal\/wp-content\/uploads\/2025\/12\/barrialito-11-600x400.jpg\" class=\"attachment-carousel-thumb size-carousel-thumb wp-post-image\" alt=\"Barrialito\" srcset=\"https:\/\/www.rivera.gub.uy\/portal\/wp-content\/uploads\/2025\/12\/barrialito-11-600x400.jpg 600w, https:\/\/www.rivera.gub.uy\/portal\/wp-content\/uploads\/2025\/12\/barrialito-11-272x182.jpg 272w\" sizes=\"auto, (max-width: 600px) 100vw, 600px\" \/>\t\t\t\t\t\t\t\t\t\t\t\t\t\t\t\n\t\t\t\t<\/div>\t\n\t\t\t\t<div class=\"recent-content col-md-9 col-sm-9 col-xs-9\">\n\t\t\t\t\t<h4 class=\"entry-title\"><a style=\"color:\" href=\"https:\/\/www.rivera.gub.uy\/portal\/gran-fiesta-del-futbol-infantil-el-barrialito-2025\/\" rel=\"bookmark\">Gran fiesta del f\u00fatbol infantil: \u201cEl Barrialito 2025\u201d<\/a><\/h4>\t\t\t\t\t<div class=\"entry-meta\" style=\"color: \">\n\t\t\t\t\t\t<span class=\"posted-on\"><i class=\"fa fa-calendar\"><\/i> <a href=\"https:\/\/www.rivera.gub.uy\/portal\/gran-fiesta-del-futbol-infantil-el-barrialito-2025\/\" rel=\"bookmark\"><time class=\"entry-date published\" datetime=\"2025-12-08T14:00:56-03:00\">8 diciembre, 2025<\/time><time class=\"updated\" datetime=\"2025-12-08T16:01:01-03:00\">8 diciembre, 2025<\/time><\/a><\/span><span class=\"byline\"> <\/span>\t\t\t\t\t\t<span class=\"post-cat\"><i class=\"fa fa-folder\"><\/i><a href=\"https:\/\/www.rivera.gub.uy\/portal\/category\/deportes\/\" title=\"See all posts in Deportes\">Deportes<\/a><\/span>\t\t\t\t\t\n\t\t\t\t\t<\/div>\t\t\t\t\t\n\t\t\t\t<\/div>\t\t\t\n\t\t\t<\/div>\n\n\t\t\n\t\t\t<div class=\"recent-post col-md-6 col-sm-6 clearfix\">\n\t\t\t\t<div class=\"recent-thumb col-md-3 col-sm-3 col-xs-3\">\n\t\t\t\t\t\t\t\t\t<img loading=\"lazy\" decoding=\"async\" width=\"600\" height=\"400\" src=\"https:\/\/www.rivera.gub.uy\/portal\/wp-content\/uploads\/2025\/09\/auvo-2025-600x400.jpg\" class=\"attachment-carousel-thumb size-carousel-thumb wp-post-image\" alt=\"AUVO 2025\" srcset=\"https:\/\/www.rivera.gub.uy\/portal\/wp-content\/uploads\/2025\/09\/auvo-2025-600x400.jpg 600w, https:\/\/www.rivera.gub.uy\/portal\/wp-content\/uploads\/2025\/09\/auvo-2025-272x182.jpg 272w\" sizes=\"auto, (max-width: 600px) 100vw, 600px\" \/>\t\t\t\t\t\t\t\t\t\t\t\t\t\t\t\n\t\t\t\t<\/div>\t\n\t\t\t\t<div class=\"recent-content col-md-9 col-sm-9 col-xs-9\">\n\t\t\t\t\t<h4 class=\"entry-title\"><a style=\"color:\" href=\"https:\/\/www.rivera.gub.uy\/portal\/auvo-llega-a-rivera-con-un-fin-de-semana-a-pura-velocidad\/\" rel=\"bookmark\">AUVO llega a Rivera con un fin de semana a pura velocidad<\/a><\/h4>\t\t\t\t\t<div class=\"entry-meta\" style=\"color: \">\n\t\t\t\t\t\t<span class=\"posted-on\"><i class=\"fa fa-calendar\"><\/i> <a href=\"https:\/\/www.rivera.gub.uy\/portal\/auvo-llega-a-rivera-con-un-fin-de-semana-a-pura-velocidad\/\" rel=\"bookmark\"><time class=\"entry-date published\" datetime=\"2025-09-29T09:20:54-03:00\">29 septiembre, 2025<\/time><time class=\"updated\" datetime=\"2025-10-01T11:28:39-03:00\">1 octubre, 2025<\/time><\/a><\/span><span class=\"byline\"> <\/span>\t\t\t\t\t\t<span class=\"post-cat\"><i class=\"fa fa-folder\"><\/i><a href=\"https:\/\/www.rivera.gub.uy\/portal\/category\/deportes\/\" title=\"See all posts in Deportes\">Deportes<\/a><\/span>\t\t\t\t\t\n\t\t\t\t\t<\/div>\t\t\t\t\t\n\t\t\t\t<\/div>\t\t\t\n\t\t\t<\/div>\n\n\t\t\n\t\t\t<div class=\"recent-post col-md-6 col-sm-6 clearfix\">\n\t\t\t\t<div class=\"recent-thumb col-md-3 col-sm-3 col-xs-3\">\n\t\t\t\t\t\t\t\t\t<img loading=\"lazy\" decoding=\"async\" width=\"600\" height=\"400\" src=\"https:\/\/www.rivera.gub.uy\/portal\/wp-content\/uploads\/2025\/09\/motocross-600x400.jpg\" class=\"attachment-carousel-thumb size-carousel-thumb wp-post-image\" alt=\"Motocross\" srcset=\"https:\/\/www.rivera.gub.uy\/portal\/wp-content\/uploads\/2025\/09\/motocross-600x400.jpg 600w, https:\/\/www.rivera.gub.uy\/portal\/wp-content\/uploads\/2025\/09\/motocross-139x94.jpg 139w, https:\/\/www.rivera.gub.uy\/portal\/wp-content\/uploads\/2025\/09\/motocross-272x182.jpg 272w\" sizes=\"auto, (max-width: 600px) 100vw, 600px\" \/>\t\t\t\t\t\t\t\t\t\t\t\t\t\t\t\n\t\t\t\t<\/div>\t\n\t\t\t\t<div class=\"recent-content col-md-9 col-sm-9 col-xs-9\">\n\t\t\t\t\t<h4 class=\"entry-title\"><a style=\"color:\" href=\"https:\/\/www.rivera.gub.uy\/portal\/desafio-uruguay-brasil-y-trilhao-2025\/\" rel=\"bookmark\">Desaf\u00edo Uruguay-Brasil y Trilh\u00e3o 2025<\/a><\/h4>\t\t\t\t\t<div class=\"entry-meta\" style=\"color: \">\n\t\t\t\t\t\t<span class=\"posted-on\"><i class=\"fa fa-calendar\"><\/i> <a href=\"https:\/\/www.rivera.gub.uy\/portal\/desafio-uruguay-brasil-y-trilhao-2025\/\" rel=\"bookmark\"><time class=\"entry-date published updated\" datetime=\"2025-09-29T09:09:50-03:00\">29 septiembre, 2025<\/time><\/a><\/span><span class=\"byline\"> <\/span>\t\t\t\t\t\t<span class=\"post-cat\"><i class=\"fa fa-folder\"><\/i><a href=\"https:\/\/www.rivera.gub.uy\/portal\/category\/deportes\/\" title=\"See all posts in Deportes\">Deportes<\/a><\/span>\t\t\t\t\t\n\t\t\t\t\t<\/div>\t\t\t\t\t\n\t\t\t\t<\/div>\t\t\t\n\t\t\t<\/div>\n\n\t\t\n\t\t\t<div class=\"recent-post col-md-6 col-sm-6 clearfix\">\n\t\t\t\t<div class=\"recent-thumb col-md-3 col-sm-3 col-xs-3\">\n\t\t\t\t\t\t\t\t\t<img loading=\"lazy\" decoding=\"async\" width=\"600\" height=\"400\" src=\"https:\/\/www.rivera.gub.uy\/portal\/wp-content\/uploads\/2025\/09\/WhatsApp-Image-2025-09-21-at-7.12.35-PM-600x400.jpeg\" class=\"attachment-carousel-thumb size-carousel-thumb wp-post-image\" alt=\"Minicross\" srcset=\"https:\/\/www.rivera.gub.uy\/portal\/wp-content\/uploads\/2025\/09\/WhatsApp-Image-2025-09-21-at-7.12.35-PM-600x400.jpeg 600w, https:\/\/www.rivera.gub.uy\/portal\/wp-content\/uploads\/2025\/09\/WhatsApp-Image-2025-09-21-at-7.12.35-PM-272x182.jpeg 272w\" sizes=\"auto, (max-width: 600px) 100vw, 600px\" \/>\t\t\t\t\t\t\t\t\t\t\t\t\t\t\t\n\t\t\t\t<\/div>\t\n\t\t\t\t<div class=\"recent-content col-md-9 col-sm-9 col-xs-9\">\n\t\t\t\t\t<h4 class=\"entry-title\"><a style=\"color:\" href=\"https:\/\/www.rivera.gub.uy\/portal\/rivera-fue-sede-de-la-copa-fim-la-de-minicross-y-se-prepara-para-nuevos-desafios\/\" rel=\"bookmark\">Rivera fue sede de la Copa FIM LA de Minicross y se prepara para nuevos desaf\u00edos<\/a><\/h4>\t\t\t\t\t<div class=\"entry-meta\" style=\"color: \">\n\t\t\t\t\t\t<span class=\"posted-on\"><i class=\"fa fa-calendar\"><\/i> <a href=\"https:\/\/www.rivera.gub.uy\/portal\/rivera-fue-sede-de-la-copa-fim-la-de-minicross-y-se-prepara-para-nuevos-desafios\/\" rel=\"bookmark\"><time class=\"entry-date published\" datetime=\"2025-09-26T10:13:03-03:00\">26 septiembre, 2025<\/time><time class=\"updated\" datetime=\"2025-09-26T10:30:47-03:00\">26 septiembre, 2025<\/time><\/a><\/span><span class=\"byline\"> <\/span>\t\t\t\t\t\t<span class=\"post-cat\"><i class=\"fa fa-folder\"><\/i><a href=\"https:\/\/www.rivera.gub.uy\/portal\/category\/deportes\/\" title=\"See all posts in Deportes\">Deportes<\/a><\/span>\t\t\t\t\t\n\t\t\t\t\t<\/div>\t\t\t\t\t\n\t\t\t\t<\/div>\t\t\t\n\t\t\t<\/div>\n\n\t\t\t\n\n\t\t<\/div>\t\n\n\t\t<\/div><div id=\"panel-41400-3-0-1\" class=\"so-panel widget widget_sow-editor panel-last-child\" data-index=\"7\" ><div\n\t\t\t\n\t\t\tclass=\"so-widget-sow-editor so-widget-sow-editor-base\"\n\t\t\t\n\t\t>\n<div class=\"siteorigin-widget-tinymce textwidget\">\n\t<h3 style=\"text-align: center;\"><\/h3>\n<p style=\"text-align: center;\"><strong>Director:<\/strong> Horacio Hern\u00e1ndez<br \/>\n<strong>Direcci\u00f3n:<\/strong> Tribuna Norte del Estadio Atilio Paiva Olivera<br \/>\n<strong>Horario de atenci\u00f3n:<\/strong> Lunes a viernes de 8 a 15 Hrs.<br \/>\n<strong>Tel\u00e9fono:<\/strong> <a href=\"tel:59846236289\">4623 6289<\/a><br \/>\n<strong>E-mail:<\/strong> <a href=\"mailto:deportes@rivera.gub.uy\">deportes@rivera.gub.uy<\/a><\/p>\n<\/div>\n<\/div><\/div><\/div><\/div><\/div>","protected":false},"excerpt":{"rendered":"<p>Esta unidad, es la encargada de proyectar acciones y programas f\u00edsico-deportivos durante todo el a\u00f1o, aplicando y regulando las pol\u00edticas deportivas del Departamento. El equipo de trabajo integrado por administrativos, licenciados, profesores e id\u00f3neos en Educaci\u00f3n F\u00edsica, actualmente act\u00faa en 20 barrios de nuestra cuidad de manera sistem\u00e1tica abarcando todas las franjas etarias en diversas [&hellip;]<\/p>\n","protected":false},"author":7,"featured_media":0,"parent":0,"menu_order":0,"comment_status":"closed","ping_status":"closed","template":"","meta":{"footnotes":""},"class_list":["post-41400","page","type-page","status-publish","hentry"],"_links":{"self":[{"href":"https:\/\/www.rivera.gub.uy\/portal\/wp-json\/wp\/v2\/pages\/41400","targetHints":{"allow":["GET"]}}],"collection":[{"href":"https:\/\/www.rivera.gub.uy\/portal\/wp-json\/wp\/v2\/pages"}],"about":[{"href":"https:\/\/www.rivera.gub.uy\/portal\/wp-json\/wp\/v2\/types\/page"}],"author":[{"embeddable":true,"href":"https:\/\/www.rivera.gub.uy\/portal\/wp-json\/wp\/v2\/users\/7"}],"replies":[{"embeddable":true,"href":"https:\/\/www.rivera.gub.uy\/portal\/wp-json\/wp\/v2\/comments?post=41400"}],"version-history":[{"count":27,"href":"https:\/\/www.rivera.gub.uy\/portal\/wp-json\/wp\/v2\/pages\/41400\/revisions"}],"predecessor-version":[{"id":45630,"href":"https:\/\/www.rivera.gub.uy\/portal\/wp-json\/wp\/v2\/pages\/41400\/revisions\/45630"}],"wp:attachment":[{"href":"https:\/\/www.rivera.gub.uy\/portal\/wp-json\/wp\/v2\/media?parent=41400"}],"curies":[{"name":"wp","href":"https:\/\/api.w.org\/{rel}","templated":true}]}}