{"id":430,"date":"2016-11-30T11:19:18","date_gmt":"2016-11-30T11:19:18","guid":{"rendered":"http:\/\/c0010014.ferozo.com\/?page_id=430"},"modified":"2017-04-04T19:02:12","modified_gmt":"2017-04-04T19:02:12","slug":"declaracion-de-accesibilidad","status":"publish","type":"page","link":"https:\/\/www.rivera.gub.uy\/portal\/declaracion-de-accesibilidad\/","title":{"rendered":"Declaraci\u00f3n de accesibilidad"},"content":{"rendered":"<ol>\n<li><strong>Declaraci\u00f3n de conformidad de accesibilidad<\/strong><br \/>\nLa Intendencia de Rivera trabaja para que la presentaci\u00f3n de todos los contenidos sean accesibles para navegadores adaptados a personas con discapacidad. La pol\u00edtica de accesibilidad aplicada por la Intendencia de Rivera\u00a0est\u00e1 en l\u00ednea con el Decreto 450\/009 \u201cPrincipios y L\u00edneas Estrat\u00e9gicas para el Gobierno Electr\u00f3nico en Red\u201d, para asegurar un acceso universal a los contenidos de este portal para todos los ciudadanos.<\/li>\n<li><strong>Declaraci\u00f3n de conformidad<\/strong><br \/>\nEl alcance de esta declaraci\u00f3n de conformidad de accesibilidad es el de todas las p\u00e1ginas del portal de la Intendencia de Rivera, www.rivera.gub.uy<\/li>\n<li><strong>Cumplimiento de est\u00e1ndares<\/strong><br \/>\nCumplimiento de las normas WCAG 2 (Web Content Accessibility Guidelines) del W3C (World Wide Web Consortium), en su nivel AA. La presentaci\u00f3n se basa en la recomendaci\u00f3n del W3C sobre las Hojas de Estilo en Cascada (CSS 3). Se ha empleado el lenguaje de marcado HTML 5. Se ha validado para poder ser visualizado correctamente en celulares y dispositivos de mano (MobileOK Basic).<\/li>\n<li><strong>Fecha de \u00faltima revisi\u00f3n<\/strong><br \/>\nLa \u00faltima revisi\u00f3n sobre el nivel de accesibilidad de este portal ha sido realizada con fecha del 03\/04\/2017.<\/li>\n<li><strong>Uso de las caracter\u00edsticas de accesibilidad<\/strong><br \/>\nEl acceso a las caracter\u00edsticas de accesibilidad var\u00eda entre los navegadores m\u00e1s utilizados. A continuaci\u00f3n se describen los m\u00e9todos concretos para sacar el mayor partido a las facilidades que proporciona cada uno de ellos.<\/p>\n<ol>\n<li>Teclas de acceso r\u00e1pido:<br \/>\nEl acceso a los enlaces que tienen una tecla de acceso r\u00e1pido definida se realiza pulsando distintas combinaciones de teclas seg\u00fan el navegador:<\/p>\n<ol>\n<li>Microsoft Internet Explorer: Pulse la combinaci\u00f3n de teclas Alt tecla de acceso r\u00e1pido y a continuaci\u00f3n RetornoEnter.<\/li>\n<li>Firefox y Nestscape: Pulse a un tiempo las teclas Shift (la empleada para escribir letras may\u00fasculas una a una) y Alt, y la tecla de acceso r\u00e1pido.<\/li>\n<li>Opera: Pulse a un tiempo las teclas Shift (la empleada para escribir letras may\u00fasculas una a una) y Esc, su\u00e9ltelas y a continuaci\u00f3n pulse s\u00f3lo la tecla de acceso r\u00e1pido.<\/li>\n<\/ol>\n<\/li>\n<\/ol>\n<\/li>\n<li><strong>Contacto<\/strong><br \/>\nCon el fin de asegurar una mejora continua de la accesibilidad web, facilitamos una v\u00eda de Contacto (<a href=\"http:\/\/www.rivera.gub.uy\/portal\/contacto\/\">acceso desde aqu\u00ed al formulario de contacto<\/a>) que permite a los ciudadanos informar sobre las dificultades que pudieran encontrar en el acceso a los contenidos de nuestro portal.<\/li>\n<\/ol>\n","protected":false},"excerpt":{"rendered":"<p>Declaraci\u00f3n de conformidad de accesibilidad La Intendencia de Rivera trabaja para que la presentaci\u00f3n de todos los contenidos sean accesibles para navegadores adaptados a personas con discapacidad. La pol\u00edtica de accesibilidad aplicada por la Intendencia de Rivera\u00a0est\u00e1 en l\u00ednea con el Decreto 450\/009 \u201cPrincipios y L\u00edneas Estrat\u00e9gicas para el Gobierno Electr\u00f3nico en Red\u201d, para asegurar [&hellip;]<\/p>\n","protected":false},"author":5,"featured_media":0,"parent":0,"menu_order":0,"comment_status":"closed","ping_status":"closed","template":"","meta":{"footnotes":""},"class_list":["post-430","page","type-page","status-publish","hentry"],"_links":{"self":[{"href":"https:\/\/www.rivera.gub.uy\/portal\/wp-json\/wp\/v2\/pages\/430","targetHints":{"allow":["GET"]}}],"collection":[{"href":"https:\/\/www.rivera.gub.uy\/portal\/wp-json\/wp\/v2\/pages"}],"about":[{"href":"https:\/\/www.rivera.gub.uy\/portal\/wp-json\/wp\/v2\/types\/page"}],"author":[{"embeddable":true,"href":"https:\/\/www.rivera.gub.uy\/portal\/wp-json\/wp\/v2\/users\/5"}],"replies":[{"embeddable":true,"href":"https:\/\/www.rivera.gub.uy\/portal\/wp-json\/wp\/v2\/comments?post=430"}],"version-history":[{"count":2,"href":"https:\/\/www.rivera.gub.uy\/portal\/wp-json\/wp\/v2\/pages\/430\/revisions"}],"predecessor-version":[{"id":1208,"href":"https:\/\/www.rivera.gub.uy\/portal\/wp-json\/wp\/v2\/pages\/430\/revisions\/1208"}],"wp:attachment":[{"href":"https:\/\/www.rivera.gub.uy\/portal\/wp-json\/wp\/v2\/media?parent=430"}],"curies":[{"name":"wp","href":"https:\/\/api.w.org\/{rel}","templated":true}]}}