{"id":432,"date":"2016-11-30T11:19:40","date_gmt":"2016-11-30T11:19:40","guid":{"rendered":"http:\/\/c0010014.ferozo.com\/?page_id=432"},"modified":"2018-11-06T12:02:58","modified_gmt":"2018-11-06T14:02:58","slug":"terminos-de-uso","status":"publish","type":"page","link":"https:\/\/www.rivera.gub.uy\/portal\/terminos-de-uso\/","title":{"rendered":"T\u00e9rminos de uso"},"content":{"rendered":"<ol>\n<li><strong>Alcance del aviso legal y las condiciones de uso<\/strong><br \/>\nEl dominio rivera.gub.uy y los subdominios dependientes de rivera.gub.uy son titularidad de la Intendencia Departamental de Rivera, con sede en la Calle Agraciada, n\u00ba 570, CP 40000, Rivera- Uruguay. Tel\u00e9fono 462 31900.<\/li>\n<li><strong>Condiciones generales<\/strong><br \/>\nEl uso del Portal implica la expresa y plena aceptaci\u00f3n de las condiciones aqu\u00ed expuestas, sin perjuicio de aquellas particulares que pudieran aplicarse a algunos de los servicios concretos ofrecidos a trav\u00e9s del mismo.<br \/>\nEl Portal cumple la funci\u00f3n de informaci\u00f3n general y atenci\u00f3n al ciudadano en los t\u00e9rminos de lo establecido en la Ley 18.381 de 17 de octubre de 2008 sobre el Acceso a la Informaci\u00f3n P\u00fablica, por el que se regulan los servicios de informaci\u00f3n administrativa y de atenci\u00f3n al ciudadano y los derechos de esos a disponer de la informaci\u00f3n generada por las administraciones, teniendo car\u00e1cter meramente informativo y sin que en ning\u00fan caso pueda derivarse de ellos efecto jur\u00eddico vinculante alguno.<br \/>\nSu contenido es meramente informativo y carece de efectos jur\u00eddicos vinculantes para la Intendencia Departamental de Rivera, salvo los derivados de procedimientos de gesti\u00f3n expresamente permitidos. La Intendencia Departamental de Rivera podr\u00e1 efectuar, en cualquier momento y sin necesidad de previo aviso, modificaciones y actualizaciones sobre la informaci\u00f3n contenida en su portal o en su configuraci\u00f3n o presentaci\u00f3n, as\u00ed como suspender temporalmente el acceso al mismo en forma discrecional o transitoria.<\/li>\n<li><strong>Protecci\u00f3n de datos<\/strong><br \/>\nLa Intendencia Departamental de Rivera es la responsable de la Base de Datos y de su custodia. El acceso a los datos personales contenidos en la Base de Datos est\u00e1 expresamente previsto en la Ley 18.331. En caso de que el Usuario desee ejercer sus derechos de de acceso, rectificaci\u00f3n, actualizaci\u00f3n y supresi\u00f3n de datos, podr\u00e1 hacerlo v\u00eda web desde el <a href=\"http:\/\/www.rivera.gub.uy\/portal\/contacto\/\" target=\"_blank\" rel=\"noopener\">formulario de contacto<\/a>.<\/li>\n<li><strong>Propiedad intelectual<br \/>\n<\/strong>Los contenidos, organizaci\u00f3n y elecci\u00f3n de enlaces de las p\u00e1ginas de este portal han sido seleccionados y coordinados por la Intendencia Departamental de Rivera. Esta informaci\u00f3n puede ser utilizada en parte o en su integridad siempre que se cite su origen, con excepci\u00f3n de los contenidos sobre los que existan derechos de propiedad intelectual o industrial por parte de terceros.<br \/>\nComo facilitador del conocimiento y la informaci\u00f3n se posibilita el acceso a p\u00e1ginas externas sobre las que el organismo no tiene control alguno y respecto de las cuales declina toda responsabilidad.<br \/>\nEl dise\u00f1o del portal y su c\u00f3digo fuente, logos, marcas y dem\u00e1s signos distintivos que aparecen en el mismo pertenecen a la Intendencia Departamental de Rivera, o a sus Direcciones dependientes, y est\u00e1n protegidos por los correspondientes derechos de propiedad intelectual e industrial. Su uso, reproducci\u00f3n, distribuci\u00f3n, comunicaci\u00f3n p\u00fablica, transformaci\u00f3n o cualquier otra actividad similar o an\u00e1loga, queda totalmente prohibida salvo que medie expresa autorizaci\u00f3n de la Intendencia Departamental de Rivera. La licencia de uso de cualquier contenido de este Portal otorgada al usuario se limita a la descarga por parte del usuario de dicho contenido y el uso privado del mismo, siempre que los citados contenidos permanezcan \u00edntegros.<\/li>\n<li><strong>Derechos de autor<\/strong><br \/>\nLa Intendencia Departamental de Rivera declara su respeto a los derechos de propiedad intelectual e industrial de terceros; por ello, si considera que este sitio pudiera estar violando sus derechos, descritos en las Leyes N\u00b0 9.739 de 17 de diciembre de 1937 y N\u00b0 17.616 de 10 de enero, rogamos se pongan en contacto con nosotros para comunicarnos cualquier incidencia en el <a href=\"http:\/\/www.rivera.gub.uy\/portal\/contacto\/\">siguiente formulario<\/a>.<\/li>\n<\/ol>\n","protected":false},"excerpt":{"rendered":"<p>Alcance del aviso legal y las condiciones de uso El dominio rivera.gub.uy y los subdominios dependientes de rivera.gub.uy son titularidad de la Intendencia Departamental de Rivera, con sede en la Calle Agraciada, n\u00ba 570, CP 40000, Rivera- Uruguay. Tel\u00e9fono 462 31900. Condiciones generales El uso del Portal implica la expresa y plena aceptaci\u00f3n de las [&hellip;]<\/p>\n","protected":false},"author":5,"featured_media":0,"parent":0,"menu_order":0,"comment_status":"closed","ping_status":"closed","template":"","meta":{"footnotes":""},"class_list":["post-432","page","type-page","status-publish","hentry"],"_links":{"self":[{"href":"https:\/\/www.rivera.gub.uy\/portal\/wp-json\/wp\/v2\/pages\/432","targetHints":{"allow":["GET"]}}],"collection":[{"href":"https:\/\/www.rivera.gub.uy\/portal\/wp-json\/wp\/v2\/pages"}],"about":[{"href":"https:\/\/www.rivera.gub.uy\/portal\/wp-json\/wp\/v2\/types\/page"}],"author":[{"embeddable":true,"href":"https:\/\/www.rivera.gub.uy\/portal\/wp-json\/wp\/v2\/users\/5"}],"replies":[{"embeddable":true,"href":"https:\/\/www.rivera.gub.uy\/portal\/wp-json\/wp\/v2\/comments?post=432"}],"version-history":[{"count":4,"href":"https:\/\/www.rivera.gub.uy\/portal\/wp-json\/wp\/v2\/pages\/432\/revisions"}],"predecessor-version":[{"id":12159,"href":"https:\/\/www.rivera.gub.uy\/portal\/wp-json\/wp\/v2\/pages\/432\/revisions\/12159"}],"wp:attachment":[{"href":"https:\/\/www.rivera.gub.uy\/portal\/wp-json\/wp\/v2\/media?parent=432"}],"curies":[{"name":"wp","href":"https:\/\/api.w.org\/{rel}","templated":true}]}}