{"id":434,"date":"2016-11-30T11:20:08","date_gmt":"2016-11-30T11:20:08","guid":{"rendered":"http:\/\/c0010014.ferozo.com\/?page_id=434"},"modified":"2017-04-04T19:02:26","modified_gmt":"2017-04-04T19:02:26","slug":"politica-de-privacidad","status":"publish","type":"page","link":"https:\/\/www.rivera.gub.uy\/portal\/politica-de-privacidad\/","title":{"rendered":"Pol\u00edtica de privacidad"},"content":{"rendered":"<p>Conforme a lo dispuesto en la Ley N\u00ba 18.331, de 11 de agosto de 2008, y el Decreto N\u00ba 414\/009, de 21 de agosto de 2009, modificativas y concordantes, sobre protecci\u00f3n de datos personales y Habeas Data, el tratamiento de datos personales que se realiza en el sitio web rivera.gub.uy de Intendencia de Rivera, se rige por las siguientes disposiciones:<\/p>\n<ol>\n<li><strong>Finalidad<\/strong><br \/>\nLos datos personales que se recaben ser\u00e1n utilizados con la finalidad de brindar un mejor servicio y facilitar el uso del sitio web a trav\u00e9s del an\u00e1lisis del n\u00famero y frecuencia de visita. Respecto de la recolecci\u00f3n y tratamiento de datos realizado mediante mecanismos automatizados con el objeto de generar registros de actividad de los visitantes, Intendencia de Rivera en ning\u00fan caso realizar\u00e1 operaciones que impliquen asociar dicha informaci\u00f3n a alg\u00fan usuario identificado o identificable.<\/li>\n<li><strong>Contacto y formularios web<\/strong><br \/>\nEl formulario &#8220;<a href=\"http:\/\/www.rivera.gub.uy\/portal\/contacto\/\">Cont\u00e1ctenos<\/a>&#8221; del sitio web est\u00e1 concebido como un buz\u00f3n de atenci\u00f3n al ciudadano y tiene como objetivo facilitar las comunicaciones e intercambio de informaci\u00f3n entre los interesados y la Intendencia de Rivera, y los datos se mantendr\u00e1n con la finalidad de recibir y responder consultas, as\u00ed como obtener datos estad\u00edsticos de las mismas.<br \/>\nLos datos personales de los usuarios que se registren en el sitio Web mediante formularios establecidos para esos efectos, ser\u00e1n utilizados para el cumplimiento de los fines indicados en cada uno de ellos.<\/li>\n<li><strong>Comunicaci\u00f3n de datos personales<\/strong><br \/>\nLos datos personales recabados podr\u00e1n ser comunicados a Entidades P\u00fablicas o a terceros, \u00fanica y exclusivamente, cuando la consecuci\u00f3n de la finalidad perseguida por el usuario as\u00ed lo requiera, o con su consentimiento.<\/li>\n<li><strong>Registro de bases de datos<\/strong><br \/>\nLos datos personales de los Usuarios del sitio web se encuentran en la base de datos interna, la cual se encuentra debidamente inscripta ante la Unidad Reguladora y de Control de Datos Personales.<\/li>\n<li><strong>Ejercicio de los derechos<\/strong><br \/>\nEl Usuario podr\u00e1 en todo momento ejercer los derechos de acceso, rectificaci\u00f3n, actualizaci\u00f3n, inclusi\u00f3n y supresi\u00f3n, otorgados por la Ley N\u00ba 18.331, sus modificativas y concordantes, ante Intendencia de Rivera\u00a0a trav\u00e9s del formulario de &#8220;<a href=\"http:\/\/www.rivera.gub.uy\/portal\/contacto\/\">Contacto<\/a>&#8220;, o personalmente dirigi\u00e9ndose a Agraciada 570 en Rivera, Uruguay.<\/li>\n<li><strong>Cookies<\/strong><br \/>\nIntendencia de Rivera podr\u00e1 utilizar cookies cuando el usuario navega por el sitio web, pero \u00e9ste puede configurar su navegador para ser avisado de la recepci\u00f3n de las cookies e impedir en caso de considerarlo adecuado su instalaci\u00f3n en el disco duro.<\/li>\n<li><strong>Enlaces<\/strong><br \/>\nLa presente Pol\u00edtica de Privacidad es de aplicaci\u00f3n exclusiva al sitio web de Intendencia de Rivera y no se extiende a los casos de acceso a la misma a trav\u00e9s de enlaces externos, ni tampoco en los enlaces de este sitio a otros sitios web, de acuerdo a lo dispuesto en el Numeral 4\u00ba de las <a href=\"http:\/\/www.rivera.gub.uy\/portal\/terminos-de-uso\/\">Condiciones de Uso<\/a> del presente sitio.<\/li>\n<\/ol>\n","protected":false},"excerpt":{"rendered":"<p>Conforme a lo dispuesto en la Ley N\u00ba 18.331, de 11 de agosto de 2008, y el Decreto N\u00ba 414\/009, de 21 de agosto de 2009, modificativas y concordantes, sobre protecci\u00f3n de datos personales y Habeas Data, el tratamiento de datos personales que se realiza en el sitio web rivera.gub.uy de Intendencia de Rivera, se [&hellip;]<\/p>\n","protected":false},"author":5,"featured_media":0,"parent":0,"menu_order":0,"comment_status":"closed","ping_status":"closed","template":"","meta":{"footnotes":""},"class_list":["post-434","page","type-page","status-publish","hentry"],"_links":{"self":[{"href":"https:\/\/www.rivera.gub.uy\/portal\/wp-json\/wp\/v2\/pages\/434","targetHints":{"allow":["GET"]}}],"collection":[{"href":"https:\/\/www.rivera.gub.uy\/portal\/wp-json\/wp\/v2\/pages"}],"about":[{"href":"https:\/\/www.rivera.gub.uy\/portal\/wp-json\/wp\/v2\/types\/page"}],"author":[{"embeddable":true,"href":"https:\/\/www.rivera.gub.uy\/portal\/wp-json\/wp\/v2\/users\/5"}],"replies":[{"embeddable":true,"href":"https:\/\/www.rivera.gub.uy\/portal\/wp-json\/wp\/v2\/comments?post=434"}],"version-history":[{"count":2,"href":"https:\/\/www.rivera.gub.uy\/portal\/wp-json\/wp\/v2\/pages\/434\/revisions"}],"predecessor-version":[{"id":1204,"href":"https:\/\/www.rivera.gub.uy\/portal\/wp-json\/wp\/v2\/pages\/434\/revisions\/1204"}],"wp:attachment":[{"href":"https:\/\/www.rivera.gub.uy\/portal\/wp-json\/wp\/v2\/media?parent=434"}],"curies":[{"name":"wp","href":"https:\/\/api.w.org\/{rel}","templated":true}]}}