{"id":436,"date":"2016-11-30T11:20:35","date_gmt":"2016-11-30T14:20:35","guid":{"rendered":"http:\/\/c0010014.ferozo.com\/?page_id=436"},"modified":"2017-03-30T18:55:42","modified_gmt":"2017-03-30T18:55:42","slug":"mapa-del-sitio","status":"publish","type":"page","link":"https:\/\/www.rivera.gub.uy\/portal\/mapa-del-sitio\/","title":{"rendered":"Mapa del sitio"},"content":{"rendered":"<p><a href=\"http:\/\/www.rivera.gub.uy\/portal\/\">HOME<\/a><\/p>\n<ul>\n<li>Institucional\n<ul>\n<li><a href=\"http:\/\/www.rivera.gub.uy\/portal\/la-institucion\/\">La instituci\u00f3n<\/a><\/li>\n<li><a href=\"http:\/\/www.rivera.gub.uy\/portal\/estructura-organizativa\/\">Estructura organizativa<\/a><\/li>\n<li><a href=\"http:\/\/www.rivera.gub.uy\/portal\/personal\/\">Personal<\/a><\/li>\n<li><a href=\"http:\/\/www.rivera.gub.uy\/portal\/informes-de-gestion\/\">Informes de Gesti\u00f3n<\/a><\/li>\n<li><a href=\"http:\/\/www.rivera.gub.uy\/portal\/adquisiciones\/\">Adquisiciones<\/a><\/li>\n<li><a href=\"http:\/\/www.rivera.gub.uy\/portal\/category\/llamados-a-concursos\/\">Llamados a Concursos<\/a><\/li>\n<li><a href=\"http:\/\/www.rivera.gub.uy\/portal\/participacion\/\">Participaci\u00f3n<\/a><\/li>\n<li><a href=\"http:\/\/www.rivera.gub.uy\/portal\/datos-abiertos\/\">Datos Abiertos<\/a><\/li>\n<li><a href=\"http:\/\/www.rivera.gub.uy\/portal\/preguntas-frecuentes\/\">Preguntas Frecuentes<\/a><\/li>\n<li><a href=\"http:\/\/www.rivera.gub.uy\/portal\/contacto\/\">Contacto<\/a><\/li>\n<\/ul>\n<\/li>\n<li><a href=\"http:\/\/www.rivera.gub.uy\/portal\/category\/normativa\/\">Normativa<\/a>\n<ul>\n<li><a href=\"http:\/\/www.rivera.gub.uy\/portal\/category\/normativa\/ordenanzas\/\">Ordenanzas<\/a><\/li>\n<li><a href=\"http:\/\/www.rivera.gub.uy\/portal\/category\/normativa\/plan-de-ordenamiento-territorial\/\">Plan de Ordenamiento Territorial<\/a><\/li>\n<\/ul>\n<\/li>\n<li>Noticias\n<ul>\n<li><a href=\"http:\/\/www.rivera.gub.uy\/portal\/category\/novedades\/\">Novedades<\/a><\/li>\n<li><a href=\"http:\/\/www.rivera.gub.uy\/portal\/category\/multimedia\/\">Multimedia<\/a><\/li>\n<li><a href=\"http:\/\/www.rivera.gub.uy\/portal\/category\/turismo\/\">Turismo<\/a><\/li>\n<li><a href=\"http:\/\/www.rivera.gub.uy\/portal\/category\/municipios\/\">Municipios<\/a><\/li>\n<li><a href=\"http:\/\/www.rivera.gub.uy\/portal\/category\/puestas-en-manifiesto\/\">Puestas en Manifiesto<\/a><\/li>\n<li>Hacienda\n<ul>\n<li><a href=\"http:\/\/www.rivera.gub.uy\/portal\/category\/hacienda\/vencimientos\/\">Vencimientos<\/a><\/li>\n<li><a href=\"http:\/\/www.rivera.gub.uy\/portal\/category\/hacienda\/bonificacion-de-tributos\/\">Bonificaci\u00f3n de Tributos<\/a><\/li>\n<\/ul>\n<\/li>\n<\/ul>\n<\/li>\n<li>Tributos\n<ul>\n<li><a href=\"http:\/\/www.rivera.gub.uy\/portal\/contribucion\/\">Contribuci\u00f3n<\/a><\/li>\n<li><a href=\"http:\/\/www.sucive.gub.uy\/\" target=\"_blank\">Patente de Rodados<\/a><\/li>\n<li><a href=\"http:\/\/www.rivera.gub.uy\/portal\/permisos-de-circulacion\/\">Permisos de Circulaci\u00f3n<\/a><\/li>\n<li><a href=\"http:\/\/www.rivera.gub.uy\/portal\/tasas\/\">Tasas<\/a><\/li>\n<li><a href=\"http:\/\/www.rivera.gub.uy\/portal\/certificado-unico-departamental\/\">Certificado \u00danico Departamental<\/a><\/li>\n<\/ul>\n<\/li>\n<li>Departamento\n<ul>\n<li><a href=\"http:\/\/www.rivera.gub.uy\/portal\/historia-y-localidades\/\">Historia y Localidades<\/a><\/li>\n<li><a href=\"http:\/\/www.rivera.gub.uy\/portal\/gis-sistema-de-informacion-geografico\/\">GIS: Sistema de Informaci\u00f3n Geogr\u00e1fico<\/a><\/li>\n<li><a href=\"http:\/\/www.rivera.gub.uy\/portal\/nomenclator\/\">Nomencl\u00e1tor<\/a><\/li>\n<\/ul>\n<\/li>\n<li>Desarrollo\n<ul>\n<li><a href=\"http:\/\/www.rivera.gub.uy\/portal\/desarrollo-empresarial\/\">Desarrollo empresarial &#8211; Normas de inversi\u00f3n<\/a><\/li>\n<li><a href=\"http:\/\/www.rivera.gub.uy\/portal\/produccion\/\">Producci\u00f3n<\/a><\/li>\n<li><a href=\"http:\/\/www.rivera.gub.uy\/portal\/empresa-y-alimentos\/\">Empresa y Alimentos<\/a><\/li>\n<li><a href=\"http:\/\/www.rivera.gub.uy\/portal\/asociacion-comercial-e-industrial-de-rivera\/\">Asociaci\u00f3n Comercial e Industrial de Rivera<\/a><\/li>\n<li><a href=\"http:\/\/www.rivera.gub.uy\/portal\/agencia-de-desarrollo-de-rivera\/\">Agencia de Desarrollo de Rivera<\/a><\/li>\n<\/ul>\n<\/li>\n<li><a href=\"http:\/\/www.rivera.gub.uy\/portal\/category\/turismo\/\">Turismo<\/a><\/li>\n<\/ul>\n","protected":false},"excerpt":{"rendered":"<p>HOME Institucional La instituci\u00f3n Estructura organizativa Personal Informes de Gesti\u00f3n Adquisiciones Llamados a Concursos Participaci\u00f3n Datos Abiertos Preguntas Frecuentes Contacto Normativa Ordenanzas Plan de Ordenamiento Territorial Noticias Novedades Multimedia Turismo Municipios Puestas en Manifiesto Hacienda Vencimientos Bonificaci\u00f3n de Tributos Tributos Contribuci\u00f3n Patente de Rodados Permisos de Circulaci\u00f3n Tasas Certificado \u00danico Departamental Departamento Historia y Localidades [&hellip;]<\/p>\n","protected":false},"author":1,"featured_media":0,"parent":0,"menu_order":0,"comment_status":"closed","ping_status":"closed","template":"","meta":{"footnotes":""},"class_list":["post-436","page","type-page","status-publish","hentry"],"_links":{"self":[{"href":"https:\/\/www.rivera.gub.uy\/portal\/wp-json\/wp\/v2\/pages\/436","targetHints":{"allow":["GET"]}}],"collection":[{"href":"https:\/\/www.rivera.gub.uy\/portal\/wp-json\/wp\/v2\/pages"}],"about":[{"href":"https:\/\/www.rivera.gub.uy\/portal\/wp-json\/wp\/v2\/types\/page"}],"author":[{"embeddable":true,"href":"https:\/\/www.rivera.gub.uy\/portal\/wp-json\/wp\/v2\/users\/1"}],"replies":[{"embeddable":true,"href":"https:\/\/www.rivera.gub.uy\/portal\/wp-json\/wp\/v2\/comments?post=436"}],"version-history":[{"count":9,"href":"https:\/\/www.rivera.gub.uy\/portal\/wp-json\/wp\/v2\/pages\/436\/revisions"}],"predecessor-version":[{"id":1076,"href":"https:\/\/www.rivera.gub.uy\/portal\/wp-json\/wp\/v2\/pages\/436\/revisions\/1076"}],"wp:attachment":[{"href":"https:\/\/www.rivera.gub.uy\/portal\/wp-json\/wp\/v2\/media?parent=436"}],"curies":[{"name":"wp","href":"https:\/\/api.w.org\/{rel}","templated":true}]}}