{"id":5081,"date":"2018-04-16T16:32:55","date_gmt":"2018-04-16T19:32:55","guid":{"rendered":"http:\/\/www.rivera.gub.uy\/portal\/?page_id=5081"},"modified":"2026-03-23T12:05:50","modified_gmt":"2026-03-23T15:05:50","slug":"remuneraciones","status":"publish","type":"page","link":"https:\/\/www.rivera.gub.uy\/portal\/transparencia\/remuneraciones\/","title":{"rendered":"Remuneraciones"},"content":{"rendered":"<p><a href=\"https:\/\/www.rivera.gub.uy\/portal\/wp-content\/uploads\/2020\/12\/Portada-Identidad-Visual-2020.png\"><img loading=\"lazy\" decoding=\"async\" class=\"aligncenter wp-image-27615 size-full\" src=\"https:\/\/www.rivera.gub.uy\/portal\/wp-content\/uploads\/2020\/12\/Portada-Identidad-Visual-2020.png\" alt=\"\" width=\"800\" height=\"350\" srcset=\"https:\/\/www.rivera.gub.uy\/portal\/wp-content\/uploads\/2020\/12\/Portada-Identidad-Visual-2020.png 800w, https:\/\/www.rivera.gub.uy\/portal\/wp-content\/uploads\/2020\/12\/Portada-Identidad-Visual-2020-150x66.png 150w, https:\/\/www.rivera.gub.uy\/portal\/wp-content\/uploads\/2020\/12\/Portada-Identidad-Visual-2020-300x131.png 300w, https:\/\/www.rivera.gub.uy\/portal\/wp-content\/uploads\/2020\/12\/Portada-Identidad-Visual-2020-768x336.png 768w\" sizes=\"auto, (max-width: 800px) 100vw, 800px\" \/><\/a><\/p>\n<p>&nbsp;<\/p>\n<blockquote><p>Se pone a disposici\u00f3n de la ciudadan\u00eda la estructura de remuneraciones por categor\u00eda escalafonaria, funciones de los cargos\u00a0 y grados, de la Intendencia Departamental de Rivera.<\/p><\/blockquote>\n<p>&nbsp;<\/p>\n<table style=\"border-collapse: collapse; width: 100%;\" border=\"1\">\n<tbody>\n<tr style=\"height: 23px;\">\n<td style=\"width: 33.3333%; height: 23px; background-color: #3f5148; text-align: center;\" colspan=\"3\"><span style=\"color: #ffffff;\"><strong>Intendencia Departamental de Rivera<\/strong><\/span><\/td>\n<\/tr>\n<tr style=\"height: 23px;\">\n<td style=\"width: 33.3333%; text-align: center; height: 23px;\"><strong>Grado<\/strong><\/td>\n<td style=\"width: 33.3333%; text-align: center; height: 23px;\"><strong>Escalaf\u00f3n<\/strong><\/td>\n<td style=\"width: 33.3333%; text-align: center; height: 23px;\"><strong>Cargo<\/strong><\/td>\n<\/tr>\n<tr style=\"height: 23px;\">\n<td style=\"width: 33.3333%; height: 23px;\">16<\/td>\n<td style=\"width: 33.3333%; height: 23px;\">H<\/td>\n<td style=\"width: 33.3333%; height: 23px;\">Intendente<\/td>\n<\/tr>\n<tr style=\"height: 23px;\">\n<td style=\"width: 33.3333%; height: 23px;\">15<\/td>\n<td style=\"width: 33.3333%; height: 23px;\">G<\/td>\n<td style=\"width: 33.3333%; height: 23px;\">Secretario General<\/td>\n<\/tr>\n<tr style=\"height: 23px;\">\n<td style=\"width: 33.3333%; height: 23px;\">14<\/td>\n<td style=\"width: 33.3333%; height: 23px;\">G<\/td>\n<td style=\"width: 33.3333%; height: 23px;\">Director General<\/td>\n<\/tr>\n<tr style=\"height: 23px;\">\n<td style=\"width: 33.3333%; height: 23px;\">13<\/td>\n<td style=\"width: 33.3333%; height: 23px;\">H<\/td>\n<td style=\"width: 33.3333%; height: 23px;\">Alcalde<\/td>\n<\/tr>\n<tr style=\"height: 23px;\">\n<td style=\"width: 33.3333%; height: 23px;\">9 al 12<\/td>\n<td style=\"width: 33.3333%; height: 23px;\">A<\/td>\n<td style=\"width: 33.3333%; height: 23px;\">Profesional<\/td>\n<\/tr>\n<tr style=\"height: 23px;\">\n<td style=\"width: 33.3333%; height: 23px;\">8 al 11<\/td>\n<td style=\"width: 33.3333%; height: 23px;\">B<\/td>\n<td style=\"width: 33.3333%; height: 23px;\">T\u00e9cnico Profesional<\/td>\n<\/tr>\n<tr style=\"height: 23px;\">\n<td style=\"width: 33.3333%; height: 23px;\">2 al 10<\/td>\n<td style=\"width: 33.3333%; height: 23px;\">C<\/td>\n<td style=\"width: 33.3333%; height: 23px;\">Administrativo<\/td>\n<\/tr>\n<tr style=\"height: 23px;\">\n<td style=\"width: 33.3333%; height: 23px;\">2 al 10<\/td>\n<td style=\"width: 33.3333%; height: 23px;\">D<\/td>\n<td style=\"width: 33.3333%; height: 23px;\">Especializado<\/td>\n<\/tr>\n<tr style=\"height: 23px;\">\n<td style=\"width: 33.3333%; height: 23px;\">1 al 8<\/td>\n<td style=\"width: 33.3333%; height: 23px;\">E<\/td>\n<td style=\"width: 33.3333%; height: 23px;\">Oficios<\/td>\n<\/tr>\n<tr style=\"height: 23px;\">\n<td style=\"width: 33.3333%; height: 23px;\">1 al 7<\/td>\n<td style=\"width: 33.3333%; height: 23px;\">F<\/td>\n<td style=\"width: 33.3333%; height: 23px;\">Servicios<\/td>\n<\/tr>\n<\/tbody>\n<\/table>\n<p>&nbsp;<\/p>\n<table style=\"border-collapse: collapse; width: 100%;\" border=\"1\">\n<tbody>\n<tr style=\"height: 23px;\">\n<td style=\"width: 100%; background-color: #3f5148; text-align: center; height: 23px;\" colspan=\"2\"><span style=\"color: #ffffff;\"><strong>Retribuciones a enero de 2026<\/strong><\/span><\/td>\n<\/tr>\n<tr style=\"height: 23px;\">\n<td style=\"width: 50%; height: 23px;\"><strong>Grado<\/strong><\/td>\n<td style=\"width: 50%; height: 23px;\"><strong>Sueldo Nominal (8 horas)<\/strong><\/td>\n<\/tr>\n<tr style=\"height: 23px;\">\n<td style=\"width: 50%; height: 23px;\">16<\/td>\n<td style=\"width: 50%; height: 23px;\" width=\"109\">\u00a0$\u00a0 498.760,60<\/td>\n<\/tr>\n<tr style=\"height: 23px;\">\n<td style=\"width: 50%; height: 23px;\">15<\/td>\n<td style=\"width: 50%; height: 23px;\" width=\"109\">\u00a0$\u00a0 399.008,48<\/td>\n<\/tr>\n<tr style=\"height: 23px;\">\n<td style=\"width: 50%; height: 23px;\">14<\/td>\n<td style=\"width: 50%; height: 23px;\" width=\"109\">\u00a0$\u00a0 374.070,45<\/td>\n<\/tr>\n<\/tbody>\n<\/table>\n<table style=\"border-collapse: collapse; width: 100%;\" border=\"1\">\n<tbody>\n<tr style=\"height: 23px;\">\n<td style=\"width: 100%; background-color: #3f5148; text-align: center; height: 23px;\" colspan=\"2\"><span style=\"color: #ffffff;\"><strong>Retribuciones a enero de 2026<\/strong><\/span><\/td>\n<\/tr>\n<tr style=\"height: 23px;\">\n<td style=\"width: 50%; height: 23px;\"><strong>Grado<\/strong><\/td>\n<td style=\"width: 50%; height: 23px;\"><strong>Sueldo Nominal (8 horas)<\/strong><\/td>\n<\/tr>\n<tr style=\"height: 23px;\">\n<td style=\"width: 50%; height: 23px;\">13<\/td>\n<td style=\"width: 50%;\" width=\"109\">\u00a0$\u00a0 148.179,82<\/td>\n<\/tr>\n<tr style=\"height: 23px;\">\n<td style=\"width: 50%; height: 23px;\">12<\/td>\n<td style=\"width: 50%;\">\u00a0$\u00a0 \u00a0 100.653,07<\/td>\n<\/tr>\n<tr style=\"height: 23px;\">\n<td style=\"width: 50%; height: 23px;\">11<\/td>\n<td style=\"width: 50%;\">\u00a0$\u00a0 \u00a0 87.406,16<\/td>\n<\/tr>\n<tr style=\"height: 23px;\">\n<td style=\"width: 50%; height: 23px;\">10<\/td>\n<td style=\"width: 50%;\">\u00a0$\u00a0 \u00a0 74.089,92<\/td>\n<\/tr>\n<tr style=\"height: 23px;\">\n<td style=\"width: 50%; height: 23px;\">9<\/td>\n<td style=\"width: 50%;\">\u00a0$\u00a0 \u00a0 54.016,31<\/td>\n<\/tr>\n<tr style=\"height: 23px;\">\n<td style=\"width: 50%; height: 23px;\">8<\/td>\n<td style=\"width: 50%;\">\u00a0$\u00a0 \u00a0 47.609,56<\/td>\n<\/tr>\n<tr style=\"height: 23px;\">\n<td style=\"width: 50%; height: 23px;\">7<\/td>\n<td style=\"width: 50%;\">\u00a0$\u00a0 \u00a0 43.747,83<\/td>\n<\/tr>\n<tr style=\"height: 23px;\">\n<td style=\"width: 50%; height: 23px;\">6<\/td>\n<td style=\"width: 50%;\">\u00a0$\u00a0 \u00a0 38.286,58<\/td>\n<\/tr>\n<tr style=\"height: 23px;\">\n<td style=\"width: 50%; height: 23px;\">5<\/td>\n<td style=\"width: 50%;\">\u00a0$\u00a0 \u00a0 35.721,17<\/td>\n<\/tr>\n<tr style=\"height: 23px;\">\n<td style=\"width: 50%; height: 23px;\">4<\/td>\n<td style=\"width: 50%;\">\u00a0$\u00a0 \u00a0 32.100,53<\/td>\n<\/tr>\n<tr style=\"height: 23px;\">\n<td style=\"width: 50%; height: 23px;\">3<\/td>\n<td style=\"width: 50%;\">\u00a0$\u00a0 \u00a0 30.302,97<\/td>\n<\/tr>\n<tr style=\"height: 23px;\">\n<td style=\"width: 50%; height: 23px;\">2<\/td>\n<td style=\"width: 50%;\">\u00a0$\u00a0 \u00a0 29.238,28<\/td>\n<\/tr>\n<\/tbody>\n<\/table>\n<p>&nbsp;<\/p>\n<p>&nbsp;<\/p>\n<p>&nbsp;<\/p>\n","protected":false},"excerpt":{"rendered":"<p>&nbsp; Se pone a disposici\u00f3n de la ciudadan\u00eda la estructura de remuneraciones por categor\u00eda escalafonaria, funciones de los cargos\u00a0 y grados, de la Intendencia Departamental de Rivera. &nbsp; Intendencia Departamental de Rivera Grado Escalaf\u00f3n Cargo 16 H Intendente 15 G Secretario General 14 G Director General 13 H Alcalde 9 al 12 A Profesional 8 [&hellip;]<\/p>\n","protected":false},"author":1,"featured_media":0,"parent":5077,"menu_order":0,"comment_status":"closed","ping_status":"closed","template":"","meta":{"footnotes":""},"class_list":["post-5081","page","type-page","status-publish","hentry"],"_links":{"self":[{"href":"https:\/\/www.rivera.gub.uy\/portal\/wp-json\/wp\/v2\/pages\/5081","targetHints":{"allow":["GET"]}}],"collection":[{"href":"https:\/\/www.rivera.gub.uy\/portal\/wp-json\/wp\/v2\/pages"}],"about":[{"href":"https:\/\/www.rivera.gub.uy\/portal\/wp-json\/wp\/v2\/types\/page"}],"author":[{"embeddable":true,"href":"https:\/\/www.rivera.gub.uy\/portal\/wp-json\/wp\/v2\/users\/1"}],"replies":[{"embeddable":true,"href":"https:\/\/www.rivera.gub.uy\/portal\/wp-json\/wp\/v2\/comments?post=5081"}],"version-history":[{"count":28,"href":"https:\/\/www.rivera.gub.uy\/portal\/wp-json\/wp\/v2\/pages\/5081\/revisions"}],"predecessor-version":[{"id":67345,"href":"https:\/\/www.rivera.gub.uy\/portal\/wp-json\/wp\/v2\/pages\/5081\/revisions\/67345"}],"up":[{"embeddable":true,"href":"https:\/\/www.rivera.gub.uy\/portal\/wp-json\/wp\/v2\/pages\/5077"}],"wp:attachment":[{"href":"https:\/\/www.rivera.gub.uy\/portal\/wp-json\/wp\/v2\/media?parent=5081"}],"curies":[{"name":"wp","href":"https:\/\/api.w.org\/{rel}","templated":true}]}}