{"id":598,"date":"2017-02-21T18:52:44","date_gmt":"2017-02-21T20:52:44","guid":{"rendered":"http:\/\/www.rivera.gub.uy\/portal\/?page_id=598"},"modified":"2025-05-21T10:25:53","modified_gmt":"2025-05-21T13:25:53","slug":"rendicion-de-cuentas","status":"publish","type":"page","link":"https:\/\/www.rivera.gub.uy\/portal\/transparencia\/rendicion-de-cuentas\/","title":{"rendered":"Rendici\u00f3n de cuentas"},"content":{"rendered":"<p>&nbsp;<\/p>\n<p><a href=\"https:\/\/www.rivera.gub.uy\/portal\/wp-content\/uploads\/2020\/12\/portada-informa-gestion-2020.png\"><img loading=\"lazy\" decoding=\"async\" class=\"aligncenter wp-image-27647 size-full\" src=\"https:\/\/www.rivera.gub.uy\/portal\/wp-content\/uploads\/2020\/12\/portada-informa-gestion-2020.png\" alt=\"\" width=\"800\" height=\"350\" srcset=\"https:\/\/www.rivera.gub.uy\/portal\/wp-content\/uploads\/2020\/12\/portada-informa-gestion-2020.png 800w, https:\/\/www.rivera.gub.uy\/portal\/wp-content\/uploads\/2020\/12\/portada-informa-gestion-2020-150x66.png 150w, https:\/\/www.rivera.gub.uy\/portal\/wp-content\/uploads\/2020\/12\/portada-informa-gestion-2020-300x131.png 300w, https:\/\/www.rivera.gub.uy\/portal\/wp-content\/uploads\/2020\/12\/portada-informa-gestion-2020-768x336.png 768w\" sizes=\"auto, (max-width: 800px) 100vw, 800px\" \/><\/a><\/p>\n<p>Desde el a\u00f1o 2001 la Intendencia Departamental de Rivera ha institucionalizado el hecho de colocar ante la opini\u00f3n p\u00fablica un informe de gesti\u00f3n anual, brindando un resumen de todo lo realizado en obras, proyectos sociales, actos administrativos, servicios y dem\u00e1s \u00e1reas.<\/p>\n<p>De esta manera la Administraci\u00f3n Departamental comienza a transitar un camino de implementaci\u00f3n de pol\u00edticas de transparencias; siguiendo los lineamientos del Sistema de Calidad apuntando hacia la mejora continua, favoreciendo a todos los riverenses. Dicha informaci\u00f3n es de libre acceso a instituciones, organismos, medios de comunicaci\u00f3n y principalmente todos los ciudadanos.<\/p>\n<p>Esto promueve que desde el Gobierno Departamental se genere un compromiso de gestionar y administrar responsablemente los recursos de nuestros ciudadanos.<\/p>\n<p>Desde el \u00e1mbito nacional se ha trabajado con diversos \u00f3rganos de contralor que nos han permitido aunar criterios en el camino de la transparencia de gesti\u00f3n, que han generado un \u00e1mbito de confianza y nuevas metas.<\/p>\n<hr \/>\n<p style=\"text-align: center;\"><strong>Rendici\u00f3n de cuentas 2021 &#8211; 2022<\/strong><\/p>\n<p>&nbsp;<\/p>\n<p><iframe loading=\"lazy\" title=\"Rendici\u00f3n de cuentas 2021 - 2022\" width=\"1160\" height=\"653\" src=\"https:\/\/www.youtube.com\/embed\/weXlqX-F4rw?feature=oembed\" frameborder=\"0\" allow=\"accelerometer; autoplay; clipboard-write; encrypted-media; gyroscope; picture-in-picture; web-share\" referrerpolicy=\"strict-origin-when-cross-origin\" allowfullscreen><\/iframe><\/p>\n<hr \/>\n<p style=\"text-align: center;\"><strong>Rendici\u00f3n de cuentas 2015 &#8211; 2019<\/strong><\/p>\n<p>&nbsp;<\/p>\n<p><a href=\"https:\/\/drive.google.com\/open?id=1JB2NHao7UWttUoda0bnAq0s9LQUkULcR\" target=\"_blank\" rel=\"noopener noreferrer\"><img loading=\"lazy\" decoding=\"async\" class=\"aligncenter wp-image-15448 size-full\" src=\"https:\/\/www.rivera.gub.uy\/portal\/wp-content\/uploads\/2019\/06\/icono-descargarpdf-150x150.png\" alt=\"\" width=\"150\" height=\"150\" srcset=\"https:\/\/www.rivera.gub.uy\/portal\/wp-content\/uploads\/2019\/06\/icono-descargarpdf-150x150.png 150w, https:\/\/www.rivera.gub.uy\/portal\/wp-content\/uploads\/2019\/06\/icono-descargarpdf-150x150-94x94.png 94w\" sizes=\"auto, (max-width: 150px) 100vw, 150px\" \/><\/a><\/p>\n<p>&nbsp;<\/p>\n<p>&nbsp;<\/p>\n<p>En este espacio el ciudadano tiene acceso a los \u00faltimos informes de gesti\u00f3n llevados a cabo por el Gobierno Departamental.<\/p>\n<div class='content-column one_third'><p><iframe loading=\"lazy\" title=\"Informe de Gesti\u00f3n Anual 2016-2017. Eje Ciudadan\u00eda y Convivencia\" width=\"1160\" height=\"653\" src=\"https:\/\/www.youtube.com\/embed\/vkUCstno9bg?feature=oembed\" frameborder=\"0\" allow=\"accelerometer; autoplay; clipboard-write; encrypted-media; gyroscope; picture-in-picture; web-share\" referrerpolicy=\"strict-origin-when-cross-origin\" allowfullscreen><\/iframe><\/p><\/div>\n<div class='content-column one_third'><p><iframe loading=\"lazy\" title=\"Informe de Gesti\u00f3n Anual 2016-2017 IDR Eje Pol\u00edticas Sociales\" width=\"1160\" height=\"653\" src=\"https:\/\/www.youtube.com\/embed\/lBY4AgsaVq8?feature=oembed\" frameborder=\"0\" allow=\"accelerometer; autoplay; clipboard-write; encrypted-media; gyroscope; picture-in-picture; web-share\" referrerpolicy=\"strict-origin-when-cross-origin\" allowfullscreen><\/iframe><\/p><\/div>\n<div class='content-column one_third last_column'><p><iframe loading=\"lazy\" title=\"Infraestructura y Modernidad\" width=\"1160\" height=\"653\" src=\"https:\/\/www.youtube.com\/embed\/xcsWchFSpPc?feature=oembed\" frameborder=\"0\" allow=\"accelerometer; autoplay; clipboard-write; encrypted-media; gyroscope; picture-in-picture; web-share\" referrerpolicy=\"strict-origin-when-cross-origin\" allowfullscreen><\/iframe><\/p><\/div><div class='clear_column'><\/div>\n<div class='content-column one_third'><p><iframe loading=\"lazy\" title=\"Informe de Gesti\u00f3n Anual 2016-2017 IDR Eje Innovaci\u00f3n y Transparencia\" width=\"1160\" height=\"653\" src=\"https:\/\/www.youtube.com\/embed\/ltP1GgFi2WM?feature=oembed\" frameborder=\"0\" allow=\"accelerometer; autoplay; clipboard-write; encrypted-media; gyroscope; picture-in-picture; web-share\" referrerpolicy=\"strict-origin-when-cross-origin\" allowfullscreen><\/iframe><\/p><\/div>\n<div class='content-column one_third'><p><iframe loading=\"lazy\" title=\"Informe de Gesti\u00f3n Anual 2016-2017 IDR Eje Servicios y Sustentabilidad\" width=\"1160\" height=\"653\" src=\"https:\/\/www.youtube.com\/embed\/UkpevrPTmhc?feature=oembed\" frameborder=\"0\" allow=\"accelerometer; autoplay; clipboard-write; encrypted-media; gyroscope; picture-in-picture\" allowfullscreen><\/iframe><\/p><\/div>\n<div class='content-column one_third last_column'><p><iframe loading=\"lazy\" title=\"Informe de Gestion Anual 2016-2017 IDR Eje Desarrollo y Producci\u00f3n\" width=\"1160\" height=\"653\" src=\"https:\/\/www.youtube.com\/embed\/FhC_FgAtUrs?feature=oembed\" frameborder=\"0\" allow=\"accelerometer; autoplay; clipboard-write; encrypted-media; gyroscope; picture-in-picture; web-share\" referrerpolicy=\"strict-origin-when-cross-origin\" allowfullscreen><\/iframe><\/p><\/div><div class='clear_column'><\/div>\n","protected":false},"excerpt":{"rendered":"<p>&nbsp; Desde el a\u00f1o 2001 la Intendencia Departamental de Rivera ha institucionalizado el hecho de colocar ante la opini\u00f3n p\u00fablica un informe de gesti\u00f3n anual, brindando un resumen de todo lo realizado en obras, proyectos sociales, actos administrativos, servicios y dem\u00e1s \u00e1reas. De esta manera la Administraci\u00f3n Departamental comienza a transitar un camino de implementaci\u00f3n [&hellip;]<\/p>\n","protected":false},"author":1,"featured_media":0,"parent":5077,"menu_order":0,"comment_status":"closed","ping_status":"closed","template":"","meta":{"footnotes":""},"class_list":["post-598","page","type-page","status-publish","hentry"],"_links":{"self":[{"href":"https:\/\/www.rivera.gub.uy\/portal\/wp-json\/wp\/v2\/pages\/598","targetHints":{"allow":["GET"]}}],"collection":[{"href":"https:\/\/www.rivera.gub.uy\/portal\/wp-json\/wp\/v2\/pages"}],"about":[{"href":"https:\/\/www.rivera.gub.uy\/portal\/wp-json\/wp\/v2\/types\/page"}],"author":[{"embeddable":true,"href":"https:\/\/www.rivera.gub.uy\/portal\/wp-json\/wp\/v2\/users\/1"}],"replies":[{"embeddable":true,"href":"https:\/\/www.rivera.gub.uy\/portal\/wp-json\/wp\/v2\/comments?post=598"}],"version-history":[{"count":17,"href":"https:\/\/www.rivera.gub.uy\/portal\/wp-json\/wp\/v2\/pages\/598\/revisions"}],"predecessor-version":[{"id":27646,"href":"https:\/\/www.rivera.gub.uy\/portal\/wp-json\/wp\/v2\/pages\/598\/revisions\/27646"}],"up":[{"embeddable":true,"href":"https:\/\/www.rivera.gub.uy\/portal\/wp-json\/wp\/v2\/pages\/5077"}],"wp:attachment":[{"href":"https:\/\/www.rivera.gub.uy\/portal\/wp-json\/wp\/v2\/media?parent=598"}],"curies":[{"name":"wp","href":"https:\/\/api.w.org\/{rel}","templated":true}]}}