{"id":72,"date":"2016-09-05T15:04:53","date_gmt":"2016-09-05T18:04:53","guid":{"rendered":"http:\/\/c0010014.ferozo.com\/?page_id=72"},"modified":"2025-09-17T13:32:01","modified_gmt":"2025-09-17T16:32:01","slug":"la-institucion","status":"publish","type":"page","link":"https:\/\/www.rivera.gub.uy\/portal\/la-institucion\/","title":{"rendered":"La instituci\u00f3n"},"content":{"rendered":"<div id=\"pl-72\"  class=\"panel-layout\" ><div id=\"pg-72-0\"  class=\"panel-grid panel-no-style\" ><div id=\"pgc-72-0-0\"  class=\"panel-grid-cell\" ><div id=\"panel-72-0-0-0\" class=\"so-panel widget widget_sow-editor panel-first-child panel-last-child\" data-index=\"0\" ><div\n\t\t\t\n\t\t\tclass=\"so-widget-sow-editor so-widget-sow-editor-base\"\n\t\t\t\n\t\t>\n<div class=\"siteorigin-widget-tinymce textwidget\">\n\t<p><img loading=\"lazy\" decoding=\"async\" class=\"wp-image-122 aligncenter\" src=\"http:\/\/www.rivera.gub.uy\/portal\/images\/sede-intendencia-de-rivera.png\" alt=\"Sede Intendencia de Rivera\" width=\"800\" height=\"350\" \/><\/p>\n<\/div>\n<\/div><\/div><\/div><\/div><div id=\"pg-72-1\"  class=\"panel-grid panel-no-style\" ><div id=\"pgc-72-1-0\"  class=\"panel-grid-cell\" ><div id=\"panel-72-1-0-0\" class=\"so-panel widget widget_sow-editor panel-first-child panel-last-child\" data-index=\"1\" ><div\n\t\t\t\n\t\t\tclass=\"so-widget-sow-editor so-widget-sow-editor-base\"\n\t\t\t\n\t\t>\n<div class=\"siteorigin-widget-tinymce textwidget\">\n\t<h3>Historia<\/h3>\n<p>La Intendencia Departamental de Rivera es el organismo que tiene la responsabilidad de llevar adelante la administraci\u00f3n como gobierno local del departamento de Rivera.<\/p>\n<p>En el a\u00f1o 1908 con la promulgaci\u00f3n de la Ley de Creaci\u00f3n de las Intendencias se instaur\u00f3 en los 19 departamentos del pa\u00eds.<\/p>\n<p>El Proc. Agust\u00edn Ortega, por desginaci\u00f3n del Poder Ejecutivo fue su primer intendente asumiendo dicha investidura el 19 de enero de 1909.<\/p>\n<\/div>\n<\/div><\/div><\/div><div id=\"pgc-72-1-1\"  class=\"panel-grid-cell\" ><div id=\"panel-72-1-1-0\" class=\"so-panel widget widget_sow-editor panel-first-child panel-last-child\" data-index=\"2\" ><div\n\t\t\t\n\t\t\tclass=\"so-widget-sow-editor so-widget-sow-editor-base\"\n\t\t\t\n\t\t>\n<div class=\"siteorigin-widget-tinymce textwidget\">\n\t<p style=\"text-align: center;\"><a href=\"https:\/\/www.rivera.gub.uy\/portal\/wp-content\/uploads\/2025\/09\/la-institucion-richard-1.png\"><img loading=\"lazy\" decoding=\"async\" class=\"aligncenter wp-image-63901 size-medium\" src=\"https:\/\/www.rivera.gub.uy\/portal\/wp-content\/uploads\/2025\/09\/la-institucion-richard-1-188x188.png\" alt=\"\" width=\"188\" height=\"188\" srcset=\"https:\/\/www.rivera.gub.uy\/portal\/wp-content\/uploads\/2025\/09\/la-institucion-richard-1-188x188.png 188w, https:\/\/www.rivera.gub.uy\/portal\/wp-content\/uploads\/2025\/09\/la-institucion-richard-1-626x626.png 626w, https:\/\/www.rivera.gub.uy\/portal\/wp-content\/uploads\/2025\/09\/la-institucion-richard-1-94x94.png 94w, https:\/\/www.rivera.gub.uy\/portal\/wp-content\/uploads\/2025\/09\/la-institucion-richard-1-768x768.png 768w, https:\/\/www.rivera.gub.uy\/portal\/wp-content\/uploads\/2025\/09\/la-institucion-richard-1-820x820.png 820w, https:\/\/www.rivera.gub.uy\/portal\/wp-content\/uploads\/2025\/09\/la-institucion-richard-1.png 1080w\" sizes=\"auto, (max-width: 188px) 100vw, 188px\" \/><\/a><\/p>\n<h4 style=\"text-align: center;\">Intendente<br \/>\n<strong>Cr. Richard Sander<\/strong><\/h4>\n<\/div>\n<\/div><\/div><\/div><\/div><div id=\"pg-72-2\"  class=\"panel-grid panel-has-style\" ><div class=\"panel-row-style panel-row-style-for-72-2\" ><div id=\"pgc-72-2-0\"  class=\"panel-grid-cell\" ><div id=\"panel-72-2-0-0\" class=\"so-panel widget widget_sow-editor panel-first-child panel-last-child\" data-index=\"3\" ><div\n\t\t\t\n\t\t\tclass=\"so-widget-sow-editor so-widget-sow-editor-base\"\n\t\t\t\n\t\t>\n<div class=\"siteorigin-widget-tinymce textwidget\">\n\t<h3>Misi\u00f3n<\/h3>\n<p>Administrar el gobierno departamental con equidad, austeridad y responsabilidad, centrando en la ciudadan\u00eda y en el cuidado del medio ambiente, buscando el desarrollo integral de nuestros ciudadanos, con estrategias de innovaci\u00f3n que lleven a la mejora continua a nuestros procesos.<\/p>\n<h3>Visi\u00f3n<\/h3>\n<p>Ser una Intendencia referente a nivel nacional y regional, en equidad, gobernanza y pol\u00edticas medioambientales, con excelencia en la gesti\u00f3n, y reconocida por sus estrategias para la innovaci\u00f3n, articulando y transformando la realidad econ\u00f3mica y social del departamento.<\/p>\n<h3>Pol\u00edtica de calidad<\/h3>\n<ul>\n<li>Buscar el desarrollo de la poblaci\u00f3n, trabajando con equidad y transparencia, cumpliendo el compromiso de mejorar los servicios que se brindan a la ciudadan\u00eda, innovando en el territorio con herramientas que faciliten la gobernanza y el empoderamiento de los riverenses.<\/li>\n<li>Aplicar pol\u00edticas de recursos humanos que premien el talento y el compromiso, a trav\u00e9s de mecanismos que permitan el desarrollo y capacitaci\u00f3n del funcionariado, buscando la excelencia en los servicios y exalten la importancia del trabajo que realizan.<\/li>\n<li>Contar con proveedores satisfechos con las reglas establecidas en las operaciones realizadas, brindando iguales oportunidades, aplicando herramientas y tecnolog\u00eda que brinden transparencia en todas las etapas de negociaci\u00f3n, con una comunicaci\u00f3n fluida, acercando las partes, buscando fortalecer las relaciones entre las partes a trav\u00e9s de la confianza mutua.<\/li>\n<li>Generar la apertura necesaria para actuar como principal instituci\u00f3n articuladora, liderando procesos que buscan el fortalecimiento permanente de la regi\u00f3n.<\/li>\n<li>Ser referente en la ejecuci\u00f3n de pol\u00edticas nacionales y regionales en distintos temas, cumpliendo la normativa vigente, siendo la transparencia el eje principal de toda acci\u00f3n.<\/li>\n<li>Consolidar la confianza en el territorio para atraer inversiones que generen trabajo, transformando al departamento como destino para educaci\u00f3n, tecnolog\u00eda y estrategias innovadoras.<\/li>\n<li>Propiciar los medios necesarios para el acceso a la informaci\u00f3n y difusi\u00f3n, contando con el apoyo de los veh\u00edculos de comunicaci\u00f3n como facilitadores y replicadores, como v\u00eda confiable de acercamiento entre el gobierno departamental y la poblaci\u00f3n.<\/li>\n<\/ul>\n<p style=\"text-align: right;\">Resoluci\u00f3n 4696\/2021 \u2013 08\/11\/21<\/p>\n<\/div>\n<\/div><\/div><\/div><\/div><\/div><\/div>","protected":false},"excerpt":{"rendered":"<p>Historia La Intendencia Departamental de Rivera es el organismo que tiene la responsabilidad de llevar adelante la administraci\u00f3n como gobierno local del departamento de Rivera. En el a\u00f1o 1908 con la promulgaci\u00f3n de la Ley de Creaci\u00f3n de las Intendencias se instaur\u00f3 en los 19 departamentos del pa\u00eds. El Proc. Agust\u00edn Ortega, por desginaci\u00f3n del [&hellip;]<\/p>\n","protected":false},"author":1,"featured_media":0,"parent":0,"menu_order":0,"comment_status":"closed","ping_status":"closed","template":"","meta":{"footnotes":""},"class_list":["post-72","page","type-page","status-publish","hentry"],"_links":{"self":[{"href":"https:\/\/www.rivera.gub.uy\/portal\/wp-json\/wp\/v2\/pages\/72","targetHints":{"allow":["GET"]}}],"collection":[{"href":"https:\/\/www.rivera.gub.uy\/portal\/wp-json\/wp\/v2\/pages"}],"about":[{"href":"https:\/\/www.rivera.gub.uy\/portal\/wp-json\/wp\/v2\/types\/page"}],"author":[{"embeddable":true,"href":"https:\/\/www.rivera.gub.uy\/portal\/wp-json\/wp\/v2\/users\/1"}],"replies":[{"embeddable":true,"href":"https:\/\/www.rivera.gub.uy\/portal\/wp-json\/wp\/v2\/comments?post=72"}],"version-history":[{"count":17,"href":"https:\/\/www.rivera.gub.uy\/portal\/wp-json\/wp\/v2\/pages\/72\/revisions"}],"predecessor-version":[{"id":63902,"href":"https:\/\/www.rivera.gub.uy\/portal\/wp-json\/wp\/v2\/pages\/72\/revisions\/63902"}],"wp:attachment":[{"href":"https:\/\/www.rivera.gub.uy\/portal\/wp-json\/wp\/v2\/media?parent=72"}],"curies":[{"name":"wp","href":"https:\/\/api.w.org\/{rel}","templated":true}]}}