{"id":84,"date":"2016-09-05T15:08:26","date_gmt":"2016-09-05T18:08:26","guid":{"rendered":"http:\/\/c0010014.ferozo.com\/?page_id=84"},"modified":"2025-06-11T12:08:11","modified_gmt":"2025-06-11T15:08:11","slug":"participacion","status":"publish","type":"page","link":"https:\/\/www.rivera.gub.uy\/portal\/participacion\/","title":{"rendered":"Unidad Coordinadora de Asuntos Sociales y Comunitarios"},"content":{"rendered":"<div id=\"pl-84\"  class=\"panel-layout\" ><div id=\"pg-84-0\"  class=\"panel-grid panel-has-style\" ><div class=\"panel-row-style panel-row-style-for-84-0\" ><div id=\"pgc-84-0-0\"  class=\"panel-grid-cell\" ><div id=\"panel-84-0-0-0\" class=\"so-panel widget widget_sow-editor panel-first-child panel-last-child\" data-index=\"0\" ><div\n\t\t\t\n\t\t\tclass=\"so-widget-sow-editor so-widget-sow-editor-base\"\n\t\t\t\n\t\t>\n<div class=\"siteorigin-widget-tinymce textwidget\">\n\t<p><a href=\"https:\/\/www.rivera.gub.uy\/portal\/wp-content\/uploads\/2025\/04\/cabezal-a-comunitarios.png\"><img loading=\"lazy\" decoding=\"async\" class=\"aligncenter size-full wp-image-59814\" src=\"https:\/\/www.rivera.gub.uy\/portal\/wp-content\/uploads\/2025\/04\/cabezal-a-comunitarios.png\" alt=\"\" width=\"1360\" height=\"617\" srcset=\"https:\/\/www.rivera.gub.uy\/portal\/wp-content\/uploads\/2025\/04\/cabezal-a-comunitarios.png 1360w, https:\/\/www.rivera.gub.uy\/portal\/wp-content\/uploads\/2025\/04\/cabezal-a-comunitarios-300x136.png 300w, https:\/\/www.rivera.gub.uy\/portal\/wp-content\/uploads\/2025\/04\/cabezal-a-comunitarios-1000x454.png 1000w, https:\/\/www.rivera.gub.uy\/portal\/wp-content\/uploads\/2025\/04\/cabezal-a-comunitarios-150x68.png 150w, https:\/\/www.rivera.gub.uy\/portal\/wp-content\/uploads\/2025\/04\/cabezal-a-comunitarios-768x348.png 768w, https:\/\/www.rivera.gub.uy\/portal\/wp-content\/uploads\/2025\/04\/cabezal-a-comunitarios-820x372.png 820w\" sizes=\"auto, (max-width: 1360px) 100vw, 1360px\" \/><\/a><\/p>\n<blockquote>\n<p style=\"text-align: left;\">La Unidad Coordinadora de Asuntos Sociales y Comunitarios, dependiente de Secretar\u00eda General de la Intendencia Departamental de Rivera tiene como cometidos apoyar al Ejecutivo comunal en la administraci\u00f3n y gesti\u00f3n en el relacionamiento con entidades, instituciones, organismos p\u00fablicos o privados, nacionales, como departamentales.<\/p>\n<\/blockquote>\n<p>Entre sus funciones coordinar\u00e1 comisiones vecinales del departamento, realizar\u00e1 las comunicaciones pertinentes y coordinar\u00e1 el presupuesto participativo.<br \/>\nPara el desarrollo de estas actividades deber\u00e1 trabajar en conjunto con la Comisi\u00f3n Organizadora y escrutadora de elecciones (C.O.E.E) y las comisiones vecinales, acorde a las ordenanzas.<\/p>\n<p>Articular la relaci\u00f3n entre las comisiones vecinales, la Intendencia o cualquier otra entidad que requiera la ocasi\u00f3n. Controlar el buen funcionamiento de las comisiones vecinales como tambi\u00e9n apoyar negociaciones y resoluciones entre los diversos actores. Organizar, ejecutar y dar seguimiento al presupuesto participativo. Proponer y planificar actividades para el desarrollo de la participaci\u00f3n ciudadana.<\/p>\n<p>Se pretende que la unidad act\u00fae como articuladora entre los diversos actores, a trav\u00e9s de la participaci\u00f3n ciudad en b\u00fasqueda del crecimiento con equidad de la poblaci\u00f3n riverense.<\/p>\n<div class=\"yj6qo\"><\/div>\n<\/div>\n<\/div><\/div><\/div><\/div><\/div><div id=\"pg-84-1\"  class=\"panel-grid panel-no-style\" ><div id=\"pgc-84-1-0\"  class=\"panel-grid-cell\" ><div id=\"panel-84-1-0-0\" class=\"so-panel widget widget_sow-button panel-first-child panel-last-child\" data-index=\"1\" ><div\n\t\t\t\n\t\t\tclass=\"so-widget-sow-button so-widget-sow-button-wire-f7ba9110029e-84\"\n\t\t\t\n\t\t><div class=\"ow-button-base ow-button-align-center\"\n>\n\t\t\t<a\n\t\t\t\t\thref=\"https:\/\/www.rivera.gub.uy\/portal\/formulario-de-registro-de-musicos-y-bandas\/\"\n\t\t\t\t\tclass=\"sowb-button ow-icon-placement-left ow-button-hover\" target=\"_blank\" rel=\"noopener noreferrer\" \t>\n\t\t<span>\n\t\t\t\n\t\t\tRegistro de M\u00fasicos y Bandas\t\t<\/span>\n\t\t\t<\/a>\n\t<\/div>\n<\/div><\/div><\/div><div id=\"pgc-84-1-1\"  class=\"panel-grid-cell\" ><div id=\"panel-84-1-1-0\" class=\"so-panel widget widget_sow-button panel-first-child panel-last-child\" data-index=\"2\" ><div\n\t\t\t\n\t\t\tclass=\"so-widget-sow-button so-widget-sow-button-wire-f7ba9110029e-84\"\n\t\t\t\n\t\t><div class=\"ow-button-base ow-button-align-center\"\n>\n\t\t\t<a\n\t\t\t\t\thref=\"https:\/\/www.rivera.gub.uy\/portal\/formulario-de-registro-de-bailarines-y-grupos-de-danza-de-rivera\/\"\n\t\t\t\t\tclass=\"sowb-button ow-icon-placement-left ow-button-hover\" target=\"_blank\" rel=\"noopener noreferrer\" \t>\n\t\t<span>\n\t\t\t\n\t\t\tRegistro de Bailarines y Grupos\t\t<\/span>\n\t\t\t<\/a>\n\t<\/div>\n<\/div><\/div><\/div><\/div><div id=\"pg-84-2\"  class=\"panel-grid panel-has-style\" ><div class=\"panel-row-style panel-row-style-for-84-2\" ><div id=\"pgc-84-2-0\"  class=\"panel-grid-cell\" >\t\t<div id=\"panel-84-2-0-0\" class=\"so-panel widget widget_recent_posts_a recent_posts_a clearfix panel-first-child panel-last-child\" data-index=\"3\" >\t\t<div class=\"widget-inner clearfix\" style=\"background-color: ; color: \">\n\t\t\n\t\t\t\t\n\n\t\t\t\t\t<div class=\"recent-post first-post clearfix\">\n\t\t\t\t<div class=\"recent-thumb col-md-5 col-sm-5 col-xs-5\">\n\t\t\t\t\t<a href=\"https:\/\/www.rivera.gub.uy\/portal\/convocatoria-a-audiencia-publica-programa-de-actuacion-integrada-abreviado\/\" title=\"Convocatoria a Audiencia P\u00fablica: Programa de Actuaci\u00f3n Integrada Abreviado\" >\n\t\t\t\t\t\t\t\t\t\t\t\t\t<img loading=\"lazy\" decoding=\"async\" width=\"600\" height=\"400\" src=\"https:\/\/www.rivera.gub.uy\/portal\/wp-content\/uploads\/2026\/01\/audiencia-publica-disa-600x400.jpg\" class=\"attachment-carousel-thumb size-carousel-thumb wp-post-image\" alt=\"Audiencia P\u00fablica\" srcset=\"https:\/\/www.rivera.gub.uy\/portal\/wp-content\/uploads\/2026\/01\/audiencia-publica-disa-600x400.jpg 600w, https:\/\/www.rivera.gub.uy\/portal\/wp-content\/uploads\/2026\/01\/audiencia-publica-disa-282x188.jpg 282w, https:\/\/www.rivera.gub.uy\/portal\/wp-content\/uploads\/2026\/01\/audiencia-publica-disa-939x626.jpg 939w, https:\/\/www.rivera.gub.uy\/portal\/wp-content\/uploads\/2026\/01\/audiencia-publica-disa-141x94.jpg 141w, https:\/\/www.rivera.gub.uy\/portal\/wp-content\/uploads\/2026\/01\/audiencia-publica-disa-768x512.jpg 768w, https:\/\/www.rivera.gub.uy\/portal\/wp-content\/uploads\/2026\/01\/audiencia-publica-disa-820x547.jpg 820w, https:\/\/www.rivera.gub.uy\/portal\/wp-content\/uploads\/2026\/01\/audiencia-publica-disa-272x182.jpg 272w, https:\/\/www.rivera.gub.uy\/portal\/wp-content\/uploads\/2026\/01\/audiencia-publica-disa.jpg 1440w\" sizes=\"auto, (max-width: 600px) 100vw, 600px\" \/>\t\t\t\t\t\t\t\t\t\t\t<\/a>\t\t\t\t\t\t\t\n\t\t\t\t<\/div>\t\n\t\t\t\t<div class=\"recent-content col-md-7 col-sm-7 col-xs-7\">\n\t\t\t\t\t<h3 class=\"entry-title\"><a style=\"color:\" href=\"https:\/\/www.rivera.gub.uy\/portal\/convocatoria-a-audiencia-publica-programa-de-actuacion-integrada-abreviado\/\" rel=\"bookmark\">Convocatoria a Audiencia P\u00fablica: Programa de Actuaci\u00f3n Integrada Abreviado<\/a><\/h3>\t\t\t\t\t<div class=\"entry-meta\" style=\"color: \">\n\t\t\t\t\t\t<span class=\"posted-on\"><i class=\"fa fa-calendar\"><\/i> <a href=\"https:\/\/www.rivera.gub.uy\/portal\/convocatoria-a-audiencia-publica-programa-de-actuacion-integrada-abreviado\/\" rel=\"bookmark\"><time class=\"entry-date published\" datetime=\"2026-01-30T11:26:18-03:00\">30 enero, 2026<\/time><time class=\"updated\" datetime=\"2026-01-30T11:26:58-03:00\">30 enero, 2026<\/time><\/a><\/span><span class=\"byline\"> <\/span>\t\t\t\t\t\t<span class=\"post-cat\"><i class=\"fa fa-folder\"><\/i><a href=\"https:\/\/www.rivera.gub.uy\/portal\/category\/novedades\/\" title=\"See all posts in Novedades\">Novedades<\/a><\/span>\t\t\t\t\t<\/div>\t\t\t\t\t\n\t\t\t\t\t<p>La Intendencia Departamental de Rivera convoca a la Audiencia P\u00fablica del Programa de Actuaci\u00f3n Integrada Abreviado, correspondiente a la Estaci\u00f3n de Servicio de PERVINCOR S.A.<\/p>\n\t\t\t\t<\/div>\n\t\t\t<\/div>\n\t\t\n\t\t\t\t\n\n\t\t\t\n\t\t\t<div class=\"recent-post col-md-3 col-sm-3 col-xs-6\">\n\t\t\t\t<div class=\"recent-thumb\">\n\t\t\t\t\t<a href=\"https:\/\/www.rivera.gub.uy\/portal\/cierre-anual-de-cursos-y-capacitaciones-de-los-programas-de-centros-barriales\/\" title=\"Cierre anual de cursos y capacitaciones de los Programas de Centros Barriales\" >\n\t\t\t\t\t\t\t\t\t\t\t\t\t<img loading=\"lazy\" decoding=\"async\" width=\"600\" height=\"400\" src=\"https:\/\/www.rivera.gub.uy\/portal\/wp-content\/uploads\/2025\/12\/ccbb-13-600x400.jpg\" class=\"attachment-carousel-thumb size-carousel-thumb wp-post-image\" alt=\"Centros Barriales\" srcset=\"https:\/\/www.rivera.gub.uy\/portal\/wp-content\/uploads\/2025\/12\/ccbb-13-600x400.jpg 600w, https:\/\/www.rivera.gub.uy\/portal\/wp-content\/uploads\/2025\/12\/ccbb-13-282x188.jpg 282w, https:\/\/www.rivera.gub.uy\/portal\/wp-content\/uploads\/2025\/12\/ccbb-13-939x626.jpg 939w, https:\/\/www.rivera.gub.uy\/portal\/wp-content\/uploads\/2025\/12\/ccbb-13-141x94.jpg 141w, https:\/\/www.rivera.gub.uy\/portal\/wp-content\/uploads\/2025\/12\/ccbb-13-768x512.jpg 768w, https:\/\/www.rivera.gub.uy\/portal\/wp-content\/uploads\/2025\/12\/ccbb-13-1536x1024.jpg 1536w, https:\/\/www.rivera.gub.uy\/portal\/wp-content\/uploads\/2025\/12\/ccbb-13-2048x1365.jpg 2048w, https:\/\/www.rivera.gub.uy\/portal\/wp-content\/uploads\/2025\/12\/ccbb-13-820x547.jpg 820w, https:\/\/www.rivera.gub.uy\/portal\/wp-content\/uploads\/2025\/12\/ccbb-13-272x182.jpg 272w\" sizes=\"auto, (max-width: 600px) 100vw, 600px\" \/>\t\t\t\t\t\t\t\t\t\t\t<\/a>\t\t\t\n\t\t\t\t<\/div>\t\n\t\t\t\t<h4 class=\"entry-title\"><a style=\"color:\" href=\"https:\/\/www.rivera.gub.uy\/portal\/cierre-anual-de-cursos-y-capacitaciones-de-los-programas-de-centros-barriales\/\" rel=\"bookmark\">Cierre anual de cursos y capacitaciones de los Programas de Centros Barriales<\/a><\/h4>\t\t\n\t\t\t\t<div class=\"entry-meta\" style=\"color: \">\n\t\t\t\t\t<span class=\"posted-on\"><i class=\"fa fa-calendar\"><\/i> <a href=\"https:\/\/www.rivera.gub.uy\/portal\/cierre-anual-de-cursos-y-capacitaciones-de-los-programas-de-centros-barriales\/\" rel=\"bookmark\"><time class=\"entry-date published updated\" datetime=\"2025-12-19T17:48:49-03:00\">19 diciembre, 2025<\/time><\/a><\/span><span class=\"byline\"> <\/span>\t\t\t\t\t<span class=\"post-cat\"><i class=\"fa fa-folder\"><\/i><a href=\"https:\/\/www.rivera.gub.uy\/portal\/category\/novedades\/\" title=\"See all posts in Novedades\">Novedades<\/a><\/span>\t\t\t\t\t\n\t\t\t\t<\/div>\t\t\t\t\t\n\t\t\t<\/div>\n\t\t\n\t\t\t\t\n\n\t\t\t\n\t\t\t<div class=\"recent-post col-md-3 col-sm-3 col-xs-6\">\n\t\t\t\t<div class=\"recent-thumb\">\n\t\t\t\t\t<a href=\"https:\/\/www.rivera.gub.uy\/portal\/fiesta-de-fin-de-ano-en-el-centro-barrial-de-barrio-recreo\/\" title=\"Fiesta de Fin de A\u00f1o en el Centro Barrial de Barrio Recreo\" >\n\t\t\t\t\t\t\t\t\t\t\t\t\t<img loading=\"lazy\" decoding=\"async\" width=\"600\" height=\"400\" src=\"https:\/\/www.rivera.gub.uy\/portal\/wp-content\/uploads\/2025\/12\/recreo-7-600x400.jpg\" class=\"attachment-carousel-thumb size-carousel-thumb wp-post-image\" alt=\"Barrio Recreo\" srcset=\"https:\/\/www.rivera.gub.uy\/portal\/wp-content\/uploads\/2025\/12\/recreo-7-600x400.jpg 600w, https:\/\/www.rivera.gub.uy\/portal\/wp-content\/uploads\/2025\/12\/recreo-7-282x188.jpg 282w, https:\/\/www.rivera.gub.uy\/portal\/wp-content\/uploads\/2025\/12\/recreo-7-939x626.jpg 939w, https:\/\/www.rivera.gub.uy\/portal\/wp-content\/uploads\/2025\/12\/recreo-7-141x94.jpg 141w, https:\/\/www.rivera.gub.uy\/portal\/wp-content\/uploads\/2025\/12\/recreo-7-768x512.jpg 768w, https:\/\/www.rivera.gub.uy\/portal\/wp-content\/uploads\/2025\/12\/recreo-7-1536x1024.jpg 1536w, https:\/\/www.rivera.gub.uy\/portal\/wp-content\/uploads\/2025\/12\/recreo-7-2048x1365.jpg 2048w, https:\/\/www.rivera.gub.uy\/portal\/wp-content\/uploads\/2025\/12\/recreo-7-820x547.jpg 820w, https:\/\/www.rivera.gub.uy\/portal\/wp-content\/uploads\/2025\/12\/recreo-7-272x182.jpg 272w\" sizes=\"auto, (max-width: 600px) 100vw, 600px\" \/>\t\t\t\t\t\t\t\t\t\t\t<\/a>\t\t\t\n\t\t\t\t<\/div>\t\n\t\t\t\t<h4 class=\"entry-title\"><a style=\"color:\" href=\"https:\/\/www.rivera.gub.uy\/portal\/fiesta-de-fin-de-ano-en-el-centro-barrial-de-barrio-recreo\/\" rel=\"bookmark\">Fiesta de Fin de A\u00f1o en el Centro Barrial de Barrio Recreo<\/a><\/h4>\t\t\n\t\t\t\t<div class=\"entry-meta\" style=\"color: \">\n\t\t\t\t\t<span class=\"posted-on\"><i class=\"fa fa-calendar\"><\/i> <a href=\"https:\/\/www.rivera.gub.uy\/portal\/fiesta-de-fin-de-ano-en-el-centro-barrial-de-barrio-recreo\/\" rel=\"bookmark\"><time class=\"entry-date published\" datetime=\"2025-12-08T15:48:41-03:00\">8 diciembre, 2025<\/time><time class=\"updated\" datetime=\"2025-12-08T15:48:46-03:00\">8 diciembre, 2025<\/time><\/a><\/span><span class=\"byline\"> <\/span>\t\t\t\t\t<span class=\"post-cat\"><i class=\"fa fa-folder\"><\/i><a href=\"https:\/\/www.rivera.gub.uy\/portal\/category\/novedades\/\" title=\"See all posts in Novedades\">Novedades<\/a><\/span>\t\t\t\t\t\n\t\t\t\t<\/div>\t\t\t\t\t\n\t\t\t<\/div>\n\t\t\n\t\t\t\t\n\n\t\t\t\n\t\t\t<div class=\"recent-post col-md-3 col-sm-3 col-xs-6\">\n\t\t\t\t<div class=\"recent-thumb\">\n\t\t\t\t\t<a href=\"https:\/\/www.rivera.gub.uy\/portal\/proyecto-parque-del-entorno-del-estadio-una-apuesta-al-desarrollo-deportivo-y-la-integracion-urbana-de-rivera\/\" title=\"Proyecto \u201cParque del entorno del Estadio\u201d: Una apuesta al desarrollo deportivo y la integraci\u00f3n urbana de Rivera\" >\n\t\t\t\t\t\t\t\t\t\t\t\t\t<img loading=\"lazy\" decoding=\"async\" width=\"600\" height=\"400\" src=\"https:\/\/www.rivera.gub.uy\/portal\/wp-content\/uploads\/2025\/12\/WhatsApp-Image-2025-12-01-at-12.45.09-PM-600x400.jpeg\" class=\"attachment-carousel-thumb size-carousel-thumb wp-post-image\" alt=\"\" srcset=\"https:\/\/www.rivera.gub.uy\/portal\/wp-content\/uploads\/2025\/12\/WhatsApp-Image-2025-12-01-at-12.45.09-PM-600x400.jpeg 600w, https:\/\/www.rivera.gub.uy\/portal\/wp-content\/uploads\/2025\/12\/WhatsApp-Image-2025-12-01-at-12.45.09-PM-272x182.jpeg 272w\" sizes=\"auto, (max-width: 600px) 100vw, 600px\" \/>\t\t\t\t\t\t\t\t\t\t\t<\/a>\t\t\t\n\t\t\t\t<\/div>\t\n\t\t\t\t<h4 class=\"entry-title\"><a style=\"color:\" href=\"https:\/\/www.rivera.gub.uy\/portal\/proyecto-parque-del-entorno-del-estadio-una-apuesta-al-desarrollo-deportivo-y-la-integracion-urbana-de-rivera\/\" rel=\"bookmark\">Proyecto \u201cParque del entorno del Estadio\u201d: Una apuesta al desarrollo deportivo y la integraci\u00f3n urbana de Rivera<\/a><\/h4>\t\t\n\t\t\t\t<div class=\"entry-meta\" style=\"color: \">\n\t\t\t\t\t<span class=\"posted-on\"><i class=\"fa fa-calendar\"><\/i> <a href=\"https:\/\/www.rivera.gub.uy\/portal\/proyecto-parque-del-entorno-del-estadio-una-apuesta-al-desarrollo-deportivo-y-la-integracion-urbana-de-rivera\/\" rel=\"bookmark\"><time class=\"entry-date published\" datetime=\"2025-12-01T13:55:27-03:00\">1 diciembre, 2025<\/time><time class=\"updated\" datetime=\"2025-12-14T00:57:54-03:00\">14 diciembre, 2025<\/time><\/a><\/span><span class=\"byline\"> <\/span>\t\t\t\t\t<span class=\"post-cat\"><i class=\"fa fa-folder\"><\/i><a href=\"https:\/\/www.rivera.gub.uy\/portal\/category\/novedades\/\" title=\"See all posts in Novedades\">Novedades<\/a><\/span>\t\t\t\t\t\n\t\t\t\t<\/div>\t\t\t\t\t\n\t\t\t<\/div>\n\t\t\n\t\t\t\t\n\n\t\t\t\n\t\t\t<div class=\"recent-post col-md-3 col-sm-3 col-xs-6\">\n\t\t\t\t<div class=\"recent-thumb\">\n\t\t\t\t\t<a href=\"https:\/\/www.rivera.gub.uy\/portal\/proyecto-parque-del-entorno-del-estadio-presentacion-a-la-comunidad\/\" title=\"PROYECTO: Parque del entorno del Estadio \u2014 Presentaci\u00f3n a la comunidad\" >\n\t\t\t\t\t\t\t\t\t\t\t\t\t<img loading=\"lazy\" decoding=\"async\" width=\"600\" height=\"400\" src=\"https:\/\/www.rivera.gub.uy\/portal\/wp-content\/uploads\/2025\/11\/ENTORNO-ESTADIO-600x400.jpg\" class=\"attachment-carousel-thumb size-carousel-thumb wp-post-image\" alt=\"ENTORNO ESTADIO\" srcset=\"https:\/\/www.rivera.gub.uy\/portal\/wp-content\/uploads\/2025\/11\/ENTORNO-ESTADIO-600x400.jpg 600w, https:\/\/www.rivera.gub.uy\/portal\/wp-content\/uploads\/2025\/11\/ENTORNO-ESTADIO-272x182.jpg 272w\" sizes=\"auto, (max-width: 600px) 100vw, 600px\" \/>\t\t\t\t\t\t\t\t\t\t\t<\/a>\t\t\t\n\t\t\t\t<\/div>\t\n\t\t\t\t<h4 class=\"entry-title\"><a style=\"color:\" href=\"https:\/\/www.rivera.gub.uy\/portal\/proyecto-parque-del-entorno-del-estadio-presentacion-a-la-comunidad\/\" rel=\"bookmark\">PROYECTO: Parque del entorno del Estadio \u2014 Presentaci\u00f3n a la comunidad<\/a><\/h4>\t\t\n\t\t\t\t<div class=\"entry-meta\" style=\"color: \">\n\t\t\t\t\t<span class=\"posted-on\"><i class=\"fa fa-calendar\"><\/i> <a href=\"https:\/\/www.rivera.gub.uy\/portal\/proyecto-parque-del-entorno-del-estadio-presentacion-a-la-comunidad\/\" rel=\"bookmark\"><time class=\"entry-date published\" datetime=\"2025-11-25T17:43:48-03:00\">25 noviembre, 2025<\/time><time class=\"updated\" datetime=\"2025-11-27T17:56:11-03:00\">27 noviembre, 2025<\/time><\/a><\/span><span class=\"byline\"> <\/span>\t\t\t\t\t<span class=\"post-cat\"><i class=\"fa fa-folder\"><\/i><a href=\"https:\/\/www.rivera.gub.uy\/portal\/category\/novedades\/\" title=\"See all posts in Novedades\">Novedades<\/a><\/span>\t\t\t\t\t\n\t\t\t\t<\/div>\t\t\t\t\t\n\t\t\t<\/div>\n\t\t\n\t\t\t\t\t\t<\/div><!-- .widget-inner -->\n\t\t<\/div><\/div><\/div><\/div><div id=\"pg-84-3\"  class=\"panel-grid panel-has-style\" ><div class=\"panel-row-style panel-row-style-for-84-3\" ><div id=\"pgc-84-3-0\"  class=\"panel-grid-cell\" ><div id=\"panel-84-3-0-0\" class=\"so-panel widget widget_sow-editor panel-first-child panel-last-child\" data-index=\"4\" ><div\n\t\t\t\n\t\t\tclass=\"so-widget-sow-editor so-widget-sow-editor-base\"\n\t\t\t\n\t\t>\n<div class=\"siteorigin-widget-tinymce textwidget\">\n\t<hr \/>\n<p style=\"text-align: center;\"><strong>Director:<\/strong> Prof. Jos\u00e9 Sampayo<br \/>\n<strong>Direcci\u00f3n:<\/strong> Agraciada 570, ss 1<br \/>\n<strong>Horario de atenci\u00f3n:<\/strong>\u00a0Lunes a viernes de 8 a 15 Hrs.<br \/>\n<strong>Tel\u00e9fono:<\/strong>\u00a0<a href=\"tel:+59846231900\">4623 1900<\/a> int. 168 y 216<br \/>\n<strong>E-mail:<\/strong> <a href=\"mailto:unidadcoordinadoraidr@rivera.gub.uy\">unidadcoordinadoraidr@rivera.gub.uy<\/a><\/p>\n<\/div>\n<\/div><\/div><\/div><\/div><\/div><\/div>","protected":false},"excerpt":{"rendered":"<p>La Unidad Coordinadora de Asuntos Sociales y Comunitarios, dependiente de Secretar\u00eda General de la Intendencia Departamental de Rivera tiene como cometidos apoyar al Ejecutivo comunal en la administraci\u00f3n y gesti\u00f3n en el relacionamiento con entidades, instituciones, organismos p\u00fablicos o privados, nacionales, como departamentales. Entre sus funciones coordinar\u00e1 comisiones vecinales del departamento, realizar\u00e1 las comunicaciones pertinentes [&hellip;]<\/p>\n","protected":false},"author":1,"featured_media":0,"parent":0,"menu_order":0,"comment_status":"closed","ping_status":"closed","template":"","meta":{"footnotes":""},"class_list":["post-84","page","type-page","status-publish","hentry"],"_links":{"self":[{"href":"https:\/\/www.rivera.gub.uy\/portal\/wp-json\/wp\/v2\/pages\/84","targetHints":{"allow":["GET"]}}],"collection":[{"href":"https:\/\/www.rivera.gub.uy\/portal\/wp-json\/wp\/v2\/pages"}],"about":[{"href":"https:\/\/www.rivera.gub.uy\/portal\/wp-json\/wp\/v2\/types\/page"}],"author":[{"embeddable":true,"href":"https:\/\/www.rivera.gub.uy\/portal\/wp-json\/wp\/v2\/users\/1"}],"replies":[{"embeddable":true,"href":"https:\/\/www.rivera.gub.uy\/portal\/wp-json\/wp\/v2\/comments?post=84"}],"version-history":[{"count":14,"href":"https:\/\/www.rivera.gub.uy\/portal\/wp-json\/wp\/v2\/pages\/84\/revisions"}],"predecessor-version":[{"id":61128,"href":"https:\/\/www.rivera.gub.uy\/portal\/wp-json\/wp\/v2\/pages\/84\/revisions\/61128"}],"wp:attachment":[{"href":"https:\/\/www.rivera.gub.uy\/portal\/wp-json\/wp\/v2\/media?parent=84"}],"curies":[{"name":"wp","href":"https:\/\/api.w.org\/{rel}","templated":true}]}}