{"id":86,"date":"2016-09-05T15:08:58","date_gmt":"2016-09-05T15:08:58","guid":{"rendered":"http:\/\/c0010014.ferozo.com\/?page_id=86"},"modified":"2025-08-19T09:26:25","modified_gmt":"2025-08-19T12:26:25","slug":"datos-abiertos","status":"publish","type":"page","link":"https:\/\/www.rivera.gub.uy\/portal\/datos-abiertos\/","title":{"rendered":"Datos abiertos"},"content":{"rendered":"<p><strong>Descarga de Datos<\/strong><\/p>\n<p>Basado en los principios de Datos Abiertos (Open Data), considerando que los datos abiertos son aquellos que cumplen con los 8 principios establecidos para los datos p\u00fablicos, es decir, que sean completos, primarios, peri\u00f3dicos, accesibles, procesables, no discriminatorios, no propietarios, sin licencia.<\/p>\n<div id=\"accordion-1\" class=\"accordion no-js\"><\/p>\n<p>\n\t\t\t\t\t<h3 role=\"button\" id=\"accordion-1-t1\" class=\"accordion-title js-accordion-controller\" aria-controls=\"accordion-1-c1\" aria-expanded=\"false\" tabindex=\"0\">\n\t\t\t\tDatos Abiertos - formato shapefile\t\t\t<\/h3>\n\t\t\n\t\t<div id=\"accordion-1-c1\" class=\"accordion-content\" aria-hidden=\"true\">\n\t\t\t<\/p>\n<p>El siguiente listado contiene algunos de los datos existentes en el SIG, que son mantenidos y actualizados por la Intendencia de Rivera.<br \/>\nLos datos geogr\u00e1ficos se descargan en formato shapefile, el Sistema de Referencia es UTM Zona 21 Sur Datum SIRGAS 2000.<\/p>\n<table style=\"width: 100%;\">\n<tbody>\n<tr style=\"height: 24px;\">\n<td style=\"width: 23.2465%; height: 24px; text-align: center;\">Capa<\/td>\n<td style=\"width: 39.98%; height: 24px; text-align: center;\">Descripci\u00f3n<\/td>\n<td style=\"width: 27.4549%; height: 24px; text-align: center;\">Archivo<\/td>\n<td style=\"width: 8.41683%; height: 24px; text-align: center;\">Formato<\/td>\n<\/tr>\n<tr style=\"height: 48px;\">\n<td style=\"width: 23.2465%; height: 48px;\"><strong>Parcelas Rivera<\/strong><\/td>\n<td style=\"width: 39.98%; height: 48px;\">Parcelario ciudad de Rivera, contiene n\u00famero de padr\u00f3n, manzana, barrio y localidad<\/td>\n<td style=\"width: 27.4549%; height: 48px;\">\u00a0cat_parcelas_rivera<\/td>\n<td style=\"text-align: center; width: 8.41683%; height: 48px;\"><a href=\"https:\/\/drive.google.com\/file\/d\/1YeuvMnHdTFt1OFAs3F9Bw68AwFFkDJcr\/view?usp=drive_link\" target=\"_blank\" rel=\"noopener\">SHP<\/a><\/td>\n<\/tr>\n<tr style=\"height: 48px;\">\n<td style=\"width: 23.2465%; height: 48px;\"><strong>Parcelas Lagos del Norte<\/strong><\/td>\n<td style=\"width: 39.98%; height: 48px;\">Parcelario Lagos del Norte, contiene n\u00famero de padr\u00f3n, manzana y localidad.<\/td>\n<td style=\"width: 27.4549%; height: 48px;\">cat_parcelas_lagos_del_norte<\/td>\n<td style=\"text-align: center; width: 8.41683%; height: 48px;\"><a href=\"https:\/\/drive.google.com\/file\/d\/1iNlX5oFdNrGpfXzdKRMksg5TxLRzN3FA\/view?usp=drive_link\" target=\"_blank\" rel=\"noopener\">SHP<\/a><\/td>\n<\/tr>\n<tr style=\"height: 48px;\">\n<td style=\"width: 23.2465%; height: 48px;\"><strong>Parcelas Vichadero<\/strong><\/td>\n<td style=\"width: 39.98%; height: 48px;\">Parcelario villa Vichadero, contiene n\u00famero de padr\u00f3n, manzana y localidad.<\/td>\n<td style=\"width: 27.4549%; height: 48px;\">\u00a0cat_parcelas_vichadero<\/td>\n<td style=\"text-align: center; width: 8.41683%; height: 48px;\"><a href=\"https:\/\/drive.google.com\/file\/d\/1bamNzEJpkW9BoK9A0SxjLJg-nThSNUo9\/view?usp=drive_link\" target=\"_blank\" rel=\"noopener\">SHP<\/a><\/td>\n<\/tr>\n<tr style=\"height: 48px;\">\n<td style=\"width: 23.2465%; height: 48px;\"><strong>Parcelas Minas de Corrales<\/strong><\/td>\n<td style=\"width: 39.98%; height: 48px;\">Parcelario villa Minas de Corrales, contiene n\u00famero de padr\u00f3n, manzana y localidad<\/td>\n<td style=\"width: 27.4549%; height: 48px;\">\u00a0cat_parcelas_minas_corrales<\/td>\n<td style=\"text-align: center; width: 8.41683%; height: 48px;\"><a href=\"https:\/\/drive.google.com\/file\/d\/110KnywhQ8hgWAMk6o8hHonJrbHknnVl7\/view?usp=drive_link\" target=\"_blank\" rel=\"noopener\">SHP<\/a><\/td>\n<\/tr>\n<tr style=\"height: 48px;\">\n<td style=\"width: 23.2465%; height: 48px;\"><b>Parcelas\u00a0<\/b><b>Tranqueras<\/b><\/td>\n<td style=\"width: 39.98%; height: 48px;\">Parcelario ciudad de Tranqueras, contiene el n\u00famero de padr\u00f3n, manzana,\u00a0localidad.<\/td>\n<td style=\"width: 27.4549%; height: 48px;\">\u00a0cat_parcelas_tranqueras<\/td>\n<td style=\"text-align: center; width: 8.41683%; height: 48px;\"><a href=\"https:\/\/drive.google.com\/file\/d\/1ILH8FJNC_JpNJl2Blkmk0H66wyZyWf-L\/view?usp=drive_link\">SHP<\/a><\/td>\n<\/tr>\n<tr style=\"height: 24px;\">\n<td style=\"width: 23.2465%; height: 24px;\"><strong>Ejes de calles Rivera<\/strong><\/td>\n<td style=\"width: 39.98%; height: 24px;\">Ejes de calles con nombre ciudad de Rivera.<\/td>\n<td style=\"width: 27.4549%; height: 24px;\">cab_ejes_rivera<\/td>\n<td style=\"text-align: center; width: 8.41683%; height: 24px;\"><a href=\"https:\/\/drive.google.com\/file\/d\/1NCcs4s9we0k-0jkUagLAjWAyPNXhrV1Z\/view?usp=drive_link\" target=\"_blank\" rel=\"noopener\">SHP<\/a><\/td>\n<\/tr>\n<tr style=\"height: 48px;\">\n<td style=\"width: 23.2465%; height: 48px;\"><strong>Ejes de calles Lagos del Norte<\/strong><\/td>\n<td style=\"width: 39.98%; height: 48px;\">Ejes de calles con nombre Lagos del Norte.<\/td>\n<td style=\"width: 27.4549%; height: 48px;\">cab_ejes_lagos_del_norte<\/td>\n<td style=\"text-align: center; width: 8.41683%; height: 48px;\"><a href=\"https:\/\/drive.google.com\/file\/d\/1arFv6Zv9STe8yo3IuyPj-iZ5htQWjwIt\/view?usp=drive_link\" target=\"_blank\" rel=\"noopener\">SHP<\/a><\/td>\n<\/tr>\n<tr style=\"height: 48px;\">\n<td style=\"width: 23.2465%; height: 48px;\"><strong>Ejes de calles Tranqueras<\/strong><\/td>\n<td style=\"width: 39.98%; height: 48px;\">Ejes de calles con nombre ciudad de Tranqueras.<\/td>\n<td style=\"width: 27.4549%; height: 48px;\">\u00a0cab_ejes_tranqueras<\/td>\n<td style=\"text-align: center; width: 8.41683%; height: 48px;\"><a href=\"https:\/\/drive.google.com\/file\/d\/1h3f5roCI-EYK47JWMjeFFnOiy1SQOukJ\/view?usp=drive_link\" target=\"_blank\" rel=\"noopener\">SHP<\/a><\/td>\n<\/tr>\n<tr style=\"height: 48px;\">\n<td style=\"width: 23.2465%; height: 48px;\"><strong>Ejes de calles Vichadero<\/strong><\/td>\n<td style=\"width: 39.98%; height: 48px;\">Ejes de calles con nombre ciudad de Vichadero.<\/td>\n<td style=\"width: 27.4549%; height: 48px;\">\u00a0cab_ejes_vichadero<\/td>\n<td style=\"text-align: center; width: 8.41683%; height: 48px;\"><a href=\"https:\/\/drive.google.com\/file\/d\/1hiAFDqQLqgxxZQKG-TNISoMFVEofKUXO\/view?usp=drive_link\" target=\"_blank\" rel=\"noopener\">SHP<\/a><\/td>\n<\/tr>\n<tr style=\"height: 48px;\">\n<td style=\"width: 23.2465%; height: 48px;\"><strong>Ejes de calles Minas de Corrales<\/strong><\/td>\n<td style=\"width: 39.98%; height: 48px;\">Ejes de calles con nombre ciudad de Minas de Corrales.<\/td>\n<td style=\"width: 27.4549%; height: 48px;\">\u00a0cab_ejes_minas_corrales<\/td>\n<td style=\"text-align: center; width: 8.41683%; height: 48px;\"><a href=\"https:\/\/drive.google.com\/file\/d\/10KNrDZV9VJ48z07knPx9M9uiS7-rZfES\/view?usp=drive_link\" target=\"_blank\" rel=\"noopener\">SHP<\/a><\/td>\n<\/tr>\n<tr style=\"height: 96px;\">\n<td style=\"width: 23.2465%; height: 96px;\"><b>N\u00fameros de Puerta Rivera<\/b><\/td>\n<td style=\"width: 39.98%; height: 96px;\">N\u00fameros de puerta de la ciudad de Rivera\u00a0actualizados diariamente, contiene n\u00famero de padr\u00f3n, barrio, manzana, n\u00famero de puerta, bis, c\u00f3digo de calle, estado, fecha de actualizaci\u00f3n.<\/td>\n<td style=\"width: 27.4549%; height: 96px;\">\u00a0n_puerta_parcela<\/td>\n<td style=\"text-align: center; width: 8.41683%; height: 96px;\"><a href=\"https:\/\/drive.google.com\/file\/d\/1k2QG28sqR70lHvdl8EoRKlkOXAwfPDoY\/view?usp=drive_link\" target=\"_blank\" rel=\"noopener\">SHP<\/a><\/td>\n<\/tr>\n<tr style=\"height: 72px;\">\n<td style=\"width: 23.2465%; height: 72px;\"><b>Zonas del POT<\/b><\/td>\n<td style=\"width: 39.98%; height: 72px;\">Pol\u00edgonos con la identificaci\u00f3n de las zonas correspondientes al Plan de Ordenamiento de la ciudad de Rivera.<\/td>\n<td style=\"width: 27.4549%; height: 72px;\">\u00a0pot_zonas<\/td>\n<td style=\"text-align: center; width: 8.41683%; height: 72px;\"><a href=\"https:\/\/drive.google.com\/file\/d\/1UT4jm1OKw6J1CpadMjtcCJlaSbexlb73\/view?usp=drive_link\" target=\"_blank\" rel=\"noopener\">SHP<\/a><\/td>\n<\/tr>\n<tr style=\"height: 48px;\">\n<td style=\"width: 23.2465%; height: 48px;\"><b>Barrios de Rivera<\/b><\/td>\n<td style=\"width: 39.98%; height: 48px;\">Pol\u00edgonos con los l\u00edmites y nombres de cada barrio de la ciudad de Rivera.<\/td>\n<td style=\"width: 27.4549%; height: 48px;\">\u00a0barrios<\/td>\n<td style=\"text-align: center; width: 8.41683%; height: 48px;\"><a href=\"https:\/\/drive.google.com\/file\/d\/1iKXjamr-7SHB8Jbmhg-uRVhia3930TBW\/view?usp=drive_link\" target=\"_blank\" rel=\"noopener\">SHP<\/a><\/td>\n<\/tr>\n<tr>\n<td style=\"width: 23.2465%;\"><b>Manzanas<\/b><\/td>\n<td style=\"width: 39.98%;\">Manzanas, ciudad de Rivera<\/td>\n<td style=\"width: 27.4549%;\">manzanas<\/td>\n<td style=\"text-align: center; width: 8.41683%;\"><a href=\"https:\/\/drive.google.com\/file\/d\/1QHEAS3oY7rcGScRe4Lf9aJMUtCA0dIMw\/view?usp=drive_link\" target=\"_blank\" rel=\"noopener\">SHP<\/a><\/td>\n<\/tr>\n<tr style=\"height: 96px;\">\n<td style=\"width: 23.2465%; height: 96px;\"><b>Recolecci\u00f3n de Residuos<\/b><\/td>\n<td style=\"width: 39.98%; height: 96px;\">Recipientes disponibles para la recolecci\u00f3n de residuos, se incluyen los distintos elementos seg\u00fan la siguiente codificaci\u00f3n: 1-Basurales, 2-Contenedores, 3-Papeleras.<\/td>\n<td style=\"width: 27.4549%; height: 96px;\">\u00a0sh_salubridad<\/td>\n<td style=\"text-align: center; width: 8.41683%; height: 96px;\">SHP<\/td>\n<\/tr>\n<tr style=\"height: 72px;\">\n<td style=\"width: 23.2465%; height: 72px;\"><b>Zonas recolecci\u00f3n<\/b><\/td>\n<td style=\"width: 39.98%; height: 72px;\">Pol\u00edgonos con las zonas, d\u00edas y horarios correspondientes a la recolecci\u00f3n domiciliaria de residuos.<\/td>\n<td style=\"width: 27.4549%; height: 72px;\">\u00a0sh_recol_domic<\/td>\n<td style=\"text-align: center; width: 8.41683%; height: 72px;\">SHP<\/td>\n<\/tr>\n<tr style=\"height: 72px;\">\n<td style=\"width: 23.2465%; height: 72px;\"><b>Gesti\u00f3n envases pl\u00e1sticos<\/b><\/td>\n<td style=\"width: 39.98%; height: 72px;\">Recipientes con las diferentes zonas para la gesti\u00f3n de envases pl\u00e1sticos de la ciudad de Rivera.<\/td>\n<td style=\"width: 27.4549%; height: 72px;\">\u00a0sh_peg<\/td>\n<td style=\"text-align: center; width: 8.41683%; height: 72px;\">SHP<\/td>\n<\/tr>\n<tr style=\"height: 120px;\">\n<td style=\"width: 23.2465%; height: 120px;\"><strong>Hogares No Conectados<\/strong><\/td>\n<td style=\"width: 39.98%; height: 120px;\">Puntos con la representaci\u00f3n de Hogares No Conectados a Saneamiento, contiene el n\u00famero de padr\u00f3n y puerta de la vivienda, y se indica si corresponde aguas negras, aguas blancas o ambos. Estos datos son actualizados diariamente.<\/td>\n<td style=\"width: 27.4549%; height: 120px;\">\u00a0sh_saneamiento<\/td>\n<td style=\"text-align: center; width: 8.41683%; height: 120px;\">SHP<br \/>\nKML<\/td>\n<\/tr>\n<tr style=\"height: 72px;\">\n<td style=\"width: 23.2465%; height: 72px;\"><b>Cota 192<\/b><\/td>\n<td style=\"width: 39.98%; height: 72px;\">L\u00ednea de cota que indica el nivel m\u00e1ximo de desborde del Arroyo Cu\u00f1apir\u00fa en \u00e9poca de creciente<\/td>\n<td style=\"width: 27.4549%; height: 72px;\">\u00a0cota192<\/td>\n<td style=\"text-align: center; width: 8.41683%; height: 72px;\">SHP<\/td>\n<\/tr>\n<tr style=\"height: 72px;\">\n<td style=\"width: 23.2465%; height: 72px;\"><b>Categorizaci\u00f3n del Suelo<\/b><\/td>\n<td style=\"width: 39.98%; height: 72px;\">Pol\u00edgonos con las zonas correspondientes a la Categorizaci\u00f3n del Suelo seg\u00fan Ley 18308 para la ciudad de Rivera<\/td>\n<td style=\"width: 27.4549%; height: 72px;\">suelos_18308<\/td>\n<td style=\"text-align: center; width: 8.41683%; height: 72px;\">SHP<\/td>\n<\/tr>\n<tr style=\"height: 72px;\">\n<td style=\"width: 23.2465%; height: 72px;\"><b>Puntos de Alumbrado<\/b><\/td>\n<td style=\"width: 39.98%; height: 72px;\">Puntos en los cuales se indican los focos de alumbrado de la ciudad, clasificados seg\u00fan tipo de l\u00e1mpara, composici\u00f3n de la misma, potencia.<\/td>\n<td style=\"width: 27.4549%; height: 72px;\">al_puntos<\/td>\n<td style=\"text-align: center; width: 8.41683%; height: 72px;\">SHP<\/td>\n<\/tr>\n<tr style=\"height: 72px;\">\n<td style=\"width: 23.2465%; height: 72px;\"><b>L\u00edneas de Alumbrado<\/b><\/td>\n<td style=\"width: 39.98%; height: 72px;\">Contiene los l\u00edmites con las distintas zonas de alumbrado, tipos de circuitos, identificaci\u00f3n de medidores entre otra informaci\u00f3n.<\/td>\n<td style=\"width: 27.4549%; height: 72px;\">al_lineas<\/td>\n<td style=\"text-align: center; width: 8.41683%; height: 72px;\">SHP<\/td>\n<\/tr>\n<tr style=\"height: 120px;\">\n<td style=\"width: 23.2465%; height: 120px;\"><b>Textos de Alumbrados<\/b><\/td>\n<td style=\"width: 39.98%; height: 120px;\">Shapefile de puntos donde contiene en sus atributos los nombres de cada zona de alumbrado, identificaci\u00f3n de medidores. Esta capa debe utilizarse conjuntamente con las L\u00edneas de Alumbrado<\/td>\n<td style=\"width: 27.4549%; height: 120px;\">al_textos<\/td>\n<td style=\"text-align: center; width: 8.41683%; height: 120px;\">SHP<\/td>\n<\/tr>\n<tr style=\"height: 96px;\">\n<td style=\"width: 23.2465%; height: 96px;\"><b>N\u00famero de Puerta localidad<\/b><\/td>\n<td style=\"width: 39.98%; height: 96px;\">N\u00fameros de puerta de Tranqueras\u00a0actualizados diariamente, contiene n\u00famero de padr\u00f3n, barrio, manzana, n\u00famero de puerta, bis, c\u00f3digo de calle, estado, fecha de actualizaci\u00f3n.<\/td>\n<td style=\"width: 27.4549%; height: 96px;\">arq_npuerta_tranqueras<\/td>\n<td style=\"text-align: center; width: 8.41683%; height: 96px;\"><a href=\"https:\/\/drive.google.com\/file\/d\/1rztXd5UEUrLqBljRUa2e1dykc0yGAJF3\/view?usp=drive_link\" target=\"_blank\" rel=\"noopener\">SHP<\/a><\/td>\n<\/tr>\n<tr style=\"height: 120px;\">\n<td style=\"width: 23.2465%; height: 120px;\"><b>N\u00famero de Puerta localidad<\/b><\/td>\n<td style=\"width: 39.98%; height: 120px;\">N\u00fameros de puerta de Minas de corrales\u00a0actualizados diariamente, contiene n\u00famero de padr\u00f3n, barrio, manzana, n\u00famero de puerta, bis, c\u00f3digo de calle, estado, fecha de actualizaci\u00f3n.<\/td>\n<td style=\"width: 27.4549%; height: 120px;\">arq_npuerta_minas_corrales<\/td>\n<td style=\"text-align: center; width: 8.41683%; height: 120px;\"><a href=\"https:\/\/drive.google.com\/file\/d\/15JXVzbD4liJoXWLwBelBOo_uLV5b4SGR\/view?usp=drive_link\" target=\"_blank\" rel=\"noopener\">SHP<\/a><\/td>\n<\/tr>\n<tr style=\"height: 96px;\">\n<td style=\"width: 23.2465%; height: 96px;\"><b>N\u00famero de Puerta localidad<\/b><\/td>\n<td style=\"width: 39.98%; height: 96px;\">N\u00fameros de puerta de Vichadero actualizados diariamente, contiene n\u00famero de padr\u00f3n, barrio, manzana, n\u00famero de puerta, bis, c\u00f3digo de calle, estado, fecha de actualizaci\u00f3n.<\/td>\n<td style=\"width: 27.4549%; height: 96px;\">arq_npuerta_vichadero<\/td>\n<td style=\"text-align: center; width: 8.41683%; height: 96px;\"><a href=\"https:\/\/drive.google.com\/file\/d\/1x8Nmhm3fRoXR0EEwBuuKhgZtqGg4ZaUZ\/view?usp=drive_link\" target=\"_blank\" rel=\"noopener\">SHP<\/a><\/td>\n<\/tr>\n<tr style=\"height: 96px;\">\n<td style=\"width: 23.2465%; height: 96px;\"><b>N\u00famero de Puerta localidad<\/b><\/td>\n<td style=\"width: 39.98%; height: 96px;\">N\u00fameros de puerta de Lagos del Norte actualizados diariamente, contiene n\u00famero de padr\u00f3n, barrio, manzana, n\u00famero de puerta, bis, c\u00f3digo de calle, estado, fecha de actualizaci\u00f3n.<\/td>\n<td style=\"width: 27.4549%; height: 96px;\">arq_npuerta_lnorte<\/td>\n<td style=\"text-align: center; width: 8.41683%; height: 96px;\"><a href=\"https:\/\/drive.google.com\/file\/d\/1uzWSHIuH9ZnuJA9gylsubYtsfwnvO8Z4\/view?usp=drive_link\" target=\"_blank\" rel=\"noopener\">SHP<\/a><\/td>\n<\/tr>\n<\/tbody>\n<\/table>\n<p>\t\t<\/div>\n\n\t\t<\/p>\n<p>\n\t\t\t\t\t<h3 role=\"button\" id=\"accordion-1-t2\" class=\"accordion-title js-accordion-controller\" aria-controls=\"accordion-1-c2\" aria-expanded=\"false\" tabindex=\"0\">\n\t\t\t\tDatos Abiertos - formato .csv y .txt\t\t\t<\/h3>\n\t\t\n\t\t<div id=\"accordion-1-c2\" class=\"accordion-content\" aria-hidden=\"true\">\n\t\t\t<\/p>\n<p>&nbsp;<\/p>\n<table style=\"height: 192px; width: 100%;\" border=\"0\">\n<tbody>\n<tr style=\"height: 24px;\">\n<td style=\"width: 226.413px; height: 24px; text-align: center;\">Descripci\u00f3n<\/td>\n<td style=\"width: 409.2px; height: 24px; text-align: center;\">Per\u00edodo<\/td>\n<td style=\"width: 260.875px; height: 24px; text-align: center;\">Archivos<\/td>\n<td style=\"width: 89.1125px; height: 24px; text-align: center;\">Formato<\/td>\n<\/tr>\n<tr style=\"height: 24px;\">\n<td style=\"width: 226.413px; height: 24px;\"><strong>Recolecci\u00f3n domiciliaria y selectiva &#8211; DATOS<\/strong><\/td>\n<td style=\"width: 409.2px; height: 24px;\">Diciembre 2018 a octubre 2021<\/td>\n<td style=\"width: 260.875px; height: 24px;\">\n<ul>\n<li>recoleccion_por_zona.<wbr \/>csv<\/li>\n<li>metadatos_<wbr \/>recoleccion_por_zona.txt<\/li>\n<\/ul>\n<\/td>\n<td style=\"width: 89.1125px; height: 24px;\">\n<p style=\"text-align: center;\"><a href=\"https:\/\/www.rivera.gub.uy\/portal\/wp-content\/uploads\/2021\/12\/recoleccion_por_zona.csv\" target=\"_blank\" rel=\"noopener noreferrer\">.CSV<\/a><\/p>\n<p style=\"text-align: center;\"><a href=\"https:\/\/www.rivera.gub.uy\/portal\/wp-content\/uploads\/2021\/12\/metadatos_recoleccion_por_zona.txt\" target=\"_blank\" rel=\"noopener noreferrer\">.TXT<\/a><\/p>\n<p style=\"text-align: center;\">\n<\/td>\n<\/tr>\n<tr style=\"height: 24px;\">\n<td style=\"width: 226.413px; height: 24px;\"><strong>Recolecci\u00f3n domiciliaria y selectiva &#8211; ZONAS<\/strong><\/td>\n<td style=\"width: 409.2px; height: 24px;\">Diciembre 2018 a octubre 2021<\/td>\n<td style=\"width: 260.875px; height: 24px;\">\n<ul>\n<li>zonas_recoleccion_<wbr \/>domiciliaria_selectiva.csv<\/li>\n<li>metadatos_zonas_<wbr \/>recoleccion_domiciliaria_<wbr \/>selectiva.txt<\/li>\n<\/ul>\n<\/td>\n<td style=\"width: 89.1125px; height: 24px;\">\n<p style=\"text-align: center;\"><a href=\"https:\/\/www.rivera.gub.uy\/portal\/wp-content\/uploads\/2021\/12\/zonas_recoleccion_domiciliaria_selectiva.csv\" target=\"_blank\" rel=\"noopener noreferrer\">.CSV<\/a><\/p>\n<p style=\"text-align: center;\"><a href=\"https:\/\/www.rivera.gub.uy\/portal\/wp-content\/uploads\/2021\/12\/metadatos_zonas_recoleccion_domiciliaria_selectiva.txt\" target=\"_blank\" rel=\"noopener noreferrer\">.TXT<\/a><\/p>\n<\/td>\n<\/tr>\n<tr style=\"height: 24px;\">\n<td style=\"width: 226.413px; height: 24px;\"><strong>Contenedores &#8211; DATOS<\/strong><\/td>\n<td style=\"width: 409.2px; height: 24px;\">Julio 2021<\/td>\n<td style=\"width: 260.875px; height: 24px;\">\n<ul>\n<li>contenedores_por_zona.<wbr \/>csv<\/li>\n<li>metadatos_<wbr \/>contenedores_por_zona.txt<\/li>\n<\/ul>\n<\/td>\n<td style=\"width: 89.1125px; height: 24px;\">\n<p style=\"text-align: center;\"><a href=\"https:\/\/www.rivera.gub.uy\/portal\/wp-content\/uploads\/2021\/12\/contenedores_por_zona.csv\" target=\"_blank\" rel=\"noopener noreferrer\">.CSV<\/a><\/p>\n<p style=\"text-align: center;\"><a href=\"https:\/\/www.rivera.gub.uy\/portal\/wp-content\/uploads\/2021\/12\/metadatos_contenedores_por_zona.txt\" target=\"_blank\" rel=\"noopener noreferrer\">.TXT<\/a><\/p>\n<\/td>\n<\/tr>\n<tr style=\"height: 24px;\">\n<td style=\"width: 226.413px; height: 24px;\"><strong>Contenedores &#8211; ZONAS<\/strong><\/td>\n<td style=\"width: 409.2px; height: 24px;\">Julio 2021<\/td>\n<td style=\"width: 260.875px; height: 24px;\">\n<ul>\n<li>zonas_contenedores.csv<\/li>\n<li>\n<div><span style=\"color: #073763;\">metadatos_zonas_<wbr \/>contenedores.txt<\/span><\/div>\n<\/li>\n<\/ul>\n<\/td>\n<td style=\"width: 89.1125px; height: 24px;\">\n<p style=\"text-align: center;\"><a href=\"https:\/\/www.rivera.gub.uy\/portal\/wp-content\/uploads\/2021\/12\/zonas_contenedores.csv\" target=\"_blank\" rel=\"noopener noreferrer\">.CSV<\/a><\/p>\n<p style=\"text-align: center;\"><a href=\"https:\/\/www.rivera.gub.uy\/portal\/wp-content\/uploads\/2021\/12\/metadatos_zonas_contenedores.txt\" target=\"_blank\" rel=\"noopener noreferrer\">.TXT<\/a><\/p>\n<\/td>\n<\/tr>\n<tr style=\"height: 72px;\">\n<td style=\"width: 226.413px; height: 72px;\"><b>Marcos Fronterizos<\/b><\/td>\n<td style=\"width: 409.2px; height: 72px;\">Puntos con los marcos que indican l\u00ednea divisoria con Brasil entre la ciudad de Rivera y Santa Ana do Livramento, medidos con GNSS de alta precisi\u00f3n.<\/td>\n<td style=\"width: 260.875px; height: 72px;\">\n<ul>\n<li>marcos_fronterizos.csv<\/li>\n<\/ul>\n<\/td>\n<td style=\"width: 89.1125px; height: 72px;\">\n<p style=\"text-align: center;\"><a href=\"https:\/\/www.rivera.gub.uy\/portal\/wp-content\/uploads\/2025\/06\/marcos_fronterizos.csv\" target=\"_blank\" rel=\"noopener\">.CSV<\/a><\/p>\n<\/td>\n<\/tr>\n<\/tbody>\n<\/table>\n<p>\t\t<\/div>\n\n\t\t<\/p>\n<p><\/div>\n<div id=\"gtx-trans\" style=\"position: absolute; left: 674px; top: 2855.4px;\">\n<div class=\"gtx-trans-icon\"><\/div>\n<\/div>\n","protected":false},"excerpt":{"rendered":"<p>Descarga de Datos Basado en los principios de Datos Abiertos (Open Data), considerando que los datos abiertos son aquellos que cumplen con los 8 principios establecidos para los datos p\u00fablicos, es decir, que sean completos, primarios, peri\u00f3dicos, accesibles, procesables, no discriminatorios, no propietarios, sin licencia.<\/p>\n","protected":false},"author":1,"featured_media":0,"parent":0,"menu_order":0,"comment_status":"closed","ping_status":"closed","template":"","meta":{"footnotes":""},"class_list":["post-86","page","type-page","status-publish","hentry"],"_links":{"self":[{"href":"https:\/\/www.rivera.gub.uy\/portal\/wp-json\/wp\/v2\/pages\/86","targetHints":{"allow":["GET"]}}],"collection":[{"href":"https:\/\/www.rivera.gub.uy\/portal\/wp-json\/wp\/v2\/pages"}],"about":[{"href":"https:\/\/www.rivera.gub.uy\/portal\/wp-json\/wp\/v2\/types\/page"}],"author":[{"embeddable":true,"href":"https:\/\/www.rivera.gub.uy\/portal\/wp-json\/wp\/v2\/users\/1"}],"replies":[{"embeddable":true,"href":"https:\/\/www.rivera.gub.uy\/portal\/wp-json\/wp\/v2\/comments?post=86"}],"version-history":[{"count":31,"href":"https:\/\/www.rivera.gub.uy\/portal\/wp-json\/wp\/v2\/pages\/86\/revisions"}],"predecessor-version":[{"id":62400,"href":"https:\/\/www.rivera.gub.uy\/portal\/wp-json\/wp\/v2\/pages\/86\/revisions\/62400"}],"wp:attachment":[{"href":"https:\/\/www.rivera.gub.uy\/portal\/wp-json\/wp\/v2\/media?parent=86"}],"curies":[{"name":"wp","href":"https:\/\/api.w.org\/{rel}","templated":true}]}}