{"id":88,"date":"2016-09-05T15:09:27","date_gmt":"2016-09-05T18:09:27","guid":{"rendered":"http:\/\/c0010014.ferozo.com\/?page_id=88"},"modified":"2022-03-08T13:47:36","modified_gmt":"2022-03-08T16:47:36","slug":"preguntas-frecuentes","status":"publish","type":"page","link":"https:\/\/www.rivera.gub.uy\/portal\/preguntas-frecuentes\/","title":{"rendered":"Preguntas Frecuentes"},"content":{"rendered":"<div id=\"accordion-1\" class=\"accordion no-js\"><\/p>\n<p>\n\t\t\t\t\t<h4 role=\"button\" id=\"accordion-1-t1\" class=\"accordion-title js-accordion-controller\" aria-controls=\"accordion-1-c1\" aria-expanded=\"false\" tabindex=\"0\">\n\t\t\t\tNo estoy en Rivera y necesito testimonios de las partidas de Registro Civil  (matrimonio, defunci\u00f3n, nacimiento), \u00bfc\u00f3mo puedo obtenerlas?\t\t\t<\/h4>\n\t\t\n\t\t<div id=\"accordion-1-c1\" class=\"accordion-content\" aria-hidden=\"true\">\n\t\t\tSi se encuentra en Uruguay puede gestionar a trav\u00e9s de la Intendencia de su departamento o llamando a 46231900 int. 148 que se le remite el documento previo dep\u00f3sito en el Correo del derecho al documento. Si est\u00e1 en el exterior, si bien no se env\u00edan documentos al exterior, se puede gestionar a trav\u00e9s de la Embajada o Consulado de Uruguay donde reside y se les remite copia (sin certificar) del documento.\t\t<\/div>\n\n\t\t<\/p>\n<p>\n\t\t\t\t\t<h4 role=\"button\" id=\"accordion-1-t2\" class=\"accordion-title js-accordion-controller\" aria-controls=\"accordion-1-c2\" aria-expanded=\"false\" tabindex=\"0\">\n\t\t\t\t\u00bfPuedo hacer la transferencia de mi veh\u00edculo en la oficina de Montevideo?\t\t\t<\/h4>\n\t\t\n\t\t<div id=\"accordion-1-c2\" class=\"accordion-content\" aria-hidden=\"true\">\n\t\t\tLa oficina de montevideo es un espacio que busca descentralizar los servicios de la IDR para los riverenses que recidan en Montevideo.\u00a0All\u00ed se pueden hacer tr\u00e1mites como:<\/p>\n<ul>\n<li>Transferencias de veh\u00edculos<\/li>\n<li>Inspecci\u00f3n T\u00e9cnica Vehicular<\/li>\n<li>Antecedentes de Libreta<\/li>\n<li>SUCIVE<\/li>\n<li>Reempadronamiento y mucho m\u00e1s.<\/li>\n<\/ul>\n<p>Por m\u00e1s y mejor informaci\u00f3n comuniquese al <a href=\"tel:+59829080468\">2908 0468<\/a>, o personalmente en nuestra oficina en calle R\u00edo Negro 1093 esquina Durazno.\u00a0Horario de atenci\u00f3n: Lunes a viernes de 9:00h a 14:45 hrs.\t\t<\/div>\n\n\t\t<\/p>\n<p>\n\t\t\t\t\t<h4 role=\"button\" id=\"accordion-1-t3\" class=\"accordion-title js-accordion-controller\" aria-controls=\"accordion-1-c3\" aria-expanded=\"false\" tabindex=\"0\">\n\t\t\t\tVivo en otro departamento, \u00bfpuedo obtener la prefactura para pagar la contribuci\u00f3n inmobiliaria de un padr\u00f3n de Rivera?\t\t\t<\/h4>\n\t\t\n\t\t<div id=\"accordion-1-c3\" class=\"accordion-content\" aria-hidden=\"true\">\n\t\t\tS\u00ed, puede ingresar a nuestro portal web www.rivera.gub.uy, men\u00fa Tributos, opci\u00f3n consulta de deuda, a trav\u00e9s de all\u00ed podr\u00e1 imprimir la factura y abonarla en cualquier red de pagos.\t\t<\/div>\n\n\t\t<\/p>\n<p>\n\t\t\t\t\t<h4 role=\"button\" id=\"accordion-1-t4\" class=\"accordion-title js-accordion-controller\" aria-controls=\"accordion-1-c4\" aria-expanded=\"false\" tabindex=\"0\">\n\t\t\t\tBusco trabajo en Rivera, estoy en el Seguro Desempleo, desocupado o busco empleo por primera vez, \u00bfad\u00f3nde debo dirigirme?\t\t\t<\/h4>\n\t\t\n\t\t<div id=\"accordion-1-c4\" class=\"accordion-content\" aria-hidden=\"true\">\n\t\t\t<\/p>\n<p>Pueden dirigirse al Centro P\u00fablico de Empleo (Ce.P.E.) ubicado en el piso 1 del edificio comunal (Agraciada 570), 46231900 int. 173.<\/p>\n<p>\t\t<\/div>\n\n\t\t<\/p>\n<p>\n\t\t\t\t\t<h4 role=\"button\" id=\"accordion-1-t5\" class=\"accordion-title js-accordion-controller\" aria-controls=\"accordion-1-c5\" aria-expanded=\"false\" tabindex=\"0\">\n\t\t\t\t\u00bfQue requisitos me exige la Intendencia para habilitar mi empresa?\t\t\t<\/h4>\n\t\t\n\t\t<div id=\"accordion-1-c5\" class=\"accordion-content\" aria-hidden=\"true\">\n\t\t\tDeber\u00e1 contactarse con \u00a0Divisi\u00f3n Empresas, en el horario de 08:15 a 15:00, avenida Italia 998 (Tribuna Este del Estadio Municipal), tel\u00e9fono 462 35080.\t\t<\/div>\n\n\t\t<\/p>\n<p>\n\t\t\t\t\t<h4 role=\"button\" id=\"accordion-1-t6\" class=\"accordion-title js-accordion-controller\" aria-controls=\"accordion-1-c6\" aria-expanded=\"false\" tabindex=\"0\">\n\t\t\t\t\u00bfNecesito agendarme para iniciar tr\u00e1mite para obtener por primera vez o renovar mi de Licencia de Conducir?\t\t\t<\/h4>\n\t\t\n\t\t<div id=\"accordion-1-c6\" class=\"accordion-content\" aria-hidden=\"true\">\n\t\t\tS\u00ed, en divisi\u00f3n Licencia de Conducir, piso menos dos, tel\u00e9fono 46231900 int. 156.\t\t<\/div>\n\n\t\t<\/p>\n<p>\n\t\t\t\t\t<h4 role=\"button\" id=\"accordion-1-t7\" class=\"accordion-title js-accordion-controller\" aria-controls=\"accordion-1-c7\" aria-expanded=\"false\" tabindex=\"0\">\n\t\t\t\t\u00bfD\u00f3nde obtengo el Carn\u00e9 de Manipulador de alimentos?\t\t\t<\/h4>\n\t\t\n\t\t<div id=\"accordion-1-c7\" class=\"accordion-content\" aria-hidden=\"true\">\n\t\t\tDeber\u00e1 contactarse con \u00a0Divisi\u00f3n Empresas, en el horario de 08:15 a 15:00, avenida Italia 998 (Tribuna Este del Estadio Municipal), tel\u00e9fono 462 35080.\t\t<\/div>\n\n\t\t<\/p>\n<p>\n\t\t\t\t\t<h4 role=\"button\" id=\"accordion-1-t8\" class=\"accordion-title js-accordion-controller\" aria-controls=\"accordion-1-c8\" aria-expanded=\"false\" tabindex=\"0\">\n\t\t\t\t\u00bfD\u00f3nde tramito el Carn\u00e9 de Artesano?\t\t\t<\/h4>\n\t\t\n\t\t<div id=\"accordion-1-c8\" class=\"accordion-content\" aria-hidden=\"true\">\n\t\t\tDebe dirigirse a Divisi\u00f3n Cultura, \u00a0462 39877, en la calle Pte. Viera 1084 (entre Figueroa y Car\u00e1mbula), correo: culturarivera@gmail.com.\t\t<\/div>\n\n\t\t<\/p>\n<p>&nbsp;<\/p>\n<p><\/div>\n<p>&nbsp;<\/p>\n","protected":false},"excerpt":{"rendered":"<p>&nbsp;<\/p>\n","protected":false},"author":1,"featured_media":0,"parent":0,"menu_order":0,"comment_status":"closed","ping_status":"closed","template":"page-templates\/page_fullwidth.php","meta":{"footnotes":""},"class_list":["post-88","page","type-page","status-publish","hentry"],"_links":{"self":[{"href":"https:\/\/www.rivera.gub.uy\/portal\/wp-json\/wp\/v2\/pages\/88","targetHints":{"allow":["GET"]}}],"collection":[{"href":"https:\/\/www.rivera.gub.uy\/portal\/wp-json\/wp\/v2\/pages"}],"about":[{"href":"https:\/\/www.rivera.gub.uy\/portal\/wp-json\/wp\/v2\/types\/page"}],"author":[{"embeddable":true,"href":"https:\/\/www.rivera.gub.uy\/portal\/wp-json\/wp\/v2\/users\/1"}],"replies":[{"embeddable":true,"href":"https:\/\/www.rivera.gub.uy\/portal\/wp-json\/wp\/v2\/comments?post=88"}],"version-history":[{"count":16,"href":"https:\/\/www.rivera.gub.uy\/portal\/wp-json\/wp\/v2\/pages\/88\/revisions"}],"predecessor-version":[{"id":36506,"href":"https:\/\/www.rivera.gub.uy\/portal\/wp-json\/wp\/v2\/pages\/88\/revisions\/36506"}],"wp:attachment":[{"href":"https:\/\/www.rivera.gub.uy\/portal\/wp-json\/wp\/v2\/media?parent=88"}],"curies":[{"name":"wp","href":"https:\/\/api.w.org\/{rel}","templated":true}]}}