{"id":180,"date":"2017-07-12T14:05:24","date_gmt":"2017-07-12T14:05:24","guid":{"rendered":"http:\/\/rivera.gub.uy\/social\/?page_id=180"},"modified":"2022-01-05T16:47:56","modified_gmt":"2022-01-05T16:47:56","slug":"tramites","status":"publish","type":"page","link":"https:\/\/www.rivera.gub.uy\/social\/servicios\/tramites\/","title":{"rendered":"Tr\u00e1mites"},"content":{"rendered":"<div id=\"pl-180\"  class=\"panel-layout\" ><div id=\"pg-180-0\"  class=\"panel-grid panel-no-style\" ><div id=\"pgc-180-0-0\"  class=\"panel-grid-cell\" ><div id=\"panel-180-0-0-0\" class=\"so-panel widget widget_sow-button panel-first-child panel-last-child\" data-index=\"0\" ><div\n\t\t\t\n\t\t\tclass=\"so-widget-sow-button so-widget-sow-button-wire-f88dbd3f7826-180\"\n\t\t\t\n\t\t><div class=\"ow-button-base ow-button-align-center\">\n\t<a\n\thref=\"https:\/\/www.gub.uy\/tramites\/carne-habilitacion-artesanos-rivera\"\n\t\tclass=\"ow-icon-placement-right ow-button-hover\" target=\"_blank\" rel=\"noopener noreferrer\" \t>\n\t\t<span>\n\t\t\t<span class=\"sow-icon-typicons\" data-sow-icon=\"&#xe048;\"\n\t\tstyle=\"\" \n\t\taria-hidden=\"true\"><\/span>\n\t\t\tCarn\u00e9 de habilitaci\u00f3n para artesanos\t\t<\/span>\n\t<\/a>\n<\/div>\n<\/div><\/div><\/div><div id=\"pgc-180-0-1\"  class=\"panel-grid-cell\" ><div id=\"panel-180-0-1-0\" class=\"so-panel widget widget_sow-button panel-first-child panel-last-child\" data-index=\"1\" ><div\n\t\t\t\n\t\t\tclass=\"so-widget-sow-button so-widget-sow-button-wire-f88dbd3f7826-180\"\n\t\t\t\n\t\t><div class=\"ow-button-base ow-button-align-center\">\n\t<a\n\thref=\"https:\/\/www.gub.uy\/tramites\/solicitud-espacios-culturales-rivera\"\n\t\tclass=\"ow-icon-placement-right ow-button-hover\" target=\"_blank\" rel=\"noopener noreferrer\" \t>\n\t\t<span>\n\t\t\t<span class=\"sow-icon-typicons\" data-sow-icon=\"&#xe048;\"\n\t\tstyle=\"\" \n\t\taria-hidden=\"true\"><\/span>\n\t\t\tSolicitud de espacios culturales\t\t<\/span>\n\t<\/a>\n<\/div>\n<\/div><\/div><\/div><\/div><div id=\"pg-180-1\"  class=\"panel-grid panel-no-style\" ><div id=\"pgc-180-1-0\"  class=\"panel-grid-cell\" ><div id=\"panel-180-1-0-0\" class=\"so-panel widget widget_sow-button panel-first-child panel-last-child\" data-index=\"2\" ><div\n\t\t\t\n\t\t\tclass=\"so-widget-sow-button so-widget-sow-button-wire-f88dbd3f7826-180\"\n\t\t\t\n\t\t><div class=\"ow-button-base ow-button-align-center\">\n\t<a\n\thref=\"https:\/\/www.gub.uy\/tramites\/solicitud-carne-uso-pista-estadio-atilio-paiva-rivera\"\n\t\tclass=\"ow-icon-placement-right ow-button-hover\" target=\"_blank\" rel=\"noopener noreferrer\" \t>\n\t\t<span>\n\t\t\t<span class=\"sow-icon-typicons\" data-sow-icon=\"&#xe048;\"\n\t\tstyle=\"\" \n\t\taria-hidden=\"true\"><\/span>\n\t\t\tCarn\u00e9 para uso de pista en el estadio Atilio Paiva\t\t<\/span>\n\t<\/a>\n<\/div>\n<\/div><\/div><\/div><div id=\"pgc-180-1-1\"  class=\"panel-grid-cell\" ><div id=\"panel-180-1-1-0\" class=\"so-panel widget widget_sow-button panel-first-child panel-last-child\" data-index=\"3\" ><div\n\t\t\t\n\t\t\tclass=\"so-widget-sow-button so-widget-sow-button-wire-f88dbd3f7826-180\"\n\t\t\t\n\t\t><div class=\"ow-button-base ow-button-align-center\">\n\t<a\n\thref=\"https:\/\/www.gub.uy\/tramites\/solicitud-city-tour-rivera\"\n\t\tclass=\"ow-icon-placement-right ow-button-hover\" target=\"_blank\" rel=\"noopener noreferrer\" \t>\n\t\t<span>\n\t\t\t<span class=\"sow-icon-typicons\" data-sow-icon=\"&#xe048;\"\n\t\tstyle=\"\" \n\t\taria-hidden=\"true\"><\/span>\n\t\t\tSolicitud de city tour\t\t<\/span>\n\t<\/a>\n<\/div>\n<\/div><\/div><\/div><\/div><div id=\"pg-180-2\"  class=\"panel-grid panel-no-style\" ><div id=\"pgc-180-2-0\"  class=\"panel-grid-cell\" ><div id=\"panel-180-2-0-0\" class=\"so-panel widget widget_sow-button panel-first-child panel-last-child\" data-index=\"4\" ><div\n\t\t\t\n\t\t\tclass=\"so-widget-sow-button so-widget-sow-button-wire-f88dbd3f7826-180\"\n\t\t\t\n\t\t><div class=\"ow-button-base ow-button-align-center\">\n\t<a\n\thref=\"https:\/\/www.gub.uy\/tramites\/solicitud-carne-libre-transito-transporte-publico-rivera\"\n\t\tclass=\"ow-icon-placement-right ow-button-hover\" target=\"_blank\" rel=\"noopener noreferrer\" \t>\n\t\t<span>\n\t\t\t<span class=\"sow-icon-typicons\" data-sow-icon=\"&#xe048;\"\n\t\tstyle=\"\" \n\t\taria-hidden=\"true\"><\/span>\n\t\t\tCarn\u00e9 libre de tr\u00e1nsito para el transporte p\u00fablico\t\t<\/span>\n\t<\/a>\n<\/div>\n<\/div><\/div><\/div><div id=\"pgc-180-2-1\"  class=\"panel-grid-cell\" ><div id=\"panel-180-2-1-0\" class=\"so-panel widget widget_sow-button panel-first-child panel-last-child\" data-index=\"5\" ><div\n\t\t\t\n\t\t\tclass=\"so-widget-sow-button so-widget-sow-button-wire-f88dbd3f7826-180\"\n\t\t\t\n\t\t><div class=\"ow-button-base ow-button-align-center\">\n\t<a\n\thref=\"https:\/\/www.gub.uy\/tramites\/solicitud-escenarios-rivera\"\n\t\tclass=\"ow-icon-placement-right ow-button-hover\" target=\"_blank\" rel=\"noopener noreferrer\" \t>\n\t\t<span>\n\t\t\t<span class=\"sow-icon-typicons\" data-sow-icon=\"&#xe048;\"\n\t\tstyle=\"\" \n\t\taria-hidden=\"true\"><\/span>\n\t\t\tSolicitud de escenarios\t\t<\/span>\n\t<\/a>\n<\/div>\n<\/div><\/div><\/div><\/div><div id=\"pg-180-3\"  class=\"panel-grid panel-no-style\" ><div id=\"pgc-180-3-0\"  class=\"panel-grid-cell\" ><div id=\"panel-180-3-0-0\" class=\"so-panel widget widget_sow-button panel-first-child panel-last-child\" data-index=\"6\" ><div\n\t\t\t\n\t\t\tclass=\"so-widget-sow-button so-widget-sow-button-wire-f88dbd3f7826-180\"\n\t\t\t\n\t\t><div class=\"ow-button-base ow-button-align-center\">\n\t<a\n\thref=\"https:\/\/www.gub.uy\/tramites\/solicitud-elencos-municipales-rivera\"\n\t\tclass=\"ow-icon-placement-right ow-button-hover\" target=\"_blank\" rel=\"noopener noreferrer\" \t>\n\t\t<span>\n\t\t\t<span class=\"sow-icon-typicons\" data-sow-icon=\"&#xe048;\"\n\t\tstyle=\"\" \n\t\taria-hidden=\"true\"><\/span>\n\t\t\tSolicitud de elencos municipales de Rivera\t\t<\/span>\n\t<\/a>\n<\/div>\n<\/div><\/div><\/div><div id=\"pgc-180-3-1\"  class=\"panel-grid-cell\" ><div id=\"panel-180-3-1-0\" class=\"so-panel widget widget_sow-button panel-first-child panel-last-child\" data-index=\"7\" ><div\n\t\t\t\n\t\t\tclass=\"so-widget-sow-button so-widget-sow-button-wire-f88dbd3f7826-180\"\n\t\t\t\n\t\t><div class=\"ow-button-base ow-button-align-center\">\n\t<a\n\thref=\"https:\/\/www.gub.uy\/tramites\/solicitud-guia-turistica-rivera\"\n\t\tclass=\"ow-icon-placement-right ow-button-hover\" target=\"_blank\" rel=\"noopener noreferrer\" \t>\n\t\t<span>\n\t\t\t<span class=\"sow-icon-typicons\" data-sow-icon=\"&#xe048;\"\n\t\tstyle=\"\" \n\t\taria-hidden=\"true\"><\/span>\n\t\t\tSolicitud de gu\u00eda tur\u00edstica\t\t<\/span>\n\t<\/a>\n<\/div>\n<\/div><\/div><\/div><\/div><div id=\"pg-180-4\"  class=\"panel-grid panel-no-style\" ><div id=\"pgc-180-4-0\"  class=\"panel-grid-cell\" ><div id=\"panel-180-4-0-0\" class=\"so-panel widget widget_sow-button panel-first-child panel-last-child\" data-index=\"8\" ><div\n\t\t\t\n\t\t\tclass=\"so-widget-sow-button so-widget-sow-button-wire-f88dbd3f7826-180\"\n\t\t\t\n\t\t><div class=\"ow-button-base ow-button-align-center\">\n\t<a\n\thref=\"https:\/\/www.gub.uy\/tramites\/solicitud-plazas-espacios-publicos-rivera\"\n\t\tclass=\"ow-icon-placement-right ow-button-hover\" target=\"_blank\" rel=\"noopener noreferrer\" \t>\n\t\t<span>\n\t\t\t<span class=\"sow-icon-typicons\" data-sow-icon=\"&#xe048;\"\n\t\tstyle=\"\" \n\t\taria-hidden=\"true\"><\/span>\n\t\t\tSolicitud de plazas y espacios p\u00fablicos\t\t<\/span>\n\t<\/a>\n<\/div>\n<\/div><\/div><\/div><div id=\"pgc-180-4-1\"  class=\"panel-grid-cell\" ><div id=\"panel-180-4-1-0\" class=\"so-panel widget widget_sow-button panel-first-child panel-last-child\" data-index=\"9\" ><div\n\t\t\t\n\t\t\tclass=\"so-widget-sow-button so-widget-sow-button-wire-f88dbd3f7826-180\"\n\t\t\t\n\t\t><div class=\"ow-button-base ow-button-align-center\">\n\t<a\n\thref=\"https:\/\/www.gub.uy\/tramites\/solicitud-servicio-mudanzas-rivera\"\n\t\tclass=\"ow-icon-placement-right ow-button-hover\" target=\"_blank\" rel=\"noopener noreferrer\" \t>\n\t\t<span>\n\t\t\t<span class=\"sow-icon-typicons\" data-sow-icon=\"&#xe048;\"\n\t\tstyle=\"\" \n\t\taria-hidden=\"true\"><\/span>\n\t\t\tSolicitud servicio de mudanzas\t\t<\/span>\n\t<\/a>\n<\/div>\n<\/div><\/div><\/div><\/div><\/div>","protected":false},"excerpt":{"rendered":"<p>Carn\u00e9 de habilitaci\u00f3n para artesanos Solicitud de espacios culturales Carn\u00e9 para uso de pista en el estadio Atilio Paiva Solicitud de city tour Carn\u00e9 libre de tr\u00e1nsito para el transporte p\u00fablico Solicitud de escenarios Solicitud de elencos municipales de Rivera Solicitud de gu\u00eda tur\u00edstica Solicitud de plazas y espacios p\u00fablicos Solicitud servicio de mudanzas<\/p>\n","protected":false},"author":2,"featured_media":0,"parent":94,"menu_order":0,"comment_status":"closed","ping_status":"closed","template":"","meta":{"footnotes":""},"_links":{"self":[{"href":"https:\/\/www.rivera.gub.uy\/social\/wp-json\/wp\/v2\/pages\/180"}],"collection":[{"href":"https:\/\/www.rivera.gub.uy\/social\/wp-json\/wp\/v2\/pages"}],"about":[{"href":"https:\/\/www.rivera.gub.uy\/social\/wp-json\/wp\/v2\/types\/page"}],"author":[{"embeddable":true,"href":"https:\/\/www.rivera.gub.uy\/social\/wp-json\/wp\/v2\/users\/2"}],"replies":[{"embeddable":true,"href":"https:\/\/www.rivera.gub.uy\/social\/wp-json\/wp\/v2\/comments?post=180"}],"version-history":[{"count":17,"href":"https:\/\/www.rivera.gub.uy\/social\/wp-json\/wp\/v2\/pages\/180\/revisions"}],"predecessor-version":[{"id":6643,"href":"https:\/\/www.rivera.gub.uy\/social\/wp-json\/wp\/v2\/pages\/180\/revisions\/6643"}],"up":[{"embeddable":true,"href":"https:\/\/www.rivera.gub.uy\/social\/wp-json\/wp\/v2\/pages\/94"}],"wp:attachment":[{"href":"https:\/\/www.rivera.gub.uy\/social\/wp-json\/wp\/v2\/media?parent=180"}],"curies":[{"name":"wp","href":"https:\/\/api.w.org\/{rel}","templated":true}]}}