{"id":248,"date":"2017-07-19T13:02:21","date_gmt":"2017-07-19T13:02:21","guid":{"rendered":"http:\/\/rivera.gub.uy\/social\/?page_id=248"},"modified":"2022-02-11T14:13:29","modified_gmt":"2022-02-11T14:13:29","slug":"hogares-estudiantiles","status":"publish","type":"page","link":"https:\/\/www.rivera.gub.uy\/social\/hogares-estudiantiles\/","title":{"rendered":"Hogares estudiantiles"},"content":{"rendered":"<div id=\"pl-248\"  class=\"panel-layout\" ><div id=\"pg-248-0\"  class=\"panel-grid panel-no-style\" ><div id=\"pgc-248-0-0\"  class=\"panel-grid-cell\" ><div id=\"panel-248-0-0-0\" class=\"so-panel widget widget_sow-editor panel-first-child panel-last-child\" data-index=\"0\" ><div\n\t\t\t\n\t\t\tclass=\"so-widget-sow-editor so-widget-sow-editor-base\"\n\t\t\t\n\t\t>\n<div class=\"siteorigin-widget-tinymce textwidget\">\n\t<p style=\"text-align: center;\"><img loading=\"lazy\" decoding=\"async\" class=\"alignnone size-full wp-image-146\" src=\"http:\/\/rivera.gub.uy\/social\/images\/cabezal-hogar-estudiantil.png\" alt=\"Direcci\u00f3n General de Promoci\u00f3n y Acci\u00f3n Social - Intendencia de Rivera - Bienestar social\" width=\"800\" height=\"350\" \/><\/p>\n<blockquote><p><span style=\"font-weight: 400;\">Esta direcci\u00f3n, es la encargada de recibir a estudiantes j\u00f3venes, de bajos recursos, brind\u00e1ndoles los servicios para que \u00e9sta sea su segunda casa y as\u00ed poder cumplir sus metas acad\u00e9micas y de formaci\u00f3n integral.<\/span><\/p><\/blockquote>\n<h3><span style=\"font-weight: 400;\">Tareas:<\/span><\/h3>\n<ul>\n<li><span style=\"font-weight: 400;\">Brindamos el hospedaje, alimentaci\u00f3n, asistencia m\u00e9dica, diversos cursos y capacitaciones a casi 200 estudiantes. Buscamos colaborar tambi\u00e9n en la adaptaci\u00f3n del residente al medio; a la formaci\u00f3n de valores e incremento en sus conocimientos. Contamos con 5 Hogares: Rivera, Montevideo, Vichadero, Cerro Pelado y Masoller. Pr\u00f3ximamente tambi\u00e9n en Tranqueras y Minas de Corrales.<\/span><\/li>\n<\/ul>\n<\/div>\n<\/div><\/div><\/div><\/div><div id=\"pg-248-1\"  class=\"panel-grid panel-no-style\" ><div id=\"pgc-248-1-0\"  class=\"panel-grid-cell\" ><div id=\"panel-248-1-0-0\" class=\"so-panel widget widget_sow-editor panel-first-child panel-last-child\" data-index=\"1\" ><div\n\t\t\t\n\t\t\tclass=\"so-widget-sow-editor so-widget-sow-editor-base\"\n\t\t\t\n\t\t>\n<div class=\"siteorigin-widget-tinymce textwidget\">\n\t<p><span style=\"font-weight: 400;\">\u00a0<\/span><\/p>\n<hr \/>\n<p style=\"text-align: center;\"><span style=\"font-weight: 400;\"><strong>Director:<\/strong> Kenny Nu\u00f1ez<br \/>\n<strong>Direcci\u00f3n:<\/strong> J.P. Varela 782<br \/>\n<strong>Horario de atenci\u00f3n:<\/strong> 8:00 a 20:00<br \/>\nTel\u00e9fono: <a href=\"tel:59846223150\">4622 3150<\/a><br \/>\n<strong>E-mail:<\/strong> <a href=\"mailto:hogaresestudiantiles@rivera.gub.uy\">hogaresestudiantiles@rivera.gub.uy<\/a><\/span><span style=\"font-weight: 400;\"><br \/>\n<\/span><\/p>\n<\/div>\n<\/div><\/div><\/div><\/div><\/div>","protected":false},"excerpt":{"rendered":"<p>Esta direcci\u00f3n, es la encargada de recibir a estudiantes j\u00f3venes, de bajos recursos, brind\u00e1ndoles los servicios para que \u00e9sta sea su segunda casa y as\u00ed poder cumplir sus metas acad\u00e9micas y de formaci\u00f3n integral. Tareas: Brindamos el hospedaje, alimentaci\u00f3n, asistencia m\u00e9dica, diversos cursos y capacitaciones a casi 200 estudiantes. Buscamos colaborar tambi\u00e9n en la adaptaci\u00f3n [&hellip;]<\/p>\n","protected":false},"author":1,"featured_media":0,"parent":0,"menu_order":0,"comment_status":"closed","ping_status":"closed","template":"","meta":{"footnotes":""},"_links":{"self":[{"href":"https:\/\/www.rivera.gub.uy\/social\/wp-json\/wp\/v2\/pages\/248"}],"collection":[{"href":"https:\/\/www.rivera.gub.uy\/social\/wp-json\/wp\/v2\/pages"}],"about":[{"href":"https:\/\/www.rivera.gub.uy\/social\/wp-json\/wp\/v2\/types\/page"}],"author":[{"embeddable":true,"href":"https:\/\/www.rivera.gub.uy\/social\/wp-json\/wp\/v2\/users\/1"}],"replies":[{"embeddable":true,"href":"https:\/\/www.rivera.gub.uy\/social\/wp-json\/wp\/v2\/comments?post=248"}],"version-history":[{"count":8,"href":"https:\/\/www.rivera.gub.uy\/social\/wp-json\/wp\/v2\/pages\/248\/revisions"}],"predecessor-version":[{"id":6654,"href":"https:\/\/www.rivera.gub.uy\/social\/wp-json\/wp\/v2\/pages\/248\/revisions\/6654"}],"wp:attachment":[{"href":"https:\/\/www.rivera.gub.uy\/social\/wp-json\/wp\/v2\/media?parent=248"}],"curies":[{"name":"wp","href":"https:\/\/api.w.org\/{rel}","templated":true}]}}