{"id":2540,"date":"2017-12-08T18:36:59","date_gmt":"2017-12-08T18:36:59","guid":{"rendered":"http:\/\/rivera.gub.uy\/social\/?page_id=2540"},"modified":"2018-04-30T18:05:05","modified_gmt":"2018-04-30T18:05:05","slug":"deportes-contenido","status":"publish","type":"page","link":"https:\/\/www.rivera.gub.uy\/social\/deportes__trashed\/deportes-contenido\/","title":{"rendered":"Deportes: contenido"},"content":{"rendered":"<p style=\"text-align: center;\">\n<p><a href=\"http:\/\/rivera.gub.uy\/social\/wp-content\/uploads\/2018\/04\/unidades-deportes-rivera.png\"><img loading=\"lazy\" decoding=\"async\" class=\"aligncenter size-full wp-image-3391\" src=\"http:\/\/rivera.gub.uy\/social\/wp-content\/uploads\/2018\/04\/unidades-deportes-rivera.png\" alt=\"\" width=\"800\" height=\"350\" srcset=\"https:\/\/www.rivera.gub.uy\/social\/wp-content\/uploads\/2018\/04\/unidades-deportes-rivera.png 800w, https:\/\/www.rivera.gub.uy\/social\/wp-content\/uploads\/2018\/04\/unidades-deportes-rivera-300x131.png 300w, https:\/\/www.rivera.gub.uy\/social\/wp-content\/uploads\/2018\/04\/unidades-deportes-rivera-768x336.png 768w\" sizes=\"(max-width: 800px) 100vw, 800px\" \/><\/a><\/p>\n<blockquote><p>Esta divisi\u00f3n, es la encargada de proyectar acciones y programas f\u00edsico-deportivos durante todo el a\u00f1o, aplicando y regulando las pol\u00edticas deportivas del Departamento.<\/p><\/blockquote>\n<p>El equipo de trabajo integrado por administrativos, Licenciados, Profesores e id\u00f3neos en Educaci\u00f3n F\u00edsica, actualmente act\u00faa en 20 barrios de nuestra cuidad de manera sistem\u00e1tica abarcando todas las franjas etarias en diversas disciplinas deportivas durante todo el a\u00f1o, procurando llevar a cada ciudadano la posibilidad de acceder a una mejor calidad de vida.<\/p>\n","protected":false},"excerpt":{"rendered":"<p>Esta divisi\u00f3n, es la encargada de proyectar acciones y programas f\u00edsico-deportivos durante todo el a\u00f1o, aplicando y regulando las pol\u00edticas deportivas del Departamento. El equipo de trabajo integrado por administrativos, Licenciados, Profesores e id\u00f3neos en Educaci\u00f3n F\u00edsica, actualmente act\u00faa en 20 barrios de nuestra cuidad de manera sistem\u00e1tica abarcando todas las franjas etarias en diversas [&hellip;]<\/p>\n","protected":false},"author":2,"featured_media":0,"parent":59,"menu_order":0,"comment_status":"closed","ping_status":"closed","template":"","meta":{"footnotes":""},"_links":{"self":[{"href":"https:\/\/www.rivera.gub.uy\/social\/wp-json\/wp\/v2\/pages\/2540"}],"collection":[{"href":"https:\/\/www.rivera.gub.uy\/social\/wp-json\/wp\/v2\/pages"}],"about":[{"href":"https:\/\/www.rivera.gub.uy\/social\/wp-json\/wp\/v2\/types\/page"}],"author":[{"embeddable":true,"href":"https:\/\/www.rivera.gub.uy\/social\/wp-json\/wp\/v2\/users\/2"}],"replies":[{"embeddable":true,"href":"https:\/\/www.rivera.gub.uy\/social\/wp-json\/wp\/v2\/comments?post=2540"}],"version-history":[{"count":6,"href":"https:\/\/www.rivera.gub.uy\/social\/wp-json\/wp\/v2\/pages\/2540\/revisions"}],"predecessor-version":[{"id":3392,"href":"https:\/\/www.rivera.gub.uy\/social\/wp-json\/wp\/v2\/pages\/2540\/revisions\/3392"}],"up":[{"embeddable":true,"href":"https:\/\/www.rivera.gub.uy\/social\/wp-json\/wp\/v2\/pages\/59"}],"wp:attachment":[{"href":"https:\/\/www.rivera.gub.uy\/social\/wp-json\/wp\/v2\/media?parent=2540"}],"curies":[{"name":"wp","href":"https:\/\/api.w.org\/{rel}","templated":true}]}}