{"id":41568,"date":"2025-10-08T17:51:54","date_gmt":"2025-10-08T17:51:54","guid":{"rendered":"https:\/\/www.rivera.gub.uy\/social\/?page_id=41568"},"modified":"2025-10-08T18:19:01","modified_gmt":"2025-10-08T18:19:01","slug":"parque-gran-bretana","status":"publish","type":"page","link":"https:\/\/www.rivera.gub.uy\/social\/parque-gran-bretana\/","title":{"rendered":"Parque Gran Breta\u00f1a"},"content":{"rendered":"<p><a href=\"https:\/\/www.rivera.gub.uy\/social\/wp-content\/uploads\/2025\/10\/parque-gb-cabezal.png\"><img loading=\"lazy\" decoding=\"async\" class=\"aligncenter size-full wp-image-41570\" src=\"https:\/\/www.rivera.gub.uy\/social\/wp-content\/uploads\/2025\/10\/parque-gb-cabezal.png\" alt=\"\" width=\"1024\" height=\"464\" srcset=\"https:\/\/www.rivera.gub.uy\/social\/wp-content\/uploads\/2025\/10\/parque-gb-cabezal.png 1024w, https:\/\/www.rivera.gub.uy\/social\/wp-content\/uploads\/2025\/10\/parque-gb-cabezal-300x136.png 300w, https:\/\/www.rivera.gub.uy\/social\/wp-content\/uploads\/2025\/10\/parque-gb-cabezal-768x348.png 768w, https:\/\/www.rivera.gub.uy\/social\/wp-content\/uploads\/2025\/10\/parque-gb-cabezal-820x372.png 820w\" sizes=\"(max-width: 1024px) 100vw, 1024px\" \/><\/a><\/p>\n<blockquote><p>Ubicado en la ciudad de Rivera, en la regi\u00f3n norte de Uruguay, el Parque Gran Breta\u00f1a es uno de los espacios verdes m\u00e1s emblem\u00e1ticos del departamento. Con una extensi\u00f3n de m\u00e1s de 100 hect\u00e1reas, este parque es el lugar ideal para quienes buscan disfrutar de la naturaleza, realizar actividades al aire libre o simplemente relajarse en un entorno natural.<\/p><\/blockquote>\n<p><strong>\u00bfQu\u00e9 hacer en el Parque Gran Breta\u00f1a?<\/strong><\/p>\n<p>El parque ofrece una variedad de actividades para todo tipo de visitantes:<\/p>\n<ul>\n<li><strong>Senderismo y caminatas:<\/strong> Disfruta de sus tranquilos senderos rodeados de vegetaci\u00f3n aut\u00f3ctona, ideales para caminar y desconectar.<\/li>\n<li><strong>\u00c1reas de picnic y campismo:<\/strong> Amplias zonas con mesas y bancos, perfectas para disfrutar de un d\u00eda de campo en familia o con amigos.<\/li>\n<li><strong>Observaci\u00f3n de fauna:<\/strong> El parque es hogar de diversas especies de flora y fauna, lo que lo convierte en un excelente lugar para los amantes de la naturaleza y la fotograf\u00eda.<\/li>\n<li><strong>Espacios para el relax:<\/strong> Zonas tranquilas para leer, descansar o simplemente disfrutar del aire libre.<\/li>\n<\/ul>\n<p><strong>Horario de visita<\/strong><br \/>\nEl Parque Gran Breta\u00f1a est\u00e1 abierto todos los d\u00edas desde las 8:00 hasta las 19:00 horas.<\/p>\n<blockquote><p><strong>Avisos importantes<\/strong><br \/>\nPara mantener el parque en buen estado y garantizar la seguridad de todos los visitantes, se recuerda que est\u00e1n prohibidas las siguientes actividades:<\/p>\n<ul>\n<li><strong>Entrada con mascotas:<\/strong> Por razones de conservaci\u00f3n y respeto por el medio ambiente, no se permite el ingreso de animales dom\u00e9sticos.<\/li>\n<li><strong>Pesca y caza:<\/strong> El parque es un \u00e1rea protegida y no se permite la pesca ni la caza dentro de sus l\u00edmites.<\/li>\n<li><strong>Talar \u00e1rboles:<\/strong> Proteger la flora aut\u00f3ctona es una prioridad, por lo que est\u00e1 prohibido talar cualquier \u00e1rbol o planta.<\/li>\n<li><strong>M\u00fasica alta:<\/strong> Para respetar la tranquilidad del parque y a otros visitantes, se solicita evitar el uso de m\u00fasica a alto volumen.<\/li>\n<\/ul>\n<\/blockquote>\n<p><a href=\"https:\/\/maps.app.goo.gl\/CmkvZRZHScvi4QDv8\" target=\"_blank\" rel=\"noopener\"><strong>\u00bfC\u00f3mo llegar?<\/strong><\/a><\/p>\n<p>El Parque Gran Breta\u00f1a est\u00e1 ubicado a pocos minutos del centro de la ciudad de Rivera. Se puede acceder f\u00e1cilmente en autom\u00f3vil, y existen opciones de transporte p\u00fablico que conectan la zona.<\/p>\n<p>&nbsp;<\/p>\n<div id='gallery-1' class='gallery galleryid-41568 gallery-columns-6 gallery-size-thumbnail'><figure class='gallery-item'>\n\t\t\t<div class='gallery-icon landscape'>\n\t\t\t\t<a href='https:\/\/www.rivera.gub.uy\/social\/wp-content\/uploads\/2025\/10\/parque-gran-bretana-rivera-5-scaled.jpg'><img loading=\"lazy\" decoding=\"async\" width=\"150\" height=\"150\" src=\"https:\/\/www.rivera.gub.uy\/social\/wp-content\/uploads\/2025\/10\/parque-gran-bretana-rivera-5-150x150.jpg\" class=\"attachment-thumbnail size-thumbnail\" alt=\"\" \/><\/a>\n\t\t\t<\/div><\/figure><figure class='gallery-item'>\n\t\t\t<div class='gallery-icon landscape'>\n\t\t\t\t<a href='https:\/\/www.rivera.gub.uy\/social\/wp-content\/uploads\/2025\/10\/parque-gran-bretana-rivera-11-scaled.jpg'><img loading=\"lazy\" decoding=\"async\" width=\"150\" height=\"150\" src=\"https:\/\/www.rivera.gub.uy\/social\/wp-content\/uploads\/2025\/10\/parque-gran-bretana-rivera-11-150x150.jpg\" class=\"attachment-thumbnail size-thumbnail\" alt=\"\" \/><\/a>\n\t\t\t<\/div><\/figure><figure class='gallery-item'>\n\t\t\t<div class='gallery-icon landscape'>\n\t\t\t\t<a href='https:\/\/www.rivera.gub.uy\/social\/wp-content\/uploads\/2025\/10\/parque-gran-bretana-rivera-13-scaled.jpg'><img loading=\"lazy\" decoding=\"async\" width=\"150\" height=\"150\" src=\"https:\/\/www.rivera.gub.uy\/social\/wp-content\/uploads\/2025\/10\/parque-gran-bretana-rivera-13-150x150.jpg\" class=\"attachment-thumbnail size-thumbnail\" alt=\"\" \/><\/a>\n\t\t\t<\/div><\/figure><figure class='gallery-item'>\n\t\t\t<div class='gallery-icon landscape'>\n\t\t\t\t<a href='https:\/\/www.rivera.gub.uy\/social\/wp-content\/uploads\/2025\/10\/parque-gran-bretana-rivera-14-scaled.jpg'><img loading=\"lazy\" decoding=\"async\" width=\"150\" height=\"150\" src=\"https:\/\/www.rivera.gub.uy\/social\/wp-content\/uploads\/2025\/10\/parque-gran-bretana-rivera-14-150x150.jpg\" class=\"attachment-thumbnail size-thumbnail\" alt=\"\" \/><\/a>\n\t\t\t<\/div><\/figure><figure class='gallery-item'>\n\t\t\t<div class='gallery-icon landscape'>\n\t\t\t\t<a href='https:\/\/www.rivera.gub.uy\/social\/wp-content\/uploads\/2025\/10\/parque-gran-bretana-rivera-18-scaled.jpg'><img loading=\"lazy\" decoding=\"async\" width=\"150\" height=\"150\" src=\"https:\/\/www.rivera.gub.uy\/social\/wp-content\/uploads\/2025\/10\/parque-gran-bretana-rivera-18-150x150.jpg\" class=\"attachment-thumbnail size-thumbnail\" alt=\"\" \/><\/a>\n\t\t\t<\/div><\/figure><figure class='gallery-item'>\n\t\t\t<div class='gallery-icon landscape'>\n\t\t\t\t<a href='https:\/\/www.rivera.gub.uy\/social\/wp-content\/uploads\/2025\/10\/parque-gran-bretana-rivera-19-scaled.jpg'><img loading=\"lazy\" decoding=\"async\" width=\"150\" height=\"150\" src=\"https:\/\/www.rivera.gub.uy\/social\/wp-content\/uploads\/2025\/10\/parque-gran-bretana-rivera-19-150x150.jpg\" class=\"attachment-thumbnail size-thumbnail\" alt=\"\" \/><\/a>\n\t\t\t<\/div><\/figure><figure class='gallery-item'>\n\t\t\t<div class='gallery-icon landscape'>\n\t\t\t\t<a href='https:\/\/www.rivera.gub.uy\/social\/wp-content\/uploads\/2025\/10\/parque-gran-bretana-rivera-20-scaled.jpg'><img loading=\"lazy\" decoding=\"async\" width=\"150\" height=\"150\" src=\"https:\/\/www.rivera.gub.uy\/social\/wp-content\/uploads\/2025\/10\/parque-gran-bretana-rivera-20-150x150.jpg\" class=\"attachment-thumbnail size-thumbnail\" alt=\"\" \/><\/a>\n\t\t\t<\/div><\/figure><figure class='gallery-item'>\n\t\t\t<div class='gallery-icon landscape'>\n\t\t\t\t<a href='https:\/\/www.rivera.gub.uy\/social\/wp-content\/uploads\/2025\/10\/parque-gran-bretana-rivera-24-scaled.jpg'><img loading=\"lazy\" decoding=\"async\" width=\"150\" height=\"150\" src=\"https:\/\/www.rivera.gub.uy\/social\/wp-content\/uploads\/2025\/10\/parque-gran-bretana-rivera-24-150x150.jpg\" class=\"attachment-thumbnail size-thumbnail\" alt=\"\" \/><\/a>\n\t\t\t<\/div><\/figure><figure class='gallery-item'>\n\t\t\t<div class='gallery-icon landscape'>\n\t\t\t\t<a href='https:\/\/www.rivera.gub.uy\/social\/wp-content\/uploads\/2025\/10\/parque-gran-bretana-rivera-27-scaled.jpg'><img loading=\"lazy\" decoding=\"async\" width=\"150\" height=\"150\" src=\"https:\/\/www.rivera.gub.uy\/social\/wp-content\/uploads\/2025\/10\/parque-gran-bretana-rivera-27-150x150.jpg\" class=\"attachment-thumbnail size-thumbnail\" alt=\"\" \/><\/a>\n\t\t\t<\/div><\/figure><figure class='gallery-item'>\n\t\t\t<div class='gallery-icon landscape'>\n\t\t\t\t<a href='https:\/\/www.rivera.gub.uy\/social\/wp-content\/uploads\/2025\/10\/parque-gran-bretana-rivera-29-scaled.jpg'><img loading=\"lazy\" decoding=\"async\" width=\"150\" height=\"150\" src=\"https:\/\/www.rivera.gub.uy\/social\/wp-content\/uploads\/2025\/10\/parque-gran-bretana-rivera-29-150x150.jpg\" class=\"attachment-thumbnail size-thumbnail\" alt=\"\" \/><\/a>\n\t\t\t<\/div><\/figure><figure class='gallery-item'>\n\t\t\t<div class='gallery-icon landscape'>\n\t\t\t\t<a href='https:\/\/www.rivera.gub.uy\/social\/wp-content\/uploads\/2025\/10\/parque-gran-bretana-rivera-31-scaled.jpg'><img loading=\"lazy\" decoding=\"async\" width=\"150\" height=\"150\" src=\"https:\/\/www.rivera.gub.uy\/social\/wp-content\/uploads\/2025\/10\/parque-gran-bretana-rivera-31-150x150.jpg\" class=\"attachment-thumbnail size-thumbnail\" alt=\"\" \/><\/a>\n\t\t\t<\/div><\/figure><figure class='gallery-item'>\n\t\t\t<div class='gallery-icon landscape'>\n\t\t\t\t<a href='https:\/\/www.rivera.gub.uy\/social\/wp-content\/uploads\/2025\/10\/parque-gran-bretana-rivera-36-scaled.jpg'><img loading=\"lazy\" decoding=\"async\" width=\"150\" height=\"150\" src=\"https:\/\/www.rivera.gub.uy\/social\/wp-content\/uploads\/2025\/10\/parque-gran-bretana-rivera-36-150x150.jpg\" class=\"attachment-thumbnail size-thumbnail\" alt=\"\" \/><\/a>\n\t\t\t<\/div><\/figure><figure class='gallery-item'>\n\t\t\t<div class='gallery-icon landscape'>\n\t\t\t\t<a href='https:\/\/www.rivera.gub.uy\/social\/wp-content\/uploads\/2025\/10\/parque-gran-bretana-rivera-38-scaled.jpg'><img loading=\"lazy\" decoding=\"async\" width=\"150\" height=\"150\" src=\"https:\/\/www.rivera.gub.uy\/social\/wp-content\/uploads\/2025\/10\/parque-gran-bretana-rivera-38-150x150.jpg\" class=\"attachment-thumbnail size-thumbnail\" alt=\"\" \/><\/a>\n\t\t\t<\/div><\/figure><figure class='gallery-item'>\n\t\t\t<div class='gallery-icon landscape'>\n\t\t\t\t<a href='https:\/\/www.rivera.gub.uy\/social\/wp-content\/uploads\/2025\/10\/parque-gran-bretana-rivera-39-scaled.jpg'><img loading=\"lazy\" decoding=\"async\" width=\"150\" height=\"150\" src=\"https:\/\/www.rivera.gub.uy\/social\/wp-content\/uploads\/2025\/10\/parque-gran-bretana-rivera-39-150x150.jpg\" class=\"attachment-thumbnail size-thumbnail\" alt=\"\" \/><\/a>\n\t\t\t<\/div><\/figure><figure class='gallery-item'>\n\t\t\t<div class='gallery-icon landscape'>\n\t\t\t\t<a href='https:\/\/www.rivera.gub.uy\/social\/wp-content\/uploads\/2025\/10\/parque-gran-bretana-rivera-42-scaled.jpg'><img loading=\"lazy\" decoding=\"async\" width=\"150\" height=\"150\" src=\"https:\/\/www.rivera.gub.uy\/social\/wp-content\/uploads\/2025\/10\/parque-gran-bretana-rivera-42-150x150.jpg\" class=\"attachment-thumbnail size-thumbnail\" alt=\"\" \/><\/a>\n\t\t\t<\/div><\/figure><figure class='gallery-item'>\n\t\t\t<div class='gallery-icon landscape'>\n\t\t\t\t<a href='https:\/\/www.rivera.gub.uy\/social\/wp-content\/uploads\/2025\/10\/parque-gran-bretana-rivera-47-scaled.jpg'><img loading=\"lazy\" decoding=\"async\" width=\"150\" height=\"150\" src=\"https:\/\/www.rivera.gub.uy\/social\/wp-content\/uploads\/2025\/10\/parque-gran-bretana-rivera-47-150x150.jpg\" class=\"attachment-thumbnail size-thumbnail\" alt=\"\" \/><\/a>\n\t\t\t<\/div><\/figure><figure class='gallery-item'>\n\t\t\t<div class='gallery-icon landscape'>\n\t\t\t\t<a href='https:\/\/www.rivera.gub.uy\/social\/wp-content\/uploads\/2025\/10\/parque-gran-bretana-rivera-50-scaled.jpg'><img loading=\"lazy\" decoding=\"async\" width=\"150\" height=\"150\" src=\"https:\/\/www.rivera.gub.uy\/social\/wp-content\/uploads\/2025\/10\/parque-gran-bretana-rivera-50-150x150.jpg\" class=\"attachment-thumbnail size-thumbnail\" alt=\"\" \/><\/a>\n\t\t\t<\/div><\/figure><figure class='gallery-item'>\n\t\t\t<div class='gallery-icon landscape'>\n\t\t\t\t<a href='https:\/\/www.rivera.gub.uy\/social\/wp-content\/uploads\/2025\/10\/parque-gran-bretana-rivera-52-scaled.jpg'><img loading=\"lazy\" decoding=\"async\" width=\"150\" height=\"150\" src=\"https:\/\/www.rivera.gub.uy\/social\/wp-content\/uploads\/2025\/10\/parque-gran-bretana-rivera-52-150x150.jpg\" class=\"attachment-thumbnail size-thumbnail\" alt=\"\" \/><\/a>\n\t\t\t<\/div><\/figure><figure class='gallery-item'>\n\t\t\t<div class='gallery-icon landscape'>\n\t\t\t\t<a href='https:\/\/www.rivera.gub.uy\/social\/wp-content\/uploads\/2025\/10\/parque-gran-bretana-rivera-53-scaled.jpg'><img loading=\"lazy\" decoding=\"async\" width=\"150\" height=\"150\" src=\"https:\/\/www.rivera.gub.uy\/social\/wp-content\/uploads\/2025\/10\/parque-gran-bretana-rivera-53-150x150.jpg\" class=\"attachment-thumbnail size-thumbnail\" alt=\"\" \/><\/a>\n\t\t\t<\/div><\/figure><figure class='gallery-item'>\n\t\t\t<div class='gallery-icon landscape'>\n\t\t\t\t<a href='https:\/\/www.rivera.gub.uy\/social\/wp-content\/uploads\/2025\/10\/parque-gran-bretana-rivera-55-scaled.jpg'><img loading=\"lazy\" decoding=\"async\" width=\"150\" height=\"150\" src=\"https:\/\/www.rivera.gub.uy\/social\/wp-content\/uploads\/2025\/10\/parque-gran-bretana-rivera-55-150x150.jpg\" class=\"attachment-thumbnail size-thumbnail\" alt=\"\" \/><\/a>\n\t\t\t<\/div><\/figure><figure class='gallery-item'>\n\t\t\t<div class='gallery-icon landscape'>\n\t\t\t\t<a href='https:\/\/www.rivera.gub.uy\/social\/wp-content\/uploads\/2025\/10\/parque-gran-bretana-rivera-58-scaled.jpg'><img loading=\"lazy\" decoding=\"async\" width=\"150\" height=\"150\" src=\"https:\/\/www.rivera.gub.uy\/social\/wp-content\/uploads\/2025\/10\/parque-gran-bretana-rivera-58-150x150.jpg\" class=\"attachment-thumbnail size-thumbnail\" alt=\"\" \/><\/a>\n\t\t\t<\/div><\/figure><figure class='gallery-item'>\n\t\t\t<div class='gallery-icon landscape'>\n\t\t\t\t<a href='https:\/\/www.rivera.gub.uy\/social\/wp-content\/uploads\/2025\/10\/parque-gran-bretana-rivera-59-scaled.jpg'><img loading=\"lazy\" decoding=\"async\" width=\"150\" height=\"150\" src=\"https:\/\/www.rivera.gub.uy\/social\/wp-content\/uploads\/2025\/10\/parque-gran-bretana-rivera-59-150x150.jpg\" class=\"attachment-thumbnail size-thumbnail\" alt=\"\" \/><\/a>\n\t\t\t<\/div><\/figure><figure class='gallery-item'>\n\t\t\t<div class='gallery-icon landscape'>\n\t\t\t\t<a href='https:\/\/www.rivera.gub.uy\/social\/wp-content\/uploads\/2025\/10\/parque-gran-bretana-rivera-65-scaled.jpg'><img loading=\"lazy\" decoding=\"async\" width=\"150\" height=\"150\" src=\"https:\/\/www.rivera.gub.uy\/social\/wp-content\/uploads\/2025\/10\/parque-gran-bretana-rivera-65-150x150.jpg\" class=\"attachment-thumbnail size-thumbnail\" alt=\"\" \/><\/a>\n\t\t\t<\/div><\/figure><figure class='gallery-item'>\n\t\t\t<div class='gallery-icon landscape'>\n\t\t\t\t<a href='https:\/\/www.rivera.gub.uy\/social\/wp-content\/uploads\/2025\/10\/parque-gran-bretana-rivera-69-scaled.jpg'><img loading=\"lazy\" decoding=\"async\" width=\"150\" height=\"150\" src=\"https:\/\/www.rivera.gub.uy\/social\/wp-content\/uploads\/2025\/10\/parque-gran-bretana-rivera-69-150x150.jpg\" class=\"attachment-thumbnail size-thumbnail\" alt=\"\" \/><\/a>\n\t\t\t<\/div><\/figure><figure class='gallery-item'>\n\t\t\t<div class='gallery-icon landscape'>\n\t\t\t\t<a href='https:\/\/www.rivera.gub.uy\/social\/wp-content\/uploads\/2025\/10\/parque-gran-bretana-rivera-119-scaled.jpg'><img loading=\"lazy\" decoding=\"async\" width=\"150\" height=\"150\" src=\"https:\/\/www.rivera.gub.uy\/social\/wp-content\/uploads\/2025\/10\/parque-gran-bretana-rivera-119-150x150.jpg\" class=\"attachment-thumbnail size-thumbnail\" alt=\"\" \/><\/a>\n\t\t\t<\/div><\/figure><figure class='gallery-item'>\n\t\t\t<div class='gallery-icon landscape'>\n\t\t\t\t<a href='https:\/\/www.rivera.gub.uy\/social\/wp-content\/uploads\/2025\/10\/parque-gran-bretana-rivera-120-scaled.jpg'><img loading=\"lazy\" decoding=\"async\" width=\"150\" height=\"150\" src=\"https:\/\/www.rivera.gub.uy\/social\/wp-content\/uploads\/2025\/10\/parque-gran-bretana-rivera-120-150x150.jpg\" class=\"attachment-thumbnail size-thumbnail\" alt=\"\" \/><\/a>\n\t\t\t<\/div><\/figure><figure class='gallery-item'>\n\t\t\t<div class='gallery-icon landscape'>\n\t\t\t\t<a href='https:\/\/www.rivera.gub.uy\/social\/wp-content\/uploads\/2025\/10\/parque-gran-bretana-r-scaled.jpg'><img loading=\"lazy\" decoding=\"async\" width=\"150\" height=\"150\" src=\"https:\/\/www.rivera.gub.uy\/social\/wp-content\/uploads\/2025\/10\/parque-gran-bretana-r-150x150.jpg\" class=\"attachment-thumbnail size-thumbnail\" alt=\"\" \/><\/a>\n\t\t\t<\/div><\/figure><figure class='gallery-item'>\n\t\t\t<div class='gallery-icon landscape'>\n\t\t\t\t<a href='https:\/\/www.rivera.gub.uy\/social\/wp-content\/uploads\/2025\/10\/plaza-de-aguas-scaled.jpg'><img loading=\"lazy\" decoding=\"async\" width=\"150\" height=\"150\" src=\"https:\/\/www.rivera.gub.uy\/social\/wp-content\/uploads\/2025\/10\/plaza-de-aguas-150x150.jpg\" class=\"attachment-thumbnail size-thumbnail\" alt=\"\" \/><\/a>\n\t\t\t<\/div><\/figure><figure class='gallery-item'>\n\t\t\t<div class='gallery-icon landscape'>\n\t\t\t\t<a href='https:\/\/www.rivera.gub.uy\/social\/wp-content\/uploads\/2025\/10\/WhatsApp-Image-2025-10-07-at-10.37.04-AM.jpeg'><img loading=\"lazy\" decoding=\"async\" width=\"150\" height=\"150\" src=\"https:\/\/www.rivera.gub.uy\/social\/wp-content\/uploads\/2025\/10\/WhatsApp-Image-2025-10-07-at-10.37.04-AM-150x150.jpeg\" class=\"attachment-thumbnail size-thumbnail\" alt=\"\" \/><\/a>\n\t\t\t<\/div><\/figure><figure class='gallery-item'>\n\t\t\t<div class='gallery-icon landscape'>\n\t\t\t\t<a href='https:\/\/www.rivera.gub.uy\/social\/wp-content\/uploads\/2025\/10\/WhatsApp-Image-2025-10-07-at-10.37.05-AM-1.jpeg'><img loading=\"lazy\" decoding=\"async\" width=\"150\" height=\"150\" src=\"https:\/\/www.rivera.gub.uy\/social\/wp-content\/uploads\/2025\/10\/WhatsApp-Image-2025-10-07-at-10.37.05-AM-1-150x150.jpeg\" class=\"attachment-thumbnail size-thumbnail\" alt=\"\" \/><\/a>\n\t\t\t<\/div><\/figure>\n\t\t<\/div>\n\n","protected":false},"excerpt":{"rendered":"<p>Ubicado en la ciudad de Rivera, en la regi\u00f3n norte de Uruguay, el Parque Gran Breta\u00f1a es uno de los espacios verdes m\u00e1s emblem\u00e1ticos del departamento. Con una extensi\u00f3n de m\u00e1s de 100 hect\u00e1reas, este parque es el lugar ideal para quienes buscan disfrutar de la naturaleza, realizar actividades al aire libre o simplemente relajarse [&hellip;]<\/p>\n","protected":false},"author":1,"featured_media":0,"parent":0,"menu_order":0,"comment_status":"closed","ping_status":"closed","template":"","meta":{"footnotes":""},"_links":{"self":[{"href":"https:\/\/www.rivera.gub.uy\/social\/wp-json\/wp\/v2\/pages\/41568"}],"collection":[{"href":"https:\/\/www.rivera.gub.uy\/social\/wp-json\/wp\/v2\/pages"}],"about":[{"href":"https:\/\/www.rivera.gub.uy\/social\/wp-json\/wp\/v2\/types\/page"}],"author":[{"embeddable":true,"href":"https:\/\/www.rivera.gub.uy\/social\/wp-json\/wp\/v2\/users\/1"}],"replies":[{"embeddable":true,"href":"https:\/\/www.rivera.gub.uy\/social\/wp-json\/wp\/v2\/comments?post=41568"}],"version-history":[{"count":5,"href":"https:\/\/www.rivera.gub.uy\/social\/wp-json\/wp\/v2\/pages\/41568\/revisions"}],"predecessor-version":[{"id":41605,"href":"https:\/\/www.rivera.gub.uy\/social\/wp-json\/wp\/v2\/pages\/41568\/revisions\/41605"}],"wp:attachment":[{"href":"https:\/\/www.rivera.gub.uy\/social\/wp-json\/wp\/v2\/media?parent=41568"}],"curies":[{"name":"wp","href":"https:\/\/api.w.org\/{rel}","templated":true}]}}