{"id":63,"date":"2017-07-04T20:41:13","date_gmt":"2017-07-04T20:41:13","guid":{"rendered":"http:\/\/rivera.gub.uy\/social\/?page_id=63"},"modified":"2025-05-21T15:44:16","modified_gmt":"2025-05-21T15:44:16","slug":"cultura","status":"publish","type":"page","link":"https:\/\/www.rivera.gub.uy\/social\/cultura\/","title":{"rendered":"Cultura"},"content":{"rendered":"<div id=\"pl-63\"  class=\"panel-layout\" ><div id=\"pg-63-0\"  class=\"panel-grid panel-no-style\" ><div id=\"pgc-63-0-0\"  class=\"panel-grid-cell\" ><div id=\"panel-63-0-0-0\" class=\"so-panel widget widget_pagesinwidgets_page_section pagesinwidgets_page_section panel-first-child\" data-index=\"0\" >\t\t\t<div class=\"homepage_section\">\r\n\t\t\t\t<p>Son un instrumento articulador de la comunidad, que llevan adelante e impulsan planes de acci\u00f3n que tienen como objetivo dinamizar en forma permanente las expresiones y manifestaciones culturales en el departamento. Comisiones de Apoyo Consejo Departamental Comisi\u00f3n Departamental del Patrimonio Comisi\u00f3n mixta administradora de la Plaza Internacional Escuela Departamental de Artes Danza: Ballet, Tango, Moderna [&hellip;]<\/p>\n\t\t\t\t<\/div>\r\n\t\t\t<\/div><div id=\"panel-63-0-0-1\" class=\"so-panel widget widget_recent_posts_b recent_posts_b clearfix\" data-index=\"1\" >\n\t\t\t<div class=\"widget-inner clearfix\" style=\"background-color: ; color: \">\n\t\t\t\t\n\t\t\t\t\n\t\t\t\t\t<div class=\"recent-post first-post col-md-6 col-sm-6 clearfix\">\n\t\t\t\t\t\t<div class=\"recent-thumb\">\n\t\t\t\t\t\t\t<a href=\"https:\/\/www.rivera.gub.uy\/social\/javier-clok-tiempo-silencio\/\">\n\t\t\t\t\t\t\t\t\t\t\t\t\t\t\t<img loading=\"lazy\" decoding=\"async\" width=\"600\" height=\"400\" src=\"https:\/\/www.rivera.gub.uy\/social\/wp-content\/uploads\/2024\/02\/Proyecto-nuevo-600x400.jpg\" class=\"attachment-carousel-thumb size-carousel-thumb wp-post-image\" alt=\"exposici\u00f3n Javier Clok\" srcset=\"https:\/\/www.rivera.gub.uy\/social\/wp-content\/uploads\/2024\/02\/Proyecto-nuevo-600x400.jpg 600w, https:\/\/www.rivera.gub.uy\/social\/wp-content\/uploads\/2024\/02\/Proyecto-nuevo-300x200.jpg 300w, https:\/\/www.rivera.gub.uy\/social\/wp-content\/uploads\/2024\/02\/Proyecto-nuevo-1024x683.jpg 1024w, https:\/\/www.rivera.gub.uy\/social\/wp-content\/uploads\/2024\/02\/Proyecto-nuevo-768x512.jpg 768w, https:\/\/www.rivera.gub.uy\/social\/wp-content\/uploads\/2024\/02\/Proyecto-nuevo-1536x1024.jpg 1536w, https:\/\/www.rivera.gub.uy\/social\/wp-content\/uploads\/2024\/02\/Proyecto-nuevo-2048x1365.jpg 2048w, https:\/\/www.rivera.gub.uy\/social\/wp-content\/uploads\/2024\/02\/Proyecto-nuevo-820x547.jpg 820w, https:\/\/www.rivera.gub.uy\/social\/wp-content\/uploads\/2024\/02\/Proyecto-nuevo-272x182.jpg 272w\" sizes=\"(max-width: 600px) 100vw, 600px\" \/>\t\t\t\t\t\t\t\t\t\t\t\t\t\t<\/a>\n\t\t\t\t\t\t<\/div>\n\t\t\t\t\t\t<div class=\"recent-content\">\n\t\t\t\t\t\t\t<h3 class=\"entry-title\"><a style=\"color:\" href=\"https:\/\/www.rivera.gub.uy\/social\/javier-clok-tiempo-silencio\/\" rel=\"bookmark\">Javier Clok: Tiempo\/Silencio<\/a><\/h3>\t\t\t\t\t\t\t<div class=\"entry-meta\" style=\"color: \">\n\t\t\t\t\t\t\t\t<span class=\"posted-on\"><i class=\"fa fa-calendar\"><\/i> <a href=\"https:\/\/www.rivera.gub.uy\/social\/javier-clok-tiempo-silencio\/\" rel=\"bookmark\"><time class=\"entry-date published\" datetime=\"2024-02-26T15:36:45+00:00\">26 febrero, 2024<\/time><time class=\"updated\" datetime=\"2024-02-26T15:38:14+00:00\">26 febrero, 2024<\/time><\/a><\/span><span class=\"byline\"> <\/span>\t\t\t\t\t\t\t\t<span class=\"post-cat\"><i class=\"fa fa-folder\"><\/i><a href=\"https:\/\/www.rivera.gub.uy\/social\/category\/promocion\/cultura\/\" title=\"Ver todas las entradas en Cultura\">Cultura<\/a><\/span>\t\t\t\t\t\t\t<\/div>\n\t\t\t\t\t\t\t<p>El artista Javier Clok presenta su nueva exposici\u00f3n \u00abTiempo\/Silencio\u00bb, el pr\u00f3ximo d\u00eda 6 de marzo a las 19:00 horas, en el Museo de Artes Pl\u00e1sticas.<\/p>\n\t\t\t\t\t\t<\/div>\n\t\t\t\t\t<\/div>\n\n\t\t\t\t\n\t\t\t\t\n\t\t\t\t\t<div class=\"recent-post col-md-6 col-sm-6 clearfix\">\n\t\t\t\t\t\t<div class=\"recent-thumb col-md-3 col-sm-3 col-xs-3\">\n\t\t\t\t\t\t\t<a href=\"https:\/\/www.rivera.gub.uy\/social\/llega-la-feria-del-libro-a-rivera\/\">\n\t\t\t\t\t\t\t\t\t\t\t\t\t\t\t<img loading=\"lazy\" decoding=\"async\" width=\"600\" height=\"400\" src=\"https:\/\/www.rivera.gub.uy\/social\/wp-content\/uploads\/2022\/11\/WhatsApp-Image-2022-11-01-at-12.47.39-PM-600x400.jpeg\" class=\"attachment-carousel-thumb size-carousel-thumb wp-post-image\" alt=\"\" srcset=\"https:\/\/www.rivera.gub.uy\/social\/wp-content\/uploads\/2022\/11\/WhatsApp-Image-2022-11-01-at-12.47.39-PM-600x400.jpeg 600w, https:\/\/www.rivera.gub.uy\/social\/wp-content\/uploads\/2022\/11\/WhatsApp-Image-2022-11-01-at-12.47.39-PM-272x182.jpeg 272w\" sizes=\"(max-width: 600px) 100vw, 600px\" \/>\t\t\t\t\t\t\t\t\t\t\t\t\t\t<\/a>\n\t\t\t\t\t\t<\/div>\n\t\t\t\t\t\t<div class=\"recent-content col-md-9 col-sm-9 col-xs-9\">\n\t\t\t\t\t\t\t<h4 class=\"entry-title\"><a style=\"color:\" href=\"https:\/\/www.rivera.gub.uy\/social\/llega-la-feria-del-libro-a-rivera\/\" rel=\"bookmark\">Llega la \u00abFeria del libro\u00bb a Rivera<\/a><\/h4>\t\t\t\t\t\t\t<div class=\"entry-meta\" style=\"color: \">\n\t\t\t\t\t\t\t\t<span class=\"posted-on\"><i class=\"fa fa-calendar\"><\/i> <a href=\"https:\/\/www.rivera.gub.uy\/social\/llega-la-feria-del-libro-a-rivera\/\" rel=\"bookmark\"><time class=\"entry-date published\" datetime=\"2022-11-01T12:57:21+00:00\">1 noviembre, 2022<\/time><time class=\"updated\" datetime=\"2022-11-03T12:57:33+00:00\">3 noviembre, 2022<\/time><\/a><\/span><span class=\"byline\"> <\/span>\t\t\t\t\t\t\t\t<span class=\"post-cat\"><i class=\"fa fa-folder\"><\/i><a href=\"https:\/\/www.rivera.gub.uy\/social\/category\/promocion\/cultura\/\" title=\"Ver todas las entradas en Cultura\">Cultura<\/a><\/span>\t\t\t\t\t\t\t<\/div>\n\t\t\t\t\t\t<\/div>\n\t\t\t\t\t<\/div>\n\n\t\t\t\t\n\t\t\t\t\t<div class=\"recent-post col-md-6 col-sm-6 clearfix\">\n\t\t\t\t\t\t<div class=\"recent-thumb col-md-3 col-sm-3 col-xs-3\">\n\t\t\t\t\t\t\t<a href=\"https:\/\/www.rivera.gub.uy\/social\/homenaje-juana-de-ibarbourou\/\">\n\t\t\t\t\t\t\t\t\t\t\t\t\t\t\t<img loading=\"lazy\" decoding=\"async\" width=\"600\" height=\"400\" src=\"https:\/\/www.rivera.gub.uy\/social\/wp-content\/uploads\/2022\/05\/homenaje-a-juana-portal-600x400.jpg\" class=\"attachment-carousel-thumb size-carousel-thumb wp-post-image\" alt=\"\" srcset=\"https:\/\/www.rivera.gub.uy\/social\/wp-content\/uploads\/2022\/05\/homenaje-a-juana-portal-600x400.jpg 600w, https:\/\/www.rivera.gub.uy\/social\/wp-content\/uploads\/2022\/05\/homenaje-a-juana-portal-300x200.jpg 300w, https:\/\/www.rivera.gub.uy\/social\/wp-content\/uploads\/2022\/05\/homenaje-a-juana-portal-1024x683.jpg 1024w, https:\/\/www.rivera.gub.uy\/social\/wp-content\/uploads\/2022\/05\/homenaje-a-juana-portal-768x512.jpg 768w, https:\/\/www.rivera.gub.uy\/social\/wp-content\/uploads\/2022\/05\/homenaje-a-juana-portal-820x547.jpg 820w, https:\/\/www.rivera.gub.uy\/social\/wp-content\/uploads\/2022\/05\/homenaje-a-juana-portal-272x182.jpg 272w, https:\/\/www.rivera.gub.uy\/social\/wp-content\/uploads\/2022\/05\/homenaje-a-juana-portal.jpg 1440w\" sizes=\"(max-width: 600px) 100vw, 600px\" \/>\t\t\t\t\t\t\t\t\t\t\t\t\t\t<\/a>\n\t\t\t\t\t\t<\/div>\n\t\t\t\t\t\t<div class=\"recent-content col-md-9 col-sm-9 col-xs-9\">\n\t\t\t\t\t\t\t<h4 class=\"entry-title\"><a style=\"color:\" href=\"https:\/\/www.rivera.gub.uy\/social\/homenaje-juana-de-ibarbourou\/\" rel=\"bookmark\">HOMENAJE  JUANA DE IBARBOUROU<\/a><\/h4>\t\t\t\t\t\t\t<div class=\"entry-meta\" style=\"color: \">\n\t\t\t\t\t\t\t\t<span class=\"posted-on\"><i class=\"fa fa-calendar\"><\/i> <a href=\"https:\/\/www.rivera.gub.uy\/social\/homenaje-juana-de-ibarbourou\/\" rel=\"bookmark\"><time class=\"entry-date published updated\" datetime=\"2022-05-25T15:04:51+00:00\">25 mayo, 2022<\/time><\/a><\/span><span class=\"byline\"> <\/span>\t\t\t\t\t\t\t\t<span class=\"post-cat\"><i class=\"fa fa-folder\"><\/i><a href=\"https:\/\/www.rivera.gub.uy\/social\/category\/promocion\/cultura\/\" title=\"Ver todas las entradas en Cultura\">Cultura<\/a><\/span>\t\t\t\t\t\t\t<\/div>\n\t\t\t\t\t\t<\/div>\n\t\t\t\t\t<\/div>\n\n\t\t\t\t\n\t\t\t\t\t<div class=\"recent-post col-md-6 col-sm-6 clearfix\">\n\t\t\t\t\t\t<div class=\"recent-thumb col-md-3 col-sm-3 col-xs-3\">\n\t\t\t\t\t\t\t<a href=\"https:\/\/www.rivera.gub.uy\/social\/te-leo-al-telefono\/\">\n\t\t\t\t\t\t\t\t\t\t\t\t\t\t\t<img loading=\"lazy\" decoding=\"async\" width=\"600\" height=\"400\" src=\"https:\/\/www.rivera.gub.uy\/social\/wp-content\/uploads\/2022\/05\/portadadia-libro-600x400.jpg\" class=\"attachment-carousel-thumb size-carousel-thumb wp-post-image\" alt=\"\" srcset=\"https:\/\/www.rivera.gub.uy\/social\/wp-content\/uploads\/2022\/05\/portadadia-libro-600x400.jpg 600w, https:\/\/www.rivera.gub.uy\/social\/wp-content\/uploads\/2022\/05\/portadadia-libro-300x200.jpg 300w, https:\/\/www.rivera.gub.uy\/social\/wp-content\/uploads\/2022\/05\/portadadia-libro-1024x683.jpg 1024w, https:\/\/www.rivera.gub.uy\/social\/wp-content\/uploads\/2022\/05\/portadadia-libro-768x512.jpg 768w, https:\/\/www.rivera.gub.uy\/social\/wp-content\/uploads\/2022\/05\/portadadia-libro-820x547.jpg 820w, https:\/\/www.rivera.gub.uy\/social\/wp-content\/uploads\/2022\/05\/portadadia-libro-272x182.jpg 272w, https:\/\/www.rivera.gub.uy\/social\/wp-content\/uploads\/2022\/05\/portadadia-libro.jpg 1440w\" sizes=\"(max-width: 600px) 100vw, 600px\" \/>\t\t\t\t\t\t\t\t\t\t\t\t\t\t<\/a>\n\t\t\t\t\t\t<\/div>\n\t\t\t\t\t\t<div class=\"recent-content col-md-9 col-sm-9 col-xs-9\">\n\t\t\t\t\t\t\t<h4 class=\"entry-title\"><a style=\"color:\" href=\"https:\/\/www.rivera.gub.uy\/social\/te-leo-al-telefono\/\" rel=\"bookmark\">Te leo al tel\u00e9fono<\/a><\/h4>\t\t\t\t\t\t\t<div class=\"entry-meta\" style=\"color: \">\n\t\t\t\t\t\t\t\t<span class=\"posted-on\"><i class=\"fa fa-calendar\"><\/i> <a href=\"https:\/\/www.rivera.gub.uy\/social\/te-leo-al-telefono\/\" rel=\"bookmark\"><time class=\"entry-date published\" datetime=\"2022-05-18T13:41:32+00:00\">18 mayo, 2022<\/time><time class=\"updated\" datetime=\"2022-05-18T13:41:36+00:00\">18 mayo, 2022<\/time><\/a><\/span><span class=\"byline\"> <\/span>\t\t\t\t\t\t\t\t<span class=\"post-cat\"><i class=\"fa fa-folder\"><\/i><a href=\"https:\/\/www.rivera.gub.uy\/social\/category\/promocion\/cultura\/\" title=\"Ver todas las entradas en Cultura\">Cultura<\/a><\/span>\t\t\t\t\t\t\t<\/div>\n\t\t\t\t\t\t<\/div>\n\t\t\t\t\t<\/div>\n\n\t\t\t\t\n\t\t\t\t\t<div class=\"recent-post col-md-6 col-sm-6 clearfix\">\n\t\t\t\t\t\t<div class=\"recent-thumb col-md-3 col-sm-3 col-xs-3\">\n\t\t\t\t\t\t\t<a href=\"https:\/\/www.rivera.gub.uy\/social\/impulso-al-arte-en-el-interior-convocatoria-para-el-fortalecimiento-de-las-artes-visuales-en-el-territorio-nacional\/\">\n\t\t\t\t\t\t\t\t\t\t\t\t\t\t\t<img loading=\"lazy\" decoding=\"async\" width=\"600\" height=\"400\" src=\"https:\/\/www.rivera.gub.uy\/social\/wp-content\/uploads\/2022\/05\/portada-Fortalecimiento-de-las-Artes-Visuales-1-1-600x400.jpg\" class=\"attachment-carousel-thumb size-carousel-thumb wp-post-image\" alt=\"\" srcset=\"https:\/\/www.rivera.gub.uy\/social\/wp-content\/uploads\/2022\/05\/portada-Fortalecimiento-de-las-Artes-Visuales-1-1-600x400.jpg 600w, https:\/\/www.rivera.gub.uy\/social\/wp-content\/uploads\/2022\/05\/portada-Fortalecimiento-de-las-Artes-Visuales-1-1-272x182.jpg 272w\" sizes=\"(max-width: 600px) 100vw, 600px\" \/>\t\t\t\t\t\t\t\t\t\t\t\t\t\t<\/a>\n\t\t\t\t\t\t<\/div>\n\t\t\t\t\t\t<div class=\"recent-content col-md-9 col-sm-9 col-xs-9\">\n\t\t\t\t\t\t\t<h4 class=\"entry-title\"><a style=\"color:\" href=\"https:\/\/www.rivera.gub.uy\/social\/impulso-al-arte-en-el-interior-convocatoria-para-el-fortalecimiento-de-las-artes-visuales-en-el-territorio-nacional\/\" rel=\"bookmark\">Impulso al Arte en el Interior. Convocatoria para el fortalecimiento de las artes visuales en el territorio nacional<\/a><\/h4>\t\t\t\t\t\t\t<div class=\"entry-meta\" style=\"color: \">\n\t\t\t\t\t\t\t\t<span class=\"posted-on\"><i class=\"fa fa-calendar\"><\/i> <a href=\"https:\/\/www.rivera.gub.uy\/social\/impulso-al-arte-en-el-interior-convocatoria-para-el-fortalecimiento-de-las-artes-visuales-en-el-territorio-nacional\/\" rel=\"bookmark\"><time class=\"entry-date published updated\" datetime=\"2022-05-18T12:29:17+00:00\">18 mayo, 2022<\/time><\/a><\/span><span class=\"byline\"> <\/span>\t\t\t\t\t\t\t\t<span class=\"post-cat\"><i class=\"fa fa-folder\"><\/i><a href=\"https:\/\/www.rivera.gub.uy\/social\/category\/promocion\/cultura\/\" title=\"Ver todas las entradas en Cultura\">Cultura<\/a><\/span>\t\t\t\t\t\t\t<\/div>\n\t\t\t\t\t\t<\/div>\n\t\t\t\t\t<\/div>\n\n\t\t\t\t\n\t\t\t\t\t<div class=\"recent-post col-md-6 col-sm-6 clearfix\">\n\t\t\t\t\t\t<div class=\"recent-thumb col-md-3 col-sm-3 col-xs-3\">\n\t\t\t\t\t\t\t<a href=\"https:\/\/www.rivera.gub.uy\/social\/inscripciones-abiertas-para-talleres-de-division-cultura\/\">\n\t\t\t\t\t\t\t\t\t\t\t\t\t\t\t<img loading=\"lazy\" decoding=\"async\" width=\"600\" height=\"400\" src=\"https:\/\/www.rivera.gub.uy\/social\/wp-content\/uploads\/2022\/04\/portal-talleres2-600x400.jpg\" class=\"attachment-carousel-thumb size-carousel-thumb wp-post-image\" alt=\"\" srcset=\"https:\/\/www.rivera.gub.uy\/social\/wp-content\/uploads\/2022\/04\/portal-talleres2-600x400.jpg 600w, https:\/\/www.rivera.gub.uy\/social\/wp-content\/uploads\/2022\/04\/portal-talleres2-300x200.jpg 300w, https:\/\/www.rivera.gub.uy\/social\/wp-content\/uploads\/2022\/04\/portal-talleres2-1024x683.jpg 1024w, https:\/\/www.rivera.gub.uy\/social\/wp-content\/uploads\/2022\/04\/portal-talleres2-768x512.jpg 768w, https:\/\/www.rivera.gub.uy\/social\/wp-content\/uploads\/2022\/04\/portal-talleres2-820x547.jpg 820w, https:\/\/www.rivera.gub.uy\/social\/wp-content\/uploads\/2022\/04\/portal-talleres2-272x182.jpg 272w, https:\/\/www.rivera.gub.uy\/social\/wp-content\/uploads\/2022\/04\/portal-talleres2.jpg 1440w\" sizes=\"(max-width: 600px) 100vw, 600px\" \/>\t\t\t\t\t\t\t\t\t\t\t\t\t\t<\/a>\n\t\t\t\t\t\t<\/div>\n\t\t\t\t\t\t<div class=\"recent-content col-md-9 col-sm-9 col-xs-9\">\n\t\t\t\t\t\t\t<h4 class=\"entry-title\"><a style=\"color:\" href=\"https:\/\/www.rivera.gub.uy\/social\/inscripciones-abiertas-para-talleres-de-division-cultura\/\" rel=\"bookmark\">Inscripciones abiertas para talleres de Divisi\u00f3n Cultura<\/a><\/h4>\t\t\t\t\t\t\t<div class=\"entry-meta\" style=\"color: \">\n\t\t\t\t\t\t\t\t<span class=\"posted-on\"><i class=\"fa fa-calendar\"><\/i> <a href=\"https:\/\/www.rivera.gub.uy\/social\/inscripciones-abiertas-para-talleres-de-division-cultura\/\" rel=\"bookmark\"><time class=\"entry-date published\" datetime=\"2022-04-25T14:34:29+00:00\">25 abril, 2022<\/time><time class=\"updated\" datetime=\"2022-04-26T14:36:35+00:00\">26 abril, 2022<\/time><\/a><\/span><span class=\"byline\"> <\/span>\t\t\t\t\t\t\t\t<span class=\"post-cat\"><i class=\"fa fa-folder\"><\/i><a href=\"https:\/\/www.rivera.gub.uy\/social\/category\/promocion\/cultura\/\" title=\"Ver todas las entradas en Cultura\">Cultura<\/a><\/span>\t\t\t\t\t\t\t<\/div>\n\t\t\t\t\t\t<\/div>\n\t\t\t\t\t<\/div>\n\n\t\t\t\t\n\t\t\t<\/div>\n\n\t\t\t<\/div><div id=\"panel-63-0-0-2\" class=\"so-panel widget widget_sow-editor panel-last-child\" data-index=\"2\" ><div\n\t\t\t\n\t\t\tclass=\"so-widget-sow-editor so-widget-sow-editor-base\"\n\t\t\t\n\t\t>\n<div class=\"siteorigin-widget-tinymce textwidget\">\n\t<hr \/>\n<p style=\"text-align: center;\"><strong>Director:<\/strong> Arq. Le\u00f3nidas Bayo<br \/>\n<strong>Direcci\u00f3n:<\/strong> Bvar. Pte. Viera, N\u00ba 1084<br \/>\n<strong>Tel.:<\/strong>\u00a0<a href=\"tel:+59846239877\">4623 9877<\/a><br \/>\n<strong>Horario de atenci\u00f3n:<\/strong> de lunes a viernes de 8:00 a 15 hrs.<br \/>\n<strong>E-mail:<\/strong>\u00a0<a href=\"mailto:cultura@rivera.gub.uy\">cultura@rivera.gub.uy<\/a><\/p>\n<\/div>\n<\/div><\/div><\/div><\/div><\/div>","protected":false},"excerpt":{"rendered":"<p>Director: Arq. Le\u00f3nidas Bayo Direcci\u00f3n: Bvar. Pte. Viera, N\u00ba 1084 Tel.:\u00a04623 9877 Horario de atenci\u00f3n: de lunes a viernes de 8:00 a 15 hrs. E-mail:\u00a0cultura@rivera.gub.uy<\/p>\n","protected":false},"author":1,"featured_media":0,"parent":0,"menu_order":0,"comment_status":"closed","ping_status":"closed","template":"","meta":{"footnotes":""},"_links":{"self":[{"href":"https:\/\/www.rivera.gub.uy\/social\/wp-json\/wp\/v2\/pages\/63"}],"collection":[{"href":"https:\/\/www.rivera.gub.uy\/social\/wp-json\/wp\/v2\/pages"}],"about":[{"href":"https:\/\/www.rivera.gub.uy\/social\/wp-json\/wp\/v2\/types\/page"}],"author":[{"embeddable":true,"href":"https:\/\/www.rivera.gub.uy\/social\/wp-json\/wp\/v2\/users\/1"}],"replies":[{"embeddable":true,"href":"https:\/\/www.rivera.gub.uy\/social\/wp-json\/wp\/v2\/comments?post=63"}],"version-history":[{"count":22,"href":"https:\/\/www.rivera.gub.uy\/social\/wp-json\/wp\/v2\/pages\/63\/revisions"}],"predecessor-version":[{"id":37376,"href":"https:\/\/www.rivera.gub.uy\/social\/wp-json\/wp\/v2\/pages\/63\/revisions\/37376"}],"wp:attachment":[{"href":"https:\/\/www.rivera.gub.uy\/social\/wp-json\/wp\/v2\/media?parent=63"}],"curies":[{"name":"wp","href":"https:\/\/api.w.org\/{rel}","templated":true}]}}