{"id":68,"date":"2017-07-04T20:54:45","date_gmt":"2017-07-04T20:54:45","guid":{"rendered":"http:\/\/rivera.gub.uy\/social\/?page_id=68"},"modified":"2025-05-21T15:45:39","modified_gmt":"2025-05-21T15:45:39","slug":"turismo","status":"publish","type":"page","link":"https:\/\/www.rivera.gub.uy\/social\/turismo\/","title":{"rendered":"Turismo"},"content":{"rendered":"<div id=\"pl-68\"  class=\"panel-layout\" ><div id=\"pg-68-0\"  class=\"panel-grid panel-no-style\" ><div id=\"pgc-68-0-0\"  class=\"panel-grid-cell\" ><div id=\"panel-68-0-0-0\" class=\"so-panel widget widget_pagesinwidgets_page_section pagesinwidgets_page_section panel-first-child\" data-index=\"0\" >\t\t\t<div class=\"homepage_section\">\r\n\t\t\t\t<p>Dise\u00f1a, promociona, apoya e implementa proyectos e iniciativas sostenibles de inter\u00e9s tur\u00edstico con la participaci\u00f3n institucional p\u00fablica &#8211; privada en bien del desarrollo socioecon\u00f3mico de la comunidad. Son los responsables de: Articular entre Instituciones p\u00fablicas, privadas y la poblaci\u00f3n para promocionar y difundir al departamento en su totalidad a fin de posicionar a Rivera como [&hellip;]<\/p>\n\t\t\t\t<\/div>\r\n\t\t\t<\/div><div id=\"panel-68-0-0-1\" class=\"so-panel widget widget_recent_posts_b recent_posts_b clearfix\" data-index=\"1\" ><div class=\"panel-widget-style panel-widget-style-for-68-0-0-1\" >\n\t\t\t<div class=\"widget-inner clearfix\" style=\"background-color: ; color: \">\n\t\t\t\t<h3 class=\"widget-title\"><span style=\"color:;\">Noticias<\/span><\/h3>\n\t\t\t\t\n\t\t\t\t\t<div class=\"recent-post first-post col-md-6 col-sm-6 clearfix\">\n\t\t\t\t\t\t<div class=\"recent-thumb\">\n\t\t\t\t\t\t\t<a href=\"https:\/\/www.rivera.gub.uy\/social\/paseos-tecnicos-realizados-por-el-proyecto-potenciando-una-cultura-turistica-en-la-frontera-rivera-livramento\/\">\n\t\t\t\t\t\t\t\t\t\t\t\t\t\t\t<img loading=\"lazy\" decoding=\"async\" width=\"600\" height=\"400\" src=\"https:\/\/www.rivera.gub.uy\/social\/wp-content\/uploads\/2021\/12\/270147928_10227741259222273_475446886772837998_n-600x400.jpg\" class=\"attachment-carousel-thumb size-carousel-thumb wp-post-image\" alt=\"\" srcset=\"https:\/\/www.rivera.gub.uy\/social\/wp-content\/uploads\/2021\/12\/270147928_10227741259222273_475446886772837998_n-600x400.jpg 600w, https:\/\/www.rivera.gub.uy\/social\/wp-content\/uploads\/2021\/12\/270147928_10227741259222273_475446886772837998_n-272x182.jpg 272w\" sizes=\"(max-width: 600px) 100vw, 600px\" \/>\t\t\t\t\t\t\t\t\t\t\t\t\t\t<\/a>\n\t\t\t\t\t\t<\/div>\n\t\t\t\t\t\t<div class=\"recent-content\">\n\t\t\t\t\t\t\t<h3 class=\"entry-title\"><a style=\"color:\" href=\"https:\/\/www.rivera.gub.uy\/social\/paseos-tecnicos-realizados-por-el-proyecto-potenciando-una-cultura-turistica-en-la-frontera-rivera-livramento\/\" rel=\"bookmark\">Paseos t\u00e9cnicos realizados por el Proyecto Potenciando una cultura tur\u00edstica en la frontera Rivera \/ Livramento<\/a><\/h3>\t\t\t\t\t\t\t<div class=\"entry-meta\" style=\"color: \">\n\t\t\t\t\t\t\t\t<span class=\"posted-on\"><i class=\"fa fa-calendar\"><\/i> <a href=\"https:\/\/www.rivera.gub.uy\/social\/paseos-tecnicos-realizados-por-el-proyecto-potenciando-una-cultura-turistica-en-la-frontera-rivera-livramento\/\" rel=\"bookmark\"><time class=\"entry-date published updated\" datetime=\"2021-12-29T17:30:08+00:00\">29 diciembre, 2021<\/time><\/a><\/span><span class=\"byline\"> <\/span>\t\t\t\t\t\t\t\t<span class=\"post-cat\"><i class=\"fa fa-folder\"><\/i><a href=\"https:\/\/www.rivera.gub.uy\/social\/category\/novedades\/\" title=\"Ver todas las entradas en Novedades\">Novedades<\/a><\/span>\t\t\t\t\t\t\t<\/div>\n\t\t\t\t\t\t\t<p>La Intendencia Departamental a trav\u00e9s de la Direcci\u00f3n General de Desarrollo y Medio Ambiente y de Promoci\u00f3n y Acci\u00f3n Social, viene ejecutando el proyecto Potenciando una Cultura Tur\u00edstica responsable en la frontera Rivera \/ Livramento con la financiaci\u00f3n de la Agencia Nacional de Desarrollo (ANDE-Uruguay), Congreso de Intendentes (Uruguay) y Uni\u00f3n Europea y con apoyo [&hellip;]<\/p>\n\t\t\t\t\t\t<\/div>\n\t\t\t\t\t<\/div>\n\n\t\t\t\t\n\t\t\t\t\n\t\t\t\t\t<div class=\"recent-post col-md-6 col-sm-6 clearfix\">\n\t\t\t\t\t\t<div class=\"recent-thumb col-md-3 col-sm-3 col-xs-3\">\n\t\t\t\t\t\t\t<a href=\"https:\/\/www.rivera.gub.uy\/social\/presentacion-de-destino-binacional-en-el-ministerio-de-turismo\/\">\n\t\t\t\t\t\t\t\t\t\t\t\t\t\t\t<img loading=\"lazy\" decoding=\"async\" width=\"600\" height=\"400\" src=\"https:\/\/www.rivera.gub.uy\/social\/wp-content\/uploads\/2021\/12\/unnamed-600x400.jpg\" class=\"attachment-carousel-thumb size-carousel-thumb wp-post-image\" alt=\"\" srcset=\"https:\/\/www.rivera.gub.uy\/social\/wp-content\/uploads\/2021\/12\/unnamed-600x400.jpg 600w, https:\/\/www.rivera.gub.uy\/social\/wp-content\/uploads\/2021\/12\/unnamed-272x182.jpg 272w\" sizes=\"(max-width: 600px) 100vw, 600px\" \/>\t\t\t\t\t\t\t\t\t\t\t\t\t\t<\/a>\n\t\t\t\t\t\t<\/div>\n\t\t\t\t\t\t<div class=\"recent-content col-md-9 col-sm-9 col-xs-9\">\n\t\t\t\t\t\t\t<h4 class=\"entry-title\"><a style=\"color:\" href=\"https:\/\/www.rivera.gub.uy\/social\/presentacion-de-destino-binacional-en-el-ministerio-de-turismo\/\" rel=\"bookmark\">Presentaci\u00f3n de Destino Binacional en el Ministerio de Turismo<\/a><\/h4>\t\t\t\t\t\t\t<div class=\"entry-meta\" style=\"color: \">\n\t\t\t\t\t\t\t\t<span class=\"posted-on\"><i class=\"fa fa-calendar\"><\/i> <a href=\"https:\/\/www.rivera.gub.uy\/social\/presentacion-de-destino-binacional-en-el-ministerio-de-turismo\/\" rel=\"bookmark\"><time class=\"entry-date published\" datetime=\"2021-12-22T17:12:28+00:00\">22 diciembre, 2021<\/time><time class=\"updated\" datetime=\"2021-12-29T17:13:46+00:00\">29 diciembre, 2021<\/time><\/a><\/span><span class=\"byline\"> <\/span>\t\t\t\t\t\t\t\t<span class=\"post-cat\"><i class=\"fa fa-folder\"><\/i><a href=\"https:\/\/www.rivera.gub.uy\/social\/category\/novedades\/\" title=\"Ver todas las entradas en Novedades\">Novedades<\/a><\/span>\t\t\t\t\t\t\t<\/div>\n\t\t\t\t\t\t<\/div>\n\t\t\t\t\t<\/div>\n\n\t\t\t\t\n\t\t\t\t\t<div class=\"recent-post col-md-6 col-sm-6 clearfix\">\n\t\t\t\t\t\t<div class=\"recent-thumb col-md-3 col-sm-3 col-xs-3\">\n\t\t\t\t\t\t\t<a href=\"https:\/\/www.rivera.gub.uy\/social\/7-festival-binacional-de-enogastronomia\/\">\n\t\t\t\t\t\t\t\t\t\t\t\t\t\t\t<img loading=\"lazy\" decoding=\"async\" width=\"600\" height=\"400\" src=\"https:\/\/www.rivera.gub.uy\/social\/wp-content\/uploads\/2020\/10\/121172015_1914339535369832_7024601521601609914_o-600x400.png\" class=\"attachment-carousel-thumb size-carousel-thumb wp-post-image\" alt=\"\" srcset=\"https:\/\/www.rivera.gub.uy\/social\/wp-content\/uploads\/2020\/10\/121172015_1914339535369832_7024601521601609914_o-600x400.png 600w, https:\/\/www.rivera.gub.uy\/social\/wp-content\/uploads\/2020\/10\/121172015_1914339535369832_7024601521601609914_o-272x182.png 272w\" sizes=\"(max-width: 600px) 100vw, 600px\" \/>\t\t\t\t\t\t\t\t\t\t\t\t\t\t<\/a>\n\t\t\t\t\t\t<\/div>\n\t\t\t\t\t\t<div class=\"recent-content col-md-9 col-sm-9 col-xs-9\">\n\t\t\t\t\t\t\t<h4 class=\"entry-title\"><a style=\"color:\" href=\"https:\/\/www.rivera.gub.uy\/social\/7-festival-binacional-de-enogastronomia\/\" rel=\"bookmark\">7\u00b0 Festival Binacional de Enogastronom\u00eda<\/a><\/h4>\t\t\t\t\t\t\t<div class=\"entry-meta\" style=\"color: \">\n\t\t\t\t\t\t\t\t<span class=\"posted-on\"><i class=\"fa fa-calendar\"><\/i> <a href=\"https:\/\/www.rivera.gub.uy\/social\/7-festival-binacional-de-enogastronomia\/\" rel=\"bookmark\"><time class=\"entry-date published\" datetime=\"2020-10-13T14:20:50+00:00\">13 octubre, 2020<\/time><time class=\"updated\" datetime=\"2020-10-13T14:32:37+00:00\">13 octubre, 2020<\/time><\/a><\/span><span class=\"byline\"> <\/span>\t\t\t\t\t\t\t\t<span class=\"post-cat\"><i class=\"fa fa-folder\"><\/i><a href=\"https:\/\/www.rivera.gub.uy\/social\/category\/novedades\/\" title=\"Ver todas las entradas en Novedades\">Novedades<\/a><\/span>\t\t\t\t\t\t\t<\/div>\n\t\t\t\t\t\t<\/div>\n\t\t\t\t\t<\/div>\n\n\t\t\t\t\n\t\t\t\t\t<div class=\"recent-post col-md-6 col-sm-6 clearfix\">\n\t\t\t\t\t\t<div class=\"recent-thumb col-md-3 col-sm-3 col-xs-3\">\n\t\t\t\t\t\t\t<a href=\"https:\/\/www.rivera.gub.uy\/social\/plan-de-articulacion-y-promocion-de-la-oferta-turistica\/\">\n\t\t\t\t\t\t\t\t\t\t\t\t\t\t\t<img loading=\"lazy\" decoding=\"async\" width=\"600\" height=\"400\" src=\"https:\/\/www.rivera.gub.uy\/social\/wp-content\/uploads\/2020\/07\/WhatsApp-Image-2020-07-17-at-12.46.56-600x400.jpeg\" class=\"attachment-carousel-thumb size-carousel-thumb wp-post-image\" alt=\"\" srcset=\"https:\/\/www.rivera.gub.uy\/social\/wp-content\/uploads\/2020\/07\/WhatsApp-Image-2020-07-17-at-12.46.56-600x400.jpeg 600w, https:\/\/www.rivera.gub.uy\/social\/wp-content\/uploads\/2020\/07\/WhatsApp-Image-2020-07-17-at-12.46.56-272x182.jpeg 272w\" sizes=\"(max-width: 600px) 100vw, 600px\" \/>\t\t\t\t\t\t\t\t\t\t\t\t\t\t<\/a>\n\t\t\t\t\t\t<\/div>\n\t\t\t\t\t\t<div class=\"recent-content col-md-9 col-sm-9 col-xs-9\">\n\t\t\t\t\t\t\t<h4 class=\"entry-title\"><a style=\"color:\" href=\"https:\/\/www.rivera.gub.uy\/social\/plan-de-articulacion-y-promocion-de-la-oferta-turistica\/\" rel=\"bookmark\">Plan de articulaci\u00f3n y promoci\u00f3n de la oferta tur\u00edstica<\/a><\/h4>\t\t\t\t\t\t\t<div class=\"entry-meta\" style=\"color: \">\n\t\t\t\t\t\t\t\t<span class=\"posted-on\"><i class=\"fa fa-calendar\"><\/i> <a href=\"https:\/\/www.rivera.gub.uy\/social\/plan-de-articulacion-y-promocion-de-la-oferta-turistica\/\" rel=\"bookmark\"><time class=\"entry-date published updated\" datetime=\"2020-07-20T14:06:01+00:00\">20 julio, 2020<\/time><\/a><\/span><span class=\"byline\"> <\/span>\t\t\t\t\t\t\t\t<span class=\"post-cat\"><i class=\"fa fa-folder\"><\/i><a href=\"https:\/\/www.rivera.gub.uy\/social\/category\/novedades\/\" title=\"Ver todas las entradas en Novedades\">Novedades<\/a><\/span>\t\t\t\t\t\t\t<\/div>\n\t\t\t\t\t\t<\/div>\n\t\t\t\t\t<\/div>\n\n\t\t\t\t\n\t\t\t\t\t<div class=\"recent-post col-md-6 col-sm-6 clearfix\">\n\t\t\t\t\t\t<div class=\"recent-thumb col-md-3 col-sm-3 col-xs-3\">\n\t\t\t\t\t\t\t<a href=\"https:\/\/www.rivera.gub.uy\/social\/comenzaron-las-reuniones-con-las-agrupaciones-de-negros-y-lubolos-para-el-carnaval-2021\/\">\n\t\t\t\t\t\t\t\t\t\t\t\t\t\t\t<img loading=\"lazy\" decoding=\"async\" width=\"600\" height=\"400\" src=\"https:\/\/www.rivera.gub.uy\/social\/wp-content\/uploads\/2020\/07\/WhatsApp-Image-2020-07-13-at-20.02.32-600x400.jpeg\" class=\"attachment-carousel-thumb size-carousel-thumb wp-post-image\" alt=\"\" srcset=\"https:\/\/www.rivera.gub.uy\/social\/wp-content\/uploads\/2020\/07\/WhatsApp-Image-2020-07-13-at-20.02.32-600x400.jpeg 600w, https:\/\/www.rivera.gub.uy\/social\/wp-content\/uploads\/2020\/07\/WhatsApp-Image-2020-07-13-at-20.02.32-272x182.jpeg 272w\" sizes=\"(max-width: 600px) 100vw, 600px\" \/>\t\t\t\t\t\t\t\t\t\t\t\t\t\t<\/a>\n\t\t\t\t\t\t<\/div>\n\t\t\t\t\t\t<div class=\"recent-content col-md-9 col-sm-9 col-xs-9\">\n\t\t\t\t\t\t\t<h4 class=\"entry-title\"><a style=\"color:\" href=\"https:\/\/www.rivera.gub.uy\/social\/comenzaron-las-reuniones-con-las-agrupaciones-de-negros-y-lubolos-para-el-carnaval-2021\/\" rel=\"bookmark\">Comenzaron las reuniones con las agrupaciones de Negros y Lubolos para el Carnaval 2021<\/a><\/h4>\t\t\t\t\t\t\t<div class=\"entry-meta\" style=\"color: \">\n\t\t\t\t\t\t\t\t<span class=\"posted-on\"><i class=\"fa fa-calendar\"><\/i> <a href=\"https:\/\/www.rivera.gub.uy\/social\/comenzaron-las-reuniones-con-las-agrupaciones-de-negros-y-lubolos-para-el-carnaval-2021\/\" rel=\"bookmark\"><time class=\"entry-date published updated\" datetime=\"2020-07-14T14:30:06+00:00\">14 julio, 2020<\/time><\/a><\/span><span class=\"byline\"> <\/span>\t\t\t\t\t\t\t\t<span class=\"post-cat\"><i class=\"fa fa-folder\"><\/i><a href=\"https:\/\/www.rivera.gub.uy\/social\/category\/novedades\/\" title=\"Ver todas las entradas en Novedades\">Novedades<\/a><\/span>\t\t\t\t\t\t\t<\/div>\n\t\t\t\t\t\t<\/div>\n\t\t\t\t\t<\/div>\n\n\t\t\t\t\n\t\t\t\t\t<div class=\"recent-post col-md-6 col-sm-6 clearfix\">\n\t\t\t\t\t\t<div class=\"recent-thumb col-md-3 col-sm-3 col-xs-3\">\n\t\t\t\t\t\t\t<a href=\"https:\/\/www.rivera.gub.uy\/social\/se-comenzo-a-trabajar-en-el-carnaval-2021\/\">\n\t\t\t\t\t\t\t\t\t\t\t\t\t\t\t<img loading=\"lazy\" decoding=\"async\" width=\"600\" height=\"400\" src=\"https:\/\/www.rivera.gub.uy\/social\/wp-content\/uploads\/2020\/07\/WhatsApp-Image-2020-07-10-at-17.40.01-600x400.jpeg\" class=\"attachment-carousel-thumb size-carousel-thumb wp-post-image\" alt=\"\" srcset=\"https:\/\/www.rivera.gub.uy\/social\/wp-content\/uploads\/2020\/07\/WhatsApp-Image-2020-07-10-at-17.40.01-600x400.jpeg 600w, https:\/\/www.rivera.gub.uy\/social\/wp-content\/uploads\/2020\/07\/WhatsApp-Image-2020-07-10-at-17.40.01-272x182.jpeg 272w\" sizes=\"(max-width: 600px) 100vw, 600px\" \/>\t\t\t\t\t\t\t\t\t\t\t\t\t\t<\/a>\n\t\t\t\t\t\t<\/div>\n\t\t\t\t\t\t<div class=\"recent-content col-md-9 col-sm-9 col-xs-9\">\n\t\t\t\t\t\t\t<h4 class=\"entry-title\"><a style=\"color:\" href=\"https:\/\/www.rivera.gub.uy\/social\/se-comenzo-a-trabajar-en-el-carnaval-2021\/\" rel=\"bookmark\">Se comenz\u00f3 a trabajar en el Carnaval 2021<\/a><\/h4>\t\t\t\t\t\t\t<div class=\"entry-meta\" style=\"color: \">\n\t\t\t\t\t\t\t\t<span class=\"posted-on\"><i class=\"fa fa-calendar\"><\/i> <a href=\"https:\/\/www.rivera.gub.uy\/social\/se-comenzo-a-trabajar-en-el-carnaval-2021\/\" rel=\"bookmark\"><time class=\"entry-date published updated\" datetime=\"2020-07-13T18:06:35+00:00\">13 julio, 2020<\/time><\/a><\/span><span class=\"byline\"> <\/span>\t\t\t\t\t\t\t\t<span class=\"post-cat\"><i class=\"fa fa-folder\"><\/i><a href=\"https:\/\/www.rivera.gub.uy\/social\/category\/novedades\/\" title=\"Ver todas las entradas en Novedades\">Novedades<\/a><\/span>\t\t\t\t\t\t\t<\/div>\n\t\t\t\t\t\t<\/div>\n\t\t\t\t\t<\/div>\n\n\t\t\t\t\n\t\t\t<\/div>\n\n\t\t\t<\/div><\/div><div id=\"panel-68-0-0-2\" class=\"so-panel widget widget_sow-editor panel-last-child\" data-index=\"2\" ><div\n\t\t\t\n\t\t\tclass=\"so-widget-sow-editor so-widget-sow-editor-base\"\n\t\t\t\n\t\t>\n<div class=\"siteorigin-widget-tinymce textwidget\">\n\t<h3 style=\"text-align: center;\"><a href=\"http:\/\/rivera.gub.uy\/social\/category\/turismo\/\">Ver todas las noticias de Turismo<\/a><\/h3>\n<hr \/>\n<p style=\"text-align: center;\"><strong>Director:<\/strong> Jean \u00c1lvez<br \/>\n<strong>Horario de atenci\u00f3n:<\/strong> Lunes a Domingos 8:15h a 19:45 hs.<br \/>\n<strong>Direcci\u00f3n:<\/strong> Parque\/Plaza Internacional l\u00ednea divisoria<br \/>\n<strong>Tel.:<\/strong> <a href=\"tel:59846253287\">4625 3287<\/a><br \/>\n<strong>Mail:<\/strong>\u00a0<a href=\"mailto:turismo@rivera.gub.uy\">turismo@rivera.gub.uy<\/a><\/p>\n<\/div>\n<\/div><\/div><\/div><\/div><\/div>","protected":false},"excerpt":{"rendered":"<p>Ver todas las noticias de Turismo Director: Jean \u00c1lvez Horario de atenci\u00f3n: Lunes a Domingos 8:15h a 19:45 hs. Direcci\u00f3n: Parque\/Plaza Internacional l\u00ednea divisoria Tel.: 4625 3287 Mail:\u00a0turismo@rivera.gub.uy<\/p>\n","protected":false},"author":1,"featured_media":0,"parent":0,"menu_order":0,"comment_status":"closed","ping_status":"closed","template":"","meta":{"footnotes":""},"_links":{"self":[{"href":"https:\/\/www.rivera.gub.uy\/social\/wp-json\/wp\/v2\/pages\/68"}],"collection":[{"href":"https:\/\/www.rivera.gub.uy\/social\/wp-json\/wp\/v2\/pages"}],"about":[{"href":"https:\/\/www.rivera.gub.uy\/social\/wp-json\/wp\/v2\/types\/page"}],"author":[{"embeddable":true,"href":"https:\/\/www.rivera.gub.uy\/social\/wp-json\/wp\/v2\/users\/1"}],"replies":[{"embeddable":true,"href":"https:\/\/www.rivera.gub.uy\/social\/wp-json\/wp\/v2\/comments?post=68"}],"version-history":[{"count":16,"href":"https:\/\/www.rivera.gub.uy\/social\/wp-json\/wp\/v2\/pages\/68\/revisions"}],"predecessor-version":[{"id":37377,"href":"https:\/\/www.rivera.gub.uy\/social\/wp-json\/wp\/v2\/pages\/68\/revisions\/37377"}],"wp:attachment":[{"href":"https:\/\/www.rivera.gub.uy\/social\/wp-json\/wp\/v2\/media?parent=68"}],"curies":[{"name":"wp","href":"https:\/\/api.w.org\/{rel}","templated":true}]}}