{"id":6808,"date":"2022-09-30T12:35:02","date_gmt":"2022-09-30T12:35:02","guid":{"rendered":"https:\/\/www.rivera.gub.uy\/social\/?page_id=6808"},"modified":"2025-05-26T13:59:12","modified_gmt":"2025-05-26T13:59:12","slug":"observatorio","status":"publish","type":"page","link":"https:\/\/www.rivera.gub.uy\/social\/observatorio\/","title":{"rendered":"Observatorio Departamental de Migraciones"},"content":{"rendered":"<div id=\"pl-6808\"  class=\"panel-layout\" ><div id=\"pg-6808-0\"  class=\"panel-grid panel-no-style\" ><div id=\"pgc-6808-0-0\"  class=\"panel-grid-cell\" ><div id=\"panel-6808-0-0-0\" class=\"so-panel widget widget_sow-editor panel-first-child\" data-index=\"0\" ><div\n\t\t\t\n\t\t\tclass=\"so-widget-sow-editor so-widget-sow-editor-base\"\n\t\t\t\n\t\t>\n<div class=\"siteorigin-widget-tinymce textwidget\">\n\t<p><a href=\"https:\/\/www.rivera.gub.uy\/social\/wp-content\/uploads\/2022\/10\/cabezal-observatorio.png\"><img loading=\"lazy\" decoding=\"async\" class=\"aligncenter wp-image-6861 size-full\" src=\"https:\/\/www.rivera.gub.uy\/social\/wp-content\/uploads\/2022\/10\/cabezal-observatorio.png\" alt=\"\" width=\"1024\" height=\"464\" srcset=\"https:\/\/www.rivera.gub.uy\/social\/wp-content\/uploads\/2022\/10\/cabezal-observatorio.png 1024w, https:\/\/www.rivera.gub.uy\/social\/wp-content\/uploads\/2022\/10\/cabezal-observatorio-300x136.png 300w, https:\/\/www.rivera.gub.uy\/social\/wp-content\/uploads\/2022\/10\/cabezal-observatorio-768x348.png 768w, https:\/\/www.rivera.gub.uy\/social\/wp-content\/uploads\/2022\/10\/cabezal-observatorio-820x372.png 820w\" sizes=\"(max-width: 1024px) 100vw, 1024px\" \/><\/a><\/p>\n<blockquote>\n<p>El Observatorio tiene como cometido espec\u00edfico actuar como \u00f3rgano permanente de recolecci\u00f3n, an\u00e1lisis e intercambio de informaci\u00f3n cuantitativa y cualitativa en materia de extranjer\u00eda, migraci\u00f3n y asilo. A su vez, recopila, elabora, difunde y distribuye investigaciones, estudios y publicaciones. Define pol\u00edticas de abordaje a nivel departamental. Coordina y convoca a las instituciones integrantes.<\/p>\n<\/blockquote>\n<\/div>\n<\/div><\/div><div id=\"panel-6808-0-0-1\" class=\"so-panel widget widget_sow-editor panel-last-child\" data-index=\"1\" ><div\n\t\t\t\n\t\t\tclass=\"so-widget-sow-editor so-widget-sow-editor-base\"\n\t\t\t\n\t\t><h3 class=\"widget-title\">DATOS DE MIGRANTES EN EL DEPARTAMENTO DE RIVERA<\/h3>\n<div class=\"siteorigin-widget-tinymce textwidget\">\n\t<p><iframe loading=\"lazy\" width=\"1024\" height=\"768\" src=\"https:\/\/lookerstudio.google.com\/embed\/reporting\/78eca748-3fe5-44bc-9380-a6908e2511b2\/page\/R925C\" frameborder=\"0\" style=\"border:0\" allowfullscreen sandbox=\"allow-storage-access-by-user-activation allow-scripts allow-same-origin allow-popups allow-popups-to-escape-sandbox\"><\/iframe><\/p>\n<\/div>\n<\/div><\/div><\/div><\/div><div id=\"pg-6808-1\"  class=\"panel-grid panel-no-style\" ><div id=\"pgc-6808-1-0\"  class=\"panel-grid-cell\" ><div id=\"panel-6808-1-0-0\" class=\"so-panel widget widget_sow-editor panel-first-child\" data-index=\"2\" ><div\n\t\t\t\n\t\t\tclass=\"so-widget-sow-editor so-widget-sow-editor-base\"\n\t\t\t\n\t\t>\n<div class=\"siteorigin-widget-tinymce textwidget\">\n\t<div id=\"accordion-1\" class=\"accordion no-js\"><\/p>\n<p>\n\t\t\t\t\t<h2 role=\"button\" id=\"accordion-1-t1\" class=\"accordion-title js-accordion-controller\" aria-controls=\"accordion-1-c1\" aria-expanded=\"false\" tabindex=\"0\">\n\t\t\t\tInstituciones integrantes\t\t\t<\/h2>\n\t\t\n\t\t<div id=\"accordion-1-c1\" class=\"accordion-content\" aria-hidden=\"true\">\n\t\t\t<\/p>\n<ul>\n<li>Intendencia de Rivera<\/li>\n<li>Ministerio del Interior<\/li>\n<li>Ministerio de Relaciones Exteriores<\/li>\n<li>Ministerio de Educaci\u00f3n y Cultura<\/li>\n<li>Ministerio de Trabajo y Seguridad Social<\/li>\n<li>Ministerio de Salud P\u00fablica<\/li>\n<li>Ministerio de Desarrollo Social<\/li>\n<li>Universidad de la Rep\u00fablica (UdelaR)<\/li>\n<li>Consejo de Educaci\u00f3n Secundaria (CES)<\/li>\n<li>Consejo de Educaci\u00f3n T\u00e9cnico Profesional (UTU)<\/li>\n<li>Consejo de Educaci\u00f3n Inicial y Primaria (CEIP)<\/li>\n<li>Universidad Tecnol\u00f3gica (UTEC)<\/li>\n<li>Centro Universitario de Rivera (CUR)<\/li>\n<li>Instituto del Ni\u00f1o y el Adolescente del Uruguay (INAU)<\/li>\n<li>Centro de Atenci\u00f3n a la Infancia y la Familia (CAIF)<\/li>\n<li>Banco de Previsi\u00f3n Social (BPS)<\/li>\n<li>Administraci\u00f3n de los Servicios de Salud del Estado (ASSE)<\/li>\n<li>Direcci\u00f3n Nacional de Migraci\u00f3n<\/li>\n<li>Direcci\u00f3n Nacional de Identificaci\u00f3n Civil<\/li>\n<li>Organizaci\u00f3n Internacional para las Migraciones (OIM)<\/li>\n<li>Alto Comisionado de las Naciones Unidas para los Refugiados (ACNUR)<\/li>\n<li>Junta Nacional de Migraci\u00f3n (JNM)<\/li>\n<\/ul>\n<p>\t\t<\/div>\n\n\t\t<\/p>\n<p><\/div>\n<p>&nbsp;<\/p>\n<p><a href=\"https:\/\/www.rivera.gub.uy\/social\/wp-content\/uploads\/2022\/10\/observatorio-logos.png\"><img loading=\"lazy\" decoding=\"async\" class=\"aligncenter wp-image-6866 size-large\" src=\"https:\/\/www.rivera.gub.uy\/social\/wp-content\/uploads\/2022\/10\/observatorio-logos-1024x725.png\" alt=\"\" width=\"1024\" height=\"725\" srcset=\"https:\/\/www.rivera.gub.uy\/social\/wp-content\/uploads\/2022\/10\/observatorio-logos-1024x725.png 1024w, https:\/\/www.rivera.gub.uy\/social\/wp-content\/uploads\/2022\/10\/observatorio-logos-300x212.png 300w, https:\/\/www.rivera.gub.uy\/social\/wp-content\/uploads\/2022\/10\/observatorio-logos-768x543.png 768w, https:\/\/www.rivera.gub.uy\/social\/wp-content\/uploads\/2022\/10\/observatorio-logos-1536x1087.png 1536w, https:\/\/www.rivera.gub.uy\/social\/wp-content\/uploads\/2022\/10\/observatorio-logos-820x580.png 820w, https:\/\/www.rivera.gub.uy\/social\/wp-content\/uploads\/2022\/10\/observatorio-logos.png 1754w\" sizes=\"(max-width: 1024px) 100vw, 1024px\" \/><\/a><\/p>\n<p>&nbsp;<\/p>\n<\/div>\n<\/div><\/div><div id=\"panel-6808-1-0-1\" class=\"so-panel widget widget_sow-editor panel-last-child\" data-index=\"3\" ><div\n\t\t\t\n\t\t\tclass=\"so-widget-sow-editor so-widget-sow-editor-base\"\n\t\t\t\n\t\t>\n<div class=\"siteorigin-widget-tinymce textwidget\">\n\t<hr \/>\n<p style=\"text-align: center;\"><strong>Directora:<\/strong> Alicia Schiavo<br \/>\n<strong>Direcci\u00f3n:<\/strong>\u00a0Tribuna Av. Italia, Estadio Municipal<br \/>\n<strong>Tel:<\/strong>\u00a0<a href=\"tel:+59846229949\">46229949<\/a><br \/>\n<strong>Horario de atenci\u00f3n:<\/strong>\u00a0lunes a viernes de 08:00 a 14:45 hs.<\/p>\n<\/div>\n<\/div><\/div><\/div><\/div><\/div>","protected":false},"excerpt":{"rendered":"<p>El Observatorio tiene como cometido espec\u00edfico actuar como \u00f3rgano permanente de recolecci\u00f3n, an\u00e1lisis e intercambio de informaci\u00f3n cuantitativa y cualitativa en materia de extranjer\u00eda, migraci\u00f3n y asilo. A su vez, recopila, elabora, difunde y distribuye investigaciones, estudios y publicaciones. Define pol\u00edticas de abordaje a nivel departamental. Coordina y convoca a las instituciones integrantes. &nbsp; &nbsp;<\/p>\n","protected":false},"author":1,"featured_media":0,"parent":0,"menu_order":0,"comment_status":"closed","ping_status":"closed","template":"","meta":{"footnotes":""},"_links":{"self":[{"href":"https:\/\/www.rivera.gub.uy\/social\/wp-json\/wp\/v2\/pages\/6808"}],"collection":[{"href":"https:\/\/www.rivera.gub.uy\/social\/wp-json\/wp\/v2\/pages"}],"about":[{"href":"https:\/\/www.rivera.gub.uy\/social\/wp-json\/wp\/v2\/types\/page"}],"author":[{"embeddable":true,"href":"https:\/\/www.rivera.gub.uy\/social\/wp-json\/wp\/v2\/users\/1"}],"replies":[{"embeddable":true,"href":"https:\/\/www.rivera.gub.uy\/social\/wp-json\/wp\/v2\/comments?post=6808"}],"version-history":[{"count":35,"href":"https:\/\/www.rivera.gub.uy\/social\/wp-json\/wp\/v2\/pages\/6808\/revisions"}],"predecessor-version":[{"id":7157,"href":"https:\/\/www.rivera.gub.uy\/social\/wp-json\/wp\/v2\/pages\/6808\/revisions\/7157"}],"wp:attachment":[{"href":"https:\/\/www.rivera.gub.uy\/social\/wp-json\/wp\/v2\/media?parent=6808"}],"curies":[{"name":"wp","href":"https:\/\/api.w.org\/{rel}","templated":true}]}}