{"id":72,"date":"2017-07-04T20:55:30","date_gmt":"2017-07-04T20:55:30","guid":{"rendered":"http:\/\/rivera.gub.uy\/social\/?page_id=72"},"modified":"2022-03-07T12:06:32","modified_gmt":"2022-03-07T12:06:32","slug":"gestion-territorial","status":"publish","type":"page","link":"https:\/\/www.rivera.gub.uy\/social\/gestion-territorial\/","title":{"rendered":"Gesti\u00f3n territorial"},"content":{"rendered":"<div id=\"pl-72\"  class=\"panel-layout\" ><div id=\"pg-72-0\"  class=\"panel-grid panel-no-style\" ><div id=\"pgc-72-0-0\"  class=\"panel-grid-cell\" ><div id=\"panel-72-0-0-0\" class=\"so-panel widget widget_pagesinwidgets_page_section pagesinwidgets_page_section panel-first-child panel-last-child\" data-index=\"0\" >\t\t\t<div class=\"homepage_section\">\r\n\t\t\t\t<p><a href=\"https:\/\/www.rivera.gub.uy\/social\/wp-content\/uploads\/2020\/10\/cabezal-ccbb1.png\"><img loading=\"lazy\" decoding=\"async\" class=\"aligncenter size-full wp-image-5981\" src=\"https:\/\/www.rivera.gub.uy\/social\/wp-content\/uploads\/2020\/10\/cabezal-ccbb1.png\" alt=\"\" width=\"2720\" height=\"1233\" srcset=\"https:\/\/www.rivera.gub.uy\/social\/wp-content\/uploads\/2020\/10\/cabezal-ccbb1.png 2720w, https:\/\/www.rivera.gub.uy\/social\/wp-content\/uploads\/2020\/10\/cabezal-ccbb1-300x136.png 300w, https:\/\/www.rivera.gub.uy\/social\/wp-content\/uploads\/2020\/10\/cabezal-ccbb1-1024x464.png 1024w, https:\/\/www.rivera.gub.uy\/social\/wp-content\/uploads\/2020\/10\/cabezal-ccbb1-768x348.png 768w, https:\/\/www.rivera.gub.uy\/social\/wp-content\/uploads\/2020\/10\/cabezal-ccbb1-1536x696.png 1536w, https:\/\/www.rivera.gub.uy\/social\/wp-content\/uploads\/2020\/10\/cabezal-ccbb1-2048x928.png 2048w, https:\/\/www.rivera.gub.uy\/social\/wp-content\/uploads\/2020\/10\/cabezal-ccbb1-820x372.png 820w\" sizes=\"(max-width: 2720px) 100vw, 2720px\" \/><\/a><\/p>\n<blockquote><p><span style=\"font-weight: 400;\">Una visi\u00f3n integradora de la sociedad.<\/span><\/p><\/blockquote>\n<div id=\"accordion-1\" class=\"accordion no-js\"><\/p>\n<p>\n\t\t\t\t\t<h3 role=\"button\" id=\"accordion-1-t1\" class=\"accordion-title js-accordion-controller\" aria-controls=\"accordion-1-c1\" aria-expanded=\"false\" tabindex=\"0\">\n\t\t\t\tCC.BB(Centros Barriales)\t\t\t<\/h3>\n\t\t\n\t\t<div id=\"accordion-1-c1\" class=\"accordion-content\" aria-hidden=\"true\">\n\t\t\t<\/p>\n<p>CC.BB (Centros Barriales)\u00a0\u00a0Los CC.BB son dependencias descentralizadas de la Intendencia Departamental de Rivera, encargadas de la gesti\u00f3n administrativa, tr\u00e1mites, solicitudes, servicios, as\u00ed como la promoci\u00f3n y difusi\u00f3n de actividades culturales, deportivas y la capacitaci\u00f3n constante a trav\u00e9s de Cursos y Talleres. Convirti\u00e9ndose en el instrumento m\u00e1s cercano del que disponen los ciudadanos para participar en la comunidad.\u00a0Dichas dependencias quedan adscriptas a la IDR a trav\u00e9s de la DGPAS, contando cada centro con un referente.<\/p>\n<p>La Unidad de Promoci\u00f3n Centros Barriales dispone adem\u00e1s de una Unidad M\u00f3vil para brindar soporte itinerante, haciendo extensivo todos los servicios a los dem\u00e1s CC.BB. Para ello, se cuenta con un Equipo T\u00e9cnico que hacen trabajo de campo, promueven cursos, actividades y nuevos servicios.<\/p>\n<p>\t\t<\/div>\n\n\t\t<\/p>\n<p>\n\t\t\t\t\t<h3 role=\"button\" id=\"accordion-1-t2\" class=\"accordion-title js-accordion-controller\" aria-controls=\"accordion-1-c2\" aria-expanded=\"false\" tabindex=\"0\">\n\t\t\t\tCC.BB\t\t\t<\/h3>\n\t\t\n\t\t<div id=\"accordion-1-c2\" class=\"accordion-content\" aria-hidden=\"true\">\n\t\t\t<\/p>\n<ul>\n<li><strong>Villa Sonia<\/strong>\n<ul>\n<li>Referente: Mar\u00eda Ant\u00fanez<\/li>\n<li>Direcci\u00f3n: Gregorio Sanabria S\/N\u00b0 entre Melendez y Manuel Freire<\/li>\n<li>Contacto: <a href=\"tel:+59899971573\">099 971 573<\/a><\/li>\n<\/ul>\n<\/li>\n<li><strong>Recreo<\/strong>\n<ul>\n<li>Referente: Rosario Lotito<\/li>\n<li>Direcci\u00f3n: L\u00e1zaro Gadea casi Francisco Romero s\/n<\/li>\n<li>Contacto: <a href=\"tel:+59898077099\">098 077 099<\/a><\/li>\n<\/ul>\n<\/li>\n<li><strong>La Hormiga<\/strong>\n<ul>\n<li>Referente: Susan L\u00f3pez<\/li>\n<li>Direcci\u00f3n: Hnos. Ortiz Entre Nicol\u00e1s Fajardo y Carlos Mu\u00f1oz<\/li>\n<li>Contacto: <a href=\"tel:+59891239525\">091 239 525<\/a><\/li>\n<\/ul>\n<\/li>\n<li><strong>La Estiba<\/strong>\n<ul>\n<li>Referente: Armandino Sanguinete<\/li>\n<li>Direcci\u00f3n: Evaristo Tal y Juan Acosta S\/N\u00b0<\/li>\n<li>Contacto: <a href=\"tel:+59899823098\">099 823 098<\/a><\/li>\n<\/ul>\n<\/li>\n<li><strong>Misiones<\/strong>\n<ul>\n<li>Referente: Mariana Est\u00e9ves<\/li>\n<li>Direcci\u00f3n: Si\u00f1eriz N\u00ba 22<\/li>\n<li>Tel. <a href=\"tel:59846227511\">4622 7511<\/a><\/li>\n<\/ul>\n<\/li>\n<li><strong>Arenera<\/strong>\n<ul>\n<li>Referente: Elena Palacios<\/li>\n<li>Direcci\u00f3n: Francisco Serralta S\/N\u00ba<\/li>\n<li>Tel. <a href=\"tel:59846236217\">4623 6217<\/a><\/li>\n<\/ul>\n<\/li>\n<li><strong>Bisio<\/strong>\n<ul>\n<li>Direcci\u00f3n: Donigo A. Lor esquina Agust\u00edn R. Bisio<\/li>\n<li>Contacto: <a href=\"tel:+59899991293\">099 991 293<\/a><\/li>\n<\/ul>\n<\/li>\n<li><strong>Virgencita<\/strong>\n<ul>\n<li>Referente: Raquel Ata\u00eddes<\/li>\n<li>Direcci\u00f3n: Dr. Wolff Polak esq. Dra. Mirta Garat S\/N\u00b0<\/li>\n<li>Contacto: <a href=\"tel:+59893625797\">093 625 797<\/a><\/li>\n<\/ul>\n<\/li>\n<li><strong>Santa Isabel<\/strong>\n<ul>\n<li>Referente: Mariela Ferreira<\/li>\n<li>Direcci\u00f3n: Polideportivo Sta. Isabel, calle Damaso Antonio Larra\u00f1aga<\/li>\n<li>Contacto: <a href=\"tel:+59893765855\">093 765 855<\/a><\/li>\n<\/ul>\n<\/li>\n<li><strong>Progreso<\/strong>\n<ul>\n<li>Referente: Raquel Techera<\/li>\n<li>Contacto: <a href=\"tel:+59899800431\">099 800 431<\/a><\/li>\n<\/ul>\n<\/li>\n<li><strong>Curticeiras<\/strong>\n<ul>\n<li>Direcci\u00f3n: Camino Plat\u00f3n paraje Aguas Buenas<\/li>\n<li>Contacto: <a href=\"tel:+59899991293\">099 991 293<\/a><\/li>\n<\/ul>\n<\/li>\n<\/ul>\n<p>\t\t<\/div>\n\n\t\t<\/p>\n<p>\n\t\t\t\t\t<h3 role=\"button\" id=\"accordion-1-t3\" class=\"accordion-title js-accordion-controller\" aria-controls=\"accordion-1-c3\" aria-expanded=\"false\" tabindex=\"0\">\n\t\t\t\tServicios\t\t\t<\/h3>\n\t\t\n\t\t<div id=\"accordion-1-c3\" class=\"accordion-content\" aria-hidden=\"true\">\n\t\t\t<\/p>\n<ul>\n<li><strong>Actividades culturales:<\/strong>\n<ul>\n<li>Coro.<\/li>\n<li>M\u00fasica.<\/li>\n<li>Teatro para ni\u00f1os y adolescentes.<\/li>\n<li>Taller literario.<\/li>\n<li>Danza.<\/li>\n<\/ul>\n<\/li>\n<li><strong>Deportivas:<\/strong>\n<ul>\n<li>Tenis de mesa.<\/li>\n<li>Judo, Boxeo.<\/li>\n<li>F\u00fatbol para ni\u00f1os y adolescentes.<\/li>\n<li>Zumba, gimnasia.<\/li>\n<\/ul>\n<\/li>\n<li><strong>Cursos:<\/strong>\n<ul>\n<li>Guitarra.<\/li>\n<li>Instrumentos de viento.<\/li>\n<li>Peluquer\u00eda.<\/li>\n<li>Costura.<\/li>\n<li>Cocina.<\/li>\n<li>Chocolater\u00eda.<\/li>\n<li>Artesan\u00edas.<\/li>\n<li>Mu\u00f1equer\u00eda en tela.<\/li>\n<li>Herrer\u00eda.<\/li>\n<\/ul>\n<\/li>\n<li><strong>Talleres:<\/strong>\n<ul>\n<li>Formativos y preventivos en \u00e1reas de salud.<\/li>\n<li>Medio ambiente.<\/li>\n<li>Equidad y g\u00e9nero.<\/li>\n<\/ul>\n<\/li>\n<li><strong>Educaci\u00f3n:<\/strong>\n<ul>\n<li>Apoyo escolar y liceal.<\/li>\n<li>Clases de inform\u00e1tica.<\/li>\n<li>Clases de ingl\u00e9s.<\/li>\n<li>Convenios con Primaria y UTU CETP.<\/li>\n<\/ul>\n<\/li>\n<li><strong>Asistencia:<\/strong>\n<ul>\n<li>Jur\u00eddica.<\/li>\n<li>Social.<\/li>\n<li>Psicol\u00f3gica.<\/li>\n<li>Odontol\u00f3gica.<\/li>\n<\/ul>\n<\/li>\n<\/ul>\n<p>\t\t<\/div>\n\n\t\t<\/p>\n<p><\/div>\n<h3><\/h3>\n<hr \/>\n<h4 style=\"text-align: center;\">Centros Barriales<\/h4>\n<p style=\"text-align: center;\"><strong>Coordinador General:<\/strong> Romel Barrios<br \/>\n<strong>Tel:<\/strong> <a href=\"tel:+59846231900\">46231900<\/a> &#8211; int. 134 y 159<br \/>\n<strong>Horario de atenci\u00f3n:<\/strong> lunes a viernes de 08:00 a 14:45 hs.<\/p>\n<p><a id=\"centrosbarriales\" name=\"centrosbarriales\"><\/a><\/p>\n\t\t\t\t<\/div>\r\n\t\t\t<\/div><\/div><\/div><div id=\"pg-72-1\"  class=\"panel-grid panel-no-style\" ><div id=\"pgc-72-1-0\"  class=\"panel-grid-cell\" ><div id=\"panel-72-1-0-0\" class=\"so-panel widget widget_recent_posts_b recent_posts_b clearfix panel-first-child panel-last-child\" data-index=\"1\" >\n\t\t\t<div class=\"widget-inner clearfix\" style=\"background-color: ; color: \">\n\t\t\t\t<h3 class=\"widget-title\"><span style=\"color:;\">Centros Barriales<\/span><\/h3>\n\t\t\t\t\n\t\t\t\t\t<div class=\"recent-post first-post col-md-6 col-sm-6 clearfix\">\n\t\t\t\t\t\t<div class=\"recent-thumb\">\n\t\t\t\t\t\t\t<a href=\"https:\/\/www.rivera.gub.uy\/social\/talleres-cancer-de-mama\/\">\n\t\t\t\t\t\t\t\t\t\t\t\t\t\t\t<img loading=\"lazy\" decoding=\"async\" width=\"600\" height=\"400\" src=\"https:\/\/www.rivera.gub.uy\/social\/wp-content\/uploads\/2022\/09\/portal-cancer-de-mama_Mesa-de-trabajo-1-600x400.jpg\" class=\"attachment-carousel-thumb size-carousel-thumb wp-post-image\" alt=\"\" srcset=\"https:\/\/www.rivera.gub.uy\/social\/wp-content\/uploads\/2022\/09\/portal-cancer-de-mama_Mesa-de-trabajo-1-600x400.jpg 600w, https:\/\/www.rivera.gub.uy\/social\/wp-content\/uploads\/2022\/09\/portal-cancer-de-mama_Mesa-de-trabajo-1-300x200.jpg 300w, https:\/\/www.rivera.gub.uy\/social\/wp-content\/uploads\/2022\/09\/portal-cancer-de-mama_Mesa-de-trabajo-1-1024x683.jpg 1024w, https:\/\/www.rivera.gub.uy\/social\/wp-content\/uploads\/2022\/09\/portal-cancer-de-mama_Mesa-de-trabajo-1-768x512.jpg 768w, https:\/\/www.rivera.gub.uy\/social\/wp-content\/uploads\/2022\/09\/portal-cancer-de-mama_Mesa-de-trabajo-1-1536x1024.jpg 1536w, https:\/\/www.rivera.gub.uy\/social\/wp-content\/uploads\/2022\/09\/portal-cancer-de-mama_Mesa-de-trabajo-1-2048x1365.jpg 2048w, https:\/\/www.rivera.gub.uy\/social\/wp-content\/uploads\/2022\/09\/portal-cancer-de-mama_Mesa-de-trabajo-1-820x547.jpg 820w, https:\/\/www.rivera.gub.uy\/social\/wp-content\/uploads\/2022\/09\/portal-cancer-de-mama_Mesa-de-trabajo-1-272x182.jpg 272w\" sizes=\"(max-width: 600px) 100vw, 600px\" \/>\t\t\t\t\t\t\t\t\t\t\t\t\t\t<\/a>\n\t\t\t\t\t\t<\/div>\n\t\t\t\t\t\t<div class=\"recent-content\">\n\t\t\t\t\t\t\t<h3 class=\"entry-title\"><a style=\"color:\" href=\"https:\/\/www.rivera.gub.uy\/social\/talleres-cancer-de-mama\/\" rel=\"bookmark\">Talleres sobre prevenci\u00f3n de c\u00e1ncer de mama<\/a><\/h3>\t\t\t\t\t\t\t<div class=\"entry-meta\" style=\"color: \">\n\t\t\t\t\t\t\t\t<span class=\"posted-on\"><i class=\"fa fa-calendar\"><\/i> <a href=\"https:\/\/www.rivera.gub.uy\/social\/talleres-cancer-de-mama\/\" rel=\"bookmark\"><time class=\"entry-date published\" datetime=\"2022-09-27T12:33:42+00:00\">27 septiembre, 2022<\/time><time class=\"updated\" datetime=\"2022-10-07T16:08:22+00:00\">7 octubre, 2022<\/time><\/a><\/span><span class=\"byline\"> <\/span>\t\t\t\t\t\t\t\t<span class=\"post-cat\"><i class=\"fa fa-folder\"><\/i><a href=\"https:\/\/www.rivera.gub.uy\/social\/category\/centros-barriales\/\" title=\"Ver todas las entradas en Centros Barriales\">Centros Barriales<\/a><\/span>\t\t\t\t\t\t\t<\/div>\n\t\t\t\t\t\t\t<p>En el marco del \u00abD\u00eda Internacional de la lucha contra el c\u00e1ncer de mama\u00bb, la oficina de Equidad y G\u00e9nero en conjunto con la oficina Gesti\u00f3n Territorial, realizan el lanzamiento del \u00abTaller sobre prevenci\u00f3n de c\u00e1ncer de mama\u00bb. Dichos talleres ser\u00e1n brindados por la Comisi\u00f3n Honoraria de Lucha contra el C\u00e1ncer (CHLCC) en diferentes centros [&hellip;]<\/p>\n\t\t\t\t\t\t<\/div>\n\t\t\t\t\t<\/div>\n\n\t\t\t\t\n\t\t\t\t\n\t\t\t\t\t<div class=\"recent-post col-md-6 col-sm-6 clearfix\">\n\t\t\t\t\t\t<div class=\"recent-thumb col-md-3 col-sm-3 col-xs-3\">\n\t\t\t\t\t\t\t<a href=\"https:\/\/www.rivera.gub.uy\/social\/50-personas-son-beneficiadas-diariamente-en-la-arenera\/\">\n\t\t\t\t\t\t\t\t\t\t\t\t\t\t\t<img loading=\"lazy\" decoding=\"async\" width=\"600\" height=\"400\" src=\"https:\/\/www.rivera.gub.uy\/social\/wp-content\/uploads\/2020\/10\/WhatsApp-Image-2020-10-21-at-9.15.12-AM-2-600x400.jpeg\" class=\"attachment-carousel-thumb size-carousel-thumb wp-post-image\" alt=\"\" srcset=\"https:\/\/www.rivera.gub.uy\/social\/wp-content\/uploads\/2020\/10\/WhatsApp-Image-2020-10-21-at-9.15.12-AM-2-600x400.jpeg 600w, https:\/\/www.rivera.gub.uy\/social\/wp-content\/uploads\/2020\/10\/WhatsApp-Image-2020-10-21-at-9.15.12-AM-2-272x182.jpeg 272w\" sizes=\"(max-width: 600px) 100vw, 600px\" \/>\t\t\t\t\t\t\t\t\t\t\t\t\t\t<\/a>\n\t\t\t\t\t\t<\/div>\n\t\t\t\t\t\t<div class=\"recent-content col-md-9 col-sm-9 col-xs-9\">\n\t\t\t\t\t\t\t<h4 class=\"entry-title\"><a style=\"color:\" href=\"https:\/\/www.rivera.gub.uy\/social\/50-personas-son-beneficiadas-diariamente-en-la-arenera\/\" rel=\"bookmark\">50 personas son beneficiadas diariamente en La Arenera<\/a><\/h4>\t\t\t\t\t\t\t<div class=\"entry-meta\" style=\"color: \">\n\t\t\t\t\t\t\t\t<span class=\"posted-on\"><i class=\"fa fa-calendar\"><\/i> <a href=\"https:\/\/www.rivera.gub.uy\/social\/50-personas-son-beneficiadas-diariamente-en-la-arenera\/\" rel=\"bookmark\"><time class=\"entry-date published updated\" datetime=\"2020-10-21T18:04:59+00:00\">21 octubre, 2020<\/time><\/a><\/span><span class=\"byline\"> <\/span>\t\t\t\t\t\t\t\t<span class=\"post-cat\"><i class=\"fa fa-folder\"><\/i><a href=\"https:\/\/www.rivera.gub.uy\/social\/category\/centros-barriales\/\" title=\"Ver todas las entradas en Centros Barriales\">Centros Barriales<\/a><\/span>\t\t\t\t\t\t\t<\/div>\n\t\t\t\t\t\t<\/div>\n\t\t\t\t\t<\/div>\n\n\t\t\t\t\n\t\t\t\t\t<div class=\"recent-post col-md-6 col-sm-6 clearfix\">\n\t\t\t\t\t\t<div class=\"recent-thumb col-md-3 col-sm-3 col-xs-3\">\n\t\t\t\t\t\t\t<a href=\"https:\/\/www.rivera.gub.uy\/social\/tu-vida-vale\/\">\n\t\t\t\t\t\t\t\t\t\t\t\t\t\t\t<img loading=\"lazy\" decoding=\"async\" width=\"600\" height=\"400\" src=\"https:\/\/www.rivera.gub.uy\/social\/wp-content\/uploads\/2020\/10\/WhatsApp-Image-2020-10-19-at-10.42.22-AM-1-600x400.jpeg\" class=\"attachment-carousel-thumb size-carousel-thumb wp-post-image\" alt=\"\" srcset=\"https:\/\/www.rivera.gub.uy\/social\/wp-content\/uploads\/2020\/10\/WhatsApp-Image-2020-10-19-at-10.42.22-AM-1-600x400.jpeg 600w, https:\/\/www.rivera.gub.uy\/social\/wp-content\/uploads\/2020\/10\/WhatsApp-Image-2020-10-19-at-10.42.22-AM-1-272x182.jpeg 272w\" sizes=\"(max-width: 600px) 100vw, 600px\" \/>\t\t\t\t\t\t\t\t\t\t\t\t\t\t<\/a>\n\t\t\t\t\t\t<\/div>\n\t\t\t\t\t\t<div class=\"recent-content col-md-9 col-sm-9 col-xs-9\">\n\t\t\t\t\t\t\t<h4 class=\"entry-title\"><a style=\"color:\" href=\"https:\/\/www.rivera.gub.uy\/social\/tu-vida-vale\/\" rel=\"bookmark\">Tu Vida Vale<\/a><\/h4>\t\t\t\t\t\t\t<div class=\"entry-meta\" style=\"color: \">\n\t\t\t\t\t\t\t\t<span class=\"posted-on\"><i class=\"fa fa-calendar\"><\/i> <a href=\"https:\/\/www.rivera.gub.uy\/social\/tu-vida-vale\/\" rel=\"bookmark\"><time class=\"entry-date published\" datetime=\"2020-10-19T14:06:18+00:00\">19 octubre, 2020<\/time><time class=\"updated\" datetime=\"2020-10-19T14:06:52+00:00\">19 octubre, 2020<\/time><\/a><\/span><span class=\"byline\"> <\/span>\t\t\t\t\t\t\t\t<span class=\"post-cat\"><i class=\"fa fa-folder\"><\/i><a href=\"https:\/\/www.rivera.gub.uy\/social\/category\/centros-barriales\/\" title=\"Ver todas las entradas en Centros Barriales\">Centros Barriales<\/a><\/span>\t\t\t\t\t\t\t<\/div>\n\t\t\t\t\t\t<\/div>\n\t\t\t\t\t<\/div>\n\n\t\t\t\t\n\t\t\t\t\t<div class=\"recent-post col-md-6 col-sm-6 clearfix\">\n\t\t\t\t\t\t<div class=\"recent-thumb col-md-3 col-sm-3 col-xs-3\">\n\t\t\t\t\t\t\t<a href=\"https:\/\/www.rivera.gub.uy\/social\/curso-de-costura-facil\/\">\n\t\t\t\t\t\t\t\t\t\t\t\t\t\t\t<img loading=\"lazy\" decoding=\"async\" width=\"600\" height=\"400\" src=\"https:\/\/www.rivera.gub.uy\/social\/wp-content\/uploads\/2020\/10\/WhatsApp-Image-2020-10-09-at-8.43.36-AM-2-600x400.jpeg\" class=\"attachment-carousel-thumb size-carousel-thumb wp-post-image\" alt=\"\" srcset=\"https:\/\/www.rivera.gub.uy\/social\/wp-content\/uploads\/2020\/10\/WhatsApp-Image-2020-10-09-at-8.43.36-AM-2-600x400.jpeg 600w, https:\/\/www.rivera.gub.uy\/social\/wp-content\/uploads\/2020\/10\/WhatsApp-Image-2020-10-09-at-8.43.36-AM-2-272x182.jpeg 272w\" sizes=\"(max-width: 600px) 100vw, 600px\" \/>\t\t\t\t\t\t\t\t\t\t\t\t\t\t<\/a>\n\t\t\t\t\t\t<\/div>\n\t\t\t\t\t\t<div class=\"recent-content col-md-9 col-sm-9 col-xs-9\">\n\t\t\t\t\t\t\t<h4 class=\"entry-title\"><a style=\"color:\" href=\"https:\/\/www.rivera.gub.uy\/social\/curso-de-costura-facil\/\" rel=\"bookmark\">Curso de Costura F\u00e1cil<\/a><\/h4>\t\t\t\t\t\t\t<div class=\"entry-meta\" style=\"color: \">\n\t\t\t\t\t\t\t\t<span class=\"posted-on\"><i class=\"fa fa-calendar\"><\/i> <a href=\"https:\/\/www.rivera.gub.uy\/social\/curso-de-costura-facil\/\" rel=\"bookmark\"><time class=\"entry-date published\" datetime=\"2020-10-09T13:17:44+00:00\">9 octubre, 2020<\/time><time class=\"updated\" datetime=\"2020-10-09T13:19:13+00:00\">9 octubre, 2020<\/time><\/a><\/span><span class=\"byline\"> <\/span>\t\t\t\t\t\t\t\t<span class=\"post-cat\"><i class=\"fa fa-folder\"><\/i><a href=\"https:\/\/www.rivera.gub.uy\/social\/category\/centros-barriales\/\" title=\"Ver todas las entradas en Centros Barriales\">Centros Barriales<\/a><\/span>\t\t\t\t\t\t\t<\/div>\n\t\t\t\t\t\t<\/div>\n\t\t\t\t\t<\/div>\n\n\t\t\t\t\n\t\t\t\t\t<div class=\"recent-post col-md-6 col-sm-6 clearfix\">\n\t\t\t\t\t\t<div class=\"recent-thumb col-md-3 col-sm-3 col-xs-3\">\n\t\t\t\t\t\t\t<a href=\"https:\/\/www.rivera.gub.uy\/social\/curso-de-manicura-y-pedicura\/\">\n\t\t\t\t\t\t\t\t\t\t\t\t\t\t\t<img loading=\"lazy\" decoding=\"async\" width=\"600\" height=\"400\" src=\"https:\/\/www.rivera.gub.uy\/social\/wp-content\/uploads\/2020\/10\/WhatsApp-Image-2020-10-09-at-8.43.35-AM-2-600x400.jpeg\" class=\"attachment-carousel-thumb size-carousel-thumb wp-post-image\" alt=\"\" srcset=\"https:\/\/www.rivera.gub.uy\/social\/wp-content\/uploads\/2020\/10\/WhatsApp-Image-2020-10-09-at-8.43.35-AM-2-600x400.jpeg 600w, https:\/\/www.rivera.gub.uy\/social\/wp-content\/uploads\/2020\/10\/WhatsApp-Image-2020-10-09-at-8.43.35-AM-2-272x182.jpeg 272w\" sizes=\"(max-width: 600px) 100vw, 600px\" \/>\t\t\t\t\t\t\t\t\t\t\t\t\t\t<\/a>\n\t\t\t\t\t\t<\/div>\n\t\t\t\t\t\t<div class=\"recent-content col-md-9 col-sm-9 col-xs-9\">\n\t\t\t\t\t\t\t<h4 class=\"entry-title\"><a style=\"color:\" href=\"https:\/\/www.rivera.gub.uy\/social\/curso-de-manicura-y-pedicura\/\" rel=\"bookmark\">Curso de Manicura y Pedicura<\/a><\/h4>\t\t\t\t\t\t\t<div class=\"entry-meta\" style=\"color: \">\n\t\t\t\t\t\t\t\t<span class=\"posted-on\"><i class=\"fa fa-calendar\"><\/i> <a href=\"https:\/\/www.rivera.gub.uy\/social\/curso-de-manicura-y-pedicura\/\" rel=\"bookmark\"><time class=\"entry-date published updated\" datetime=\"2020-10-09T13:08:21+00:00\">9 octubre, 2020<\/time><\/a><\/span><span class=\"byline\"> <\/span>\t\t\t\t\t\t\t\t<span class=\"post-cat\"><i class=\"fa fa-folder\"><\/i><a href=\"https:\/\/www.rivera.gub.uy\/social\/category\/centros-barriales\/\" title=\"Ver todas las entradas en Centros Barriales\">Centros Barriales<\/a><\/span>\t\t\t\t\t\t\t<\/div>\n\t\t\t\t\t\t<\/div>\n\t\t\t\t\t<\/div>\n\n\t\t\t\t\n\t\t\t\t\t<div class=\"recent-post col-md-6 col-sm-6 clearfix\">\n\t\t\t\t\t\t<div class=\"recent-thumb col-md-3 col-sm-3 col-xs-3\">\n\t\t\t\t\t\t\t<a href=\"https:\/\/www.rivera.gub.uy\/social\/curso-de-herreria-en-el-ccbb-la-virgencita\/\">\n\t\t\t\t\t\t\t\t\t\t\t\t\t\t\t<img loading=\"lazy\" decoding=\"async\" width=\"600\" height=\"400\" src=\"https:\/\/www.rivera.gub.uy\/social\/wp-content\/uploads\/2020\/10\/WhatsApp-Image-2020-10-09-at-8.26.08-AM-600x400.jpeg\" class=\"attachment-carousel-thumb size-carousel-thumb wp-post-image\" alt=\"\" srcset=\"https:\/\/www.rivera.gub.uy\/social\/wp-content\/uploads\/2020\/10\/WhatsApp-Image-2020-10-09-at-8.26.08-AM-600x400.jpeg 600w, https:\/\/www.rivera.gub.uy\/social\/wp-content\/uploads\/2020\/10\/WhatsApp-Image-2020-10-09-at-8.26.08-AM-272x182.jpeg 272w\" sizes=\"(max-width: 600px) 100vw, 600px\" \/>\t\t\t\t\t\t\t\t\t\t\t\t\t\t<\/a>\n\t\t\t\t\t\t<\/div>\n\t\t\t\t\t\t<div class=\"recent-content col-md-9 col-sm-9 col-xs-9\">\n\t\t\t\t\t\t\t<h4 class=\"entry-title\"><a style=\"color:\" href=\"https:\/\/www.rivera.gub.uy\/social\/curso-de-herreria-en-el-ccbb-la-virgencita\/\" rel=\"bookmark\">Curso de Herrer\u00eda en el CCBB La Virgencita<\/a><\/h4>\t\t\t\t\t\t\t<div class=\"entry-meta\" style=\"color: \">\n\t\t\t\t\t\t\t\t<span class=\"posted-on\"><i class=\"fa fa-calendar\"><\/i> <a href=\"https:\/\/www.rivera.gub.uy\/social\/curso-de-herreria-en-el-ccbb-la-virgencita\/\" rel=\"bookmark\"><time class=\"entry-date published updated\" datetime=\"2020-10-09T12:56:36+00:00\">9 octubre, 2020<\/time><\/a><\/span><span class=\"byline\"> <\/span>\t\t\t\t\t\t\t\t<span class=\"post-cat\"><i class=\"fa fa-folder\"><\/i><a href=\"https:\/\/www.rivera.gub.uy\/social\/category\/centros-barriales\/\" title=\"Ver todas las entradas en Centros Barriales\">Centros Barriales<\/a><\/span>\t\t\t\t\t\t\t<\/div>\n\t\t\t\t\t\t<\/div>\n\t\t\t\t\t<\/div>\n\n\t\t\t\t\n\t\t\t<\/div>\n\n\t\t\t<\/div><\/div><\/div><\/div>","protected":false},"excerpt":{"rendered":"","protected":false},"author":1,"featured_media":0,"parent":0,"menu_order":0,"comment_status":"closed","ping_status":"closed","template":"","meta":{"footnotes":""},"_links":{"self":[{"href":"https:\/\/www.rivera.gub.uy\/social\/wp-json\/wp\/v2\/pages\/72"}],"collection":[{"href":"https:\/\/www.rivera.gub.uy\/social\/wp-json\/wp\/v2\/pages"}],"about":[{"href":"https:\/\/www.rivera.gub.uy\/social\/wp-json\/wp\/v2\/types\/page"}],"author":[{"embeddable":true,"href":"https:\/\/www.rivera.gub.uy\/social\/wp-json\/wp\/v2\/users\/1"}],"replies":[{"embeddable":true,"href":"https:\/\/www.rivera.gub.uy\/social\/wp-json\/wp\/v2\/comments?post=72"}],"version-history":[{"count":21,"href":"https:\/\/www.rivera.gub.uy\/social\/wp-json\/wp\/v2\/pages\/72\/revisions"}],"predecessor-version":[{"id":6659,"href":"https:\/\/www.rivera.gub.uy\/social\/wp-json\/wp\/v2\/pages\/72\/revisions\/6659"}],"wp:attachment":[{"href":"https:\/\/www.rivera.gub.uy\/social\/wp-json\/wp\/v2\/media?parent=72"}],"curies":[{"name":"wp","href":"https:\/\/api.w.org\/{rel}","templated":true}]}}